{"id":11281,"date":"2022-11-08T00:21:58","date_gmt":"2022-11-08T05:21:58","guid":{"rendered":"https:\/\/matthewm364.sg-host.com\/dressupyourpup.com\/?post_type=product&#038;p=11281"},"modified":"2025-11-25T19:13:31","modified_gmt":"2025-11-26T00:13:31","slug":"buffalo-rechnungen-hundehalsband","status":"publish","type":"product","link":"https:\/\/www.dressupyourpup.com\/de\/shop\/dog-collars\/team-spirit\/nfl-team-spirit\/buffalo-bills-dog-collar\/","title":{"rendered":"Buffalo Bills Hundehalsband"},"content":{"rendered":"<p>Bringen Sie die Liebe Ihres pelzigen Freundes zu den Buffalo Bills mit diesem stilvollen Buffalo Bills-Hundehalsband auf die n\u00e4chste Stufe. Dieses Halsband besteht aus strapazierf\u00e4higem Polypropylen-Gurtband und ist mit einem stilvollen Muster aus dem Baumwollstoff der Bills verziert. Es ist so konstruiert, dass es Spiel und Abenteuer \u00fcberdauert. Die 2,5 cm gro\u00dfe, vernickelte, konturierte Schnalle bietet einen sicheren Sitz und sorgt daf\u00fcr, dass Ihr Welpe immer sicher und bequem ist. Zeigen Sie Ihren Teamgeist mit diesem unverzichtbaren Accessoire f\u00fcr jeden Bills-Fan und seinen vierbeinigen Begleiter. Schlie\u00dflich wollen Sie nicht, dass die Leute denken, Ihr Hund sei ein <a href=\"https:\/\/www.dressupyourpup.com\/de\/produkt\/ohio-state-university-hundehalsband-4\/\">Minnesota-Wikinger<\/a>\u00a0Fan bist du? Das Halsband besteht aus 1-Zoll-Hochleistungs-Polypropylen-Gurtband und allen Metallteilen, einschlie\u00dflich:<\/p>\n<ul>\n<li>Vernickelte 1-Zoll-Schnallen, die f\u00fcr maximalen Komfort f\u00fcr Ihren Welpen konturiert sind<\/li>\n<li>1-Zoll schwere geschwei\u00dfte D-Ringe zum Befestigen Ihrer Leine<\/li>\n<li>1-Zoll-Metall-Weithals-Runde-Tri-Gleit-Schieber zum einfachen Anpassen der Gr\u00f6\u00dfe des Halsbandes<\/li>\n<\/ul>\n<p><b>Haftungsausschluss: Unsere handgefertigten Halsb\u00e4nder sind keine Lizenzprodukte der <a href=\"https:\/\/www.nfl.com\/\" target=\"_blank\" rel=\"noopener\">NFL<\/a>. Wir sind nicht mit der verbunden oder von ihr gesponsert\u00a0<a href=\"https:\/\/www.nfl.com\/\" target=\"_blank\" rel=\"noopener noreferrer\">NFL<\/a><\/b><\/p>","protected":false},"excerpt":{"rendered":"<p>Take your furry friend\u2019s love for the Buffalo Bills to the next level with this stylish Buffalo Bills dog collar. Made with heavy-duty polypropylene webbing and adorned with a stylish pattern of the Bills\u2019 cotton fabric, this collar is built to last through playtime and adventure. The 1-inch nickel-plated contoured buckle provides a secure fit, [&hellip;]<\/p>\n","protected":false},"featured_media":11291,"comment_status":"open","ping_status":"closed","template":"","meta":{"_acf_changed":false,"site-sidebar-layout":"default","site-content-layout":"default","ast-site-content-layout":"default","site-content-style":"default","site-sidebar-style":"default","ast-global-header-display":"","ast-banner-title-visibility":"","ast-main-header-display":"","ast-hfb-above-header-display":"","ast-hfb-below-header-display":"","ast-hfb-mobile-header-display":"","site-post-title":"","ast-breadcrumbs-content":"","ast-featured-img":"","footer-sml-layout":"","ast-disable-related-posts":"","theme-transparent-header-meta":"default","adv-header-id-meta":"","stick-header-meta":"default","header-above-stick-meta":"","header-main-stick-meta":"","header-below-stick-meta":"","astra-migrate-meta-layouts":"set","ast-page-background-enabled":"default","ast-page-background-meta":{"desktop":{"background-color":"","background-image":"","background-repeat":"repeat","background-position":"center center","background-size":"auto","background-attachment":"scroll","background-type":"","background-media":"","overlay-type":"","overlay-color":"","overlay-opacity":"","overlay-gradient":""},"tablet":{"background-color":"","background-image":"","background-repeat":"repeat","background-position":"center center","background-size":"auto","background-attachment":"scroll","background-type":"","background-media":"","overlay-type":"","overlay-color":"","overlay-opacity":"","overlay-gradient":""},"mobile":{"background-color":"","background-image":"","background-repeat":"repeat","background-position":"center center","background-size":"auto","background-attachment":"scroll","background-type":"","background-media":"","overlay-type":"","overlay-color":"","overlay-opacity":"","overlay-gradient":""}},"ast-content-background-meta":{"desktop":{"background-color":"var(--ast-global-color-5)","background-image":"","background-repeat":"repeat","background-position":"center center","background-size":"auto","background-attachment":"scroll","background-type":"","background-media":"","overlay-type":"","overlay-color":"","overlay-opacity":"","overlay-gradient":""},"tablet":{"background-color":"var(--ast-global-color-5)","background-image":"","background-repeat":"repeat","background-position":"center center","background-size":"auto","background-attachment":"scroll","background-type":"","background-media":"","overlay-type":"","overlay-color":"","overlay-opacity":"","overlay-gradient":""},"mobile":{"background-color":"var(--ast-global-color-5)","background-image":"","background-repeat":"repeat","background-position":"center center","background-size":"auto","background-attachment":"scroll","background-type":"","background-media":"","overlay-type":"","overlay-color":"","overlay-opacity":"","overlay-gradient":""}}},"product_brand":[],"product_cat":[94,99],"product_tag":[],"woo-feed-brand":[],"class_list":{"0":"post-11281","1":"product","2":"type-product","3":"status-publish","4":"has-post-thumbnail","6":"product_cat-dog-collars","7":"product_cat-nfl-team-spirit","8":"product_shipping_class-products","9":"desktop-align-center","10":"tablet-align-center","11":"mobile-align-center","12":"ast-product-gallery-layout-horizontal","13":"ast-product-gallery-with-no-image","14":"ast-product-single-variable","15":"ast-product-tabs-layout-horizontal","16":"ast-qv-on-image","18":"first","19":"instock","20":"shipping-taxable","21":"purchasable","22":"product-type-variable"},"acf":[],"_links":{"self":[{"href":"https:\/\/www.dressupyourpup.com\/de\/wp-json\/wp\/v2\/product\/11281","targetHints":{"allow":["GET"]}}],"collection":[{"href":"https:\/\/www.dressupyourpup.com\/de\/wp-json\/wp\/v2\/product"}],"about":[{"href":"https:\/\/www.dressupyourpup.com\/de\/wp-json\/wp\/v2\/types\/product"}],"replies":[{"embeddable":true,"href":"https:\/\/www.dressupyourpup.com\/de\/wp-json\/wp\/v2\/comments?post=11281"}],"wp:featuredmedia":[{"embeddable":true,"href":"https:\/\/www.dressupyourpup.com\/de\/wp-json\/wp\/v2\/media\/11291"}],"wp:attachment":[{"href":"https:\/\/www.dressupyourpup.com\/de\/wp-json\/wp\/v2\/media?parent=11281"}],"wp:term":[{"taxonomy":"product_brand","embeddable":true,"href":"https:\/\/www.dressupyourpup.com\/de\/wp-json\/wp\/v2\/product_brand?post=11281"},{"taxonomy":"product_cat","embeddable":true,"href":"https:\/\/www.dressupyourpup.com\/de\/wp-json\/wp\/v2\/product_cat?post=11281"},{"taxonomy":"product_tag","embeddable":true,"href":"https:\/\/www.dressupyourpup.com\/de\/wp-json\/wp\/v2\/product_tag?post=11281"},{"taxonomy":"woo-feed-brand","embeddable":true,"href":"https:\/\/www.dressupyourpup.com\/de\/wp-json\/wp\/v2\/woo-feed-brand?post=11281"}],"curies":[{"name":"wp","href":"https:\/\/api.w.org\/{rel}","templated":true}]}}