{"id":11489,"date":"2023-03-09T12:51:54","date_gmt":"2023-03-09T17:51:54","guid":{"rendered":"https:\/\/matthewm364.sg-host.com\/dressupyourpup.com\/?post_type=product&#038;p=11489"},"modified":"2025-11-25T19:14:37","modified_gmt":"2025-11-26T00:14:37","slug":"edmonton-oilers-hundehalsband","status":"publish","type":"product","link":"https:\/\/www.dressupyourpup.com\/de\/shop\/dog-collars\/team-spirit\/nhl\/edmonton-oilers-dog-collar\/","title":{"rendered":"Edmonton Oilers Hundehalsband"},"content":{"rendered":"<p>M\u00f6chten Sie, dass Ihr Welpe in dieser Hockeysaison von seiner besten Seite aussieht? Suchen Sie nicht weiter als unser stylisches Edmonton Oilers Hundehalsband! Dieses sch\u00f6ne Halsband wird Ihren Welpen zum Hit der Eisbahn in der Nachbarschaft machen. Schlie\u00dflich wollen Sie nicht, dass die Leute denken, Ihr Hund sei ein <a href=\"https:\/\/www.dressupyourpup.com\/de\/produkt\/calgary-flammen-hundehalsband\/\">Calgary-Flammen<\/a> Fan, oder? Wir verwenden nur das beste und st\u00e4rkste Material f\u00fcr Ihren Hund. Das Edmonton Oilers Hundehalsband besteht aus 2,5 cm starkem Polypropylen-Gurtband und allen Metallbeschl\u00e4gen, einschlie\u00dflich:<\/p>\n<ul>\n<li>Vernickelte 1-Zoll-Schnallen, die f\u00fcr maximalen Komfort f\u00fcr Ihren Welpen konturiert sind<\/li>\n<li>1-Zoll schwere geschwei\u00dfte D-Ringe zum Befestigen Ihrer Leine<\/li>\n<li>1-Zoll-Metall-Weithals-Runde-Tri-Gleit-Schieber zum einfachen Anpassen der Gr\u00f6\u00dfe des Halsbandes<\/li>\n<\/ul>\n<p><b>Haftungsausschluss: Unsere handgefertigten Halsb\u00e4nder sind keine Lizenzprodukte der <a href=\"https:\/\/www.nhl.com\/\" target=\"_blank\" rel=\"noopener\">NHL<\/a>. Wir sind nicht mit der verbunden oder von ihr gesponsert\u00a0<a href=\"https:\/\/www.nhl.com\/\" target=\"_blank\" rel=\"noopener noreferrer\">NHL<\/a><\/b><\/p>","protected":false},"excerpt":{"rendered":"<p>Do you want to have your pup looking its best this hockey season? Look no further than our stylish Edmonton Oilers dog collar! This beautiful collar will make your pup the hit of the neighbourhood rink. After all, you don&#8217;t want people thinking your dog is a Calgary Flames fan, do you? We use nothing [&hellip;]<\/p>\n","protected":false},"featured_media":11442,"comment_status":"open","ping_status":"closed","template":"","meta":{"_acf_changed":false,"site-sidebar-layout":"default","site-content-layout":"default","ast-site-content-layout":"default","site-content-style":"default","site-sidebar-style":"default","ast-global-header-display":"","ast-banner-title-visibility":"","ast-main-header-display":"","ast-hfb-above-header-display":"","ast-hfb-below-header-display":"","ast-hfb-mobile-header-display":"","site-post-title":"","ast-breadcrumbs-content":"","ast-featured-img":"","footer-sml-layout":"","ast-disable-related-posts":"","theme-transparent-header-meta":"default","adv-header-id-meta":"","stick-header-meta":"default","header-above-stick-meta":"","header-main-stick-meta":"","header-below-stick-meta":"","astra-migrate-meta-layouts":"set","ast-page-background-enabled":"default","ast-page-background-meta":{"desktop":{"background-color":"","background-image":"","background-repeat":"repeat","background-position":"center center","background-size":"auto","background-attachment":"scroll","background-type":"","background-media":"","overlay-type":"","overlay-color":"","overlay-opacity":"","overlay-gradient":""},"tablet":{"background-color":"","background-image":"","background-repeat":"repeat","background-position":"center center","background-size":"auto","background-attachment":"scroll","background-type":"","background-media":"","overlay-type":"","overlay-color":"","overlay-opacity":"","overlay-gradient":""},"mobile":{"background-color":"","background-image":"","background-repeat":"repeat","background-position":"center center","background-size":"auto","background-attachment":"scroll","background-type":"","background-media":"","overlay-type":"","overlay-color":"","overlay-opacity":"","overlay-gradient":""}},"ast-content-background-meta":{"desktop":{"background-color":"var(--ast-global-color-5)","background-image":"","background-repeat":"repeat","background-position":"center center","background-size":"auto","background-attachment":"scroll","background-type":"","background-media":"","overlay-type":"","overlay-color":"","overlay-opacity":"","overlay-gradient":""},"tablet":{"background-color":"var(--ast-global-color-5)","background-image":"","background-repeat":"repeat","background-position":"center center","background-size":"auto","background-attachment":"scroll","background-type":"","background-media":"","overlay-type":"","overlay-color":"","overlay-opacity":"","overlay-gradient":""},"mobile":{"background-color":"var(--ast-global-color-5)","background-image":"","background-repeat":"repeat","background-position":"center center","background-size":"auto","background-attachment":"scroll","background-type":"","background-media":"","overlay-type":"","overlay-color":"","overlay-opacity":"","overlay-gradient":""}}},"product_brand":[],"product_cat":[94,98],"product_tag":[],"woo-feed-brand":[],"class_list":{"0":"post-11489","1":"product","2":"type-product","3":"status-publish","4":"has-post-thumbnail","6":"product_cat-dog-collars","7":"product_cat-nhl","8":"product_shipping_class-products","9":"desktop-align-center","10":"tablet-align-center","11":"mobile-align-center","12":"ast-product-gallery-layout-horizontal","13":"ast-product-gallery-with-no-image","14":"ast-product-single-variable","15":"ast-product-tabs-layout-horizontal","16":"ast-qv-on-image","18":"first","19":"outofstock","20":"shipping-taxable","21":"purchasable","22":"product-type-variable"},"acf":[],"_links":{"self":[{"href":"https:\/\/www.dressupyourpup.com\/de\/wp-json\/wp\/v2\/product\/11489","targetHints":{"allow":["GET"]}}],"collection":[{"href":"https:\/\/www.dressupyourpup.com\/de\/wp-json\/wp\/v2\/product"}],"about":[{"href":"https:\/\/www.dressupyourpup.com\/de\/wp-json\/wp\/v2\/types\/product"}],"replies":[{"embeddable":true,"href":"https:\/\/www.dressupyourpup.com\/de\/wp-json\/wp\/v2\/comments?post=11489"}],"wp:featuredmedia":[{"embeddable":true,"href":"https:\/\/www.dressupyourpup.com\/de\/wp-json\/wp\/v2\/media\/11442"}],"wp:attachment":[{"href":"https:\/\/www.dressupyourpup.com\/de\/wp-json\/wp\/v2\/media?parent=11489"}],"wp:term":[{"taxonomy":"product_brand","embeddable":true,"href":"https:\/\/www.dressupyourpup.com\/de\/wp-json\/wp\/v2\/product_brand?post=11489"},{"taxonomy":"product_cat","embeddable":true,"href":"https:\/\/www.dressupyourpup.com\/de\/wp-json\/wp\/v2\/product_cat?post=11489"},{"taxonomy":"product_tag","embeddable":true,"href":"https:\/\/www.dressupyourpup.com\/de\/wp-json\/wp\/v2\/product_tag?post=11489"},{"taxonomy":"woo-feed-brand","embeddable":true,"href":"https:\/\/www.dressupyourpup.com\/de\/wp-json\/wp\/v2\/woo-feed-brand?post=11489"}],"curies":[{"name":"wp","href":"https:\/\/api.w.org\/{rel}","templated":true}]}}