{"id":11802,"date":"2023-05-20T15:29:39","date_gmt":"2023-05-20T19:29:39","guid":{"rendered":"https:\/\/matthewm364.sg-host.com\/dressupyourpup.com\/?post_type=product&#038;p=11802"},"modified":"2025-11-25T19:16:00","modified_gmt":"2025-11-26T00:16:00","slug":"golden-state-warriors-dog-bandana-6","status":"publish","type":"product","link":"https:\/\/www.dressupyourpup.com\/de\/shop\/dog-bandanas\/team-spirit-dog-bandanas\/nba-dog-bandanas\/new-orleans-pelicans-dog-bandana\/","title":{"rendered":"New Orleans Pelicans Hundehalstuch"},"content":{"rendered":"<p>This is the New Orleans Pelicans dog bandana you&#8217;ve been waiting for!<\/p>\n<p>The New Orleans Pelicans are going for their first NBA Championship! If you can\u2019t be at the Smoothie King Center then you can cheer them on at home with your four-legged best friend. As Zion Williamson<span style=\"font-size: 16px;\"> leads the Pelicans towards the playoffs make sure your pup is dressed for the occasion with our beautiful over-the-collar New Orleans Pelicans dog bandana! After all, you don\u2019t want people thinking your dog is a <\/span><a href=\"https:\/\/www.dressupyourpup.com\/de\/shop\/hundebandanas\/teamgeist-hundebandanas\/golden-state-warriors-dog-bandana-2\/\">Houston Rockets<\/a><span style=\"font-size: 16px;\"> Fan, oder?<\/span><\/p>\n<p>Wenn Sie es personalisieren m\u00f6chten, k\u00f6nnen Sie den Namen Ihres Hundes am Rand des Halstuchs hinzuf\u00fcgen.<\/p>\n<p><strong>Bitte beachten Sie: Wenn diese Option ausgew\u00e4hlt ist, steht der Name Ihres Hundes auf der Team-Druckseite und nicht auf der Basketball-Druckseite.<\/strong><\/p>\n<h2 style=\"text-align: center;\">Six Reasons to Buy Our New Orleans Pelicans Dog Bandana<\/h2>\n<ul>\n<li>Our New Orleans Pelicans dog bandana will easily slip over the collar, no worrying about tying it too tight or too loose around your dog&#8217;s neck<\/li>\n<li>Our New Orleans Pelicans bandanas come in sizes from extra-small to extra-large. So whether you have a chihuahua or a Great Dane, we have a bandana that will fit your pup<\/li>\n<li>Das Bandana ist mit einer Einlage versehen, damit es nicht knittert und immer fabelhaft aussieht<\/li>\n<li>Unser Bandana ist handgefertigt aus vorgeschrumpftem, maschinenwaschbarem Stoff. Sie k\u00f6nnen es in der Waschmaschine waschen, dann in den Trockner geben und schon ist es tragebereit<\/li>\n<li>Unser Bandana ist wirklich wendbar mit einem Team-Print auf der einen Seite und einem Basketball-Print auf der R\u00fcckseite, sodass Sie zwei Bandanas zum Preis von einem erhalten<\/li>\n<li>You can customize your New Orleans Pelicans bandana with your pup&#8217;s name on it<\/li>\n<\/ul>\n<p><b>Haftungsausschluss: Unsere handgefertigten Bandanas sind keine Lizenzprodukte der <a href=\"https:\/\/www.nba.com\/\" target=\"_blank\" rel=\"noopener noreferrer\">nationaler Basketball-Verband<\/a>. Wir sind nicht mit der verbunden oder von ihr gesponsert <a href=\"https:\/\/www.nba.com\/\" target=\"_blank\" rel=\"noopener noreferrer\">nationaler Basketball-Verband<\/a>.<\/b><\/p>","protected":false},"excerpt":{"rendered":"<p>This is the New Orleans Pelicans dog bandana you&#8217;ve been waiting for! The New Orleans Pelicans are going for their first NBA Championship! If you can\u2019t be at the Smoothie King Center then you can cheer them on at home with your four-legged best friend. As Zion Williamson leads the Pelicans towards the playoffs make [&hellip;]<\/p>\n","protected":false},"featured_media":15302,"comment_status":"open","ping_status":"closed","template":"","meta":{"_acf_changed":false,"site-sidebar-layout":"default","site-content-layout":"default","ast-site-content-layout":"default","site-content-style":"default","site-sidebar-style":"default","ast-global-header-display":"","ast-banner-title-visibility":"","ast-main-header-display":"","ast-hfb-above-header-display":"","ast-hfb-below-header-display":"","ast-hfb-mobile-header-display":"","site-post-title":"","ast-breadcrumbs-content":"","ast-featured-img":"","footer-sml-layout":"","ast-disable-related-posts":"","theme-transparent-header-meta":"default","adv-header-id-meta":"","stick-header-meta":"default","header-above-stick-meta":"","header-main-stick-meta":"","header-below-stick-meta":"","astra-migrate-meta-layouts":"set","ast-page-background-enabled":"default","ast-page-background-meta":{"desktop":{"background-color":"","background-image":"","background-repeat":"repeat","background-position":"center center","background-size":"auto","background-attachment":"scroll","background-type":"","background-media":"","overlay-type":"","overlay-color":"","overlay-opacity":"","overlay-gradient":""},"tablet":{"background-color":"","background-image":"","background-repeat":"repeat","background-position":"center center","background-size":"auto","background-attachment":"scroll","background-type":"","background-media":"","overlay-type":"","overlay-color":"","overlay-opacity":"","overlay-gradient":""},"mobile":{"background-color":"","background-image":"","background-repeat":"repeat","background-position":"center center","background-size":"auto","background-attachment":"scroll","background-type":"","background-media":"","overlay-type":"","overlay-color":"","overlay-opacity":"","overlay-gradient":""}},"ast-content-background-meta":{"desktop":{"background-color":"var(--ast-global-color-5)","background-image":"","background-repeat":"repeat","background-position":"center center","background-size":"auto","background-attachment":"scroll","background-type":"","background-media":"","overlay-type":"","overlay-color":"","overlay-opacity":"","overlay-gradient":""},"tablet":{"background-color":"var(--ast-global-color-5)","background-image":"","background-repeat":"repeat","background-position":"center center","background-size":"auto","background-attachment":"scroll","background-type":"","background-media":"","overlay-type":"","overlay-color":"","overlay-opacity":"","overlay-gradient":""},"mobile":{"background-color":"var(--ast-global-color-5)","background-image":"","background-repeat":"repeat","background-position":"center center","background-size":"auto","background-attachment":"scroll","background-type":"","background-media":"","overlay-type":"","overlay-color":"","overlay-opacity":"","overlay-gradient":""}}},"product_brand":[],"product_cat":[41,62],"product_tag":[],"woo-feed-brand":[],"class_list":{"0":"post-11802","1":"product","2":"type-product","3":"status-publish","4":"has-post-thumbnail","6":"product_cat-team-spirit-dog-bandanas","7":"product_cat-nba-dog-bandanas","8":"product_shipping_class-bandana","9":"desktop-align-center","10":"tablet-align-center","11":"mobile-align-center","12":"ast-product-gallery-layout-horizontal","13":"ast-product-gallery-with-no-image","14":"ast-product-single-variable","15":"ast-product-tabs-layout-horizontal","16":"ast-qv-on-image","18":"first","19":"instock","20":"purchasable","21":"product-type-variable"},"acf":[],"_links":{"self":[{"href":"https:\/\/www.dressupyourpup.com\/de\/wp-json\/wp\/v2\/product\/11802","targetHints":{"allow":["GET"]}}],"collection":[{"href":"https:\/\/www.dressupyourpup.com\/de\/wp-json\/wp\/v2\/product"}],"about":[{"href":"https:\/\/www.dressupyourpup.com\/de\/wp-json\/wp\/v2\/types\/product"}],"replies":[{"embeddable":true,"href":"https:\/\/www.dressupyourpup.com\/de\/wp-json\/wp\/v2\/comments?post=11802"}],"wp:featuredmedia":[{"embeddable":true,"href":"https:\/\/www.dressupyourpup.com\/de\/wp-json\/wp\/v2\/media\/15302"}],"wp:attachment":[{"href":"https:\/\/www.dressupyourpup.com\/de\/wp-json\/wp\/v2\/media?parent=11802"}],"wp:term":[{"taxonomy":"product_brand","embeddable":true,"href":"https:\/\/www.dressupyourpup.com\/de\/wp-json\/wp\/v2\/product_brand?post=11802"},{"taxonomy":"product_cat","embeddable":true,"href":"https:\/\/www.dressupyourpup.com\/de\/wp-json\/wp\/v2\/product_cat?post=11802"},{"taxonomy":"product_tag","embeddable":true,"href":"https:\/\/www.dressupyourpup.com\/de\/wp-json\/wp\/v2\/product_tag?post=11802"},{"taxonomy":"woo-feed-brand","embeddable":true,"href":"https:\/\/www.dressupyourpup.com\/de\/wp-json\/wp\/v2\/woo-feed-brand?post=11802"}],"curies":[{"name":"wp","href":"https:\/\/api.w.org\/{rel}","templated":true}]}}