{"id":15522,"date":"2025-09-08T15:18:22","date_gmt":"2025-09-08T19:18:22","guid":{"rendered":"https:\/\/www.dressupyourpup.com\/?post_type=product&#038;p=15522"},"modified":"2026-04-19T16:28:55","modified_gmt":"2026-04-19T20:28:55","slug":"saskatchewan-roughriders-dog-bandana","status":"publish","type":"product","link":"https:\/\/www.dressupyourpup.com\/de\/shop\/dog-bandanas\/team-spirit-dog-bandanas\/cfl\/saskatchewan-roughriders-dog-bandana\/","title":{"rendered":"Saskatchewan Roughriders Dog Bandana"},"content":{"rendered":"<p data-start=\"126\" data-end=\"202\"><strong>The George Reed of Dog Bandanas \u2014 Loyal, Legendary &amp; Always Rider Ready!<\/strong><\/p>\n<p data-start=\"204\" data-end=\"526\">Does your pup\u2019s tail wag like the wheat fields in the wind every time the Riders take the field? Do they bark loud enough to join the sea of Green at Mosaic Stadium on game day? Then it\u2019s time your four-legged fan showed their <strong data-start=\"431\" data-end=\"446\">Rider Pride<\/strong> with our <strong data-start=\"456\" data-end=\"524\">reversible over-the-collar Saskatchewan Roughriders dog bandana!<\/strong><\/p>\n<p data-start=\"528\" data-end=\"809\">Whether you\u2019re part of the Green Mile at home or travelling with Rider Nation across Canada, this bandana makes sure your dog looks just as dedicated to the Green &amp; White as you are. Because let\u2019s face it \u2014 the last thing you want is someone mistaking your pup for a <a href=\"https:\/\/www.dressupyourpup.com\/de\/shop\/hundebandanas\/teamgeist-hundebandanas\/winnipeg-blue-bombers-dog-bandana\/\">Winnipeg Blue Bombers<\/a> Fan!<\/p>\n<p data-start=\"874\" data-end=\"950\">And for an extra special touch? You can personalize it with your pup\u2019s name!<\/p>\n<p><strong>Bitte beachten Sie: Wenn ausgew\u00e4hlt, wird der Name Ihres Hundes auf der Mannschaftsdruckseite erscheinen, nicht auf der allgemeinen Fu\u00dfballdruckseite.<\/strong><\/p>\n<h2 style=\"text-align: center;\">Six Reasons to Buy Our Saskatchewan Roughriders Dog Bandana<\/h2>\n<ul>\n<li>Our Saskatchewan Roughriders dog bandana will easily slip over the collar, no worrying about tying it too tight or too loose around your dog&#8217;s neck<\/li>\n<li>Our Saskatchewan Roughriders bandanas come in sizes from extra-small to extra-large. So whether you have a chihuahua or a great dane, we have a bandana that will fit your pup<\/li>\n<li>Das Bandana ist mit einer Einlage versehen, damit es nicht knittert und immer fabelhaft aussieht<\/li>\n<li>Unser Bandana ist handgefertigt aus einlaufvorbehandeltem, maschinenwaschbarem Stoff, sodass Sie es in Ihrer Waschmaschine waschen und dann in den Trockner geben k\u00f6nnen, und es ist sofort einsatzbereit<\/li>\n<li>Unser Bandana ist wirklich wendbar und verf\u00fcgt \u00fcber einen Aufdruck auf einer Seite und einen Fu\u00dfballaufdruck auf der R\u00fcckseite. Sie erhalten also zwei Bandanas zum Preis von einem<\/li>\n<li>You can customize your Saskatchewan Roughriders dog bandana with your pup&#8217;s name on it<\/li>\n<\/ul>\n<p><b>Haftungsausschluss: Unsere handgefertigten Bandanas sind keine Lizenzprodukte der\u00a0<a href=\"https:\/\/www.cfl.ca\/\" target=\"_blank\" rel=\"noopener\">Canadian Football League<\/a>. Wir sind nicht mit der verbunden oder von ihr gesponsert\u00a0<a href=\"https:\/\/www.cfl.ca\/\" target=\"_blank\" rel=\"noopener\">Canadian Football League<\/a>.<\/b><\/p>","protected":false},"excerpt":{"rendered":"<p>The George Reed of Dog Bandanas \u2014 Loyal, Legendary &amp; Always Rider Ready! Does your pup\u2019s tail wag like the wheat fields in the wind every time the Riders take the field? Do they bark loud enough to join the sea of Green at Mosaic Stadium on game day? Then it\u2019s time your four-legged fan [&hellip;]<\/p>\n","protected":false},"featured_media":15468,"comment_status":"open","ping_status":"closed","template":"","meta":{"_acf_changed":false,"site-sidebar-layout":"default","site-content-layout":"default","ast-site-content-layout":"default","site-content-style":"default","site-sidebar-style":"default","ast-global-header-display":"","ast-banner-title-visibility":"","ast-main-header-display":"","ast-hfb-above-header-display":"","ast-hfb-below-header-display":"","ast-hfb-mobile-header-display":"","site-post-title":"","ast-breadcrumbs-content":"","ast-featured-img":"","footer-sml-layout":"","ast-disable-related-posts":"","theme-transparent-header-meta":"default","adv-header-id-meta":"","stick-header-meta":"default","header-above-stick-meta":"","header-main-stick-meta":"","header-below-stick-meta":"","astra-migrate-meta-layouts":"set","ast-page-background-enabled":"default","ast-page-background-meta":{"desktop":{"background-color":"","background-image":"","background-repeat":"repeat","background-position":"center center","background-size":"auto","background-attachment":"scroll","background-type":"","background-media":"","overlay-type":"","overlay-color":"","overlay-opacity":"","overlay-gradient":""},"tablet":{"background-color":"","background-image":"","background-repeat":"repeat","background-position":"center center","background-size":"auto","background-attachment":"scroll","background-type":"","background-media":"","overlay-type":"","overlay-color":"","overlay-opacity":"","overlay-gradient":""},"mobile":{"background-color":"","background-image":"","background-repeat":"repeat","background-position":"center center","background-size":"auto","background-attachment":"scroll","background-type":"","background-media":"","overlay-type":"","overlay-color":"","overlay-opacity":"","overlay-gradient":""}},"ast-content-background-meta":{"desktop":{"background-color":"var(--ast-global-color-5)","background-image":"","background-repeat":"repeat","background-position":"center center","background-size":"auto","background-attachment":"scroll","background-type":"","background-media":"","overlay-type":"","overlay-color":"","overlay-opacity":"","overlay-gradient":""},"tablet":{"background-color":"var(--ast-global-color-5)","background-image":"","background-repeat":"repeat","background-position":"center center","background-size":"auto","background-attachment":"scroll","background-type":"","background-media":"","overlay-type":"","overlay-color":"","overlay-opacity":"","overlay-gradient":""},"mobile":{"background-color":"var(--ast-global-color-5)","background-image":"","background-repeat":"repeat","background-position":"center center","background-size":"auto","background-attachment":"scroll","background-type":"","background-media":"","overlay-type":"","overlay-color":"","overlay-opacity":"","overlay-gradient":""}}},"product_brand":[],"product_cat":[41,396],"product_tag":[],"woo-feed-brand":[],"class_list":{"0":"post-15522","1":"product","2":"type-product","3":"status-publish","4":"has-post-thumbnail","6":"product_cat-team-spirit-dog-bandanas","7":"product_cat-cfl","8":"product_shipping_class-bandana","9":"desktop-align-center","10":"tablet-align-center","11":"mobile-align-center","12":"ast-product-gallery-layout-horizontal","13":"ast-product-single-variable","14":"ast-product-tabs-layout-horizontal","15":"ast-qv-on-image","17":"first","18":"instock","19":"purchasable","20":"product-type-variable","21":"has-default-attributes"},"acf":[],"_links":{"self":[{"href":"https:\/\/www.dressupyourpup.com\/de\/wp-json\/wp\/v2\/product\/15522","targetHints":{"allow":["GET"]}}],"collection":[{"href":"https:\/\/www.dressupyourpup.com\/de\/wp-json\/wp\/v2\/product"}],"about":[{"href":"https:\/\/www.dressupyourpup.com\/de\/wp-json\/wp\/v2\/types\/product"}],"replies":[{"embeddable":true,"href":"https:\/\/www.dressupyourpup.com\/de\/wp-json\/wp\/v2\/comments?post=15522"}],"wp:featuredmedia":[{"embeddable":true,"href":"https:\/\/www.dressupyourpup.com\/de\/wp-json\/wp\/v2\/media\/15468"}],"wp:attachment":[{"href":"https:\/\/www.dressupyourpup.com\/de\/wp-json\/wp\/v2\/media?parent=15522"}],"wp:term":[{"taxonomy":"product_brand","embeddable":true,"href":"https:\/\/www.dressupyourpup.com\/de\/wp-json\/wp\/v2\/product_brand?post=15522"},{"taxonomy":"product_cat","embeddable":true,"href":"https:\/\/www.dressupyourpup.com\/de\/wp-json\/wp\/v2\/product_cat?post=15522"},{"taxonomy":"product_tag","embeddable":true,"href":"https:\/\/www.dressupyourpup.com\/de\/wp-json\/wp\/v2\/product_tag?post=15522"},{"taxonomy":"woo-feed-brand","embeddable":true,"href":"https:\/\/www.dressupyourpup.com\/de\/wp-json\/wp\/v2\/woo-feed-brand?post=15522"}],"curies":[{"name":"wp","href":"https:\/\/api.w.org\/{rel}","templated":true}]}}