{"id":3245,"date":"2019-10-13T15:25:04","date_gmt":"2019-10-13T15:25:04","guid":{"rendered":"http:\/\/s903023292.onlinehome.us\/dressupyourpup.com\/?post_type=product&#038;p=3245"},"modified":"2025-11-25T18:32:21","modified_gmt":"2025-11-25T23:32:21","slug":"wendbar-las-vegas-raiders-bandana","status":"publish","type":"product","link":"https:\/\/www.dressupyourpup.com\/de\/shop\/dog-bandanas\/team-spirit-dog-bandanas\/nfl\/reversible-las-vegas-raiders-bandana\/","title":{"rendered":"Las Vegas Raiders Hundebandana"},"content":{"rendered":"<p>Dies ist das Gene Upshaw von Las Vegas Raiders Hundebandanas!<\/p>\n<p>Bellt Ihr Welpe jedes Mal vor Aufregung, wenn die Raiders einen Touchdown erzielen? Wedelt Ihr vierbeiniger bester Freund jedes Mal mit dem Schwanz, wenn Sie \u00fcber Super Bowl XVIII sprechen? Wenn die Raiders das Feld betreten, tr\u00e4gst du Silber und Schwarz und dein Hund ist jede Minute direkt neben dir. Jetzt k\u00f6nnen Sie Ihren Welpen mit unserem wundersch\u00f6nen Las Vegas Raiders Hundehalsband zum Wenden anziehen! Schlie\u00dflich wollen Sie nicht, dass die Leute denken, Ihr Hund sei ein <a href=\"https:\/\/www.dressupyourpup.com\/de\/produkt\/wende-denver-broncos-bandana\/\" target=\"_blank\" rel=\"noopener noreferrer\">Denver Broncos<\/a> Fan, oder?<\/p>\n<p>Wenn Sie es personalisieren m\u00f6chten, k\u00f6nnen Sie den Namen Ihres Hundes am Rand des Halstuchs hinzuf\u00fcgen.<\/p>\n<p><strong>Bitte beachten Sie: Wenn ausgew\u00e4hlt, wird der Name Ihres Hundes auf der Mannschaftsdruckseite erscheinen, nicht auf der allgemeinen Fu\u00dfballdruckseite.<\/strong><\/p>\n<h2 style=\"text-align: center;\">Sechs Gr\u00fcnde, unser Las Vegas Raiders Hundebandana zu kaufen<\/h2>\n<ul>\n<li>Unser Hundehalstuch der Las Vegas Raiders l\u00e4sst sich leicht \u00fcber das Halsband ziehen, ohne sich Gedanken dar\u00fcber machen zu m\u00fcssen, ob es zu eng oder zu locker um den Hals Ihres Hundes gebunden wird<\/li>\n<li>Unsere Las Vegas Raiders Bandanas sind in Gr\u00f6\u00dfen von extra klein bis extra gro\u00df erh\u00e4ltlich. Egal, ob Sie einen Chihuahua oder eine Deutsche Dogge haben, wir haben ein Bandana, das zu Ihrem Welpen passt<\/li>\n<li>Das Bandana ist mit einer Einlage versehen, damit es nicht knittert und immer fabelhaft aussieht<\/li>\n<li>Unser Bandana ist handgefertigt aus einlaufvorbehandeltem, maschinenwaschbarem Stoff, sodass Sie es in Ihrer Waschmaschine waschen und dann in den Trockner geben k\u00f6nnen, und es ist sofort einsatzbereit<\/li>\n<li>Unser Bandana ist wirklich wendbar mit einem Druck auf der einen Seite und einer Aufb\u00fcgelgrafik auf der R\u00fcckseite, sodass Sie zwei Bandanas zum Preis von einem erhalten<\/li>\n<li>Sie k\u00f6nnen Ihr Raiders-Hundehalstuch mit dem Namen Ihres Welpen darauf personalisieren<\/li>\n<\/ul>\n<p><b>Haftungsausschluss: Unsere handgefertigten Bandanas sind keine Lizenzprodukte der\u00a0<a href=\"https:\/\/www.nfl.com\/\" target=\"_blank\" rel=\"noopener noreferrer\">Nationale Fu\u00dfball Liga<\/a>. Wir sind nicht mit der verbunden oder von ihr gesponsert\u00a0<a href=\"https:\/\/www.nfl.com\/\" target=\"_blank\" rel=\"noopener noreferrer\">Nationale Fu\u00dfball Liga<\/a>.<\/b><\/p>","protected":false},"excerpt":{"rendered":"<p>This is the Gene Upshaw of Las Vegas Raiders dog bandanas! Does your pup bark with excitement every time the Raiders score a touchdown? Does your four-legged best friend wag his tail every time you talk about Super Bowl XVIII? When the Raiders take the field, you&#8217;re wearing the silver and black and your dog [&hellip;]<\/p>\n","protected":false},"featured_media":11144,"comment_status":"open","ping_status":"closed","template":"","meta":{"_acf_changed":false,"site-sidebar-layout":"default","site-content-layout":"default","ast-site-content-layout":"default","site-content-style":"default","site-sidebar-style":"default","ast-global-header-display":"","ast-banner-title-visibility":"","ast-main-header-display":"","ast-hfb-above-header-display":"","ast-hfb-below-header-display":"","ast-hfb-mobile-header-display":"","site-post-title":"","ast-breadcrumbs-content":"","ast-featured-img":"","footer-sml-layout":"","ast-disable-related-posts":"","theme-transparent-header-meta":"default","adv-header-id-meta":"","stick-header-meta":"default","header-above-stick-meta":"","header-main-stick-meta":"","header-below-stick-meta":"","astra-migrate-meta-layouts":"default","ast-page-background-enabled":"default","ast-page-background-meta":{"desktop":{"background-color":"","background-image":"","background-repeat":"repeat","background-position":"center center","background-size":"auto","background-attachment":"scroll","background-type":"","background-media":"","overlay-type":"","overlay-color":"","overlay-opacity":"","overlay-gradient":""},"tablet":{"background-color":"","background-image":"","background-repeat":"repeat","background-position":"center center","background-size":"auto","background-attachment":"scroll","background-type":"","background-media":"","overlay-type":"","overlay-color":"","overlay-opacity":"","overlay-gradient":""},"mobile":{"background-color":"","background-image":"","background-repeat":"repeat","background-position":"center center","background-size":"auto","background-attachment":"scroll","background-type":"","background-media":"","overlay-type":"","overlay-color":"","overlay-opacity":"","overlay-gradient":""}},"ast-content-background-meta":{"desktop":{"background-color":"var(--ast-global-color-5)","background-image":"","background-repeat":"repeat","background-position":"center center","background-size":"auto","background-attachment":"scroll","background-type":"","background-media":"","overlay-type":"","overlay-color":"","overlay-opacity":"","overlay-gradient":""},"tablet":{"background-color":"var(--ast-global-color-5)","background-image":"","background-repeat":"repeat","background-position":"center center","background-size":"auto","background-attachment":"scroll","background-type":"","background-media":"","overlay-type":"","overlay-color":"","overlay-opacity":"","overlay-gradient":""},"mobile":{"background-color":"var(--ast-global-color-5)","background-image":"","background-repeat":"repeat","background-position":"center center","background-size":"auto","background-attachment":"scroll","background-type":"","background-media":"","overlay-type":"","overlay-color":"","overlay-opacity":"","overlay-gradient":""}}},"product_brand":[],"product_cat":[41,42],"product_tag":[],"woo-feed-brand":[],"class_list":{"0":"post-3245","1":"product","2":"type-product","3":"status-publish","4":"has-post-thumbnail","6":"product_cat-team-spirit-dog-bandanas","7":"product_cat-nfl","8":"product_shipping_class-bandana","9":"desktop-align-center","10":"tablet-align-center","11":"mobile-align-center","12":"ast-product-gallery-layout-horizontal","13":"ast-product-gallery-with-no-image","14":"ast-product-single-variable","15":"ast-product-tabs-layout-horizontal","16":"ast-qv-on-image","18":"first","19":"instock","20":"purchasable","21":"product-type-variable"},"acf":[],"_links":{"self":[{"href":"https:\/\/www.dressupyourpup.com\/de\/wp-json\/wp\/v2\/product\/3245","targetHints":{"allow":["GET"]}}],"collection":[{"href":"https:\/\/www.dressupyourpup.com\/de\/wp-json\/wp\/v2\/product"}],"about":[{"href":"https:\/\/www.dressupyourpup.com\/de\/wp-json\/wp\/v2\/types\/product"}],"replies":[{"embeddable":true,"href":"https:\/\/www.dressupyourpup.com\/de\/wp-json\/wp\/v2\/comments?post=3245"}],"wp:featuredmedia":[{"embeddable":true,"href":"https:\/\/www.dressupyourpup.com\/de\/wp-json\/wp\/v2\/media\/11144"}],"wp:attachment":[{"href":"https:\/\/www.dressupyourpup.com\/de\/wp-json\/wp\/v2\/media?parent=3245"}],"wp:term":[{"taxonomy":"product_brand","embeddable":true,"href":"https:\/\/www.dressupyourpup.com\/de\/wp-json\/wp\/v2\/product_brand?post=3245"},{"taxonomy":"product_cat","embeddable":true,"href":"https:\/\/www.dressupyourpup.com\/de\/wp-json\/wp\/v2\/product_cat?post=3245"},{"taxonomy":"product_tag","embeddable":true,"href":"https:\/\/www.dressupyourpup.com\/de\/wp-json\/wp\/v2\/product_tag?post=3245"},{"taxonomy":"woo-feed-brand","embeddable":true,"href":"https:\/\/www.dressupyourpup.com\/de\/wp-json\/wp\/v2\/woo-feed-brand?post=3245"}],"curies":[{"name":"wp","href":"https:\/\/api.w.org\/{rel}","templated":true}]}}