{"id":3287,"date":"2019-10-13T15:27:46","date_gmt":"2019-10-13T15:27:46","guid":{"rendered":"http:\/\/s903023292.onlinehome.us\/dressupyourpup.com\/?post_type=product&#038;p=3287"},"modified":"2025-11-25T18:33:33","modified_gmt":"2025-11-25T23:33:33","slug":"wendbar-winnipeg-jets-hundebandana","status":"publish","type":"product","link":"https:\/\/www.dressupyourpup.com\/de\/shop\/dog-bandanas\/team-spirit-dog-bandanas\/nhl-dog-bandanas\/reversible-winnipeg-jets-dog-bandana\/","title":{"rendered":"Winnipeg Jets Hundehalstuch"},"content":{"rendered":"<p>Dies ist das wendbare Winnipeg Jets-Hundehalstuch, nach dem Ihr Welpe gesucht hat!<\/p>\n<p>Die Winnipeg Jets streben ihren ersten Stanley Cup-Sieg an. und wenn Sie nicht im Bell MTS Place sein k\u00f6nnen, k\u00f6nnen Sie sie zu Hause mit Ihrem vierbeinigen besten Freund anfeuern. Blake Wheeler wird die Jets zu den Playoffs f\u00fchren. Stellen Sie sicher, dass Ihr Welpe f\u00fcr diesen Anlass gekleidet ist, mit unserem wundersch\u00f6nen \u00fcber dem Kragen liegenden Winnipeg Jets-Hundehalstuch! Schlie\u00dflich wollen Sie nicht, dass die Leute denken, Ihr Hund sei ein <a href=\"https:\/\/www.dressupyourpup.com\/de\/produkt\/wendbares-nashville-predators-hundebandana\/\">Nashville-Raubtiere<\/a> Fan, oder?<\/p>\n<p>Wenn Sie es personalisieren m\u00f6chten, k\u00f6nnen Sie den Namen Ihres Hundes am Rand des Halstuchs hinzuf\u00fcgen.<\/p>\n<p><strong>Bitte beachten Sie: Wenn ausgew\u00e4hlt, befindet sich der Name Ihres Hundes auf der Druckseite, nicht auf der Seite mit der Grafik zum Aufb\u00fcgeln.<\/strong><\/p>\n<h2 style=\"text-align: center;\">F\u00fcnf Gr\u00fcnde, unser Winnipeg Jets Hundebandana zu kaufen<\/h2>\n<ul>\n<li>Unser Winnipeg Jets Bandana l\u00e4sst sich leicht \u00fcber das Halsband ziehen, ohne um den Hals Ihres Welpen gebunden zu werden<\/li>\n<li>Das Bandana ist mit einer Einlage versehen, damit es nicht knittert und immer fabelhaft aussieht<\/li>\n<li>Unser Bandana ist aus vorgeschrumpftem, maschinenwaschbarem Stoff handgefertigt, sodass es leicht zu waschen, zu trocknen und zu tragen ist<\/li>\n<li>Unser Bandana ist wirklich wendbar mit einem Muster auf der einen Seite und einer vorgefertigten Grafik auf der anderen Seite, sodass Sie zwei Bandanas zum Preis von einem erhalten<\/li>\n<li>Sie k\u00f6nnen das Bandana mit dem Namen Ihres Welpen darauf personalisieren<\/li>\n<\/ul>\n<p><b>Haftungsausschluss: Unsere handgefertigten Bandanas sind keine Lizenzprodukte der\u00a0<a href=\"https:\/\/www.nhl.com\/\" target=\"_blank\" rel=\"noopener noreferrer\">Nationale Hockey Liga<\/a>. Wir sind nicht mit der verbunden oder von ihr gesponsert\u00a0<a href=\"https:\/\/www.nhl.com\/\" target=\"_blank\" rel=\"noopener noreferrer\">Nationale Hockey Liga<\/a>.<\/b><\/p>","protected":false},"excerpt":{"rendered":"<p>This is the reversible Winnipeg Jets dog bandana that your pup has been looking for! The Winnipeg Jets are going for their first Stanley Cup win. and if you can\u2019t be at Bell MTS Place then you can cheer them on at home with your four-legged best friend. Blake Wheeler is going to lead the [&hellip;]<\/p>\n","protected":false},"featured_media":15000,"comment_status":"open","ping_status":"closed","template":"","meta":{"_acf_changed":false,"site-sidebar-layout":"default","site-content-layout":"default","ast-site-content-layout":"default","site-content-style":"default","site-sidebar-style":"default","ast-global-header-display":"","ast-banner-title-visibility":"","ast-main-header-display":"","ast-hfb-above-header-display":"","ast-hfb-below-header-display":"","ast-hfb-mobile-header-display":"","site-post-title":"","ast-breadcrumbs-content":"","ast-featured-img":"","footer-sml-layout":"","ast-disable-related-posts":"","theme-transparent-header-meta":"default","adv-header-id-meta":"","stick-header-meta":"default","header-above-stick-meta":"","header-main-stick-meta":"","header-below-stick-meta":"","astra-migrate-meta-layouts":"set","ast-page-background-enabled":"default","ast-page-background-meta":{"desktop":{"background-color":"","background-image":"","background-repeat":"repeat","background-position":"center center","background-size":"auto","background-attachment":"scroll","background-type":"","background-media":"","overlay-type":"","overlay-color":"","overlay-opacity":"","overlay-gradient":""},"tablet":{"background-color":"","background-image":"","background-repeat":"repeat","background-position":"center center","background-size":"auto","background-attachment":"scroll","background-type":"","background-media":"","overlay-type":"","overlay-color":"","overlay-opacity":"","overlay-gradient":""},"mobile":{"background-color":"","background-image":"","background-repeat":"repeat","background-position":"center center","background-size":"auto","background-attachment":"scroll","background-type":"","background-media":"","overlay-type":"","overlay-color":"","overlay-opacity":"","overlay-gradient":""}},"ast-content-background-meta":{"desktop":{"background-color":"var(--ast-global-color-5)","background-image":"","background-repeat":"repeat","background-position":"center center","background-size":"auto","background-attachment":"scroll","background-type":"","background-media":"","overlay-type":"","overlay-color":"","overlay-opacity":"","overlay-gradient":""},"tablet":{"background-color":"var(--ast-global-color-5)","background-image":"","background-repeat":"repeat","background-position":"center center","background-size":"auto","background-attachment":"scroll","background-type":"","background-media":"","overlay-type":"","overlay-color":"","overlay-opacity":"","overlay-gradient":""},"mobile":{"background-color":"var(--ast-global-color-5)","background-image":"","background-repeat":"repeat","background-position":"center center","background-size":"auto","background-attachment":"scroll","background-type":"","background-media":"","overlay-type":"","overlay-color":"","overlay-opacity":"","overlay-gradient":""}}},"product_brand":[],"product_cat":[41,46],"product_tag":[],"woo-feed-brand":[],"class_list":{"0":"post-3287","1":"product","2":"type-product","3":"status-publish","4":"has-post-thumbnail","6":"product_cat-team-spirit-dog-bandanas","7":"product_cat-nhl-dog-bandanas","8":"product_shipping_class-bandana","9":"desktop-align-center","10":"tablet-align-center","11":"mobile-align-center","12":"ast-product-gallery-layout-horizontal","13":"ast-product-gallery-with-no-image","14":"ast-product-single-variable","15":"ast-product-tabs-layout-horizontal","16":"ast-qv-on-image","18":"first","19":"instock","20":"purchasable","21":"product-type-variable"},"acf":[],"_links":{"self":[{"href":"https:\/\/www.dressupyourpup.com\/de\/wp-json\/wp\/v2\/product\/3287","targetHints":{"allow":["GET"]}}],"collection":[{"href":"https:\/\/www.dressupyourpup.com\/de\/wp-json\/wp\/v2\/product"}],"about":[{"href":"https:\/\/www.dressupyourpup.com\/de\/wp-json\/wp\/v2\/types\/product"}],"replies":[{"embeddable":true,"href":"https:\/\/www.dressupyourpup.com\/de\/wp-json\/wp\/v2\/comments?post=3287"}],"wp:featuredmedia":[{"embeddable":true,"href":"https:\/\/www.dressupyourpup.com\/de\/wp-json\/wp\/v2\/media\/15000"}],"wp:attachment":[{"href":"https:\/\/www.dressupyourpup.com\/de\/wp-json\/wp\/v2\/media?parent=3287"}],"wp:term":[{"taxonomy":"product_brand","embeddable":true,"href":"https:\/\/www.dressupyourpup.com\/de\/wp-json\/wp\/v2\/product_brand?post=3287"},{"taxonomy":"product_cat","embeddable":true,"href":"https:\/\/www.dressupyourpup.com\/de\/wp-json\/wp\/v2\/product_cat?post=3287"},{"taxonomy":"product_tag","embeddable":true,"href":"https:\/\/www.dressupyourpup.com\/de\/wp-json\/wp\/v2\/product_tag?post=3287"},{"taxonomy":"woo-feed-brand","embeddable":true,"href":"https:\/\/www.dressupyourpup.com\/de\/wp-json\/wp\/v2\/woo-feed-brand?post=3287"}],"curies":[{"name":"wp","href":"https:\/\/api.w.org\/{rel}","templated":true}]}}