{"id":3915,"date":"2019-11-05T02:01:22","date_gmt":"2019-11-05T02:01:22","guid":{"rendered":"http:\/\/s903023292.onlinehome.us\/dressupyourpup.com\/?post_type=product&#038;p=3915"},"modified":"2025-11-25T18:36:45","modified_gmt":"2025-11-25T23:36:45","slug":"wie-der-grinch-weihnachten-uber-den-kragen-bandana-stahl","status":"publish","type":"product","link":"https:\/\/www.dressupyourpup.com\/de\/shop\/dog-bandanas\/holiday-dog-bandanas\/christmas\/how-the-grinch-stole-christmas-over-the-collar-bandana\/","title":{"rendered":"Wie der Grinch Weihnachten \u00fcber dem Halsband gestohlen hat"},"content":{"rendered":"<p>Verwandeln Sie Ihren pelzigen Freund in den stilvollsten kleinen Welpen in ganz Whoville mit einem niedlichen Grinch-Hundehalstuch, ohne das er nie das Haus verlassen m\u00f6chte. Es ist bequem, gem\u00fctlich und so festlich, dass selbst der Grinch sein Herz schmelzen sieht und zu Ihrer Party eingeladen werden m\u00f6chte. Alles, was Sie jetzt tun m\u00fcssen, ist, das H\u00fcndchen zu bitten, an Heiligabend Wache zu halten, um sicherzustellen, dass die Geschenke dort bleiben, wo Sie sie haben m\u00f6chten!<\/p>\n<h2 style=\"text-align: center;\">Vier Gr\u00fcnde f\u00fcr den Kauf von How the Grinch Stole Christmas Dog Bandana<\/h2>\n<ul>\n<li>Ihr neues Grinch-Hundebandana ist handgefertigt, knittert nie und sieht immer fabelhaft aus<\/li>\n<li>L\u00e4sst sich \u00fcber das Halsband Ihres vierbeinigen Freundes schieben, um jederzeit die perfekte Passform zu gew\u00e4hrleisten<\/li>\n<li>Kommt in jeder Gr\u00f6\u00dfe, die Sie sich w\u00fcnschen k\u00f6nnen, von extra klein bis extra gro\u00df<\/li>\n<li>Sorgf\u00e4ltig aus maschinenwaschbarem Stoff gefertigt, der vorgeschrumpft ist \u2013 eine Sorge weniger!<\/li>\n<\/ul>\n<p><strong>Vergessen Sie nicht, Ihr neues Grinch-Hundebandana individuell anzupassen<\/strong><\/p>\n<ul>\n<li>Das wendbare Design bietet Ihnen zwei Geschenke in einem \u2013 perfekt, um den Schwanz wedeln zu lassen<\/li>\n<li>Gestalten Sie die R\u00fcckseite mit dunkelgr\u00fcnem, hellgr\u00fcnem oder hellrotem Stoff<\/li>\n<li>Beenden Sie es stilvoll, indem Sie eines unserer 12 verschiedenen Weihnachtsdesigns ausw\u00e4hlen<\/li>\n<\/ul>","protected":false},"excerpt":{"rendered":"<p>Turn your furry friend into the most stylish little pup in all of Whoville with a cute Grinch dog bandana they\u2019ll never want to leave home without. It\u2019s comfy, cozy and so festive even the Grinch will see his heart start to melt and want to get invited to your party. All you have to [&hellip;]<\/p>\n","protected":false},"featured_media":11346,"comment_status":"open","ping_status":"closed","template":"","meta":{"_acf_changed":false,"site-sidebar-layout":"default","site-content-layout":"default","ast-site-content-layout":"default","site-content-style":"default","site-sidebar-style":"default","ast-global-header-display":"","ast-banner-title-visibility":"","ast-main-header-display":"","ast-hfb-above-header-display":"","ast-hfb-below-header-display":"","ast-hfb-mobile-header-display":"","site-post-title":"","ast-breadcrumbs-content":"","ast-featured-img":"","footer-sml-layout":"","ast-disable-related-posts":"","theme-transparent-header-meta":"default","adv-header-id-meta":"","stick-header-meta":"default","header-above-stick-meta":"","header-main-stick-meta":"","header-below-stick-meta":"","astra-migrate-meta-layouts":"set","ast-page-background-enabled":"default","ast-page-background-meta":{"desktop":{"background-color":"","background-image":"","background-repeat":"repeat","background-position":"center center","background-size":"auto","background-attachment":"scroll","background-type":"","background-media":"","overlay-type":"","overlay-color":"","overlay-opacity":"","overlay-gradient":""},"tablet":{"background-color":"","background-image":"","background-repeat":"repeat","background-position":"center center","background-size":"auto","background-attachment":"scroll","background-type":"","background-media":"","overlay-type":"","overlay-color":"","overlay-opacity":"","overlay-gradient":""},"mobile":{"background-color":"","background-image":"","background-repeat":"repeat","background-position":"center center","background-size":"auto","background-attachment":"scroll","background-type":"","background-media":"","overlay-type":"","overlay-color":"","overlay-opacity":"","overlay-gradient":""}},"ast-content-background-meta":{"desktop":{"background-color":"var(--ast-global-color-5)","background-image":"","background-repeat":"repeat","background-position":"center center","background-size":"auto","background-attachment":"scroll","background-type":"","background-media":"","overlay-type":"","overlay-color":"","overlay-opacity":"","overlay-gradient":""},"tablet":{"background-color":"var(--ast-global-color-5)","background-image":"","background-repeat":"repeat","background-position":"center center","background-size":"auto","background-attachment":"scroll","background-type":"","background-media":"","overlay-type":"","overlay-color":"","overlay-opacity":"","overlay-gradient":""},"mobile":{"background-color":"var(--ast-global-color-5)","background-image":"","background-repeat":"repeat","background-position":"center center","background-size":"auto","background-attachment":"scroll","background-type":"","background-media":"","overlay-type":"","overlay-color":"","overlay-opacity":"","overlay-gradient":""}}},"product_brand":[],"product_cat":[50,55],"product_tag":[],"woo-feed-brand":[],"class_list":{"0":"post-3915","1":"product","2":"type-product","3":"status-publish","4":"has-post-thumbnail","6":"product_cat-holiday-dog-bandanas","7":"product_cat-christmas","8":"product_shipping_class-bandana","9":"desktop-align-center","10":"tablet-align-center","11":"mobile-align-center","12":"ast-product-gallery-layout-horizontal","13":"ast-product-gallery-with-no-image","14":"ast-product-single-variable","15":"ast-product-tabs-layout-horizontal","16":"ast-qv-on-image","18":"first","19":"outofstock","20":"purchasable","21":"product-type-variable"},"acf":[],"_links":{"self":[{"href":"https:\/\/www.dressupyourpup.com\/de\/wp-json\/wp\/v2\/product\/3915","targetHints":{"allow":["GET"]}}],"collection":[{"href":"https:\/\/www.dressupyourpup.com\/de\/wp-json\/wp\/v2\/product"}],"about":[{"href":"https:\/\/www.dressupyourpup.com\/de\/wp-json\/wp\/v2\/types\/product"}],"replies":[{"embeddable":true,"href":"https:\/\/www.dressupyourpup.com\/de\/wp-json\/wp\/v2\/comments?post=3915"}],"wp:featuredmedia":[{"embeddable":true,"href":"https:\/\/www.dressupyourpup.com\/de\/wp-json\/wp\/v2\/media\/11346"}],"wp:attachment":[{"href":"https:\/\/www.dressupyourpup.com\/de\/wp-json\/wp\/v2\/media?parent=3915"}],"wp:term":[{"taxonomy":"product_brand","embeddable":true,"href":"https:\/\/www.dressupyourpup.com\/de\/wp-json\/wp\/v2\/product_brand?post=3915"},{"taxonomy":"product_cat","embeddable":true,"href":"https:\/\/www.dressupyourpup.com\/de\/wp-json\/wp\/v2\/product_cat?post=3915"},{"taxonomy":"product_tag","embeddable":true,"href":"https:\/\/www.dressupyourpup.com\/de\/wp-json\/wp\/v2\/product_tag?post=3915"},{"taxonomy":"woo-feed-brand","embeddable":true,"href":"https:\/\/www.dressupyourpup.com\/de\/wp-json\/wp\/v2\/woo-feed-brand?post=3915"}],"curies":[{"name":"wp","href":"https:\/\/api.w.org\/{rel}","templated":true}]}}