{"id":9272,"date":"2022-04-12T21:17:05","date_gmt":"2022-04-13T01:17:05","guid":{"rendered":"http:\/\/s903023292.onlinehome.us\/dressupyourpup.com\/?post_type=product&#038;p=9272"},"modified":"2025-11-25T19:02:31","modified_gmt":"2025-11-26T00:02:31","slug":"milwaukee-bucks-dog-bandana","status":"publish","type":"product","link":"https:\/\/www.dressupyourpup.com\/de\/shop\/dog-bandanas\/team-spirit-dog-bandanas\/nba-dog-bandanas\/milwaukee-bucks-dog-bandana\/","title":{"rendered":"Milwaukee Bucks Hundehalstuch"},"content":{"rendered":"<p>Das ist Giannis Antetokounmpo von Milwaukee Bucks Hundebandanas!<\/p>\n<p>Die Milwaukee Bucks streben eine weitere NBA-Meisterschaft an! Wenn Sie nicht beim Fiserv-Forum dabei sein k\u00f6nnen, k\u00f6nnen Sie sie zu Hause mit Ihrem vierbeinigen besten Freund anfeuern. W\u00e4hrend Giannis Antetokounmpo die Bucks in Richtung Playoffs f\u00fchrt, stellen Sie sicher, dass Ihr Welpe mit unserem wundersch\u00f6nen Milwaukee Bucks-Hundehalstuch f\u00fcr diesen Anlass gekleidet ist! Schlie\u00dflich m\u00f6chten Sie nicht, dass die Leute denken, Ihr Hund sei ein Hund <a href=\"https:\/\/www.dressupyourpup.com\/de\/produkt\/cleveland-cavaliers-hundebandana\/\">Cleveland Cavaliers<\/a>\u00a0Fan, oder?<\/p>\n<p>Wenn Sie es personalisieren m\u00f6chten, k\u00f6nnen Sie den Namen Ihres Hundes am Rand des Halstuchs hinzuf\u00fcgen.<\/p>\n<p><strong>Bitte beachten Sie: Wenn diese Option ausgew\u00e4hlt ist, steht der Name Ihres Hundes auf der Team-Druckseite und nicht auf der Basketball-Druckseite.<\/strong><\/p>\n<h2 style=\"text-align: center;\">Sechs Gr\u00fcnde, unser Milwaukee Bucks Hundebandana zu kaufen<\/h2>\n<ul>\n<li>Unser Milwaukee Bucks Hundehalstuch l\u00e4sst sich leicht \u00fcber das Halsband ziehen, ohne sich Gedanken dar\u00fcber machen zu m\u00fcssen, ob es zu eng oder zu locker um den Hals Ihres Hundes gebunden wird<\/li>\n<li>Unsere Milwaukee Bucks Bandanas sind in Gr\u00f6\u00dfen von extra klein bis extra gro\u00df erh\u00e4ltlich. Egal, ob Sie einen Chihuahua oder eine Deutsche Dogge haben, wir haben ein Bandana, das zu Ihrem Welpen passt<\/li>\n<li>Das Bandana ist mit einer Einlage versehen, damit es nicht knittert und immer fabelhaft aussieht<\/li>\n<li>Unser Bandana ist handgefertigt aus vorgeschrumpftem, maschinenwaschbarem Stoff. Sie k\u00f6nnen es in der Waschmaschine waschen, dann in den Trockner geben und schon ist es tragebereit<\/li>\n<li>Unser Bandana ist wirklich wendbar mit einem Team-Print auf der einen Seite und einem Basketball-Print auf der R\u00fcckseite, sodass Sie zwei Bandanas zum Preis von einem erhalten<\/li>\n<li>Sie k\u00f6nnen Ihr Milwaukee Bucks Bandana mit dem Namen Ihres Welpen darauf personalisieren<\/li>\n<\/ul>\n<p><b>Haftungsausschluss: Unsere handgefertigten Bandanas sind keine Lizenzprodukte der <a href=\"https:\/\/www.nba.com\/\" target=\"_blank\" rel=\"noopener noreferrer\">nationaler Basketball-Verband<\/a>. Wir sind nicht mit der verbunden oder von ihr gesponsert <a href=\"https:\/\/www.nba.com\/\" target=\"_blank\" rel=\"noopener noreferrer\">nationaler Basketball-Verband<\/a>.<\/b><\/p>","protected":false},"excerpt":{"rendered":"<p>This is the Giannis Antetokounmpo of Milwaukee Bucks dog bandanas! The Milwaukee Bucks are going for another NBA Championship! If you can\u2019t be at the Fiserv Forum then you can cheer them on at home with your four-legged best friend. As Giannis Antetokounmpo leads the Bucks towards the playoffs make sure your pup is dressed [&hellip;]<\/p>\n","protected":false},"featured_media":15301,"comment_status":"open","ping_status":"closed","template":"","meta":{"_acf_changed":false,"site-sidebar-layout":"default","site-content-layout":"default","ast-site-content-layout":"default","site-content-style":"default","site-sidebar-style":"default","ast-global-header-display":"","ast-banner-title-visibility":"","ast-main-header-display":"","ast-hfb-above-header-display":"","ast-hfb-below-header-display":"","ast-hfb-mobile-header-display":"","site-post-title":"","ast-breadcrumbs-content":"","ast-featured-img":"","footer-sml-layout":"","ast-disable-related-posts":"","theme-transparent-header-meta":"default","adv-header-id-meta":"","stick-header-meta":"default","header-above-stick-meta":"","header-main-stick-meta":"","header-below-stick-meta":"","astra-migrate-meta-layouts":"set","ast-page-background-enabled":"default","ast-page-background-meta":{"desktop":{"background-color":"","background-image":"","background-repeat":"repeat","background-position":"center center","background-size":"auto","background-attachment":"scroll","background-type":"","background-media":"","overlay-type":"","overlay-color":"","overlay-opacity":"","overlay-gradient":""},"tablet":{"background-color":"","background-image":"","background-repeat":"repeat","background-position":"center center","background-size":"auto","background-attachment":"scroll","background-type":"","background-media":"","overlay-type":"","overlay-color":"","overlay-opacity":"","overlay-gradient":""},"mobile":{"background-color":"","background-image":"","background-repeat":"repeat","background-position":"center center","background-size":"auto","background-attachment":"scroll","background-type":"","background-media":"","overlay-type":"","overlay-color":"","overlay-opacity":"","overlay-gradient":""}},"ast-content-background-meta":{"desktop":{"background-color":"var(--ast-global-color-5)","background-image":"","background-repeat":"repeat","background-position":"center center","background-size":"auto","background-attachment":"scroll","background-type":"","background-media":"","overlay-type":"","overlay-color":"","overlay-opacity":"","overlay-gradient":""},"tablet":{"background-color":"var(--ast-global-color-5)","background-image":"","background-repeat":"repeat","background-position":"center center","background-size":"auto","background-attachment":"scroll","background-type":"","background-media":"","overlay-type":"","overlay-color":"","overlay-opacity":"","overlay-gradient":""},"mobile":{"background-color":"var(--ast-global-color-5)","background-image":"","background-repeat":"repeat","background-position":"center center","background-size":"auto","background-attachment":"scroll","background-type":"","background-media":"","overlay-type":"","overlay-color":"","overlay-opacity":"","overlay-gradient":""}}},"product_brand":[],"product_cat":[41,62],"product_tag":[],"woo-feed-brand":[],"class_list":{"0":"post-9272","1":"product","2":"type-product","3":"status-publish","4":"has-post-thumbnail","6":"product_cat-team-spirit-dog-bandanas","7":"product_cat-nba-dog-bandanas","8":"product_shipping_class-bandana","9":"desktop-align-center","10":"tablet-align-center","11":"mobile-align-center","12":"ast-product-gallery-layout-horizontal","13":"ast-product-gallery-with-no-image","14":"ast-product-single-variable","15":"ast-product-tabs-layout-horizontal","16":"ast-qv-on-image","18":"first","19":"instock","20":"purchasable","21":"product-type-variable"},"acf":[],"_links":{"self":[{"href":"https:\/\/www.dressupyourpup.com\/de\/wp-json\/wp\/v2\/product\/9272","targetHints":{"allow":["GET"]}}],"collection":[{"href":"https:\/\/www.dressupyourpup.com\/de\/wp-json\/wp\/v2\/product"}],"about":[{"href":"https:\/\/www.dressupyourpup.com\/de\/wp-json\/wp\/v2\/types\/product"}],"replies":[{"embeddable":true,"href":"https:\/\/www.dressupyourpup.com\/de\/wp-json\/wp\/v2\/comments?post=9272"}],"wp:featuredmedia":[{"embeddable":true,"href":"https:\/\/www.dressupyourpup.com\/de\/wp-json\/wp\/v2\/media\/15301"}],"wp:attachment":[{"href":"https:\/\/www.dressupyourpup.com\/de\/wp-json\/wp\/v2\/media?parent=9272"}],"wp:term":[{"taxonomy":"product_brand","embeddable":true,"href":"https:\/\/www.dressupyourpup.com\/de\/wp-json\/wp\/v2\/product_brand?post=9272"},{"taxonomy":"product_cat","embeddable":true,"href":"https:\/\/www.dressupyourpup.com\/de\/wp-json\/wp\/v2\/product_cat?post=9272"},{"taxonomy":"product_tag","embeddable":true,"href":"https:\/\/www.dressupyourpup.com\/de\/wp-json\/wp\/v2\/product_tag?post=9272"},{"taxonomy":"woo-feed-brand","embeddable":true,"href":"https:\/\/www.dressupyourpup.com\/de\/wp-json\/wp\/v2\/woo-feed-brand?post=9272"}],"curies":[{"name":"wp","href":"https:\/\/api.w.org\/{rel}","templated":true}]}}