{"id":9362,"date":"2022-04-15T14:43:28","date_gmt":"2022-04-15T18:43:28","guid":{"rendered":"http:\/\/s903023292.onlinehome.us\/dressupyourpup.com\/?post_type=product&#038;p=9362"},"modified":"2026-04-22T21:31:09","modified_gmt":"2026-04-23T01:31:09","slug":"baltimore-orioles-hundebandana","status":"publish","type":"product","link":"https:\/\/www.dressupyourpup.com\/de\/shop\/dog-bandanas\/team-spirit-dog-bandanas\/mlb-dog-bandanas\/baltimore-orioles-dog-bandana\/","title":{"rendered":"Baltimore Orioles Hundebandana"},"content":{"rendered":"<p>Dies ist das wendbare Baltimore Orioles-Hundehalstuch, nach dem Ihr Welpe gesucht hat!<\/p>\n<p>Die Baltimore Orioles versuchen, ihre erste World Series seit 1983 zu gewinnen! Wenn Sie nicht bei Camden Yards sein k\u00f6nnen, k\u00f6nnen Sie sie zu Hause mit Ihrem vierbeinigen besten Freund anfeuern. W\u00e4hrend Cedric Mullins die Orioles in die Playoffs f\u00fchrt, stellen Sie sicher, dass Ihr Welpe mit unserem wundersch\u00f6nen Baltimore Orioles-Bandana \u00fcber dem Kragen f\u00fcr diesen Anlass gekleidet ist! Schlie\u00dflich m\u00f6chten Sie nicht, dass die Leute denken, Ihr Hund sei ein Hund <a href=\"https:\/\/www.dressupyourpup.com\/de\/produkt\/tampa-bay-rays-dog-bandana\/\">Tampa Bay Rays<\/a> Fan, oder?<\/p>\n<p>Wenn Sie es personalisieren m\u00f6chten, k\u00f6nnen Sie den Namen Ihres Hundes am Rand des Halstuchs hinzuf\u00fcgen.<\/p>\n<p><strong>Bitte beachten Sie: Wenn ausgew\u00e4hlt, befindet sich der Name Ihres Hundes auf der Druckseite, nicht auf der Seite mit der Grafik zum Aufb\u00fcgeln.<\/strong><\/p>\n<h2 style=\"text-align: center;\">Sechs Gr\u00fcnde, unser Hundehalstuch \u201eBaltimore Orioles\u201c zu kaufen<\/h2>\n<ul>\n<li>Unser Hundehalstuch \u201eBaltimore Orioles\u201c l\u00e4sst sich problemlos \u00fcber das Halsband ziehen, ohne dass Sie sich Sorgen machen m\u00fcssen, dass es zu eng oder zu locker um den Hals Ihres Hundes gebunden wird<\/li>\n<li>Unsere Baltimore Orioles-Bandanas sind in Gr\u00f6\u00dfen von extraklein bis extragro\u00df erh\u00e4ltlich. Egal, ob Sie einen Chihuahua oder eine Deutsche Dogge haben, wir haben ein Halstuch, das zu Ihrem Welpen passt<\/li>\n<li>Das Bandana ist mit einer Einlage versehen, damit es nicht knittert und immer fabelhaft aussieht<\/li>\n<li>Unser Bandana ist handgefertigt aus einlaufvorbehandeltem, maschinenwaschbarem Stoff, sodass Sie es in Ihrer Waschmaschine waschen und dann in den Trockner stecken k\u00f6nnen<\/li>\n<li>Unser Bandana ist wirklich wendbar mit einem Druck auf der einen Seite und einer Aufb\u00fcgelgrafik auf der R\u00fcckseite, sodass Sie zwei Bandanas zum Preis von einem erhalten<\/li>\n<li>Sie k\u00f6nnen Ihr Orioles-Hundehalstuch mit dem Namen Ihres Welpen personalisieren<\/li>\n<\/ul>\n<p><b>Haftungsausschluss: Unsere handgefertigten Bandanas sind keine Lizenzprodukte der\u00a0<a href=\"https:\/\/www.mlb.com\/\" target=\"_blank\" rel=\"noopener noreferrer\">Major League Baseball<\/a>. Wir sind nicht mit der verbunden oder von ihr gesponsert\u00a0<a href=\"https:\/\/www.mlb.com\/\" target=\"_blank\" rel=\"noopener noreferrer\">Major League Baseball<\/a>.<\/b><\/p>","protected":false},"excerpt":{"rendered":"<p>This is the reversible Baltimore Orioles dog bandana that your pup has been looking for! The Baltimore Orioles are trying to win their first World Series since 1983! If you can\u2019t be at Camden Yards then you can cheer them on at home with your four-legged best friend. As Cedric Mullins leads the Orioles towards [&hellip;]<\/p>\n","protected":false},"featured_media":15240,"comment_status":"open","ping_status":"closed","template":"","meta":{"_acf_changed":false,"site-sidebar-layout":"default","site-content-layout":"default","ast-site-content-layout":"default","site-content-style":"default","site-sidebar-style":"default","ast-global-header-display":"","ast-banner-title-visibility":"","ast-main-header-display":"","ast-hfb-above-header-display":"","ast-hfb-below-header-display":"","ast-hfb-mobile-header-display":"","site-post-title":"","ast-breadcrumbs-content":"","ast-featured-img":"","footer-sml-layout":"","ast-disable-related-posts":"","theme-transparent-header-meta":"default","adv-header-id-meta":"","stick-header-meta":"default","header-above-stick-meta":"","header-main-stick-meta":"","header-below-stick-meta":"","astra-migrate-meta-layouts":"set","ast-page-background-enabled":"default","ast-page-background-meta":{"desktop":{"background-color":"","background-image":"","background-repeat":"repeat","background-position":"center center","background-size":"auto","background-attachment":"scroll","background-type":"","background-media":"","overlay-type":"","overlay-color":"","overlay-opacity":"","overlay-gradient":""},"tablet":{"background-color":"","background-image":"","background-repeat":"repeat","background-position":"center center","background-size":"auto","background-attachment":"scroll","background-type":"","background-media":"","overlay-type":"","overlay-color":"","overlay-opacity":"","overlay-gradient":""},"mobile":{"background-color":"","background-image":"","background-repeat":"repeat","background-position":"center center","background-size":"auto","background-attachment":"scroll","background-type":"","background-media":"","overlay-type":"","overlay-color":"","overlay-opacity":"","overlay-gradient":""}},"ast-content-background-meta":{"desktop":{"background-color":"var(--ast-global-color-5)","background-image":"","background-repeat":"repeat","background-position":"center center","background-size":"auto","background-attachment":"scroll","background-type":"","background-media":"","overlay-type":"","overlay-color":"","overlay-opacity":"","overlay-gradient":""},"tablet":{"background-color":"var(--ast-global-color-5)","background-image":"","background-repeat":"repeat","background-position":"center center","background-size":"auto","background-attachment":"scroll","background-type":"","background-media":"","overlay-type":"","overlay-color":"","overlay-opacity":"","overlay-gradient":""},"mobile":{"background-color":"var(--ast-global-color-5)","background-image":"","background-repeat":"repeat","background-position":"center center","background-size":"auto","background-attachment":"scroll","background-type":"","background-media":"","overlay-type":"","overlay-color":"","overlay-opacity":"","overlay-gradient":""}}},"product_brand":[],"product_cat":[41,44],"product_tag":[],"woo-feed-brand":[],"class_list":{"0":"post-9362","1":"product","2":"type-product","3":"status-publish","4":"has-post-thumbnail","6":"product_cat-team-spirit-dog-bandanas","7":"product_cat-mlb-dog-bandanas","8":"product_shipping_class-bandana","9":"desktop-align-center","10":"tablet-align-center","11":"mobile-align-center","12":"ast-product-gallery-layout-horizontal","13":"ast-product-single-variable","14":"ast-product-tabs-layout-horizontal","15":"ast-qv-on-image","17":"first","18":"instock","19":"purchasable","20":"product-type-variable"},"acf":[],"_links":{"self":[{"href":"https:\/\/www.dressupyourpup.com\/de\/wp-json\/wp\/v2\/product\/9362","targetHints":{"allow":["GET"]}}],"collection":[{"href":"https:\/\/www.dressupyourpup.com\/de\/wp-json\/wp\/v2\/product"}],"about":[{"href":"https:\/\/www.dressupyourpup.com\/de\/wp-json\/wp\/v2\/types\/product"}],"replies":[{"embeddable":true,"href":"https:\/\/www.dressupyourpup.com\/de\/wp-json\/wp\/v2\/comments?post=9362"}],"wp:featuredmedia":[{"embeddable":true,"href":"https:\/\/www.dressupyourpup.com\/de\/wp-json\/wp\/v2\/media\/15240"}],"wp:attachment":[{"href":"https:\/\/www.dressupyourpup.com\/de\/wp-json\/wp\/v2\/media?parent=9362"}],"wp:term":[{"taxonomy":"product_brand","embeddable":true,"href":"https:\/\/www.dressupyourpup.com\/de\/wp-json\/wp\/v2\/product_brand?post=9362"},{"taxonomy":"product_cat","embeddable":true,"href":"https:\/\/www.dressupyourpup.com\/de\/wp-json\/wp\/v2\/product_cat?post=9362"},{"taxonomy":"product_tag","embeddable":true,"href":"https:\/\/www.dressupyourpup.com\/de\/wp-json\/wp\/v2\/product_tag?post=9362"},{"taxonomy":"woo-feed-brand","embeddable":true,"href":"https:\/\/www.dressupyourpup.com\/de\/wp-json\/wp\/v2\/woo-feed-brand?post=9362"}],"curies":[{"name":"wp","href":"https:\/\/api.w.org\/{rel}","templated":true}]}}