{"id":9641,"date":"2022-04-26T16:11:27","date_gmt":"2022-04-26T20:11:27","guid":{"rendered":"http:\/\/s903023292.onlinehome.us\/dressupyourpup.com\/?post_type=product&#038;p=9641"},"modified":"2025-11-25T19:07:43","modified_gmt":"2025-11-26T00:07:43","slug":"hai-und-seehund-bandana","status":"publish","type":"product","link":"https:\/\/www.dressupyourpup.com\/de\/shop\/dog-bandanas\/pattern-dog-bandanas\/shark-and-nautical-dog-bandana\/","title":{"rendered":"Halstuch f\u00fcr Haie und nautische Hunde"},"content":{"rendered":"<p>Dieses Haifisch- und Seehundehalstuch w\u00fcrde an Ihrem Hund pfotenhaft aussehen. Es ist ein wendbares Hundebandana mit einem blauen Hai-Print auf der einen Seite und einem Anker-Print auf der anderen Seite. Das Hundebandana kann auch mit dem Namen Ihres Hundes auf der Hai-Seite personalisiert werden. Wenn Sie eine Volltonfarbe auf der R\u00fcckseite der Seite mit dem Haifischdruck bevorzugen, w\u00e4hlen Sie einfach aus den verf\u00fcgbaren Farben aus unserer Dropdown-Liste aus. Sie k\u00f6nnen der Volltonfarbe ohne zus\u00e4tzliche Kosten eine Grafik Ihrer Wahl hinzuf\u00fcgen.<\/p>\n<p>Dieses einlaufvorbehandelte, handgefertigte Hundebandana \u00fcber dem Halsband wird Ihren Hund am Hundestrand beneiden!<\/p>\n<h2 style=\"text-align: center;\">Sechs Gr\u00fcnde f\u00fcr den Kauf unseres Haifisch- und Seebandanas<\/h2>\n<ul>\n<li>Unser Shark and Nautical Hundehalstuch l\u00e4sst sich leicht \u00fcber das Halsband schieben. Machen Sie sich keine Sorgen mehr, es zu fest oder zu locker um den Hals Ihres Hundes zu binden<\/li>\n<li>Unser Shark and Nautical Hundehalstuch ist in Gr\u00f6\u00dfen von extra klein bis extra gro\u00df erh\u00e4ltlich. Egal, ob Sie einen Chihuahua oder eine Deutsche Dogge haben, wir haben ein Bandana, das zu Ihrem Welpen passt<\/li>\n<li>Das Bandana ist mit einer Einlage versehen, damit es nicht knittert und immer fabelhaft aussieht<\/li>\n<li>Unser Bandana ist aus vorgeschrumpftem, maschinenwaschbarem Stoff handgefertigt. Sie k\u00f6nnen es in Ihrer Waschmaschine waschen, dann in den Trockner geben und es ist bereit zum Tragen<\/li>\n<li>Unser Bandana ist wirklich wendbar mit einem Druck auf der einen Seite und einer Aufb\u00fcgelgrafik auf der R\u00fcckseite, sodass Sie zwei Bandanas zum Preis von einem erhalten<\/li>\n<li>Sie k\u00f6nnen Ihr Bandana mit dem Namen Ihres Welpen darauf personalisieren<\/li>\n<\/ul>","protected":false},"excerpt":{"rendered":"<p>This Shark and Nautical dog bandana would look paw-some on your dog. It is a reversible dog bandana with a blue shark print on one side and an anchor print on the\u00a0 other side.\u00a0 The dog bandana can also be customized with your dog&#8217;s name on the shark side.\u00a0 If you&#8217;d prefer a solid colour [&hellip;]<\/p>\n","protected":false},"featured_media":9612,"comment_status":"open","ping_status":"closed","template":"","meta":{"_acf_changed":false,"site-sidebar-layout":"default","site-content-layout":"default","ast-site-content-layout":"default","site-content-style":"default","site-sidebar-style":"default","ast-global-header-display":"","ast-banner-title-visibility":"","ast-main-header-display":"","ast-hfb-above-header-display":"","ast-hfb-below-header-display":"","ast-hfb-mobile-header-display":"","site-post-title":"","ast-breadcrumbs-content":"","ast-featured-img":"","footer-sml-layout":"","ast-disable-related-posts":"","theme-transparent-header-meta":"default","adv-header-id-meta":"","stick-header-meta":"default","header-above-stick-meta":"","header-main-stick-meta":"","header-below-stick-meta":"","astra-migrate-meta-layouts":"default","ast-page-background-enabled":"default","ast-page-background-meta":{"desktop":{"background-color":"","background-image":"","background-repeat":"repeat","background-position":"center center","background-size":"auto","background-attachment":"scroll","background-type":"","background-media":"","overlay-type":"","overlay-color":"","overlay-opacity":"","overlay-gradient":""},"tablet":{"background-color":"","background-image":"","background-repeat":"repeat","background-position":"center center","background-size":"auto","background-attachment":"scroll","background-type":"","background-media":"","overlay-type":"","overlay-color":"","overlay-opacity":"","overlay-gradient":""},"mobile":{"background-color":"","background-image":"","background-repeat":"repeat","background-position":"center center","background-size":"auto","background-attachment":"scroll","background-type":"","background-media":"","overlay-type":"","overlay-color":"","overlay-opacity":"","overlay-gradient":""}},"ast-content-background-meta":{"desktop":{"background-color":"var(--ast-global-color-5)","background-image":"","background-repeat":"repeat","background-position":"center center","background-size":"auto","background-attachment":"scroll","background-type":"","background-media":"","overlay-type":"","overlay-color":"","overlay-opacity":"","overlay-gradient":""},"tablet":{"background-color":"var(--ast-global-color-5)","background-image":"","background-repeat":"repeat","background-position":"center center","background-size":"auto","background-attachment":"scroll","background-type":"","background-media":"","overlay-type":"","overlay-color":"","overlay-opacity":"","overlay-gradient":""},"mobile":{"background-color":"var(--ast-global-color-5)","background-image":"","background-repeat":"repeat","background-position":"center center","background-size":"auto","background-attachment":"scroll","background-type":"","background-media":"","overlay-type":"","overlay-color":"","overlay-opacity":"","overlay-gradient":""}}},"product_brand":[],"product_cat":[36],"product_tag":[],"woo-feed-brand":[],"class_list":{"0":"post-9641","1":"product","2":"type-product","3":"status-publish","4":"has-post-thumbnail","6":"product_cat-pattern-dog-bandanas","7":"product_shipping_class-bandana","8":"desktop-align-center","9":"tablet-align-center","10":"mobile-align-center","11":"ast-product-gallery-layout-horizontal","12":"ast-product-gallery-with-no-image","13":"ast-product-single-variable","14":"ast-product-tabs-layout-horizontal","15":"ast-qv-on-image","17":"first","18":"instock","19":"shipping-taxable","20":"purchasable","21":"product-type-variable"},"acf":[],"_links":{"self":[{"href":"https:\/\/www.dressupyourpup.com\/de\/wp-json\/wp\/v2\/product\/9641","targetHints":{"allow":["GET"]}}],"collection":[{"href":"https:\/\/www.dressupyourpup.com\/de\/wp-json\/wp\/v2\/product"}],"about":[{"href":"https:\/\/www.dressupyourpup.com\/de\/wp-json\/wp\/v2\/types\/product"}],"replies":[{"embeddable":true,"href":"https:\/\/www.dressupyourpup.com\/de\/wp-json\/wp\/v2\/comments?post=9641"}],"wp:featuredmedia":[{"embeddable":true,"href":"https:\/\/www.dressupyourpup.com\/de\/wp-json\/wp\/v2\/media\/9612"}],"wp:attachment":[{"href":"https:\/\/www.dressupyourpup.com\/de\/wp-json\/wp\/v2\/media?parent=9641"}],"wp:term":[{"taxonomy":"product_brand","embeddable":true,"href":"https:\/\/www.dressupyourpup.com\/de\/wp-json\/wp\/v2\/product_brand?post=9641"},{"taxonomy":"product_cat","embeddable":true,"href":"https:\/\/www.dressupyourpup.com\/de\/wp-json\/wp\/v2\/product_cat?post=9641"},{"taxonomy":"product_tag","embeddable":true,"href":"https:\/\/www.dressupyourpup.com\/de\/wp-json\/wp\/v2\/product_tag?post=9641"},{"taxonomy":"woo-feed-brand","embeddable":true,"href":"https:\/\/www.dressupyourpup.com\/de\/wp-json\/wp\/v2\/woo-feed-brand?post=9641"}],"curies":[{"name":"wp","href":"https:\/\/api.w.org\/{rel}","templated":true}]}}