{"id":9842,"date":"2022-05-05T14:54:06","date_gmt":"2022-05-05T18:54:06","guid":{"rendered":"http:\/\/s903023292.onlinehome.us\/dressupyourpup.com\/?post_type=product&#038;p=9842"},"modified":"2025-11-25T19:08:51","modified_gmt":"2025-11-26T00:08:51","slug":"frieden-liebe-und-herzen-hundebandana","status":"publish","type":"product","link":"https:\/\/www.dressupyourpup.com\/de\/shop\/dog-bandanas\/pattern-dog-bandanas\/peace-love-and-hearts-dog-bandana\/","title":{"rendered":"Friedensliebe und Herzen Hundebandana"},"content":{"rendered":"<p>Dieses Peace Love and Hearts-Hundehalstuch w\u00fcrde an Ihrem Hund umwerfend aussehen. Die R\u00fcckseite kann mit einem einfarbigen Stoff in der Farbe Ihrer Wahl und einer wei\u00dfen Vinylgrafik zum Aufb\u00fcgeln Ihrer Wahl personalisiert werden. Das Hundebandana kann auch mit dem Namen Ihres Hundes auf der Herzseite individuell gestaltet werden.<\/p>\n<p>Dieses vorgeschrumpfte, handgefertigte Hundebandana \u00fcber dem Halsband wird Ihren Hund im Hundepark beneiden!<\/p>\n<h2 style=\"text-align: center;\">Sechs Gr\u00fcnde, unser Peace Love and Hearts Hundehalstuch zu kaufen<\/h2>\n<ul>\n<li>Unser Peace Love and Hearts Hundehalstuch l\u00e4sst sich leicht \u00fcber das Halsband schieben. Machen Sie sich keine Sorgen mehr, es zu fest oder zu locker um den Hals Ihres Hundes zu binden<\/li>\n<li>Unser Peace Love and Hearts Hundehalstuch ist in Gr\u00f6\u00dfen von extra klein bis extra gro\u00df erh\u00e4ltlich. Egal, ob Sie einen Chihuahua oder eine Deutsche Dogge haben, wir haben ein Bandana, das zu Ihrem Welpen passt<\/li>\n<li>Das Bandana ist mit einer Einlage versehen, damit es nicht knittert und immer fabelhaft aussieht<\/li>\n<li>Unser Bandana ist aus vorgeschrumpftem, maschinenwaschbarem Stoff handgefertigt. Sie k\u00f6nnen es in Ihrer Waschmaschine waschen, dann in den Trockner geben und es ist bereit zum Tragen<\/li>\n<li>Unser Bandana ist wirklich wendbar mit einem Druck auf der einen Seite und einer Aufb\u00fcgelgrafik auf der R\u00fcckseite, sodass Sie zwei Bandanas zum Preis von einem erhalten<\/li>\n<li>Sie k\u00f6nnen Ihr Bandana mit dem Namen Ihres Welpen darauf personalisieren<\/li>\n<\/ul>","protected":false},"excerpt":{"rendered":"<p>This Peace Love and Hearts dog bandana would look paw-some on your dog.\u00a0 The reverse side can be customized with a solid fabric, colour of your choice and a white iron -on vinyl graphic, of your choice.\u00a0 The dog bandana can also be customized with your dog&#8217;s name on the heart side. This preshrunk, handcrafted [&hellip;]<\/p>\n","protected":false},"featured_media":9826,"comment_status":"open","ping_status":"closed","template":"","meta":{"_acf_changed":false,"site-sidebar-layout":"default","site-content-layout":"default","ast-site-content-layout":"default","site-content-style":"default","site-sidebar-style":"default","ast-global-header-display":"","ast-banner-title-visibility":"","ast-main-header-display":"","ast-hfb-above-header-display":"","ast-hfb-below-header-display":"","ast-hfb-mobile-header-display":"","site-post-title":"","ast-breadcrumbs-content":"","ast-featured-img":"","footer-sml-layout":"","ast-disable-related-posts":"","theme-transparent-header-meta":"default","adv-header-id-meta":"","stick-header-meta":"default","header-above-stick-meta":"","header-main-stick-meta":"","header-below-stick-meta":"","astra-migrate-meta-layouts":"default","ast-page-background-enabled":"default","ast-page-background-meta":{"desktop":{"background-color":"","background-image":"","background-repeat":"repeat","background-position":"center center","background-size":"auto","background-attachment":"scroll","background-type":"","background-media":"","overlay-type":"","overlay-color":"","overlay-opacity":"","overlay-gradient":""},"tablet":{"background-color":"","background-image":"","background-repeat":"repeat","background-position":"center center","background-size":"auto","background-attachment":"scroll","background-type":"","background-media":"","overlay-type":"","overlay-color":"","overlay-opacity":"","overlay-gradient":""},"mobile":{"background-color":"","background-image":"","background-repeat":"repeat","background-position":"center center","background-size":"auto","background-attachment":"scroll","background-type":"","background-media":"","overlay-type":"","overlay-color":"","overlay-opacity":"","overlay-gradient":""}},"ast-content-background-meta":{"desktop":{"background-color":"var(--ast-global-color-5)","background-image":"","background-repeat":"repeat","background-position":"center center","background-size":"auto","background-attachment":"scroll","background-type":"","background-media":"","overlay-type":"","overlay-color":"","overlay-opacity":"","overlay-gradient":""},"tablet":{"background-color":"var(--ast-global-color-5)","background-image":"","background-repeat":"repeat","background-position":"center center","background-size":"auto","background-attachment":"scroll","background-type":"","background-media":"","overlay-type":"","overlay-color":"","overlay-opacity":"","overlay-gradient":""},"mobile":{"background-color":"var(--ast-global-color-5)","background-image":"","background-repeat":"repeat","background-position":"center center","background-size":"auto","background-attachment":"scroll","background-type":"","background-media":"","overlay-type":"","overlay-color":"","overlay-opacity":"","overlay-gradient":""}}},"product_brand":[],"product_cat":[36],"product_tag":[],"woo-feed-brand":[],"class_list":{"0":"post-9842","1":"product","2":"type-product","3":"status-publish","4":"has-post-thumbnail","6":"product_cat-pattern-dog-bandanas","7":"product_shipping_class-bandana","8":"desktop-align-center","9":"tablet-align-center","10":"mobile-align-center","11":"ast-product-gallery-layout-horizontal","12":"ast-product-gallery-with-no-image","13":"ast-product-single-variable","14":"ast-product-tabs-layout-horizontal","15":"ast-qv-on-image","17":"first","18":"instock","19":"shipping-taxable","20":"purchasable","21":"product-type-variable"},"acf":[],"_links":{"self":[{"href":"https:\/\/www.dressupyourpup.com\/de\/wp-json\/wp\/v2\/product\/9842","targetHints":{"allow":["GET"]}}],"collection":[{"href":"https:\/\/www.dressupyourpup.com\/de\/wp-json\/wp\/v2\/product"}],"about":[{"href":"https:\/\/www.dressupyourpup.com\/de\/wp-json\/wp\/v2\/types\/product"}],"replies":[{"embeddable":true,"href":"https:\/\/www.dressupyourpup.com\/de\/wp-json\/wp\/v2\/comments?post=9842"}],"wp:featuredmedia":[{"embeddable":true,"href":"https:\/\/www.dressupyourpup.com\/de\/wp-json\/wp\/v2\/media\/9826"}],"wp:attachment":[{"href":"https:\/\/www.dressupyourpup.com\/de\/wp-json\/wp\/v2\/media?parent=9842"}],"wp:term":[{"taxonomy":"product_brand","embeddable":true,"href":"https:\/\/www.dressupyourpup.com\/de\/wp-json\/wp\/v2\/product_brand?post=9842"},{"taxonomy":"product_cat","embeddable":true,"href":"https:\/\/www.dressupyourpup.com\/de\/wp-json\/wp\/v2\/product_cat?post=9842"},{"taxonomy":"product_tag","embeddable":true,"href":"https:\/\/www.dressupyourpup.com\/de\/wp-json\/wp\/v2\/product_tag?post=9842"},{"taxonomy":"woo-feed-brand","embeddable":true,"href":"https:\/\/www.dressupyourpup.com\/de\/wp-json\/wp\/v2\/woo-feed-brand?post=9842"}],"curies":[{"name":"wp","href":"https:\/\/api.w.org\/{rel}","templated":true}]}}