{"id":9647,"date":"2022-04-26T16:51:38","date_gmt":"2022-04-26T20:51:38","guid":{"rendered":"http:\/\/s903023292.onlinehome.us\/dressupyourpup.com\/?page_id=9647"},"modified":"2022-04-26T23:59:09","modified_gmt":"2022-04-27T03:59:09","slug":"puntos-cachorro","status":"publish","type":"page","link":"https:\/\/www.dressupyourpup.com\/es\/pup-points\/","title":{"rendered":"Programa de fidelizaci\u00f3n de puntos cachorro"},"content":{"rendered":"<div data-elementor-type=\"wp-post\" data-elementor-id=\"9647\" class=\"elementor elementor-9647\" data-elementor-post-type=\"page\">\n\t\t\t\t\t\t<section class=\"elementor-section elementor-top-section elementor-element elementor-element-2f9d7720 elementor-section-boxed elementor-section-height-default elementor-section-height-default\" data-id=\"2f9d7720\" data-element_type=\"section\" data-e-type=\"section\">\n\t\t\t\t\t\t<div class=\"elementor-container elementor-column-gap-default\">\n\t\t\t\t\t<div class=\"elementor-column elementor-col-100 elementor-top-column elementor-element elementor-element-51fbd3c1\" data-id=\"51fbd3c1\" data-element_type=\"column\" data-e-type=\"column\">\n\t\t\t<div class=\"elementor-widget-wrap elementor-element-populated\">\n\t\t\t\t\t\t<div class=\"elementor-element elementor-element-cf29c07 elementor-widget elementor-widget-image\" data-id=\"cf29c07\" data-element_type=\"widget\" data-e-type=\"widget\" data-widget_type=\"image.default\">\n\t\t\t\t<div class=\"elementor-widget-container\">\n\t\t\t\t\t\t\t\t\t\t\t\t\t\t\t<img decoding=\"async\" width=\"150\" height=\"150\" src=\"https:\/\/www.dressupyourpup.com\/wp-content\/uploads\/2022\/04\/pup-points-logo-150x150.png\" class=\"attachment-thumbnail size-thumbnail wp-image-9722\" alt=\"\" srcset=\"https:\/\/www.dressupyourpup.com\/wp-content\/uploads\/2022\/04\/pup-points-logo-150x150.png 150w, https:\/\/www.dressupyourpup.com\/wp-content\/uploads\/2022\/04\/pup-points-logo-300x300.png 300w, https:\/\/www.dressupyourpup.com\/wp-content\/uploads\/2022\/04\/pup-points-logo-768x768.png 768w, https:\/\/www.dressupyourpup.com\/wp-content\/uploads\/2022\/04\/pup-points-logo-12x12.png 12w, https:\/\/www.dressupyourpup.com\/wp-content\/uploads\/2022\/04\/pup-points-logo-600x600.png 600w, https:\/\/www.dressupyourpup.com\/wp-content\/uploads\/2022\/04\/pup-points-logo-100x100.png 100w, https:\/\/www.dressupyourpup.com\/wp-content\/uploads\/2022\/04\/pup-points-logo.png 1000w\" sizes=\"(max-width: 150px) 100vw, 150px\" \/>\t\t\t\t\t\t\t\t\t\t\t\t\t\t\t<\/div>\n\t\t\t\t<\/div>\n\t\t\t\t<div class=\"elementor-element elementor-element-1fc6f28 elementor-widget elementor-widget-text-editor\" data-id=\"1fc6f28\" data-element_type=\"widget\" data-e-type=\"widget\" data-widget_type=\"text-editor.default\">\n\t\t\t\t<div class=\"elementor-widget-container\">\n\t\t\t\t\t\t\t\t\t<p>\u00a1Ahora es tu momento de jugar a buscar con nuestros Pup Points!<\/p><p>Pup Points es nuestro programa de recompensas para clientes que le otorga puntos cada vez que realiza una compra.<\/p><p>Aqu\u00ed hay un desglose de c\u00f3mo puede ganar puntos:<\/p><p>\n<table id=\"tablepress-1\" class=\"tablepress tablepress-id-1 puppoints\">\n<thead>\n<tr class=\"row-1\">\n\t<th class=\"column-1\">Acci\u00f3n<\/th><th class=\"column-2\">Puntos<\/th>\n<\/tr>\n<\/thead>\n<tbody class=\"row-striping\">\n<tr class=\"row-2\">\n\t<td class=\"column-1\">Crea una cuenta<\/td><td class=\"column-2\">100 puntos<\/td>\n<\/tr>\n<tr class=\"row-3\">\n\t<td class=\"column-1\">Por cada $1 gastado<\/td><td class=\"column-2\">75 puntos<\/td>\n<\/tr>\n<tr class=\"row-4\">\n\t<td class=\"column-1\">Env\u00edenos una foto de su cachorro usando nuestro pa\u00f1uelo<\/td><td class=\"column-2\">50 puntos<\/td>\n<\/tr>\n<tr class=\"row-5\">\n\t<td class=\"column-1\">Escribir la rese\u00f1a de un producto<\/td><td class=\"column-2\">25 puntos<\/td>\n<\/tr>\n<\/tbody>\n<\/table>\n<!-- #tablepress-1 from cache --><\/p><p>Puede comenzar a canjear Pup Points una vez que obtenga 4,500.<\/p><p>Al canjear, 1,000 Pup Points equivaldr\u00e1n a $1. Puede usarlos para futuras compras y la mejor parte es que los Pup Points nunca caducar\u00e1n.<\/p><p>Los Pup Points se pueden aplicar retroactivamente a cuentas de clientes existentes. Adem\u00e1s, si compr\u00f3 art\u00edculos antes de crear una cuenta, cont\u00e1ctenos y podemos aplicar Pup Points a su cuenta.<\/p>\t\t\t\t\t\t\t\t<\/div>\n\t\t\t\t<\/div>\n\t\t\t\t\t<\/div>\n\t\t<\/div>\n\t\t\t\t\t<\/div>\n\t\t<\/section>\n\t\t\t\t<\/div>","protected":false},"excerpt":{"rendered":"<p>Now it&#8217;s your time to play fetch with our Pup Points! Pup Points is our customer rewards program that gives you points each time you make a purchase. Here is a breakdown of how you can earn points: You can begin to redeem Pup Points once you fetch 4,500. When redeeming, 1,000 Pup Points will [&hellip;]<\/p>\n","protected":false},"author":1,"featured_media":0,"parent":0,"menu_order":0,"comment_status":"closed","ping_status":"closed","template":"","meta":{"_acf_changed":false,"site-sidebar-layout":"default","site-content-layout":"default","ast-site-content-layout":"default","site-content-style":"default","site-sidebar-style":"default","ast-global-header-display":"","ast-banner-title-visibility":"","ast-main-header-display":"","ast-hfb-above-header-display":"","ast-hfb-below-header-display":"","ast-hfb-mobile-header-display":"","site-post-title":"","ast-breadcrumbs-content":"","ast-featured-img":"","footer-sml-layout":"","ast-disable-related-posts":"","theme-transparent-header-meta":"default","adv-header-id-meta":"","stick-header-meta":"default","header-above-stick-meta":"","header-main-stick-meta":"","header-below-stick-meta":"","astra-migrate-meta-layouts":"default","ast-page-background-enabled":"default","ast-page-background-meta":{"desktop":{"background-color":"","background-image":"","background-repeat":"repeat","background-position":"center center","background-size":"auto","background-attachment":"scroll","background-type":"","background-media":"","overlay-type":"","overlay-color":"","overlay-opacity":"","overlay-gradient":""},"tablet":{"background-color":"","background-image":"","background-repeat":"repeat","background-position":"center center","background-size":"auto","background-attachment":"scroll","background-type":"","background-media":"","overlay-type":"","overlay-color":"","overlay-opacity":"","overlay-gradient":""},"mobile":{"background-color":"","background-image":"","background-repeat":"repeat","background-position":"center center","background-size":"auto","background-attachment":"scroll","background-type":"","background-media":"","overlay-type":"","overlay-color":"","overlay-opacity":"","overlay-gradient":""}},"ast-content-background-meta":{"desktop":{"background-color":"var(--ast-global-color-5)","background-image":"","background-repeat":"repeat","background-position":"center center","background-size":"auto","background-attachment":"scroll","background-type":"","background-media":"","overlay-type":"","overlay-color":"","overlay-opacity":"","overlay-gradient":""},"tablet":{"background-color":"var(--ast-global-color-5)","background-image":"","background-repeat":"repeat","background-position":"center center","background-size":"auto","background-attachment":"scroll","background-type":"","background-media":"","overlay-type":"","overlay-color":"","overlay-opacity":"","overlay-gradient":""},"mobile":{"background-color":"var(--ast-global-color-5)","background-image":"","background-repeat":"repeat","background-position":"center center","background-size":"auto","background-attachment":"scroll","background-type":"","background-media":"","overlay-type":"","overlay-color":"","overlay-opacity":"","overlay-gradient":""}},"footnotes":""},"class_list":["post-9647","page","type-page","status-publish","hentry"],"acf":[],"_links":{"self":[{"href":"https:\/\/www.dressupyourpup.com\/es\/wp-json\/wp\/v2\/pages\/9647","targetHints":{"allow":["GET"]}}],"collection":[{"href":"https:\/\/www.dressupyourpup.com\/es\/wp-json\/wp\/v2\/pages"}],"about":[{"href":"https:\/\/www.dressupyourpup.com\/es\/wp-json\/wp\/v2\/types\/page"}],"author":[{"embeddable":true,"href":"https:\/\/www.dressupyourpup.com\/es\/wp-json\/wp\/v2\/users\/1"}],"replies":[{"embeddable":true,"href":"https:\/\/www.dressupyourpup.com\/es\/wp-json\/wp\/v2\/comments?post=9647"}],"version-history":[{"count":0,"href":"https:\/\/www.dressupyourpup.com\/es\/wp-json\/wp\/v2\/pages\/9647\/revisions"}],"wp:attachment":[{"href":"https:\/\/www.dressupyourpup.com\/es\/wp-json\/wp\/v2\/media?parent=9647"}],"curies":[{"name":"wp","href":"https:\/\/api.w.org\/{rel}","templated":true}]}}