{"id":12160,"date":"2023-06-22T21:26:54","date_gmt":"2023-06-23T01:26:54","guid":{"rendered":"https:\/\/matthewm364.sg-host.com\/dressupyourpup.com\/?post_type=product&#038;p=12160"},"modified":"2025-11-25T19:18:24","modified_gmt":"2025-11-26T00:18:24","slug":"panuelo-perro-paisley-rosa-6","status":"publish","type":"product","link":"https:\/\/www.dressupyourpup.com\/es\/shop\/dog-bandanas\/pattern-dog-bandanas\/summer-treats-dog-bandana\/","title":{"rendered":"Pa\u00f1uelo para perros Summer Treats"},"content":{"rendered":"<p>Sweeten up your pup&#8217;s style with our delicious Summer Treats Over-the-Collar Dog Bandana! This is no ordinary bandana; it&#8217;s a delightful treat that adds a scoop of fun and a dollop of charm to your furry friend&#8217;s wardrobe.<\/p>\n<p>One side of the bandana features a sunny yellow print brimming with ice cream cones and popsicles, making it the perfect accessory for those summer days or just when you want your pup to look extra sweet. This tasteful design promises to melt hearts wherever your four-legged friend roams!<\/p>\n<p>Flip the bandana over to find a solid, vibrant purple ready to be customized with one of our premade graphics. Add a personal touch that showcases your pet&#8217;s unique personality &#8211; from the &#8216;always playful pup&#8217; to the &#8216;chilled out elder&#8217; &#8211; we&#8217;ve got a design for every type of doggo!<\/p>\n<p>Our Summer Treats bandana slides effortlessly over your dog&#8217;s collar, offering a secure and comfortable fit. Made from durable, high-quality materials, it&#8217;s designed to endure all your pet&#8217;s adventures, from beach trips to park playdates.<\/p>\n<p>Get your Summer Treats Over-the-Collar Dog Bandana today and turn your dog&#8217;s style into a sweet sensation!<\/p>\n<p>While our bandana will certainly make your pet look irresistibly sweet, it doesn&#8217;t actually taste like ice cream or grant your pup the ability to resist a tasty treat.<\/p>\n<p>The dog bandana can also be customized with your dog&#8217;s name on the yellow print side.<\/p>\n<p>\u00a1Este pa\u00f1uelo preencogido, hecho a mano sobre el collar del perro har\u00e1 que tu perro sea la envidia del parque para perros!<\/p>\n<h2 style=\"text-align: center;\">Six Reasons to Buy Our Summer Treats Dog Bandana<\/h2>\n<ul>\n<li>Our Summer Treats dog bandana will easily slip over the collar. No more worrying about tying it too tight or too loose around your dog\u2019s neck<\/li>\n<li>Our Summer Treats dog bandana comes in sizes from extra-small to extra-large. So whether you have a chihuahua or a great dane, we have a bandana that will fit your pup<\/li>\n<li>La bandana est\u00e1 hecha con una interfaz para que no se amontone y siempre se vea fabulosa.<\/li>\n<li>Nuestro pa\u00f1uelo est\u00e1 hecho a mano con tela preencogida y lavable a m\u00e1quina. Puedes lavarlo en tu lavadora, luego ponerlo en la secadora y est\u00e1 listo para usar.<\/li>\n<li>Nuestro pa\u00f1uelo es realmente reversible con un estampado en un lado y un gr\u00e1fico termoadhesivo en el reverso, por lo que obtienes dos pa\u00f1uelos por el precio de uno.<\/li>\n<li>Puedes personalizar tu bandana con el nombre de tu cachorro.<\/li>\n<\/ul>","protected":false},"excerpt":{"rendered":"<p>Sweeten up your pup&#8217;s style with our delicious Summer Treats Over-the-Collar Dog Bandana! This is no ordinary bandana; it&#8217;s a delightful treat that adds a scoop of fun and a dollop of charm to your furry friend&#8217;s wardrobe. One side of the bandana features a sunny yellow print brimming with ice cream cones and popsicles, [&hellip;]<\/p>\n","protected":false},"featured_media":12014,"comment_status":"open","ping_status":"closed","template":"","meta":{"_acf_changed":false,"site-sidebar-layout":"default","site-content-layout":"default","ast-site-content-layout":"default","site-content-style":"default","site-sidebar-style":"default","ast-global-header-display":"","ast-banner-title-visibility":"","ast-main-header-display":"","ast-hfb-above-header-display":"","ast-hfb-below-header-display":"","ast-hfb-mobile-header-display":"","site-post-title":"","ast-breadcrumbs-content":"","ast-featured-img":"","footer-sml-layout":"","ast-disable-related-posts":"","theme-transparent-header-meta":"default","adv-header-id-meta":"","stick-header-meta":"default","header-above-stick-meta":"","header-main-stick-meta":"","header-below-stick-meta":"","astra-migrate-meta-layouts":"default","ast-page-background-enabled":"default","ast-page-background-meta":{"desktop":{"background-color":"","background-image":"","background-repeat":"repeat","background-position":"center center","background-size":"auto","background-attachment":"scroll","background-type":"","background-media":"","overlay-type":"","overlay-color":"","overlay-opacity":"","overlay-gradient":""},"tablet":{"background-color":"","background-image":"","background-repeat":"repeat","background-position":"center center","background-size":"auto","background-attachment":"scroll","background-type":"","background-media":"","overlay-type":"","overlay-color":"","overlay-opacity":"","overlay-gradient":""},"mobile":{"background-color":"","background-image":"","background-repeat":"repeat","background-position":"center center","background-size":"auto","background-attachment":"scroll","background-type":"","background-media":"","overlay-type":"","overlay-color":"","overlay-opacity":"","overlay-gradient":""}},"ast-content-background-meta":{"desktop":{"background-color":"var(--ast-global-color-5)","background-image":"","background-repeat":"repeat","background-position":"center center","background-size":"auto","background-attachment":"scroll","background-type":"","background-media":"","overlay-type":"","overlay-color":"","overlay-opacity":"","overlay-gradient":""},"tablet":{"background-color":"var(--ast-global-color-5)","background-image":"","background-repeat":"repeat","background-position":"center center","background-size":"auto","background-attachment":"scroll","background-type":"","background-media":"","overlay-type":"","overlay-color":"","overlay-opacity":"","overlay-gradient":""},"mobile":{"background-color":"var(--ast-global-color-5)","background-image":"","background-repeat":"repeat","background-position":"center center","background-size":"auto","background-attachment":"scroll","background-type":"","background-media":"","overlay-type":"","overlay-color":"","overlay-opacity":"","overlay-gradient":""}}},"product_brand":[],"product_cat":[36],"product_tag":[],"woo-feed-brand":[],"class_list":{"0":"post-12160","1":"product","2":"type-product","3":"status-publish","4":"has-post-thumbnail","6":"product_cat-pattern-dog-bandanas","7":"product_shipping_class-bandana","8":"desktop-align-center","9":"tablet-align-center","10":"mobile-align-center","11":"ast-product-gallery-layout-horizontal","12":"ast-product-gallery-with-no-image","13":"ast-product-single-variable","14":"ast-product-tabs-layout-horizontal","15":"ast-qv-on-image","17":"first","18":"instock","19":"shipping-taxable","20":"purchasable","21":"product-type-variable"},"acf":[],"_links":{"self":[{"href":"https:\/\/www.dressupyourpup.com\/es\/wp-json\/wp\/v2\/product\/12160","targetHints":{"allow":["GET"]}}],"collection":[{"href":"https:\/\/www.dressupyourpup.com\/es\/wp-json\/wp\/v2\/product"}],"about":[{"href":"https:\/\/www.dressupyourpup.com\/es\/wp-json\/wp\/v2\/types\/product"}],"replies":[{"embeddable":true,"href":"https:\/\/www.dressupyourpup.com\/es\/wp-json\/wp\/v2\/comments?post=12160"}],"wp:featuredmedia":[{"embeddable":true,"href":"https:\/\/www.dressupyourpup.com\/es\/wp-json\/wp\/v2\/media\/12014"}],"wp:attachment":[{"href":"https:\/\/www.dressupyourpup.com\/es\/wp-json\/wp\/v2\/media?parent=12160"}],"wp:term":[{"taxonomy":"product_brand","embeddable":true,"href":"https:\/\/www.dressupyourpup.com\/es\/wp-json\/wp\/v2\/product_brand?post=12160"},{"taxonomy":"product_cat","embeddable":true,"href":"https:\/\/www.dressupyourpup.com\/es\/wp-json\/wp\/v2\/product_cat?post=12160"},{"taxonomy":"product_tag","embeddable":true,"href":"https:\/\/www.dressupyourpup.com\/es\/wp-json\/wp\/v2\/product_tag?post=12160"},{"taxonomy":"woo-feed-brand","embeddable":true,"href":"https:\/\/www.dressupyourpup.com\/es\/wp-json\/wp\/v2\/woo-feed-brand?post=12160"}],"curies":[{"name":"wp","href":"https:\/\/api.w.org\/{rel}","templated":true}]}}