{"id":12235,"date":"2023-06-23T15:32:26","date_gmt":"2023-06-23T19:32:26","guid":{"rendered":"https:\/\/matthewm364.sg-host.com\/dressupyourpup.com\/?post_type=product&#038;p=12235"},"modified":"2025-11-25T19:20:03","modified_gmt":"2025-11-26T00:20:03","slug":"panuelo-perro-paisley-rosa-15","status":"publish","type":"product","link":"https:\/\/www.dressupyourpup.com\/es\/shop\/dog-bandanas\/pattern-dog-bandanas\/pawsport-to-adventure-dog-bandana\/","title":{"rendered":"Pa\u00f1uelo para perro Pawsport to Adventure"},"content":{"rendered":"<p>Equipa a tu perro trotamundos con nuestro pa\u00f1uelo para el cuello Pawsport to Adventure. No es s\u00f3lo una bandana; es una elegante declaraci\u00f3n de la pasi\u00f3n por viajar de tu peludo amigo, el accesorio perfecto para los cachorros con afici\u00f3n por la exploraci\u00f3n.<\/p>\n<p>Un lado de esta bandana aventurera luce un elegante estampado negro, salpicado de s\u00edmbolos ic\u00f3nicos de todo el mundo. Desde la Torre Eiffel hasta las Grandes Pir\u00e1mides, este dise\u00f1o mundano convertir\u00e1 a tu mascota en el can m\u00e1s culto, tanto si pasea por los parques locales como si te acompa\u00f1a en tus aventuras internacionales.<\/p>\n<p>Dale la vuelta a la bandana para descubrir un sofisticado lienzo azul marino, listo para personalizarlo con uno de nuestros gr\u00e1ficos predise\u00f1ados. Elige un dise\u00f1o que se adapte a la personalidad viajera de tu compa\u00f1ero de viaje, ya sea un \"explorador extraordinario\" o un \"can cosmopolita\", \u00a1tenemos el que buscas!<\/p>\n<p>Nuestra bandana Pawsport to Adventure est\u00e1 dise\u00f1ada para deslizarse sin esfuerzo sobre el collar de su perro, ofreciendo un ajuste seguro y c\u00f3modo. Fabricada con materiales duraderos y de alta calidad, est\u00e1 preparada para resistir desde paseos urbanos hasta exploraciones salvajes.<\/p>\n<p>Dale a tu mascota el gusto de viajar con el pa\u00f1uelo para el cuello Pawsport to Adventure. P\u00eddalo hoy mismo y deje que su explorador de cuatro patas presuma de su estilo jet-set.<\/p>\n<p>Aunque nuestro pa\u00f1uelo pueda inspirar sue\u00f1os de trotamundos, en realidad no proporciona servicios de pasaje o visado.<\/p>","protected":false},"excerpt":{"rendered":"<p>Gear up your globe-trotting pooch with our Pawsport to Adventure Over-the-Collar Dog Bandana! This isn&#8217;t just a bandana; it&#8217;s a stylish declaration of your furry friend&#8217;s wanderlust, the perfect accessory for pups with a penchant for exploration. One side of this adventurous bandana boasts a chic black print, dotted with iconic symbols from across the [&hellip;]<\/p>\n","protected":false},"featured_media":11719,"comment_status":"open","ping_status":"closed","template":"","meta":{"_acf_changed":false,"site-sidebar-layout":"default","site-content-layout":"default","ast-site-content-layout":"default","site-content-style":"default","site-sidebar-style":"default","ast-global-header-display":"","ast-banner-title-visibility":"","ast-main-header-display":"","ast-hfb-above-header-display":"","ast-hfb-below-header-display":"","ast-hfb-mobile-header-display":"","site-post-title":"","ast-breadcrumbs-content":"","ast-featured-img":"","footer-sml-layout":"","ast-disable-related-posts":"","theme-transparent-header-meta":"default","adv-header-id-meta":"","stick-header-meta":"default","header-above-stick-meta":"","header-main-stick-meta":"","header-below-stick-meta":"","astra-migrate-meta-layouts":"default","ast-page-background-enabled":"default","ast-page-background-meta":{"desktop":{"background-color":"","background-image":"","background-repeat":"repeat","background-position":"center center","background-size":"auto","background-attachment":"scroll","background-type":"","background-media":"","overlay-type":"","overlay-color":"","overlay-opacity":"","overlay-gradient":""},"tablet":{"background-color":"","background-image":"","background-repeat":"repeat","background-position":"center center","background-size":"auto","background-attachment":"scroll","background-type":"","background-media":"","overlay-type":"","overlay-color":"","overlay-opacity":"","overlay-gradient":""},"mobile":{"background-color":"","background-image":"","background-repeat":"repeat","background-position":"center center","background-size":"auto","background-attachment":"scroll","background-type":"","background-media":"","overlay-type":"","overlay-color":"","overlay-opacity":"","overlay-gradient":""}},"ast-content-background-meta":{"desktop":{"background-color":"var(--ast-global-color-5)","background-image":"","background-repeat":"repeat","background-position":"center center","background-size":"auto","background-attachment":"scroll","background-type":"","background-media":"","overlay-type":"","overlay-color":"","overlay-opacity":"","overlay-gradient":""},"tablet":{"background-color":"var(--ast-global-color-5)","background-image":"","background-repeat":"repeat","background-position":"center center","background-size":"auto","background-attachment":"scroll","background-type":"","background-media":"","overlay-type":"","overlay-color":"","overlay-opacity":"","overlay-gradient":""},"mobile":{"background-color":"var(--ast-global-color-5)","background-image":"","background-repeat":"repeat","background-position":"center center","background-size":"auto","background-attachment":"scroll","background-type":"","background-media":"","overlay-type":"","overlay-color":"","overlay-opacity":"","overlay-gradient":""}}},"product_brand":[],"product_cat":[36],"product_tag":[],"woo-feed-brand":[],"class_list":{"0":"post-12235","1":"product","2":"type-product","3":"status-publish","4":"has-post-thumbnail","6":"product_cat-pattern-dog-bandanas","7":"product_shipping_class-bandana","8":"desktop-align-center","9":"tablet-align-center","10":"mobile-align-center","11":"ast-product-gallery-layout-horizontal","12":"ast-product-gallery-with-no-image","13":"ast-product-single-variable","14":"ast-product-tabs-layout-horizontal","15":"ast-qv-on-image","17":"first","18":"instock","19":"shipping-taxable","20":"purchasable","21":"product-type-variable"},"acf":[],"_links":{"self":[{"href":"https:\/\/www.dressupyourpup.com\/es\/wp-json\/wp\/v2\/product\/12235","targetHints":{"allow":["GET"]}}],"collection":[{"href":"https:\/\/www.dressupyourpup.com\/es\/wp-json\/wp\/v2\/product"}],"about":[{"href":"https:\/\/www.dressupyourpup.com\/es\/wp-json\/wp\/v2\/types\/product"}],"replies":[{"embeddable":true,"href":"https:\/\/www.dressupyourpup.com\/es\/wp-json\/wp\/v2\/comments?post=12235"}],"wp:featuredmedia":[{"embeddable":true,"href":"https:\/\/www.dressupyourpup.com\/es\/wp-json\/wp\/v2\/media\/11719"}],"wp:attachment":[{"href":"https:\/\/www.dressupyourpup.com\/es\/wp-json\/wp\/v2\/media?parent=12235"}],"wp:term":[{"taxonomy":"product_brand","embeddable":true,"href":"https:\/\/www.dressupyourpup.com\/es\/wp-json\/wp\/v2\/product_brand?post=12235"},{"taxonomy":"product_cat","embeddable":true,"href":"https:\/\/www.dressupyourpup.com\/es\/wp-json\/wp\/v2\/product_cat?post=12235"},{"taxonomy":"product_tag","embeddable":true,"href":"https:\/\/www.dressupyourpup.com\/es\/wp-json\/wp\/v2\/product_tag?post=12235"},{"taxonomy":"woo-feed-brand","embeddable":true,"href":"https:\/\/www.dressupyourpup.com\/es\/wp-json\/wp\/v2\/woo-feed-brand?post=12235"}],"curies":[{"name":"wp","href":"https:\/\/api.w.org\/{rel}","templated":true}]}}