{"id":12716,"date":"2023-11-15T23:47:21","date_gmt":"2023-11-16T04:47:21","guid":{"rendered":"https:\/\/matthewm364.sg-host.com\/dressupyourpup.com\/?post_type=product&#038;p=12716"},"modified":"2025-11-25T19:21:29","modified_gmt":"2025-11-26T00:21:29","slug":"bandana-reversible-dallas-cowboys-3","status":"publish","type":"product","link":"https:\/\/www.dressupyourpup.com\/es\/shop\/dog-bandanas\/holiday-dog-bandanas\/christmas\/french-language-christmas-bandana\/","title":{"rendered":"Bandana navide\u00f1a en franc\u00e9s"},"content":{"rendered":"<p>\ud83c\udf84 Un Accessoire Festif pour votre Compagnon \u00e0 Quatre Pattes! Ce bandana de No\u00ebl pour chien se glisse facilement sur le collier, offrant un look festif et confortable \u00e0 votre fid\u00e8le ami. Avec son motif \u00e9cossais rouge et noir sur le devant, il apporte une touche de chaleur et de tradition des f\u00eates.<\/p>\n<p>\ud83d\udd04 Deux Styles en Un! L&#8217;autre c\u00f4t\u00e9 pr\u00e9sente une couleur noire unie, orn\u00e9e d&#8217;un graphique festif en vinyle blanc. Ce design amusant et \u00e9l\u00e9gant capture l&#8217;esprit de No\u00ebl, rendant chaque promenade plus joyeuse.<\/p>\n<p>\ud83c\udf1f Choix de Graphiques Festifs! Nous vous proposons cinq graphiques adorables \u00e0 choisir, chacun ajoutant une touche unique et personnelle.<\/p>\n<p>\ud83d\udc3e Personnalisation Disponible! Rendez ce bandana encore plus sp\u00e9cial en ajoutant le nom de votre chien sur le c\u00f4t\u00e9 \u00e9cossais. Une mani\u00e8re \u00e9l\u00e9gante de montrer \u00e0 quel point votre compagnon est cher \u00e0 votre c\u0153ur.<\/p>\n<p>\ud83c\udf81 Cadeau Parfait pour les Amoureux des Chiens! Que ce soit pour votre propre chien ou pour offrir \u00e0 un ami \u00e0 quatre pattes, ce bandana est un choix id\u00e9al pour r\u00e9pandre la joie de No\u00ebl.<\/p>\n<p>\ud83d\udccf Tailles Adapt\u00e9es \u00e0 Tous! Disponible en diff\u00e9rentes tailles pour s&#8217;adapter parfaitement \u00e0 votre chien, quelle que soit sa race ou sa taille.<\/p>\n<p>C\u00e9l\u00e9brez cette saison festive avec style et amour avec notre Bandana de No\u00ebl pour Chien! \ud83d\udc36\u2728<\/p>","protected":false},"excerpt":{"rendered":"<p>\ud83c\udf84 Un Accessoire Festif pour votre Compagnon \u00e0 Quatre Pattes! Ce bandana de No\u00ebl pour chien se glisse facilement sur le collier, offrant un look festif et confortable \u00e0 votre fid\u00e8le ami. Avec son motif \u00e9cossais rouge et noir sur le devant, il apporte une touche de chaleur et de tradition des f\u00eates. \ud83d\udd04 Deux [&hellip;]<\/p>\n","protected":false},"featured_media":12722,"comment_status":"open","ping_status":"closed","template":"","meta":{"_acf_changed":false,"site-sidebar-layout":"default","site-content-layout":"default","ast-site-content-layout":"default","site-content-style":"default","site-sidebar-style":"default","ast-global-header-display":"","ast-banner-title-visibility":"","ast-main-header-display":"","ast-hfb-above-header-display":"","ast-hfb-below-header-display":"","ast-hfb-mobile-header-display":"","site-post-title":"","ast-breadcrumbs-content":"","ast-featured-img":"","footer-sml-layout":"","ast-disable-related-posts":"","theme-transparent-header-meta":"default","adv-header-id-meta":"","stick-header-meta":"default","header-above-stick-meta":"","header-main-stick-meta":"","header-below-stick-meta":"","astra-migrate-meta-layouts":"set","ast-page-background-enabled":"default","ast-page-background-meta":{"desktop":{"background-color":"","background-image":"","background-repeat":"repeat","background-position":"center center","background-size":"auto","background-attachment":"scroll","background-type":"","background-media":"","overlay-type":"","overlay-color":"","overlay-opacity":"","overlay-gradient":""},"tablet":{"background-color":"","background-image":"","background-repeat":"repeat","background-position":"center center","background-size":"auto","background-attachment":"scroll","background-type":"","background-media":"","overlay-type":"","overlay-color":"","overlay-opacity":"","overlay-gradient":""},"mobile":{"background-color":"","background-image":"","background-repeat":"repeat","background-position":"center center","background-size":"auto","background-attachment":"scroll","background-type":"","background-media":"","overlay-type":"","overlay-color":"","overlay-opacity":"","overlay-gradient":""}},"ast-content-background-meta":{"desktop":{"background-color":"var(--ast-global-color-5)","background-image":"","background-repeat":"repeat","background-position":"center center","background-size":"auto","background-attachment":"scroll","background-type":"","background-media":"","overlay-type":"","overlay-color":"","overlay-opacity":"","overlay-gradient":""},"tablet":{"background-color":"var(--ast-global-color-5)","background-image":"","background-repeat":"repeat","background-position":"center center","background-size":"auto","background-attachment":"scroll","background-type":"","background-media":"","overlay-type":"","overlay-color":"","overlay-opacity":"","overlay-gradient":""},"mobile":{"background-color":"var(--ast-global-color-5)","background-image":"","background-repeat":"repeat","background-position":"center center","background-size":"auto","background-attachment":"scroll","background-type":"","background-media":"","overlay-type":"","overlay-color":"","overlay-opacity":"","overlay-gradient":""}}},"product_brand":[],"product_cat":[50,55],"product_tag":[],"woo-feed-brand":[],"class_list":{"0":"post-12716","1":"product","2":"type-product","3":"status-publish","4":"has-post-thumbnail","6":"product_cat-holiday-dog-bandanas","7":"product_cat-christmas","8":"product_shipping_class-bandana","9":"desktop-align-center","10":"tablet-align-center","11":"mobile-align-center","12":"ast-product-gallery-layout-horizontal","13":"ast-product-gallery-with-no-image","14":"ast-product-single-variable","15":"ast-product-tabs-layout-horizontal","16":"ast-qv-on-image","18":"first","19":"instock","20":"purchasable","21":"product-type-variable"},"acf":[],"_links":{"self":[{"href":"https:\/\/www.dressupyourpup.com\/es\/wp-json\/wp\/v2\/product\/12716","targetHints":{"allow":["GET"]}}],"collection":[{"href":"https:\/\/www.dressupyourpup.com\/es\/wp-json\/wp\/v2\/product"}],"about":[{"href":"https:\/\/www.dressupyourpup.com\/es\/wp-json\/wp\/v2\/types\/product"}],"replies":[{"embeddable":true,"href":"https:\/\/www.dressupyourpup.com\/es\/wp-json\/wp\/v2\/comments?post=12716"}],"wp:featuredmedia":[{"embeddable":true,"href":"https:\/\/www.dressupyourpup.com\/es\/wp-json\/wp\/v2\/media\/12722"}],"wp:attachment":[{"href":"https:\/\/www.dressupyourpup.com\/es\/wp-json\/wp\/v2\/media?parent=12716"}],"wp:term":[{"taxonomy":"product_brand","embeddable":true,"href":"https:\/\/www.dressupyourpup.com\/es\/wp-json\/wp\/v2\/product_brand?post=12716"},{"taxonomy":"product_cat","embeddable":true,"href":"https:\/\/www.dressupyourpup.com\/es\/wp-json\/wp\/v2\/product_cat?post=12716"},{"taxonomy":"product_tag","embeddable":true,"href":"https:\/\/www.dressupyourpup.com\/es\/wp-json\/wp\/v2\/product_tag?post=12716"},{"taxonomy":"woo-feed-brand","embeddable":true,"href":"https:\/\/www.dressupyourpup.com\/es\/wp-json\/wp\/v2\/woo-feed-brand?post=12716"}],"curies":[{"name":"wp","href":"https:\/\/api.w.org\/{rel}","templated":true}]}}