{"id":13983,"date":"2024-06-29T15:36:37","date_gmt":"2024-06-29T19:36:37","guid":{"rendered":"https:\/\/matthewm364.sg-host.com\/dressupyourpup.com\/?post_type=product&#038;p=13983"},"modified":"2025-11-25T19:23:06","modified_gmt":"2025-11-26T00:23:06","slug":"panuelo-perro-paisley-rosa-18","status":"publish","type":"product","link":"https:\/\/www.dressupyourpup.com\/es\/shop\/dog-bandanas\/pattern-dog-bandanas\/bee-autiful-in-blue-dog-bandana\/","title":{"rendered":"Preciosa abeja con bandana azul para perro"},"content":{"rendered":"<h3>\u00a1A\u00f1ade un toque de estilo con nuestra preciosa bandana para perros!<\/h3>\n<p>\u00bfEs su cachorro la abeja ocupada de su casa? \u00bfVa zumbando por ah\u00ed aportando alegr\u00eda, energ\u00eda y un toque de dulzura a su vida? Nuestro \u00faltimo pa\u00f1uelo para el cuello hecho a mano, el pa\u00f1uelo para perro Bee-autiful in Blue, es perfecto para su peque\u00f1a abeja.<\/p>\n<h3>Destaque con estilo<\/h3>\n<p>Presentamos la bandana para perro Bee-autiful in Blue, dise\u00f1ada para esos amigos peludos que aportan un toque de encanto natural a nuestras vidas. Esta bandana vibrante y juguetona muestra un adorable estampado de abejas sobre un suave fondo azul, que garantiza que tu perro destaque con estilo en cada paseo, visita al parque o acogedor d\u00eda en casa. Tanto si tu cachorro es la abeja reina como si es uno m\u00e1s de la colmena, esta bandana con tem\u00e1tica de abejas es el accesorio perfecto para mostrar su zumbona personalidad.<\/p>\n<h3>Artesan\u00eda de alta calidad<\/h3>\n<p>Hecho a mano con cuidado y atenci\u00f3n al detalle, nuestro Bee-autiful in Blue Dog Bandana est\u00e1 hecho de tela de alta calidad que es a la vez duradero y c\u00f3modo para su mascota a llevar. El dise\u00f1o sobre el collar mantiene firmemente en su lugar, incluso durante las sesiones de juego m\u00e1s en\u00e9rgico. El estampado colorido y divertido har\u00e1 sonre\u00edr a todo el mundo, por lo que ser\u00e1 un \u00e9xito tanto para las mascotas como para sus due\u00f1os.<\/p>\n<h3>\u00a1Personal\u00edcelo!<\/h3>\n<p>Para darle un toque especial, personaliza esta preciosa bandana a\u00f1adiendo el nombre de tu perro en el borde. Hazla tuya con esta opci\u00f3n de personalizaci\u00f3n. Nota: el nombre de tu perro se planchar\u00e1 en el lado del estampado juguet\u00f3n.<\/p>\n<h3>Perfecto para cualquier ocasi\u00f3n<\/h3>\n<p>Esta bandana es perfecta para cualquier ocasi\u00f3n: reuniones familiares, salidas al parque canino o simplemente para estar por casa. A tu perro le encantar\u00e1 que se fijen en \u00e9l y a ti te gustar\u00e1 lo f\u00e1cil que es limpiarla y mantenerla.<\/p>\n<p>Consigue hoy mismo tu bandana para perros Bee-autiful in Blue y deja que tu peludo amigo reparta dulzura y estilo all\u00e1 donde vaya.<\/p>","protected":false},"excerpt":{"rendered":"<p>Add a Buzz of Style with Our Beautiful Dog Bandana! Is your pup the busy bee of your household? Do they buzz around bringing joy, energy, and a touch of sweetness to your life? Our latest hand-crafted over the collar dog bandana, the Bee-autiful in Blue Dog Bandana, is perfect for your little honey! Stand [&hellip;]<\/p>\n","protected":false},"featured_media":13943,"comment_status":"open","ping_status":"closed","template":"","meta":{"_acf_changed":false,"site-sidebar-layout":"default","site-content-layout":"default","ast-site-content-layout":"default","site-content-style":"default","site-sidebar-style":"default","ast-global-header-display":"","ast-banner-title-visibility":"","ast-main-header-display":"","ast-hfb-above-header-display":"","ast-hfb-below-header-display":"","ast-hfb-mobile-header-display":"","site-post-title":"","ast-breadcrumbs-content":"","ast-featured-img":"","footer-sml-layout":"","ast-disable-related-posts":"","theme-transparent-header-meta":"default","adv-header-id-meta":"","stick-header-meta":"default","header-above-stick-meta":"","header-main-stick-meta":"","header-below-stick-meta":"","astra-migrate-meta-layouts":"set","ast-page-background-enabled":"default","ast-page-background-meta":{"desktop":{"background-color":"","background-image":"","background-repeat":"repeat","background-position":"center center","background-size":"auto","background-attachment":"scroll","background-type":"","background-media":"","overlay-type":"","overlay-color":"","overlay-opacity":"","overlay-gradient":""},"tablet":{"background-color":"","background-image":"","background-repeat":"repeat","background-position":"center center","background-size":"auto","background-attachment":"scroll","background-type":"","background-media":"","overlay-type":"","overlay-color":"","overlay-opacity":"","overlay-gradient":""},"mobile":{"background-color":"","background-image":"","background-repeat":"repeat","background-position":"center center","background-size":"auto","background-attachment":"scroll","background-type":"","background-media":"","overlay-type":"","overlay-color":"","overlay-opacity":"","overlay-gradient":""}},"ast-content-background-meta":{"desktop":{"background-color":"var(--ast-global-color-5)","background-image":"","background-repeat":"repeat","background-position":"center center","background-size":"auto","background-attachment":"scroll","background-type":"","background-media":"","overlay-type":"","overlay-color":"","overlay-opacity":"","overlay-gradient":""},"tablet":{"background-color":"var(--ast-global-color-5)","background-image":"","background-repeat":"repeat","background-position":"center center","background-size":"auto","background-attachment":"scroll","background-type":"","background-media":"","overlay-type":"","overlay-color":"","overlay-opacity":"","overlay-gradient":""},"mobile":{"background-color":"var(--ast-global-color-5)","background-image":"","background-repeat":"repeat","background-position":"center center","background-size":"auto","background-attachment":"scroll","background-type":"","background-media":"","overlay-type":"","overlay-color":"","overlay-opacity":"","overlay-gradient":""}}},"product_brand":[],"product_cat":[36],"product_tag":[],"woo-feed-brand":[],"class_list":{"0":"post-13983","1":"product","2":"type-product","3":"status-publish","4":"has-post-thumbnail","6":"product_cat-pattern-dog-bandanas","7":"product_shipping_class-bandana","8":"desktop-align-center","9":"tablet-align-center","10":"mobile-align-center","11":"ast-product-gallery-layout-horizontal","12":"ast-product-gallery-with-no-image","13":"ast-product-single-variable","14":"ast-product-tabs-layout-horizontal","15":"ast-qv-on-image","17":"first","18":"instock","19":"shipping-taxable","20":"purchasable","21":"product-type-variable"},"acf":[],"_links":{"self":[{"href":"https:\/\/www.dressupyourpup.com\/es\/wp-json\/wp\/v2\/product\/13983","targetHints":{"allow":["GET"]}}],"collection":[{"href":"https:\/\/www.dressupyourpup.com\/es\/wp-json\/wp\/v2\/product"}],"about":[{"href":"https:\/\/www.dressupyourpup.com\/es\/wp-json\/wp\/v2\/types\/product"}],"replies":[{"embeddable":true,"href":"https:\/\/www.dressupyourpup.com\/es\/wp-json\/wp\/v2\/comments?post=13983"}],"wp:featuredmedia":[{"embeddable":true,"href":"https:\/\/www.dressupyourpup.com\/es\/wp-json\/wp\/v2\/media\/13943"}],"wp:attachment":[{"href":"https:\/\/www.dressupyourpup.com\/es\/wp-json\/wp\/v2\/media?parent=13983"}],"wp:term":[{"taxonomy":"product_brand","embeddable":true,"href":"https:\/\/www.dressupyourpup.com\/es\/wp-json\/wp\/v2\/product_brand?post=13983"},{"taxonomy":"product_cat","embeddable":true,"href":"https:\/\/www.dressupyourpup.com\/es\/wp-json\/wp\/v2\/product_cat?post=13983"},{"taxonomy":"product_tag","embeddable":true,"href":"https:\/\/www.dressupyourpup.com\/es\/wp-json\/wp\/v2\/product_tag?post=13983"},{"taxonomy":"woo-feed-brand","embeddable":true,"href":"https:\/\/www.dressupyourpup.com\/es\/wp-json\/wp\/v2\/woo-feed-brand?post=13983"}],"curies":[{"name":"wp","href":"https:\/\/api.w.org\/{rel}","templated":true}]}}