{"id":1568,"date":"2019-08-19T02:01:36","date_gmt":"2019-08-19T02:01:36","guid":{"rendered":"http:\/\/s903023292.onlinehome.us\/dressupyourpup.com\/?post_type=product&#038;p=1568"},"modified":"2025-11-25T18:23:58","modified_gmt":"2025-11-25T23:23:58","slug":"bandana-reversible-dallas-cowboys","status":"publish","type":"product","link":"https:\/\/www.dressupyourpup.com\/es\/shop\/dog-bandanas\/team-spirit-dog-bandanas\/nfl\/reversible-dallas-cowboys-bandana\/","title":{"rendered":"Pa\u00f1uelo para perro de los Dallas Cowboys"},"content":{"rendered":"<p>Este es el pa\u00f1uelo de perro Troy Aikman de los Dallas Cowboys, no ese chico guapo Tony Romo, como los pa\u00f1uelos de todos los dem\u00e1s.<\/p>\n<p>\u00bfTu cachorro ladra de emoci\u00f3n cada vez que el equipo estadounidense anota un touchdown? \u00bfTu mejor amigo de cuatro patas mueve la cola cada vez que hablas del Super Bowl XXX? Cuando los Cowboys salen al campo, vistes el azul y el plateado y tu perro est\u00e1 a tu lado en cada minuto. \u00a1Ahora puedes vestir a tu cachorro con nuestro hermoso pa\u00f1uelo reversible sobre el cuello de los Dallas Cowboys! Tendr\u00e1s una sonrisa tan grande como Texas cuando veas a tu perro con nuestra hermosa bandana con un estampado de f\u00fatbol en el reverso, \u00a1dos bandanas por el precio de una! Despu\u00e9s de todo, no querr\u00e1s que la gente piense que tu perro es un <a href=\"https:\/\/www.dressupyourpup.com\/es\/producto\/bandana-reversible-new-york-giants\/\">Gigantes de Nueva York<\/a> fan\u00e1tico, \u00bfy t\u00fa?<\/p>\n<p>Si desea personalizarlo, puede agregar el nombre de su perro a lo largo del borde del pa\u00f1uelo.<\/p>\n<p><strong>Tenga en cuenta: si se selecciona, el nombre de su perro estar\u00e1 en el lado de impresi\u00f3n del equipo, no en el lado de impresi\u00f3n de f\u00fatbol gen\u00e9rico.<\/strong><\/p>\n<h2 style=\"text-align: center;\">Seis razones para comprar nuestra bandana para perros de los Dallas Cowboys<\/h2>\n<ul>\n<li>Nuestra bandana para perros de los Dallas Cowboys se deslizar\u00e1 f\u00e1cilmente sobre el collar. No tienes que preocuparte por atarlo demasiado apretado o demasiado flojo alrededor del cuello de tu perro.<\/li>\n<li>Nuestras bandanas de los Dallas Cowboys vienen en tama\u00f1os desde extrapeque\u00f1os hasta extragrandes. Entonces, ya sea que tenga un chihuahua o un gran dan\u00e9s, tenemos un pa\u00f1uelo que se adaptar\u00e1 a su cachorro.<\/li>\n<li>La bandana est\u00e1 hecha con una interfaz para que no se amontone y siempre se vea fabulosa.<\/li>\n<li>Nuestro pa\u00f1uelo est\u00e1 hecho a mano con tela preencogida y lavable a m\u00e1quina para que puedas lavarlo en tu lavadora, luego ponerlo en la secadora y est\u00e1 listo para usar.<\/li>\n<li>Nuestra bandana es verdaderamente reversible con un estampado en un lado y un estampado de f\u00fatbol en el reverso, por lo que obtienes dos bandanas por el precio de una.<\/li>\n<li>Puedes personalizar tu bandana para perros de los Dallas Cowboys con el nombre de tu cachorro.<\/li>\n<\/ul>\n<p><b>Descargo de responsabilidad: Nuestros pa\u00f1uelos hechos a mano no son productos con licencia de la\u00a0<a href=\"https:\/\/www.nfl.com\/\" target=\"_blank\" rel=\"noopener noreferrer\">Liga Nacional de F\u00fatbol<\/a>. No estamos afiliados ni patrocinados por la\u00a0<a href=\"https:\/\/www.nfl.com\/\" target=\"_blank\" rel=\"noopener noreferrer\">Liga Nacional de F\u00fatbol<\/a>.<\/b><\/p>","protected":false},"excerpt":{"rendered":"<p>This is the Troy Aikman of Dallas Cowboys dog bandanas, not that pretty boy Tony Romo, like everyone else&#8217;s bandanas. Does your pup bark with excitement every time America&#8217;s Team scores a touchdown? Does your four-legged best friend wag his tail every time you talk about Super Bowl XXX? When the Cowboys take the field, [&hellip;]<\/p>\n","protected":false},"featured_media":11120,"comment_status":"open","ping_status":"closed","template":"","meta":{"_acf_changed":false,"site-sidebar-layout":"default","site-content-layout":"default","ast-site-content-layout":"default","site-content-style":"default","site-sidebar-style":"default","ast-global-header-display":"","ast-banner-title-visibility":"","ast-main-header-display":"","ast-hfb-above-header-display":"","ast-hfb-below-header-display":"","ast-hfb-mobile-header-display":"","site-post-title":"","ast-breadcrumbs-content":"","ast-featured-img":"","footer-sml-layout":"","ast-disable-related-posts":"","theme-transparent-header-meta":"default","adv-header-id-meta":"","stick-header-meta":"default","header-above-stick-meta":"","header-main-stick-meta":"","header-below-stick-meta":"","astra-migrate-meta-layouts":"default","ast-page-background-enabled":"default","ast-page-background-meta":{"desktop":{"background-color":"","background-image":"","background-repeat":"repeat","background-position":"center center","background-size":"auto","background-attachment":"scroll","background-type":"","background-media":"","overlay-type":"","overlay-color":"","overlay-opacity":"","overlay-gradient":""},"tablet":{"background-color":"","background-image":"","background-repeat":"repeat","background-position":"center center","background-size":"auto","background-attachment":"scroll","background-type":"","background-media":"","overlay-type":"","overlay-color":"","overlay-opacity":"","overlay-gradient":""},"mobile":{"background-color":"","background-image":"","background-repeat":"repeat","background-position":"center center","background-size":"auto","background-attachment":"scroll","background-type":"","background-media":"","overlay-type":"","overlay-color":"","overlay-opacity":"","overlay-gradient":""}},"ast-content-background-meta":{"desktop":{"background-color":"var(--ast-global-color-5)","background-image":"","background-repeat":"repeat","background-position":"center center","background-size":"auto","background-attachment":"scroll","background-type":"","background-media":"","overlay-type":"","overlay-color":"","overlay-opacity":"","overlay-gradient":""},"tablet":{"background-color":"var(--ast-global-color-5)","background-image":"","background-repeat":"repeat","background-position":"center center","background-size":"auto","background-attachment":"scroll","background-type":"","background-media":"","overlay-type":"","overlay-color":"","overlay-opacity":"","overlay-gradient":""},"mobile":{"background-color":"var(--ast-global-color-5)","background-image":"","background-repeat":"repeat","background-position":"center center","background-size":"auto","background-attachment":"scroll","background-type":"","background-media":"","overlay-type":"","overlay-color":"","overlay-opacity":"","overlay-gradient":""}}},"product_brand":[],"product_cat":[41,42],"product_tag":[],"woo-feed-brand":[],"class_list":{"0":"post-1568","1":"product","2":"type-product","3":"status-publish","4":"has-post-thumbnail","6":"product_cat-team-spirit-dog-bandanas","7":"product_cat-nfl","8":"product_shipping_class-bandana","9":"desktop-align-center","10":"tablet-align-center","11":"mobile-align-center","12":"ast-product-gallery-layout-horizontal","13":"ast-product-gallery-with-no-image","14":"ast-product-single-variable","15":"ast-product-tabs-layout-horizontal","16":"ast-qv-on-image","18":"first","19":"instock","20":"purchasable","21":"product-type-variable"},"acf":[],"_links":{"self":[{"href":"https:\/\/www.dressupyourpup.com\/es\/wp-json\/wp\/v2\/product\/1568","targetHints":{"allow":["GET"]}}],"collection":[{"href":"https:\/\/www.dressupyourpup.com\/es\/wp-json\/wp\/v2\/product"}],"about":[{"href":"https:\/\/www.dressupyourpup.com\/es\/wp-json\/wp\/v2\/types\/product"}],"replies":[{"embeddable":true,"href":"https:\/\/www.dressupyourpup.com\/es\/wp-json\/wp\/v2\/comments?post=1568"}],"wp:featuredmedia":[{"embeddable":true,"href":"https:\/\/www.dressupyourpup.com\/es\/wp-json\/wp\/v2\/media\/11120"}],"wp:attachment":[{"href":"https:\/\/www.dressupyourpup.com\/es\/wp-json\/wp\/v2\/media?parent=1568"}],"wp:term":[{"taxonomy":"product_brand","embeddable":true,"href":"https:\/\/www.dressupyourpup.com\/es\/wp-json\/wp\/v2\/product_brand?post=1568"},{"taxonomy":"product_cat","embeddable":true,"href":"https:\/\/www.dressupyourpup.com\/es\/wp-json\/wp\/v2\/product_cat?post=1568"},{"taxonomy":"product_tag","embeddable":true,"href":"https:\/\/www.dressupyourpup.com\/es\/wp-json\/wp\/v2\/product_tag?post=1568"},{"taxonomy":"woo-feed-brand","embeddable":true,"href":"https:\/\/www.dressupyourpup.com\/es\/wp-json\/wp\/v2\/woo-feed-brand?post=1568"}],"curies":[{"name":"wp","href":"https:\/\/api.w.org\/{rel}","templated":true}]}}