{"id":3299,"date":"2019-10-13T15:27:52","date_gmt":"2019-10-13T15:27:52","guid":{"rendered":"http:\/\/s903023292.onlinehome.us\/dressupyourpup.com\/?post_type=product&#038;p=3299"},"modified":"2025-11-25T18:33:54","modified_gmt":"2025-11-25T23:33:54","slug":"new-jersey-devils-dog-bandana","status":"publish","type":"product","link":"https:\/\/www.dressupyourpup.com\/es\/shop\/dog-bandanas\/team-spirit-dog-bandanas\/nhl-dog-bandanas\/new-jersey-devils-dog-bandana\/","title":{"rendered":"Pa\u00f1uelo de perro de los diablos de Nueva Jersey"},"content":{"rendered":"<p>\u00a1Esta es la bandana reversible para perros de los New Jersey Devils que tu cachorro ha estado buscando!<\/p>\n<p>Los New Jersey Devils van por su primera Copa desde 2003 y si no puedes estar en el Prudential Center, puedes animarlos en casa con tu mejor amigo de cuatro patas. Mientras Andy Greene lleva a los Devils hacia los playoffs, \u00a1aseg\u00farate de que tu cachorro est\u00e9 vestido para la ocasi\u00f3n con nuestro hermoso pa\u00f1uelo para perros New Jersey Devils sobre el cuello! Despu\u00e9s de todo, no querr\u00e1 que la gente piense que su perro es un <a href=\"https:\/\/www.dressupyourpup.com\/es\/producto\/bandana-perro-washington-capitales-reversible\/\">Capitales de Washington<\/a> fan\u00e1tico, \u00bfy t\u00fa?<\/p>\n<p>Si desea personalizarlo, puede agregar el nombre de su perro a lo largo del borde del pa\u00f1uelo.<\/p>\n<p><strong>Tenga en cuenta: si se selecciona, el nombre de su perro estar\u00e1 en el lado impreso, no en el lado del gr\u00e1fico para planchar.<\/strong><\/p>\n<h2 class=\"elementor-heading-title elementor-size-default\" style=\"text-align: center;\">Cinco razones para comprar nuestra bandana New Jersey Devils Dog<\/h2>\n<ul>\n<li>Nuestro pa\u00f1uelo de los New Jersey Devils se deslizar\u00e1 f\u00e1cilmente sobre el cuello, sin atarlo alrededor del cuello de su cachorro.<\/li>\n<li>La bandana est\u00e1 hecha con una interfaz para que no se amontone y siempre se vea fabulosa.<\/li>\n<li>Nuestro pa\u00f1uelo est\u00e1 hecho a mano con tela preencogida y lavable a m\u00e1quina, por lo que es f\u00e1cil de lavar, secar y usar.<\/li>\n<li>Nuestro pa\u00f1uelo es realmente reversible con un patr\u00f3n en un lado y un gr\u00e1fico predise\u00f1ado en el otro, por lo que obtienes dos pa\u00f1uelos por el precio de uno.<\/li>\n<li>Puedes personalizar el pa\u00f1uelo con el nombre de tu cachorro.<\/li>\n<\/ul>\n<p><b>Descargo de responsabilidad: Nuestros pa\u00f1uelos hechos a mano no son productos con licencia de la\u00a0<a href=\"https:\/\/www.nhl.com\/\" target=\"_blank\" rel=\"noopener noreferrer\">Liga Nacional de Hockey<\/a>. No estamos afiliados ni patrocinados por la\u00a0<a href=\"https:\/\/www.nhl.com\/\" target=\"_blank\" rel=\"noopener noreferrer\">Liga Nacional de Hockey<\/a>.<\/b><\/p>","protected":false},"excerpt":{"rendered":"<p>This is the reversible New Jersey Devils dog bandana that your pup has been looking for! The New Jersey Devils are going for their first Cup since 2003 and if you can\u2019t be at the Prudential Center then you can cheer them on at home with your four-legged best friend. As Andy Greene leads the [&hellip;]<\/p>\n","protected":false},"featured_media":14991,"comment_status":"open","ping_status":"closed","template":"","meta":{"_acf_changed":false,"site-sidebar-layout":"default","site-content-layout":"default","ast-site-content-layout":"default","site-content-style":"default","site-sidebar-style":"default","ast-global-header-display":"","ast-banner-title-visibility":"","ast-main-header-display":"","ast-hfb-above-header-display":"","ast-hfb-below-header-display":"","ast-hfb-mobile-header-display":"","site-post-title":"","ast-breadcrumbs-content":"","ast-featured-img":"","footer-sml-layout":"","ast-disable-related-posts":"","theme-transparent-header-meta":"default","adv-header-id-meta":"","stick-header-meta":"default","header-above-stick-meta":"","header-main-stick-meta":"","header-below-stick-meta":"","astra-migrate-meta-layouts":"set","ast-page-background-enabled":"default","ast-page-background-meta":{"desktop":{"background-color":"","background-image":"","background-repeat":"repeat","background-position":"center center","background-size":"auto","background-attachment":"scroll","background-type":"","background-media":"","overlay-type":"","overlay-color":"","overlay-opacity":"","overlay-gradient":""},"tablet":{"background-color":"","background-image":"","background-repeat":"repeat","background-position":"center center","background-size":"auto","background-attachment":"scroll","background-type":"","background-media":"","overlay-type":"","overlay-color":"","overlay-opacity":"","overlay-gradient":""},"mobile":{"background-color":"","background-image":"","background-repeat":"repeat","background-position":"center center","background-size":"auto","background-attachment":"scroll","background-type":"","background-media":"","overlay-type":"","overlay-color":"","overlay-opacity":"","overlay-gradient":""}},"ast-content-background-meta":{"desktop":{"background-color":"var(--ast-global-color-5)","background-image":"","background-repeat":"repeat","background-position":"center center","background-size":"auto","background-attachment":"scroll","background-type":"","background-media":"","overlay-type":"","overlay-color":"","overlay-opacity":"","overlay-gradient":""},"tablet":{"background-color":"var(--ast-global-color-5)","background-image":"","background-repeat":"repeat","background-position":"center center","background-size":"auto","background-attachment":"scroll","background-type":"","background-media":"","overlay-type":"","overlay-color":"","overlay-opacity":"","overlay-gradient":""},"mobile":{"background-color":"var(--ast-global-color-5)","background-image":"","background-repeat":"repeat","background-position":"center center","background-size":"auto","background-attachment":"scroll","background-type":"","background-media":"","overlay-type":"","overlay-color":"","overlay-opacity":"","overlay-gradient":""}}},"product_brand":[],"product_cat":[41,46],"product_tag":[],"woo-feed-brand":[],"class_list":{"0":"post-3299","1":"product","2":"type-product","3":"status-publish","4":"has-post-thumbnail","6":"product_cat-team-spirit-dog-bandanas","7":"product_cat-nhl-dog-bandanas","8":"product_shipping_class-bandana","9":"desktop-align-center","10":"tablet-align-center","11":"mobile-align-center","12":"ast-product-gallery-layout-horizontal","13":"ast-product-gallery-with-no-image","14":"ast-product-single-variable","15":"ast-product-tabs-layout-horizontal","16":"ast-qv-on-image","18":"first","19":"instock","20":"purchasable","21":"product-type-variable"},"acf":[],"_links":{"self":[{"href":"https:\/\/www.dressupyourpup.com\/es\/wp-json\/wp\/v2\/product\/3299","targetHints":{"allow":["GET"]}}],"collection":[{"href":"https:\/\/www.dressupyourpup.com\/es\/wp-json\/wp\/v2\/product"}],"about":[{"href":"https:\/\/www.dressupyourpup.com\/es\/wp-json\/wp\/v2\/types\/product"}],"replies":[{"embeddable":true,"href":"https:\/\/www.dressupyourpup.com\/es\/wp-json\/wp\/v2\/comments?post=3299"}],"wp:featuredmedia":[{"embeddable":true,"href":"https:\/\/www.dressupyourpup.com\/es\/wp-json\/wp\/v2\/media\/14991"}],"wp:attachment":[{"href":"https:\/\/www.dressupyourpup.com\/es\/wp-json\/wp\/v2\/media?parent=3299"}],"wp:term":[{"taxonomy":"product_brand","embeddable":true,"href":"https:\/\/www.dressupyourpup.com\/es\/wp-json\/wp\/v2\/product_brand?post=3299"},{"taxonomy":"product_cat","embeddable":true,"href":"https:\/\/www.dressupyourpup.com\/es\/wp-json\/wp\/v2\/product_cat?post=3299"},{"taxonomy":"product_tag","embeddable":true,"href":"https:\/\/www.dressupyourpup.com\/es\/wp-json\/wp\/v2\/product_tag?post=3299"},{"taxonomy":"woo-feed-brand","embeddable":true,"href":"https:\/\/www.dressupyourpup.com\/es\/wp-json\/wp\/v2\/woo-feed-brand?post=3299"}],"curies":[{"name":"wp","href":"https:\/\/api.w.org\/{rel}","templated":true}]}}