{"id":3915,"date":"2019-11-05T02:01:22","date_gmt":"2019-11-05T02:01:22","guid":{"rendered":"http:\/\/s903023292.onlinehome.us\/dressupyourpup.com\/?post_type=product&#038;p=3915"},"modified":"2025-11-25T18:36:45","modified_gmt":"2025-11-25T23:36:45","slug":"como-el-grinch-robo-la-navidad-sobre-el-cuello-panuelo","status":"publish","type":"product","link":"https:\/\/www.dressupyourpup.com\/es\/shop\/dog-bandanas\/holiday-dog-bandanas\/christmas\/how-the-grinch-stole-christmas-over-the-collar-bandana\/","title":{"rendered":"C\u00f3mo el Grinch rob\u00f3 la Navidad sobre el pa\u00f1uelo de cuello"},"content":{"rendered":"<p>Convierte a tu amigo peludo en el cachorrito m\u00e1s elegante de Whoville con un lindo pa\u00f1uelo de perro Grinch sin el que nunca querr\u00e1n salir de casa. Es c\u00f3modo, acogedor y tan festivo que incluso el Grinch ver\u00e1 c\u00f3mo se le derrite el coraz\u00f3n y querr\u00e1 que lo inviten a su fiesta. \u00a1Todo lo que tiene que hacer ahora es pedirle al perro que vigile la Nochebuena para asegurarse de que esos regalos permanezcan justo donde los quiere!<\/p>\n<h2 style=\"text-align: center;\">Cuatro razones para comprar c\u00f3mo el Grinch rob\u00f3 la bandana navide\u00f1a para perros<\/h2>\n<ul>\n<li>Tu nueva bandana para perro Grinch est\u00e1 hecha a mano, nunca se amontona y siempre se ve fabulosa.<\/li>\n<li>Se desliza sobre el cuello de tu amigo de cuatro patas para un ajuste perfecto, siempre<\/li>\n<li>Viene en todos los tama\u00f1os que pueda desear, desde extrapeque\u00f1o hasta extragrande<\/li>\n<li>Fabricado con cuidado con tela lavable a m\u00e1quina que est\u00e1 preencogida, \u00a1una cosa menos de qu\u00e9 preocuparse!<\/li>\n<\/ul>\n<p><strong>No te olvides de personalizar tu nuevo pa\u00f1uelo de perro Grinch.<\/strong><\/p>\n<ul>\n<li>El dise\u00f1o reversible te da dos regalos en uno: perfecto para mantener la cola en movimiento<\/li>\n<li>Personaliza el reverso con tela verde oscuro, verde lima o rojo brillante<\/li>\n<li>Termina con estilo eligiendo uno de nuestros 12 dise\u00f1os navide\u00f1os diferentes.<\/li>\n<\/ul>","protected":false},"excerpt":{"rendered":"<p>Turn your furry friend into the most stylish little pup in all of Whoville with a cute Grinch dog bandana they\u2019ll never want to leave home without. It\u2019s comfy, cozy and so festive even the Grinch will see his heart start to melt and want to get invited to your party. All you have to [&hellip;]<\/p>\n","protected":false},"featured_media":11346,"comment_status":"open","ping_status":"closed","template":"","meta":{"_acf_changed":false,"site-sidebar-layout":"default","site-content-layout":"default","ast-site-content-layout":"default","site-content-style":"default","site-sidebar-style":"default","ast-global-header-display":"","ast-banner-title-visibility":"","ast-main-header-display":"","ast-hfb-above-header-display":"","ast-hfb-below-header-display":"","ast-hfb-mobile-header-display":"","site-post-title":"","ast-breadcrumbs-content":"","ast-featured-img":"","footer-sml-layout":"","ast-disable-related-posts":"","theme-transparent-header-meta":"default","adv-header-id-meta":"","stick-header-meta":"default","header-above-stick-meta":"","header-main-stick-meta":"","header-below-stick-meta":"","astra-migrate-meta-layouts":"set","ast-page-background-enabled":"default","ast-page-background-meta":{"desktop":{"background-color":"","background-image":"","background-repeat":"repeat","background-position":"center center","background-size":"auto","background-attachment":"scroll","background-type":"","background-media":"","overlay-type":"","overlay-color":"","overlay-opacity":"","overlay-gradient":""},"tablet":{"background-color":"","background-image":"","background-repeat":"repeat","background-position":"center center","background-size":"auto","background-attachment":"scroll","background-type":"","background-media":"","overlay-type":"","overlay-color":"","overlay-opacity":"","overlay-gradient":""},"mobile":{"background-color":"","background-image":"","background-repeat":"repeat","background-position":"center center","background-size":"auto","background-attachment":"scroll","background-type":"","background-media":"","overlay-type":"","overlay-color":"","overlay-opacity":"","overlay-gradient":""}},"ast-content-background-meta":{"desktop":{"background-color":"var(--ast-global-color-5)","background-image":"","background-repeat":"repeat","background-position":"center center","background-size":"auto","background-attachment":"scroll","background-type":"","background-media":"","overlay-type":"","overlay-color":"","overlay-opacity":"","overlay-gradient":""},"tablet":{"background-color":"var(--ast-global-color-5)","background-image":"","background-repeat":"repeat","background-position":"center center","background-size":"auto","background-attachment":"scroll","background-type":"","background-media":"","overlay-type":"","overlay-color":"","overlay-opacity":"","overlay-gradient":""},"mobile":{"background-color":"var(--ast-global-color-5)","background-image":"","background-repeat":"repeat","background-position":"center center","background-size":"auto","background-attachment":"scroll","background-type":"","background-media":"","overlay-type":"","overlay-color":"","overlay-opacity":"","overlay-gradient":""}}},"product_brand":[],"product_cat":[50,55],"product_tag":[],"woo-feed-brand":[],"class_list":{"0":"post-3915","1":"product","2":"type-product","3":"status-publish","4":"has-post-thumbnail","6":"product_cat-holiday-dog-bandanas","7":"product_cat-christmas","8":"product_shipping_class-bandana","9":"desktop-align-center","10":"tablet-align-center","11":"mobile-align-center","12":"ast-product-gallery-layout-horizontal","13":"ast-product-gallery-with-no-image","14":"ast-product-single-variable","15":"ast-product-tabs-layout-horizontal","16":"ast-qv-on-image","18":"first","19":"outofstock","20":"purchasable","21":"product-type-variable"},"acf":[],"_links":{"self":[{"href":"https:\/\/www.dressupyourpup.com\/es\/wp-json\/wp\/v2\/product\/3915","targetHints":{"allow":["GET"]}}],"collection":[{"href":"https:\/\/www.dressupyourpup.com\/es\/wp-json\/wp\/v2\/product"}],"about":[{"href":"https:\/\/www.dressupyourpup.com\/es\/wp-json\/wp\/v2\/types\/product"}],"replies":[{"embeddable":true,"href":"https:\/\/www.dressupyourpup.com\/es\/wp-json\/wp\/v2\/comments?post=3915"}],"wp:featuredmedia":[{"embeddable":true,"href":"https:\/\/www.dressupyourpup.com\/es\/wp-json\/wp\/v2\/media\/11346"}],"wp:attachment":[{"href":"https:\/\/www.dressupyourpup.com\/es\/wp-json\/wp\/v2\/media?parent=3915"}],"wp:term":[{"taxonomy":"product_brand","embeddable":true,"href":"https:\/\/www.dressupyourpup.com\/es\/wp-json\/wp\/v2\/product_brand?post=3915"},{"taxonomy":"product_cat","embeddable":true,"href":"https:\/\/www.dressupyourpup.com\/es\/wp-json\/wp\/v2\/product_cat?post=3915"},{"taxonomy":"product_tag","embeddable":true,"href":"https:\/\/www.dressupyourpup.com\/es\/wp-json\/wp\/v2\/product_tag?post=3915"},{"taxonomy":"woo-feed-brand","embeddable":true,"href":"https:\/\/www.dressupyourpup.com\/es\/wp-json\/wp\/v2\/woo-feed-brand?post=3915"}],"curies":[{"name":"wp","href":"https:\/\/api.w.org\/{rel}","templated":true}]}}