{"id":8345,"date":"2021-02-03T09:39:24","date_gmt":"2021-02-03T14:39:24","guid":{"rendered":"http:\/\/s903023292.onlinehome.us\/dressupyourpup.com\/?post_type=product&#038;p=8345"},"modified":"2025-11-25T18:51:36","modified_gmt":"2025-11-25T23:51:36","slug":"bandana-pittsburgh-steelers-pink-dog-reversible","status":"publish","type":"product","link":"https:\/\/www.dressupyourpup.com\/es\/shop\/dog-bandanas\/team-spirit-dog-bandanas\/nfl\/reversible-pittsburgh-steelers-pink-dog-bandana\/","title":{"rendered":"Pa\u00f1uelo rosa para perro de los Pittsburgh Steelers"},"content":{"rendered":"<p>Cuando tus Pittsburgh Steelers saltan al campo, \u00bftu cachorro sacude su Toalla Terrible? \u00bfTu mejor amigo de cuatro patas ladra de emoci\u00f3n cuando mencionas la cortina de acero? \u00a1Por supuesto que lo hacen! Cuando Black and Gold se dirige a otra batalla, tu perro est\u00e1 all\u00ed contigo anim\u00e1ndolos. Mientras usa su camiseta de los Steelers, su cachorro puede usar nuestra hermosa bandana reversible sobre el cuello de los Pittsburgh Steelers con un patr\u00f3n en un lado y un gr\u00e1fico termoadhesivo en el otro. Es tan afilado que Steely McBeam estar\u00eda orgulloso.<\/p>\n<p>Despu\u00e9s de todo, no querr\u00e1 que la gente piense que su perro es un <a href=\"https:\/\/www.dressupyourpup.com\/es\/producto\/panuelo-cleveland-brown-reversible\/\">marrones de cleveland<\/a> fan\u00e1tico, \u00bfy t\u00fa?<\/p>\n<p>Si desea personalizarlo, puede agregar el nombre de su perro a lo largo del borde del pa\u00f1uelo.<\/p>\n<p><strong>Tenga en cuenta: si se selecciona, el nombre de su perro estar\u00e1 en el lado de impresi\u00f3n del equipo, no en el lado de impresi\u00f3n de f\u00fatbol gen\u00e9rico.<\/strong><\/p>\n<h2 style=\"text-align: center;\">Seis razones para comprar nuestra bandana rosa para perros de los Pittsburgh Steelers<\/h2>\n<ul>\n<li>Nuestro pa\u00f1uelo rosa para perros de los Pittsburgh Steelers se deslizar\u00e1 f\u00e1cilmente sobre el collar, sin preocuparse por atarlo demasiado apretado o demasiado flojo alrededor del cuello de su perro.<\/li>\n<li>Nuestras bandanas rosadas de los Pittsburgh Steelers vienen en tama\u00f1os desde extrapeque\u00f1os hasta extragrandes. Entonces, ya sea que tenga un chihuahua o un gran dan\u00e9s, tenemos un pa\u00f1uelo que se adaptar\u00e1 a su cachorro.<\/li>\n<li>La bandana est\u00e1 hecha con una interfaz para que no se amontone y siempre se vea fabulosa.<\/li>\n<li>Nuestro pa\u00f1uelo est\u00e1 hecho a mano con tela preencogida y lavable a m\u00e1quina para que puedas lavarlo en tu lavadora, luego ponerlo en la secadora y est\u00e1 listo para usar.<\/li>\n<li>Nuestro pa\u00f1uelo es realmente reversible con un estampado en un lado y un gr\u00e1fico termoadhesivo en el reverso, por lo que obtienes dos pa\u00f1uelos por el precio de uno.<\/li>\n<li>Puedes personalizar tu bandana rosa para perros de los Pittsburgh Steelers con el nombre de tu cachorro.<\/li>\n<\/ul>\n<p><b>Descargo de responsabilidad: Nuestros pa\u00f1uelos hechos a mano no son productos con licencia de la\u00a0<a href=\"https:\/\/www.nfl.com\/\" target=\"_blank\" rel=\"noopener noreferrer\">Liga Nacional de F\u00fatbol<\/a>. No estamos afiliados ni patrocinados por la\u00a0<a href=\"https:\/\/www.nfl.com\/\" target=\"_blank\" rel=\"noopener noreferrer\">Liga Nacional de F\u00fatbol<\/a>.<\/b><\/p>","protected":false},"excerpt":{"rendered":"<p>When your Pittsburgh Steelers take the field, does your pup shake his Terrible Towel? Does your four-legged best friend bark in excitement when you mention the Steel Curtain? Of course, they do! When the Black and Gold head out for another battle, your dog is right there with you cheering them on. While you&#8217;re wearing [&hellip;]<\/p>\n","protected":false},"featured_media":11998,"comment_status":"open","ping_status":"closed","template":"","meta":{"_acf_changed":false,"site-sidebar-layout":"default","site-content-layout":"default","ast-site-content-layout":"default","site-content-style":"default","site-sidebar-style":"default","ast-global-header-display":"","ast-banner-title-visibility":"","ast-main-header-display":"","ast-hfb-above-header-display":"","ast-hfb-below-header-display":"","ast-hfb-mobile-header-display":"","site-post-title":"","ast-breadcrumbs-content":"","ast-featured-img":"","footer-sml-layout":"","ast-disable-related-posts":"","theme-transparent-header-meta":"default","adv-header-id-meta":"","stick-header-meta":"default","header-above-stick-meta":"","header-main-stick-meta":"","header-below-stick-meta":"","astra-migrate-meta-layouts":"default","ast-page-background-enabled":"default","ast-page-background-meta":{"desktop":{"background-color":"","background-image":"","background-repeat":"repeat","background-position":"center center","background-size":"auto","background-attachment":"scroll","background-type":"","background-media":"","overlay-type":"","overlay-color":"","overlay-opacity":"","overlay-gradient":""},"tablet":{"background-color":"","background-image":"","background-repeat":"repeat","background-position":"center center","background-size":"auto","background-attachment":"scroll","background-type":"","background-media":"","overlay-type":"","overlay-color":"","overlay-opacity":"","overlay-gradient":""},"mobile":{"background-color":"","background-image":"","background-repeat":"repeat","background-position":"center center","background-size":"auto","background-attachment":"scroll","background-type":"","background-media":"","overlay-type":"","overlay-color":"","overlay-opacity":"","overlay-gradient":""}},"ast-content-background-meta":{"desktop":{"background-color":"var(--ast-global-color-5)","background-image":"","background-repeat":"repeat","background-position":"center center","background-size":"auto","background-attachment":"scroll","background-type":"","background-media":"","overlay-type":"","overlay-color":"","overlay-opacity":"","overlay-gradient":""},"tablet":{"background-color":"var(--ast-global-color-5)","background-image":"","background-repeat":"repeat","background-position":"center center","background-size":"auto","background-attachment":"scroll","background-type":"","background-media":"","overlay-type":"","overlay-color":"","overlay-opacity":"","overlay-gradient":""},"mobile":{"background-color":"var(--ast-global-color-5)","background-image":"","background-repeat":"repeat","background-position":"center center","background-size":"auto","background-attachment":"scroll","background-type":"","background-media":"","overlay-type":"","overlay-color":"","overlay-opacity":"","overlay-gradient":""}}},"product_brand":[],"product_cat":[41,42],"product_tag":[],"woo-feed-brand":[],"class_list":{"0":"post-8345","1":"product","2":"type-product","3":"status-publish","4":"has-post-thumbnail","6":"product_cat-team-spirit-dog-bandanas","7":"product_cat-nfl","8":"product_shipping_class-bandana","9":"desktop-align-center","10":"tablet-align-center","11":"mobile-align-center","12":"ast-product-gallery-layout-horizontal","13":"ast-product-gallery-with-no-image","14":"ast-product-single-variable","15":"ast-product-tabs-layout-horizontal","16":"ast-qv-on-image","18":"first","19":"instock","20":"purchasable","21":"product-type-variable"},"acf":[],"_links":{"self":[{"href":"https:\/\/www.dressupyourpup.com\/es\/wp-json\/wp\/v2\/product\/8345","targetHints":{"allow":["GET"]}}],"collection":[{"href":"https:\/\/www.dressupyourpup.com\/es\/wp-json\/wp\/v2\/product"}],"about":[{"href":"https:\/\/www.dressupyourpup.com\/es\/wp-json\/wp\/v2\/types\/product"}],"replies":[{"embeddable":true,"href":"https:\/\/www.dressupyourpup.com\/es\/wp-json\/wp\/v2\/comments?post=8345"}],"wp:featuredmedia":[{"embeddable":true,"href":"https:\/\/www.dressupyourpup.com\/es\/wp-json\/wp\/v2\/media\/11998"}],"wp:attachment":[{"href":"https:\/\/www.dressupyourpup.com\/es\/wp-json\/wp\/v2\/media?parent=8345"}],"wp:term":[{"taxonomy":"product_brand","embeddable":true,"href":"https:\/\/www.dressupyourpup.com\/es\/wp-json\/wp\/v2\/product_brand?post=8345"},{"taxonomy":"product_cat","embeddable":true,"href":"https:\/\/www.dressupyourpup.com\/es\/wp-json\/wp\/v2\/product_cat?post=8345"},{"taxonomy":"product_tag","embeddable":true,"href":"https:\/\/www.dressupyourpup.com\/es\/wp-json\/wp\/v2\/product_tag?post=8345"},{"taxonomy":"woo-feed-brand","embeddable":true,"href":"https:\/\/www.dressupyourpup.com\/es\/wp-json\/wp\/v2\/woo-feed-brand?post=8345"}],"curies":[{"name":"wp","href":"https:\/\/api.w.org\/{rel}","templated":true}]}}