{"id":8523,"date":"2021-03-06T13:14:00","date_gmt":"2021-03-06T18:14:00","guid":{"rendered":"http:\/\/s903023292.onlinehome.us\/dressupyourpup.com\/?post_type=product&#038;p=8523"},"modified":"2025-11-25T18:54:34","modified_gmt":"2025-11-25T23:54:34","slug":"bandana-reversible-perro-de-la-suerte-dia-de-san-patricio","status":"publish","type":"product","link":"https:\/\/www.dressupyourpup.com\/es\/shop\/dog-bandanas\/holiday-dog-bandanas\/st-patricks-day-dog-bandanas\/lucky-dog-st-patricks-day-reversible-bandana\/","title":{"rendered":"Pa\u00f1uelo reversible Lucky Dog St. Patrick&#039;s Day"},"content":{"rendered":"<p>\u00bfSuceden cosas buenas cuando tu cachorro est\u00e1 cerca? \u00bfSon tu amuleto de la buena suerte? Ahora puedes celebrar el D\u00eda de San Patricio con nuestro lindo Luck Dog, reversible Over the Collar Dog Bandana.<\/p>\n<p>Un lado presenta un hermoso estampado de Lucky Dog y el reverso es verde y uno de los 28 gr\u00e1ficos predise\u00f1ados disponibles. \u00a1Incluso podemos personalizar el pa\u00f1uelo con el nombre de tu cachorro! El nombre se agregar\u00eda al lado impreso de Lucky Dog.<\/p>\n<h2 style=\"text-align: center;\">Seis razones para comprar nuestro pa\u00f1uelo para perro Lucky Dog St. Patrick&#039;s Day<\/h2>\n<ul>\n<li>Nuestro pa\u00f1uelo para perro Lucky Dog St. Patrick&#039;s Day se deslizar\u00e1 f\u00e1cilmente sobre el collar. Ya no tendr\u00e1s que preocuparte por atarlo demasiado apretado o demasiado flojo alrededor del cuello de tu perro.<\/li>\n<li>Nuestros pa\u00f1uelos Lucky Dog St. Patrick&#039;s Day vienen en tama\u00f1os desde extrapeque\u00f1os hasta extragrandes. Entonces, ya sea que tenga un chihuahua o un gran dan\u00e9s, tenemos un pa\u00f1uelo que se adaptar\u00e1 a su cachorro.<\/li>\n<li>La bandana est\u00e1 hecha con una interfaz para que no se amontone y siempre se vea fabulosa.<\/li>\n<li>Nuestro pa\u00f1uelo est\u00e1 hecho a mano con tela preencogida y lavable a m\u00e1quina. Puedes lavarlo en tu lavadora, luego ponerlo en la secadora y est\u00e1 listo para usar.<\/li>\n<li>Nuestro pa\u00f1uelo es realmente reversible con un estampado en un lado y un gr\u00e1fico termoadhesivo en el reverso, por lo que obtienes dos pa\u00f1uelos por el precio de uno.<\/li>\n<li>Puedes personalizar tu bandana con el nombre de tu cachorro.<\/li>\n<\/ul>\n<p>&nbsp;<\/p>","protected":false},"excerpt":{"rendered":"<p>Do good things happen when your pup is around? Are they your good luck charm? Now you can celebrate St. Patrick&#8217;s Day with our cute Luck Dog, reversible Over the Collar Dog Bandana. One side features a handsome Lucky Dog print and the reverse side is green and one of the 28 pre-designed graphics available.\u00a0 [&hellip;]<\/p>\n","protected":false},"featured_media":8544,"comment_status":"open","ping_status":"closed","template":"","meta":{"_acf_changed":false,"site-sidebar-layout":"default","site-content-layout":"default","ast-site-content-layout":"default","site-content-style":"default","site-sidebar-style":"default","ast-global-header-display":"","ast-banner-title-visibility":"","ast-main-header-display":"","ast-hfb-above-header-display":"","ast-hfb-below-header-display":"","ast-hfb-mobile-header-display":"","site-post-title":"","ast-breadcrumbs-content":"","ast-featured-img":"","footer-sml-layout":"","ast-disable-related-posts":"","theme-transparent-header-meta":"default","adv-header-id-meta":"","stick-header-meta":"default","header-above-stick-meta":"","header-main-stick-meta":"","header-below-stick-meta":"","astra-migrate-meta-layouts":"default","ast-page-background-enabled":"default","ast-page-background-meta":{"desktop":{"background-color":"","background-image":"","background-repeat":"repeat","background-position":"center center","background-size":"auto","background-attachment":"scroll","background-type":"","background-media":"","overlay-type":"","overlay-color":"","overlay-opacity":"","overlay-gradient":""},"tablet":{"background-color":"","background-image":"","background-repeat":"repeat","background-position":"center center","background-size":"auto","background-attachment":"scroll","background-type":"","background-media":"","overlay-type":"","overlay-color":"","overlay-opacity":"","overlay-gradient":""},"mobile":{"background-color":"","background-image":"","background-repeat":"repeat","background-position":"center center","background-size":"auto","background-attachment":"scroll","background-type":"","background-media":"","overlay-type":"","overlay-color":"","overlay-opacity":"","overlay-gradient":""}},"ast-content-background-meta":{"desktop":{"background-color":"var(--ast-global-color-5)","background-image":"","background-repeat":"repeat","background-position":"center center","background-size":"auto","background-attachment":"scroll","background-type":"","background-media":"","overlay-type":"","overlay-color":"","overlay-opacity":"","overlay-gradient":""},"tablet":{"background-color":"var(--ast-global-color-5)","background-image":"","background-repeat":"repeat","background-position":"center center","background-size":"auto","background-attachment":"scroll","background-type":"","background-media":"","overlay-type":"","overlay-color":"","overlay-opacity":"","overlay-gradient":""},"mobile":{"background-color":"var(--ast-global-color-5)","background-image":"","background-repeat":"repeat","background-position":"center center","background-size":"auto","background-attachment":"scroll","background-type":"","background-media":"","overlay-type":"","overlay-color":"","overlay-opacity":"","overlay-gradient":""}}},"product_brand":[],"product_cat":[59,50],"product_tag":[],"woo-feed-brand":[],"class_list":{"0":"post-8523","1":"product","2":"type-product","3":"status-publish","4":"has-post-thumbnail","6":"product_cat-st-patricks-day-dog-bandanas","7":"product_cat-holiday-dog-bandanas","8":"product_shipping_class-bandana","9":"desktop-align-center","10":"tablet-align-center","11":"mobile-align-center","12":"ast-product-gallery-layout-horizontal","13":"ast-product-gallery-with-no-image","14":"ast-product-single-variable","15":"ast-product-tabs-layout-horizontal","16":"ast-qv-on-image","18":"first","19":"instock","20":"purchasable","21":"product-type-variable"},"acf":[],"_links":{"self":[{"href":"https:\/\/www.dressupyourpup.com\/es\/wp-json\/wp\/v2\/product\/8523","targetHints":{"allow":["GET"]}}],"collection":[{"href":"https:\/\/www.dressupyourpup.com\/es\/wp-json\/wp\/v2\/product"}],"about":[{"href":"https:\/\/www.dressupyourpup.com\/es\/wp-json\/wp\/v2\/types\/product"}],"replies":[{"embeddable":true,"href":"https:\/\/www.dressupyourpup.com\/es\/wp-json\/wp\/v2\/comments?post=8523"}],"wp:featuredmedia":[{"embeddable":true,"href":"https:\/\/www.dressupyourpup.com\/es\/wp-json\/wp\/v2\/media\/8544"}],"wp:attachment":[{"href":"https:\/\/www.dressupyourpup.com\/es\/wp-json\/wp\/v2\/media?parent=8523"}],"wp:term":[{"taxonomy":"product_brand","embeddable":true,"href":"https:\/\/www.dressupyourpup.com\/es\/wp-json\/wp\/v2\/product_brand?post=8523"},{"taxonomy":"product_cat","embeddable":true,"href":"https:\/\/www.dressupyourpup.com\/es\/wp-json\/wp\/v2\/product_cat?post=8523"},{"taxonomy":"product_tag","embeddable":true,"href":"https:\/\/www.dressupyourpup.com\/es\/wp-json\/wp\/v2\/product_tag?post=8523"},{"taxonomy":"woo-feed-brand","embeddable":true,"href":"https:\/\/www.dressupyourpup.com\/es\/wp-json\/wp\/v2\/woo-feed-brand?post=8523"}],"curies":[{"name":"wp","href":"https:\/\/api.w.org\/{rel}","templated":true}]}}