{"id":8535,"date":"2021-03-06T13:14:23","date_gmt":"2021-03-06T18:14:23","guid":{"rendered":"http:\/\/s903023292.onlinehome.us\/dressupyourpup.com\/?post_type=product&#038;p=8535"},"modified":"2025-11-25T18:54:49","modified_gmt":"2025-11-25T23:54:49","slug":"bandana-john-deere-perro-reversible","status":"publish","type":"product","link":"https:\/\/www.dressupyourpup.com\/es\/shop\/dog-bandanas\/pattern-dog-bandanas\/john-deere-reversible-dog-bandana\/","title":{"rendered":"Bandana reversible para perros John Deere"},"content":{"rendered":"<p>Nada funciona como un Deere, pero tu cachorro est\u00e1 muy cerca. Cuando se trata de trabajar muchas horas en tu granja, tu cachorro es tu mano derecha, bueno, un perro que lo vigila todo. Ahora, cuando est\u00e1n trabajando en el campo con usted, pueden verse bien con nuestro hermoso pa\u00f1uelo para perros John Deere sobre el cuello.<\/p>\n<p>\u00a1Este pa\u00f1uelo preencogido, hecho a mano sobre el collar del perro har\u00e1 que tu perro sea la envidia del parque!<\/p>\n<h2 style=\"text-align: center;\">Seis razones para comprar nuestra bandana para perros John Deere<\/h2>\n<ul>\n<li>Nuestro pa\u00f1uelo para perros John Deere se deslizar\u00e1 f\u00e1cilmente sobre el collar. Ya no tendr\u00e1s que preocuparte por atarlo demasiado apretado o demasiado flojo alrededor del cuello de tu perro.<\/li>\n<li>Nuestros pa\u00f1uelos John Deere con rojo vienen en tama\u00f1os desde extrapeque\u00f1o hasta extragrande. Entonces, ya sea que tenga un chihuahua o un gran dan\u00e9s, tenemos un pa\u00f1uelo que se adaptar\u00e1 a su cachorro.<\/li>\n<li>La bandana est\u00e1 hecha con una interfaz para que no se amontone y siempre se vea fabulosa.<\/li>\n<li>Nuestro pa\u00f1uelo est\u00e1 hecho a mano con tela preencogida y lavable a m\u00e1quina. Puedes lavarlo en tu lavadora, luego ponerlo en la secadora y est\u00e1 listo para usar.<\/li>\n<li>Nuestro pa\u00f1uelo es realmente reversible con un estampado en un lado y un gr\u00e1fico termoadhesivo en el reverso, por lo que obtienes dos pa\u00f1uelos por el precio de uno.<\/li>\n<li>Puedes personalizar tu bandana con el nombre de tu cachorro.<\/li>\n<\/ul>","protected":false},"excerpt":{"rendered":"<p>Nothing runs like a Deere but your pup is a close second. When it comes to working long hours on your farm, your pup is your right hand, well, dog watching over everything. Now when they are working out in the field with you they can look the part with our beautiful over the collar [&hellip;]<\/p>\n","protected":false},"featured_media":8542,"comment_status":"open","ping_status":"closed","template":"","meta":{"_acf_changed":false,"site-sidebar-layout":"default","site-content-layout":"default","ast-site-content-layout":"default","site-content-style":"default","site-sidebar-style":"default","ast-global-header-display":"","ast-banner-title-visibility":"","ast-main-header-display":"","ast-hfb-above-header-display":"","ast-hfb-below-header-display":"","ast-hfb-mobile-header-display":"","site-post-title":"","ast-breadcrumbs-content":"","ast-featured-img":"","footer-sml-layout":"","ast-disable-related-posts":"","theme-transparent-header-meta":"default","adv-header-id-meta":"","stick-header-meta":"default","header-above-stick-meta":"","header-main-stick-meta":"","header-below-stick-meta":"","astra-migrate-meta-layouts":"default","ast-page-background-enabled":"default","ast-page-background-meta":{"desktop":{"background-color":"","background-image":"","background-repeat":"repeat","background-position":"center center","background-size":"auto","background-attachment":"scroll","background-type":"","background-media":"","overlay-type":"","overlay-color":"","overlay-opacity":"","overlay-gradient":""},"tablet":{"background-color":"","background-image":"","background-repeat":"repeat","background-position":"center center","background-size":"auto","background-attachment":"scroll","background-type":"","background-media":"","overlay-type":"","overlay-color":"","overlay-opacity":"","overlay-gradient":""},"mobile":{"background-color":"","background-image":"","background-repeat":"repeat","background-position":"center center","background-size":"auto","background-attachment":"scroll","background-type":"","background-media":"","overlay-type":"","overlay-color":"","overlay-opacity":"","overlay-gradient":""}},"ast-content-background-meta":{"desktop":{"background-color":"var(--ast-global-color-5)","background-image":"","background-repeat":"repeat","background-position":"center center","background-size":"auto","background-attachment":"scroll","background-type":"","background-media":"","overlay-type":"","overlay-color":"","overlay-opacity":"","overlay-gradient":""},"tablet":{"background-color":"var(--ast-global-color-5)","background-image":"","background-repeat":"repeat","background-position":"center center","background-size":"auto","background-attachment":"scroll","background-type":"","background-media":"","overlay-type":"","overlay-color":"","overlay-opacity":"","overlay-gradient":""},"mobile":{"background-color":"var(--ast-global-color-5)","background-image":"","background-repeat":"repeat","background-position":"center center","background-size":"auto","background-attachment":"scroll","background-type":"","background-media":"","overlay-type":"","overlay-color":"","overlay-opacity":"","overlay-gradient":""}}},"product_brand":[],"product_cat":[36],"product_tag":[],"woo-feed-brand":[],"class_list":{"0":"post-8535","1":"product","2":"type-product","3":"status-publish","4":"has-post-thumbnail","6":"product_cat-pattern-dog-bandanas","7":"product_shipping_class-bandana","8":"desktop-align-center","9":"tablet-align-center","10":"mobile-align-center","11":"ast-product-gallery-layout-horizontal","12":"ast-product-gallery-with-no-image","13":"ast-product-single-variable","14":"ast-product-tabs-layout-horizontal","15":"ast-qv-on-image","17":"first","18":"instock","19":"shipping-taxable","20":"purchasable","21":"product-type-variable"},"acf":[],"_links":{"self":[{"href":"https:\/\/www.dressupyourpup.com\/es\/wp-json\/wp\/v2\/product\/8535","targetHints":{"allow":["GET"]}}],"collection":[{"href":"https:\/\/www.dressupyourpup.com\/es\/wp-json\/wp\/v2\/product"}],"about":[{"href":"https:\/\/www.dressupyourpup.com\/es\/wp-json\/wp\/v2\/types\/product"}],"replies":[{"embeddable":true,"href":"https:\/\/www.dressupyourpup.com\/es\/wp-json\/wp\/v2\/comments?post=8535"}],"wp:featuredmedia":[{"embeddable":true,"href":"https:\/\/www.dressupyourpup.com\/es\/wp-json\/wp\/v2\/media\/8542"}],"wp:attachment":[{"href":"https:\/\/www.dressupyourpup.com\/es\/wp-json\/wp\/v2\/media?parent=8535"}],"wp:term":[{"taxonomy":"product_brand","embeddable":true,"href":"https:\/\/www.dressupyourpup.com\/es\/wp-json\/wp\/v2\/product_brand?post=8535"},{"taxonomy":"product_cat","embeddable":true,"href":"https:\/\/www.dressupyourpup.com\/es\/wp-json\/wp\/v2\/product_cat?post=8535"},{"taxonomy":"product_tag","embeddable":true,"href":"https:\/\/www.dressupyourpup.com\/es\/wp-json\/wp\/v2\/product_tag?post=8535"},{"taxonomy":"woo-feed-brand","embeddable":true,"href":"https:\/\/www.dressupyourpup.com\/es\/wp-json\/wp\/v2\/woo-feed-brand?post=8535"}],"curies":[{"name":"wp","href":"https:\/\/api.w.org\/{rel}","templated":true}]}}