{"id":9004,"date":"2021-12-30T17:05:12","date_gmt":"2021-12-30T22:05:12","guid":{"rendered":"http:\/\/s903023292.onlinehome.us\/dressupyourpup.com\/?post_type=product&#038;p=9004"},"modified":"2025-11-25T18:59:10","modified_gmt":"2025-11-25T23:59:10","slug":"bandana-perro-reversible-born-to-be-wild","status":"publish","type":"product","link":"https:\/\/www.dressupyourpup.com\/es\/shop\/dog-bandanas\/pattern-dog-bandanas\/born-to-be-wild-reversible-dog-bandana\/","title":{"rendered":"Pa\u00f1uelo reversible para perro Born To Be Wild"},"content":{"rendered":"<p>\u00bfA tu perro le gusta salir a la carretera en busca de aventuras? \u00bfTu cachorro se emociona todos los viernes 13? Nuestra bandana para perros Born to be Wild presenta un estampado naranja Port Dover Motorcycle Rally con un reverso negro. \u00a1Ahora su cachorro puede estar listo para la diversi\u00f3n cuando lo ata al sidecar y se dirige a otra aventura!<\/p>\n<p>\u00a1Este pa\u00f1uelo preencogido, hecho a mano sobre el collar del perro har\u00e1 que su perro sea la envidia de Port Dover!<\/p>\n<h2 style=\"text-align: center;\">Seis razones para comprar nuestra bandana Born to be Wild Dog<\/h2>\n<ul>\n<li>Nuestro pa\u00f1uelo para perros Born to be Wild se deslizar\u00e1 f\u00e1cilmente sobre el collar. Ya no tendr\u00e1s que preocuparte por atarlo demasiado apretado o demasiado flojo alrededor del cuello de tu perro.<\/li>\n<li>Nuestro pa\u00f1uelo Born to be Wild viene en tama\u00f1os desde extrapeque\u00f1o hasta extragrande. Entonces, ya sea que tenga un chihuahua o un gran dan\u00e9s, tenemos un pa\u00f1uelo que se adaptar\u00e1 a su cachorro.<\/li>\n<li>La bandana est\u00e1 hecha con una interfaz para que no se amontone y siempre se vea fabulosa.<\/li>\n<li>Nuestro pa\u00f1uelo est\u00e1 hecho a mano con tela preencogida y lavable a m\u00e1quina. Puedes lavarlo en tu lavadora, luego ponerlo en la secadora y est\u00e1 listo para usar.<\/li>\n<li>Nuestro pa\u00f1uelo es realmente reversible con un estampado en un lado y un gr\u00e1fico termoadhesivo en el reverso, por lo que obtienes dos pa\u00f1uelos por el precio de uno.<\/li>\n<li>Puedes personalizar tu bandana con el nombre de tu cachorro.<\/li>\n<\/ul>","protected":false},"excerpt":{"rendered":"<p>Does your dog like to head out on the highway, looking for adventure? Does your pup get excited every Friday the 13th? Our Born to be Wild dog bandana features a Port Dover Motorcycle Rally orange print with a black reverse side. Now your pup can be ready for the fun when you strap them [&hellip;]<\/p>\n","protected":false},"featured_media":9011,"comment_status":"open","ping_status":"closed","template":"","meta":{"_acf_changed":false,"site-sidebar-layout":"default","site-content-layout":"default","ast-site-content-layout":"default","site-content-style":"default","site-sidebar-style":"default","ast-global-header-display":"","ast-banner-title-visibility":"","ast-main-header-display":"","ast-hfb-above-header-display":"","ast-hfb-below-header-display":"","ast-hfb-mobile-header-display":"","site-post-title":"","ast-breadcrumbs-content":"","ast-featured-img":"","footer-sml-layout":"","ast-disable-related-posts":"","theme-transparent-header-meta":"default","adv-header-id-meta":"","stick-header-meta":"default","header-above-stick-meta":"","header-main-stick-meta":"","header-below-stick-meta":"","astra-migrate-meta-layouts":"default","ast-page-background-enabled":"default","ast-page-background-meta":{"desktop":{"background-color":"","background-image":"","background-repeat":"repeat","background-position":"center center","background-size":"auto","background-attachment":"scroll","background-type":"","background-media":"","overlay-type":"","overlay-color":"","overlay-opacity":"","overlay-gradient":""},"tablet":{"background-color":"","background-image":"","background-repeat":"repeat","background-position":"center center","background-size":"auto","background-attachment":"scroll","background-type":"","background-media":"","overlay-type":"","overlay-color":"","overlay-opacity":"","overlay-gradient":""},"mobile":{"background-color":"","background-image":"","background-repeat":"repeat","background-position":"center center","background-size":"auto","background-attachment":"scroll","background-type":"","background-media":"","overlay-type":"","overlay-color":"","overlay-opacity":"","overlay-gradient":""}},"ast-content-background-meta":{"desktop":{"background-color":"var(--ast-global-color-5)","background-image":"","background-repeat":"repeat","background-position":"center center","background-size":"auto","background-attachment":"scroll","background-type":"","background-media":"","overlay-type":"","overlay-color":"","overlay-opacity":"","overlay-gradient":""},"tablet":{"background-color":"var(--ast-global-color-5)","background-image":"","background-repeat":"repeat","background-position":"center center","background-size":"auto","background-attachment":"scroll","background-type":"","background-media":"","overlay-type":"","overlay-color":"","overlay-opacity":"","overlay-gradient":""},"mobile":{"background-color":"var(--ast-global-color-5)","background-image":"","background-repeat":"repeat","background-position":"center center","background-size":"auto","background-attachment":"scroll","background-type":"","background-media":"","overlay-type":"","overlay-color":"","overlay-opacity":"","overlay-gradient":""}}},"product_brand":[],"product_cat":[36],"product_tag":[],"woo-feed-brand":[],"class_list":{"0":"post-9004","1":"product","2":"type-product","3":"status-publish","4":"has-post-thumbnail","6":"product_cat-pattern-dog-bandanas","7":"product_shipping_class-bandana","8":"desktop-align-center","9":"tablet-align-center","10":"mobile-align-center","11":"ast-product-gallery-layout-horizontal","12":"ast-product-gallery-with-no-image","13":"ast-product-single-variable","14":"ast-product-tabs-layout-horizontal","15":"ast-qv-on-image","17":"first","18":"instock","19":"shipping-taxable","20":"purchasable","21":"product-type-variable"},"acf":[],"_links":{"self":[{"href":"https:\/\/www.dressupyourpup.com\/es\/wp-json\/wp\/v2\/product\/9004","targetHints":{"allow":["GET"]}}],"collection":[{"href":"https:\/\/www.dressupyourpup.com\/es\/wp-json\/wp\/v2\/product"}],"about":[{"href":"https:\/\/www.dressupyourpup.com\/es\/wp-json\/wp\/v2\/types\/product"}],"replies":[{"embeddable":true,"href":"https:\/\/www.dressupyourpup.com\/es\/wp-json\/wp\/v2\/comments?post=9004"}],"wp:featuredmedia":[{"embeddable":true,"href":"https:\/\/www.dressupyourpup.com\/es\/wp-json\/wp\/v2\/media\/9011"}],"wp:attachment":[{"href":"https:\/\/www.dressupyourpup.com\/es\/wp-json\/wp\/v2\/media?parent=9004"}],"wp:term":[{"taxonomy":"product_brand","embeddable":true,"href":"https:\/\/www.dressupyourpup.com\/es\/wp-json\/wp\/v2\/product_brand?post=9004"},{"taxonomy":"product_cat","embeddable":true,"href":"https:\/\/www.dressupyourpup.com\/es\/wp-json\/wp\/v2\/product_cat?post=9004"},{"taxonomy":"product_tag","embeddable":true,"href":"https:\/\/www.dressupyourpup.com\/es\/wp-json\/wp\/v2\/product_tag?post=9004"},{"taxonomy":"woo-feed-brand","embeddable":true,"href":"https:\/\/www.dressupyourpup.com\/es\/wp-json\/wp\/v2\/woo-feed-brand?post=9004"}],"curies":[{"name":"wp","href":"https:\/\/api.w.org\/{rel}","templated":true}]}}