{"id":9284,"date":"2022-04-12T21:17:20","date_gmt":"2022-04-13T01:17:20","guid":{"rendered":"http:\/\/s903023292.onlinehome.us\/dressupyourpup.com\/?post_type=product&#038;p=9284"},"modified":"2025-11-25T19:02:45","modified_gmt":"2025-11-26T00:02:45","slug":"boston-celtics-perro-bandana","status":"publish","type":"product","link":"https:\/\/www.dressupyourpup.com\/es\/shop\/dog-bandanas\/team-spirit-dog-bandanas\/nba-dog-bandanas\/boston-celtics-dog-bandana\/","title":{"rendered":"Bandana para perro de los Boston Celtics"},"content":{"rendered":"<p>\u00a1Estas son las bandanas para perros de Larry Bird of Boston Celtics!<\/p>\n<p>\u00a1Los Boston Celtics van por otro campeonato de la NBA! Si no puedes estar en el TD Garden, puedes animarlos en casa con tu mejor amigo de cuatro patas. Mientras Jayson Tatum lidera a los Celtics hacia los playoffs, aseg\u00farate de que tu cachorro est\u00e9 vestido para la ocasi\u00f3n con nuestra hermosa bandana para perros de los Boston Celtics sobre el cuello. Despu\u00e9s de todo, no querr\u00e1s que la gente piense que tu perro es un <a href=\"https:\/\/www.dressupyourpup.com\/es\/producto\/milwaukee-bucks-dog-bandana\/\">d\u00f3lares de milwaukee<\/a>\u00a0fan\u00e1tico, \u00bfy t\u00fa?<\/p>\n<p>Si desea personalizarlo, puede agregar el nombre de su perro a lo largo del borde del pa\u00f1uelo.<\/p>\n<p><strong>Tenga en cuenta: si se selecciona, el nombre de su perro estar\u00e1 en el lado impreso del equipo, no en el lado impreso del baloncesto.<\/strong><\/p>\n<h2 style=\"text-align: center;\">Seis razones para comprar nuestra bandana para perros de los Boston Celtics<\/h2>\n<ul>\n<li>Nuestra bandana para perros de los Boston Celtics se deslizar\u00e1 f\u00e1cilmente sobre el collar, sin preocuparse por atarlo demasiado apretado o demasiado flojo alrededor del cuello de su perro.<\/li>\n<li>Nuestras bandanas de los Boston Celtics vienen en tama\u00f1os desde extrapeque\u00f1os hasta extragrandes. Entonces, ya sea que tenga un chihuahua o un gran dan\u00e9s, tenemos un pa\u00f1uelo que se adaptar\u00e1 a su cachorro.<\/li>\n<li>La bandana est\u00e1 hecha con una interfaz para que no se amontone y siempre se vea fabulosa.<\/li>\n<li>Nuestro pa\u00f1uelo est\u00e1 hecho a mano con tela preencogida y lavable a m\u00e1quina. Puedes lavarlo en tu lavadora, luego ponerlo en la secadora y est\u00e1 listo para usar.<\/li>\n<li>Nuestro pa\u00f1uelo es realmente reversible con un estampado del equipo en un lado y un estampado de baloncesto en el reverso, por lo que obtienes dos pa\u00f1uelos por el precio de uno.<\/li>\n<li>Puedes personalizar tu bandana de los Boston Celtics con el nombre de tu cachorro.<\/li>\n<\/ul>\n<p><b>Descargo de responsabilidad: Nuestros pa\u00f1uelos hechos a mano no son productos con licencia de la <a href=\"https:\/\/www.nba.com\/\" target=\"_blank\" rel=\"noopener noreferrer\">Asociacion Nacional de Basquetbol<\/a>. No estamos afiliados ni patrocinados por la <a href=\"https:\/\/www.nba.com\/\" target=\"_blank\" rel=\"noopener noreferrer\">Asociacion Nacional de Basquetbol<\/a>.<\/b><\/p>","protected":false},"excerpt":{"rendered":"<p>This is the Larry Bird of Boston Celtics dog bandanas! The Boston Celtics are going for another NBA Championship! If you can\u2019t be at the TD Garden then you can cheer them on at home with your four-legged best friend. As Jayson Tatum leads the Celtics towards the playoffs make sure your pup is dressed [&hellip;]<\/p>\n","protected":false},"featured_media":9884,"comment_status":"open","ping_status":"closed","template":"","meta":{"_acf_changed":false,"site-sidebar-layout":"default","site-content-layout":"default","ast-site-content-layout":"default","site-content-style":"default","site-sidebar-style":"default","ast-global-header-display":"","ast-banner-title-visibility":"","ast-main-header-display":"","ast-hfb-above-header-display":"","ast-hfb-below-header-display":"","ast-hfb-mobile-header-display":"","site-post-title":"","ast-breadcrumbs-content":"","ast-featured-img":"","footer-sml-layout":"","ast-disable-related-posts":"","theme-transparent-header-meta":"default","adv-header-id-meta":"","stick-header-meta":"default","header-above-stick-meta":"","header-main-stick-meta":"","header-below-stick-meta":"","astra-migrate-meta-layouts":"default","ast-page-background-enabled":"default","ast-page-background-meta":{"desktop":{"background-color":"","background-image":"","background-repeat":"repeat","background-position":"center center","background-size":"auto","background-attachment":"scroll","background-type":"","background-media":"","overlay-type":"","overlay-color":"","overlay-opacity":"","overlay-gradient":""},"tablet":{"background-color":"","background-image":"","background-repeat":"repeat","background-position":"center center","background-size":"auto","background-attachment":"scroll","background-type":"","background-media":"","overlay-type":"","overlay-color":"","overlay-opacity":"","overlay-gradient":""},"mobile":{"background-color":"","background-image":"","background-repeat":"repeat","background-position":"center center","background-size":"auto","background-attachment":"scroll","background-type":"","background-media":"","overlay-type":"","overlay-color":"","overlay-opacity":"","overlay-gradient":""}},"ast-content-background-meta":{"desktop":{"background-color":"var(--ast-global-color-5)","background-image":"","background-repeat":"repeat","background-position":"center center","background-size":"auto","background-attachment":"scroll","background-type":"","background-media":"","overlay-type":"","overlay-color":"","overlay-opacity":"","overlay-gradient":""},"tablet":{"background-color":"var(--ast-global-color-5)","background-image":"","background-repeat":"repeat","background-position":"center center","background-size":"auto","background-attachment":"scroll","background-type":"","background-media":"","overlay-type":"","overlay-color":"","overlay-opacity":"","overlay-gradient":""},"mobile":{"background-color":"var(--ast-global-color-5)","background-image":"","background-repeat":"repeat","background-position":"center center","background-size":"auto","background-attachment":"scroll","background-type":"","background-media":"","overlay-type":"","overlay-color":"","overlay-opacity":"","overlay-gradient":""}}},"product_brand":[],"product_cat":[41,62],"product_tag":[],"woo-feed-brand":[],"class_list":{"0":"post-9284","1":"product","2":"type-product","3":"status-publish","4":"has-post-thumbnail","6":"product_cat-team-spirit-dog-bandanas","7":"product_cat-nba-dog-bandanas","8":"product_shipping_class-bandana","9":"desktop-align-center","10":"tablet-align-center","11":"mobile-align-center","12":"ast-product-gallery-layout-horizontal","13":"ast-product-gallery-with-no-image","14":"ast-product-single-variable","15":"ast-product-tabs-layout-horizontal","16":"ast-qv-on-image","18":"first","19":"instock","20":"purchasable","21":"product-type-variable"},"acf":[],"_links":{"self":[{"href":"https:\/\/www.dressupyourpup.com\/es\/wp-json\/wp\/v2\/product\/9284","targetHints":{"allow":["GET"]}}],"collection":[{"href":"https:\/\/www.dressupyourpup.com\/es\/wp-json\/wp\/v2\/product"}],"about":[{"href":"https:\/\/www.dressupyourpup.com\/es\/wp-json\/wp\/v2\/types\/product"}],"replies":[{"embeddable":true,"href":"https:\/\/www.dressupyourpup.com\/es\/wp-json\/wp\/v2\/comments?post=9284"}],"wp:featuredmedia":[{"embeddable":true,"href":"https:\/\/www.dressupyourpup.com\/es\/wp-json\/wp\/v2\/media\/9884"}],"wp:attachment":[{"href":"https:\/\/www.dressupyourpup.com\/es\/wp-json\/wp\/v2\/media?parent=9284"}],"wp:term":[{"taxonomy":"product_brand","embeddable":true,"href":"https:\/\/www.dressupyourpup.com\/es\/wp-json\/wp\/v2\/product_brand?post=9284"},{"taxonomy":"product_cat","embeddable":true,"href":"https:\/\/www.dressupyourpup.com\/es\/wp-json\/wp\/v2\/product_cat?post=9284"},{"taxonomy":"product_tag","embeddable":true,"href":"https:\/\/www.dressupyourpup.com\/es\/wp-json\/wp\/v2\/product_tag?post=9284"},{"taxonomy":"woo-feed-brand","embeddable":true,"href":"https:\/\/www.dressupyourpup.com\/es\/wp-json\/wp\/v2\/woo-feed-brand?post=9284"}],"curies":[{"name":"wp","href":"https:\/\/api.w.org\/{rel}","templated":true}]}}