{"id":9619,"date":"2022-04-25T16:45:36","date_gmt":"2022-04-25T20:45:36","guid":{"rendered":"http:\/\/s903023292.onlinehome.us\/dressupyourpup.com\/?post_type=product&#038;p=9619"},"modified":"2025-11-25T19:07:14","modified_gmt":"2025-11-26T00:07:14","slug":"primavera-ha-saltado-rayas-perro-panuelo","status":"publish","type":"product","link":"https:\/\/www.dressupyourpup.com\/es\/shop\/dog-bandanas\/pattern-dog-bandanas\/spring-has-sprung-stripes-dog-bandana\/","title":{"rendered":"Spring has Sprung Stripes Bandana para perros"},"content":{"rendered":"<p>Esta primavera tiene un pa\u00f1uelo para perros Sprung Stripes que se ver\u00eda genial en tu perro. Es una preciosa tela de algod\u00f3n con rayas moradas, rosas y blancas. El reverso se puede personalizar con una tela s\u00f3lida, el color de su elecci\u00f3n y un gr\u00e1fico de vinilo termoadhesivo blanco, de su elecci\u00f3n. La bandana para perros tambi\u00e9n se puede personalizar con el nombre de tu perro en el lado rayado.<\/p>\n<p>\u00a1Este pa\u00f1uelo preencogido, hecho a mano sobre el collar del perro har\u00e1 que tu perro sea la envidia del parque para perros!<\/p>\n<h2 style=\"text-align: center;\">Seis razones para comprar nuestra bandana Spring has Sprung Stripes<\/h2>\n<ul>\n<li>Nuestro pa\u00f1uelo para perros Spring has Sprung Stripes se deslizar\u00e1 f\u00e1cilmente sobre el collar. Ya no tendr\u00e1s que preocuparte por atarlo demasiado apretado o demasiado flojo alrededor del cuello de tu perro.<\/li>\n<li>Nuestra bandana para perros Spring has Sprung Stripes viene en tama\u00f1os desde extrapeque\u00f1o hasta extragrande. Entonces, ya sea que tenga un chihuahua o un gran dan\u00e9s, tenemos un pa\u00f1uelo que se adaptar\u00e1 a su cachorro.<\/li>\n<li>La bandana est\u00e1 hecha con una interfaz para que no se amontone y siempre se vea fabulosa.<\/li>\n<li>Nuestro pa\u00f1uelo est\u00e1 hecho a mano con tela preencogida y lavable a m\u00e1quina. Puedes lavarlo en tu lavadora, luego ponerlo en la secadora y est\u00e1 listo para usar.<\/li>\n<li>Nuestro pa\u00f1uelo es realmente reversible con un estampado en un lado y un gr\u00e1fico termoadhesivo en el reverso, por lo que obtienes dos pa\u00f1uelos por el precio de uno.<\/li>\n<li>Puedes personalizar tu bandana con el nombre de tu cachorro.<\/li>\n<\/ul>","protected":false},"excerpt":{"rendered":"<p>This Spring has Sprung Stripes dog bandana would look paw-some on your dog. It is a beautiful cotton fabric with purple, pink and white stripes.\u00a0 The reverse side can be customized with a solid fabric, colour of your choice and a white iron -on vinyl graphic, of your choice.\u00a0 The dog bandana can also be [&hellip;]<\/p>\n","protected":false},"featured_media":9613,"comment_status":"open","ping_status":"closed","template":"","meta":{"_acf_changed":false,"site-sidebar-layout":"default","site-content-layout":"default","ast-site-content-layout":"default","site-content-style":"default","site-sidebar-style":"default","ast-global-header-display":"","ast-banner-title-visibility":"","ast-main-header-display":"","ast-hfb-above-header-display":"","ast-hfb-below-header-display":"","ast-hfb-mobile-header-display":"","site-post-title":"","ast-breadcrumbs-content":"","ast-featured-img":"","footer-sml-layout":"","ast-disable-related-posts":"","theme-transparent-header-meta":"default","adv-header-id-meta":"","stick-header-meta":"default","header-above-stick-meta":"","header-main-stick-meta":"","header-below-stick-meta":"","astra-migrate-meta-layouts":"default","ast-page-background-enabled":"default","ast-page-background-meta":{"desktop":{"background-color":"","background-image":"","background-repeat":"repeat","background-position":"center center","background-size":"auto","background-attachment":"scroll","background-type":"","background-media":"","overlay-type":"","overlay-color":"","overlay-opacity":"","overlay-gradient":""},"tablet":{"background-color":"","background-image":"","background-repeat":"repeat","background-position":"center center","background-size":"auto","background-attachment":"scroll","background-type":"","background-media":"","overlay-type":"","overlay-color":"","overlay-opacity":"","overlay-gradient":""},"mobile":{"background-color":"","background-image":"","background-repeat":"repeat","background-position":"center center","background-size":"auto","background-attachment":"scroll","background-type":"","background-media":"","overlay-type":"","overlay-color":"","overlay-opacity":"","overlay-gradient":""}},"ast-content-background-meta":{"desktop":{"background-color":"var(--ast-global-color-5)","background-image":"","background-repeat":"repeat","background-position":"center center","background-size":"auto","background-attachment":"scroll","background-type":"","background-media":"","overlay-type":"","overlay-color":"","overlay-opacity":"","overlay-gradient":""},"tablet":{"background-color":"var(--ast-global-color-5)","background-image":"","background-repeat":"repeat","background-position":"center center","background-size":"auto","background-attachment":"scroll","background-type":"","background-media":"","overlay-type":"","overlay-color":"","overlay-opacity":"","overlay-gradient":""},"mobile":{"background-color":"var(--ast-global-color-5)","background-image":"","background-repeat":"repeat","background-position":"center center","background-size":"auto","background-attachment":"scroll","background-type":"","background-media":"","overlay-type":"","overlay-color":"","overlay-opacity":"","overlay-gradient":""}}},"product_brand":[],"product_cat":[36],"product_tag":[],"woo-feed-brand":[],"class_list":{"0":"post-9619","1":"product","2":"type-product","3":"status-publish","4":"has-post-thumbnail","6":"product_cat-pattern-dog-bandanas","7":"product_shipping_class-bandana","8":"desktop-align-center","9":"tablet-align-center","10":"mobile-align-center","11":"ast-product-gallery-layout-horizontal","12":"ast-product-gallery-with-no-image","13":"ast-product-single-variable","14":"ast-product-tabs-layout-horizontal","15":"ast-qv-on-image","17":"first","18":"instock","19":"shipping-taxable","20":"purchasable","21":"product-type-variable"},"acf":[],"_links":{"self":[{"href":"https:\/\/www.dressupyourpup.com\/es\/wp-json\/wp\/v2\/product\/9619","targetHints":{"allow":["GET"]}}],"collection":[{"href":"https:\/\/www.dressupyourpup.com\/es\/wp-json\/wp\/v2\/product"}],"about":[{"href":"https:\/\/www.dressupyourpup.com\/es\/wp-json\/wp\/v2\/types\/product"}],"replies":[{"embeddable":true,"href":"https:\/\/www.dressupyourpup.com\/es\/wp-json\/wp\/v2\/comments?post=9619"}],"wp:featuredmedia":[{"embeddable":true,"href":"https:\/\/www.dressupyourpup.com\/es\/wp-json\/wp\/v2\/media\/9613"}],"wp:attachment":[{"href":"https:\/\/www.dressupyourpup.com\/es\/wp-json\/wp\/v2\/media?parent=9619"}],"wp:term":[{"taxonomy":"product_brand","embeddable":true,"href":"https:\/\/www.dressupyourpup.com\/es\/wp-json\/wp\/v2\/product_brand?post=9619"},{"taxonomy":"product_cat","embeddable":true,"href":"https:\/\/www.dressupyourpup.com\/es\/wp-json\/wp\/v2\/product_cat?post=9619"},{"taxonomy":"product_tag","embeddable":true,"href":"https:\/\/www.dressupyourpup.com\/es\/wp-json\/wp\/v2\/product_tag?post=9619"},{"taxonomy":"woo-feed-brand","embeddable":true,"href":"https:\/\/www.dressupyourpup.com\/es\/wp-json\/wp\/v2\/woo-feed-brand?post=9619"}],"curies":[{"name":"wp","href":"https:\/\/api.w.org\/{rel}","templated":true}]}}