{"id":12166,"date":"2023-06-22T21:26:56","date_gmt":"2023-06-23T01:26:56","guid":{"rendered":"https:\/\/matthewm364.sg-host.com\/dressupyourpup.com\/?post_type=product&#038;p=12166"},"modified":"2025-11-25T19:18:42","modified_gmt":"2025-11-26T00:18:42","slug":"bandana-chien-paisley-rose-8","status":"publish","type":"product","link":"https:\/\/www.dressupyourpup.com\/fr\/shop\/dog-bandanas\/pattern-dog-bandanas\/tropical-tails-dog-bandana\/","title":{"rendered":"Bandana pour chien Tropical Tails"},"content":{"rendered":"<p>Turn your furry friend into the life of the party with our Tropical Tails Over-the-Collar Dog Bandana! This isn&#8217;t just a bandana, it&#8217;s a passport to paradise that infuses your pup&#8217;s wardrobe with a vibrant, beachy vibe.<\/p>\n<p>On one side of the bandana, a striking blue print comes alive with pink flamingos and green palm trees, bringing a splash of the tropics to any occasion. This sunny design ensures your four-legged friend will be the talk of every dog park, beach, or backyard BBQ they attend!<\/p>\n<p>Flip the bandana over to find a solid, peppy pink canvas ready to be personalized with one of our premade graphics. Whether your pup is a &#8216;happy-go-lucky hound&#8217; or a &#8216;cool and collected canine&#8217;, there&#8217;s a design perfect for showcasing their unique personality.<\/p>\n<p>Our Tropical Tails bandana is designed to slip effortlessly over your dog&#8217;s collar, offering a secure and comfortable fit. Crafted from durable, high-quality materials, it&#8217;s the perfect accessory to withstand all your pet&#8217;s sun-soaked adventures.<\/p>\n<p>Don&#8217;t wait to bring the beach party to your pup! Order the Tropical Tails Over-the-Collar Dog Bandana today and let your canine companion flaunt their tropical style!<\/p>\n<p>Please note: While our bandana can inspire dreams of palm trees and flamingos, it doesn&#8217;t actually provide your dog with sunscreen or the ability to do the limbo.<\/p>\n<p>The dog bandana can also be customized with your dog&#8217;s name on the pink flamingo side.<\/p>\n<p>Ce bandana pr\u00e9-r\u00e9tr\u00e9ci, fabriqu\u00e9 \u00e0 la main sur le collier pour chien fera l&#039;envie de votre chien du parc \u00e0 chiens !<\/p>\n<h2 style=\"text-align: center;\">Six Reasons to Buy Our Tropical Tails Dog Bandana<\/h2>\n<ul>\n<li>Our Tropical Tails dog bandana will easily slip over the collar. No more worrying about tying it too tight or too loose around your dog\u2019s neck<\/li>\n<li>Our Tropical Tails dog bandana comes in sizes from extra-small to extra-large. So whether you have a chihuahua or a great dane, we have a bandana that will fit your pup<\/li>\n<li>Le bandana est fait d&#039;interfa\u00e7age pour ne pas se grouper et avoir toujours l&#039;air fabuleux<\/li>\n<li>Notre bandana est fabriqu\u00e9 \u00e0 la main \u00e0 partir de tissu pr\u00e9-r\u00e9tr\u00e9ci lavable en machine. Vous pouvez le laver dans votre machine \u00e0 laver puis le mettre au s\u00e8che-linge et il est pr\u00eat \u00e0 porter<\/li>\n<li>Notre bandana est vraiment r\u00e9versible avec un imprim\u00e9 sur un c\u00f4t\u00e9 et un graphisme thermocollant au dos, vous obtenez donc deux bandanas pour le prix d&#039;un<\/li>\n<li>Vous pouvez personnaliser votre bandana avec le nom de votre chiot dessus<\/li>\n<\/ul>","protected":false},"excerpt":{"rendered":"<p>Turn your furry friend into the life of the party with our Tropical Tails Over-the-Collar Dog Bandana! This isn&#8217;t just a bandana, it&#8217;s a passport to paradise that infuses your pup&#8217;s wardrobe with a vibrant, beachy vibe. On one side of the bandana, a striking blue print comes alive with pink flamingos and green palm [&hellip;]<\/p>\n","protected":false},"featured_media":12011,"comment_status":"open","ping_status":"closed","template":"","meta":{"_acf_changed":false,"site-sidebar-layout":"default","site-content-layout":"default","ast-site-content-layout":"default","site-content-style":"default","site-sidebar-style":"default","ast-global-header-display":"","ast-banner-title-visibility":"","ast-main-header-display":"","ast-hfb-above-header-display":"","ast-hfb-below-header-display":"","ast-hfb-mobile-header-display":"","site-post-title":"","ast-breadcrumbs-content":"","ast-featured-img":"","footer-sml-layout":"","ast-disable-related-posts":"","theme-transparent-header-meta":"default","adv-header-id-meta":"","stick-header-meta":"default","header-above-stick-meta":"","header-main-stick-meta":"","header-below-stick-meta":"","astra-migrate-meta-layouts":"default","ast-page-background-enabled":"default","ast-page-background-meta":{"desktop":{"background-color":"","background-image":"","background-repeat":"repeat","background-position":"center center","background-size":"auto","background-attachment":"scroll","background-type":"","background-media":"","overlay-type":"","overlay-color":"","overlay-opacity":"","overlay-gradient":""},"tablet":{"background-color":"","background-image":"","background-repeat":"repeat","background-position":"center center","background-size":"auto","background-attachment":"scroll","background-type":"","background-media":"","overlay-type":"","overlay-color":"","overlay-opacity":"","overlay-gradient":""},"mobile":{"background-color":"","background-image":"","background-repeat":"repeat","background-position":"center center","background-size":"auto","background-attachment":"scroll","background-type":"","background-media":"","overlay-type":"","overlay-color":"","overlay-opacity":"","overlay-gradient":""}},"ast-content-background-meta":{"desktop":{"background-color":"var(--ast-global-color-5)","background-image":"","background-repeat":"repeat","background-position":"center center","background-size":"auto","background-attachment":"scroll","background-type":"","background-media":"","overlay-type":"","overlay-color":"","overlay-opacity":"","overlay-gradient":""},"tablet":{"background-color":"var(--ast-global-color-5)","background-image":"","background-repeat":"repeat","background-position":"center center","background-size":"auto","background-attachment":"scroll","background-type":"","background-media":"","overlay-type":"","overlay-color":"","overlay-opacity":"","overlay-gradient":""},"mobile":{"background-color":"var(--ast-global-color-5)","background-image":"","background-repeat":"repeat","background-position":"center center","background-size":"auto","background-attachment":"scroll","background-type":"","background-media":"","overlay-type":"","overlay-color":"","overlay-opacity":"","overlay-gradient":""}}},"product_brand":[],"product_cat":[36],"product_tag":[],"woo-feed-brand":[],"class_list":{"0":"post-12166","1":"product","2":"type-product","3":"status-publish","4":"has-post-thumbnail","6":"product_cat-pattern-dog-bandanas","7":"product_shipping_class-bandana","8":"desktop-align-center","9":"tablet-align-center","10":"mobile-align-center","11":"ast-product-gallery-layout-horizontal","12":"ast-product-gallery-with-no-image","13":"ast-product-single-variable","14":"ast-product-tabs-layout-horizontal","15":"ast-qv-on-image","17":"first","18":"instock","19":"shipping-taxable","20":"purchasable","21":"product-type-variable"},"acf":[],"_links":{"self":[{"href":"https:\/\/www.dressupyourpup.com\/fr\/wp-json\/wp\/v2\/product\/12166","targetHints":{"allow":["GET"]}}],"collection":[{"href":"https:\/\/www.dressupyourpup.com\/fr\/wp-json\/wp\/v2\/product"}],"about":[{"href":"https:\/\/www.dressupyourpup.com\/fr\/wp-json\/wp\/v2\/types\/product"}],"replies":[{"embeddable":true,"href":"https:\/\/www.dressupyourpup.com\/fr\/wp-json\/wp\/v2\/comments?post=12166"}],"wp:featuredmedia":[{"embeddable":true,"href":"https:\/\/www.dressupyourpup.com\/fr\/wp-json\/wp\/v2\/media\/12011"}],"wp:attachment":[{"href":"https:\/\/www.dressupyourpup.com\/fr\/wp-json\/wp\/v2\/media?parent=12166"}],"wp:term":[{"taxonomy":"product_brand","embeddable":true,"href":"https:\/\/www.dressupyourpup.com\/fr\/wp-json\/wp\/v2\/product_brand?post=12166"},{"taxonomy":"product_cat","embeddable":true,"href":"https:\/\/www.dressupyourpup.com\/fr\/wp-json\/wp\/v2\/product_cat?post=12166"},{"taxonomy":"product_tag","embeddable":true,"href":"https:\/\/www.dressupyourpup.com\/fr\/wp-json\/wp\/v2\/product_tag?post=12166"},{"taxonomy":"woo-feed-brand","embeddable":true,"href":"https:\/\/www.dressupyourpup.com\/fr\/wp-json\/wp\/v2\/woo-feed-brand?post=12166"}],"curies":[{"name":"wp","href":"https:\/\/api.w.org\/{rel}","templated":true}]}}