{"id":12167,"date":"2023-06-22T21:26:56","date_gmt":"2023-06-23T01:26:56","guid":{"rendered":"https:\/\/matthewm364.sg-host.com\/dressupyourpup.com\/?post_type=product&#038;p=12167"},"modified":"2025-11-25T19:18:58","modified_gmt":"2025-11-26T00:18:58","slug":"bandana-chien-paisley-rose-9","status":"publish","type":"product","link":"https:\/\/www.dressupyourpup.com\/fr\/shop\/dog-bandanas\/pattern-dog-bandanas\/snoopy-surf-squad-dog-bandana\/","title":{"rendered":"Bandana pour chien Snoopy Surf Squad"},"content":{"rendered":"<p>Surf&#8217;s up, pups! Bring home the beach vibes with our delightful Snoopy Surf Squad Over-the-Collar Dog Bandana. This isn&#8217;t just a bandana, it&#8217;s a wave of fun and fashion that&#8217;ll make your dog the coolest canine on the block.<\/p>\n<p>One side of the bandana showcases our blue print of the beloved beagle, Snoopy, catching some serious surf. The playful design is sure to turn heads and wag tails wherever your furry friend struts their stuff. It&#8217;s a throwback to those classic Peanuts comics we all love, combined with a splash of modern surfer-chic.<\/p>\n<p>Flip the bandana over and you&#8217;re greeted by a vibrant, solid orange color. This reverse side is just waiting to be personalized with one of our premade graphics. Choose from a range of fun designs to add an extra special touch that showcases your pet&#8217;s unique personality.<\/p>\n<p>Our Snoopy Surf Squad bandana is designed to slide effortlessly over your dog&#8217;s collar for a secure and comfortable fit. It&#8217;s made from top-quality, durable materials, ensuring it&#8217;ll survive the hustle and bustle of your dog&#8217;s active life, from beach outings to backyard playdates.<\/p>\n<p>With the Snoopy Surf Squad Over-the-Collar Dog Bandana, your furry friend is ready to ride the style wave. So why wait? Order your bandana today and let your pup express their inner surfer!<\/p>\n<p>Remember, while our bandana may invoke dreams of salty sea breezes and epic wave-riding, it doesn&#8217;t give your pet any actual surfing skills.<\/p>\n<p>The dog bandana can also be customized with your dog&#8217;s name on the surf&#8217;s up side.<\/p>\n<p>Ce bandana pr\u00e9-r\u00e9tr\u00e9ci, fabriqu\u00e9 \u00e0 la main sur le collier pour chien fera l&#039;envie de votre chien du parc \u00e0 chiens !<\/p>\n<h2 style=\"text-align: center;\">Six Reasons to Buy Our Snoopy Surf Squad Dog Bandana<\/h2>\n<ul>\n<li>Our Snoopy Surf Squad dog bandana will easily slip over the collar. No more worrying about tying it too tight or too loose around your dog\u2019s neck<\/li>\n<li>Our Snoopy Surf Squad dog bandana comes in sizes from extra-small to extra-large. So whether you have a chihuahua or a great dane, we have a bandana that will fit your pup<\/li>\n<li>Le bandana est fait d&#039;interfa\u00e7age pour ne pas se grouper et avoir toujours l&#039;air fabuleux<\/li>\n<li>Notre bandana est fabriqu\u00e9 \u00e0 la main \u00e0 partir de tissu pr\u00e9-r\u00e9tr\u00e9ci lavable en machine. Vous pouvez le laver dans votre machine \u00e0 laver puis le mettre au s\u00e8che-linge et il est pr\u00eat \u00e0 porter<\/li>\n<li>Notre bandana est vraiment r\u00e9versible avec un imprim\u00e9 sur un c\u00f4t\u00e9 et un graphisme thermocollant au dos, vous obtenez donc deux bandanas pour le prix d&#039;un<\/li>\n<li>Vous pouvez personnaliser votre bandana avec le nom de votre chiot dessus<\/li>\n<\/ul>","protected":false},"excerpt":{"rendered":"<p>Surf&#8217;s up, pups! Bring home the beach vibes with our delightful Snoopy Surf Squad Over-the-Collar Dog Bandana. This isn&#8217;t just a bandana, it&#8217;s a wave of fun and fashion that&#8217;ll make your dog the coolest canine on the block. One side of the bandana showcases our blue print of the beloved beagle, Snoopy, catching some [&hellip;]<\/p>\n","protected":false},"featured_media":11986,"comment_status":"open","ping_status":"closed","template":"","meta":{"_acf_changed":false,"site-sidebar-layout":"default","site-content-layout":"default","ast-site-content-layout":"default","site-content-style":"default","site-sidebar-style":"default","ast-global-header-display":"","ast-banner-title-visibility":"","ast-main-header-display":"","ast-hfb-above-header-display":"","ast-hfb-below-header-display":"","ast-hfb-mobile-header-display":"","site-post-title":"","ast-breadcrumbs-content":"","ast-featured-img":"","footer-sml-layout":"","ast-disable-related-posts":"","theme-transparent-header-meta":"default","adv-header-id-meta":"","stick-header-meta":"default","header-above-stick-meta":"","header-main-stick-meta":"","header-below-stick-meta":"","astra-migrate-meta-layouts":"default","ast-page-background-enabled":"default","ast-page-background-meta":{"desktop":{"background-color":"","background-image":"","background-repeat":"repeat","background-position":"center center","background-size":"auto","background-attachment":"scroll","background-type":"","background-media":"","overlay-type":"","overlay-color":"","overlay-opacity":"","overlay-gradient":""},"tablet":{"background-color":"","background-image":"","background-repeat":"repeat","background-position":"center center","background-size":"auto","background-attachment":"scroll","background-type":"","background-media":"","overlay-type":"","overlay-color":"","overlay-opacity":"","overlay-gradient":""},"mobile":{"background-color":"","background-image":"","background-repeat":"repeat","background-position":"center center","background-size":"auto","background-attachment":"scroll","background-type":"","background-media":"","overlay-type":"","overlay-color":"","overlay-opacity":"","overlay-gradient":""}},"ast-content-background-meta":{"desktop":{"background-color":"var(--ast-global-color-5)","background-image":"","background-repeat":"repeat","background-position":"center center","background-size":"auto","background-attachment":"scroll","background-type":"","background-media":"","overlay-type":"","overlay-color":"","overlay-opacity":"","overlay-gradient":""},"tablet":{"background-color":"var(--ast-global-color-5)","background-image":"","background-repeat":"repeat","background-position":"center center","background-size":"auto","background-attachment":"scroll","background-type":"","background-media":"","overlay-type":"","overlay-color":"","overlay-opacity":"","overlay-gradient":""},"mobile":{"background-color":"var(--ast-global-color-5)","background-image":"","background-repeat":"repeat","background-position":"center center","background-size":"auto","background-attachment":"scroll","background-type":"","background-media":"","overlay-type":"","overlay-color":"","overlay-opacity":"","overlay-gradient":""}}},"product_brand":[],"product_cat":[36],"product_tag":[],"woo-feed-brand":[],"class_list":{"0":"post-12167","1":"product","2":"type-product","3":"status-publish","4":"has-post-thumbnail","6":"product_cat-pattern-dog-bandanas","7":"product_shipping_class-bandana","8":"desktop-align-center","9":"tablet-align-center","10":"mobile-align-center","11":"ast-product-gallery-layout-horizontal","12":"ast-product-gallery-with-no-image","13":"ast-product-single-variable","14":"ast-product-tabs-layout-horizontal","15":"ast-qv-on-image","17":"first","18":"instock","19":"shipping-taxable","20":"purchasable","21":"product-type-variable"},"acf":[],"_links":{"self":[{"href":"https:\/\/www.dressupyourpup.com\/fr\/wp-json\/wp\/v2\/product\/12167","targetHints":{"allow":["GET"]}}],"collection":[{"href":"https:\/\/www.dressupyourpup.com\/fr\/wp-json\/wp\/v2\/product"}],"about":[{"href":"https:\/\/www.dressupyourpup.com\/fr\/wp-json\/wp\/v2\/types\/product"}],"replies":[{"embeddable":true,"href":"https:\/\/www.dressupyourpup.com\/fr\/wp-json\/wp\/v2\/comments?post=12167"}],"wp:featuredmedia":[{"embeddable":true,"href":"https:\/\/www.dressupyourpup.com\/fr\/wp-json\/wp\/v2\/media\/11986"}],"wp:attachment":[{"href":"https:\/\/www.dressupyourpup.com\/fr\/wp-json\/wp\/v2\/media?parent=12167"}],"wp:term":[{"taxonomy":"product_brand","embeddable":true,"href":"https:\/\/www.dressupyourpup.com\/fr\/wp-json\/wp\/v2\/product_brand?post=12167"},{"taxonomy":"product_cat","embeddable":true,"href":"https:\/\/www.dressupyourpup.com\/fr\/wp-json\/wp\/v2\/product_cat?post=12167"},{"taxonomy":"product_tag","embeddable":true,"href":"https:\/\/www.dressupyourpup.com\/fr\/wp-json\/wp\/v2\/product_tag?post=12167"},{"taxonomy":"woo-feed-brand","embeddable":true,"href":"https:\/\/www.dressupyourpup.com\/fr\/wp-json\/wp\/v2\/woo-feed-brand?post=12167"}],"curies":[{"name":"wp","href":"https:\/\/api.w.org\/{rel}","templated":true}]}}