{"id":14549,"date":"2024-09-23T11:22:54","date_gmt":"2024-09-23T15:22:54","guid":{"rendered":"https:\/\/matthewm364.sg-host.com\/dressupyourpup.com\/?post_type=product&#038;p=14549"},"modified":"2025-11-25T19:25:31","modified_gmt":"2025-11-26T00:25:31","slug":"kansas-city-chiefs-collier-de-chien-7","status":"publish","type":"product","link":"https:\/\/www.dressupyourpup.com\/fr\/shop\/dog-collars\/team-spirit\/mlb\/st-louis-cardinals-dog-collar\/","title":{"rendered":"Collier pour chien St. Louis Cardinals"},"content":{"rendered":"<p>Faites passer l'amour de votre ami \u00e0 fourrure pour les St. Louis Cardinals au niveau sup\u00e9rieur avec cet \u00e9l\u00e9gant collier pour chien. Fabriqu\u00e9 \u00e0 partir de sangles en polypropyl\u00e8ne r\u00e9sistantes et orn\u00e9 d'un motif stylis\u00e9 de la toile de coton des Cardinals, ce collier est con\u00e7u pour durer tout au long des jeux et des aventures. La boucle profil\u00e9e nickel\u00e9e de 1 pouce offre un ajustement s\u00fbr, garantissant que votre chien est toujours en s\u00e9curit\u00e9 et \u00e0 l'aise. Affichez votre esprit d'\u00e9quipe avec cet accessoire indispensable pour tout fan des Cardinals et son compagnon \u00e0 quatre pattes. Apr\u00e8s tout, vous ne voulez pas que les gens pensent que votre chien est un fan des Cardinals. <a href=\"https:\/\/www.dressupyourpup.com\/fr\/boutique\/colliers-de-chien\/kansas-city-chiefs-collier-de-chien-4\/\">Les G\u00e9ants de San Francisco<\/a> Louis Cardinals, n'est-ce pas ?  Le collier pour chien St. Louis Cardinals est fabriqu\u00e9 avec une sangle en polypropyl\u00e8ne r\u00e9sistante de 1 pouce et des accessoires en m\u00e9tal :<\/p>\n<ul>\n<li>Boucles nickel\u00e9es de 2,5 cm qui sont profil\u00e9es pour un maximum de confort pour votre chiot.<\/li>\n<li>Anneaux en D soud\u00e9s lourds de 1 pouce pour attacher votre laisse \u00e0<\/li>\n<li>Curseurs tri-glide arrondis \u00e0 ouverture large en m\u00e9tal de 1 pouce pour ajuster facilement la taille du collier<\/li>\n<\/ul>\n<p><b>Disclaimer: Our hand-made collars are not licensed products from <a href=\"https:\/\/www.mlb.com\" target=\"_blank\" rel=\"noopener\">MLB<\/a>. Nous ne sommes ni affili\u00e9s ni sponsoris\u00e9s par <a href=\"https:\/\/www.mlb.com\" target=\"_blank\" rel=\"noopener\">MLB<\/a><\/b><\/p>","protected":false},"excerpt":{"rendered":"<p>Take your furry friend\u2019s love for the St. Louis Cardinals to the next level with this stylish St. Louis Cardinals dog collar. Made with heavy-duty polypropylene webbing and adorned with a stylish pattern of the Cardinals\u2019 cotton fabric, this collar is built to last through playtime and adventure. The 1-inch nickel-plated contoured buckle provides a [&hellip;]<\/p>\n","protected":false},"featured_media":14569,"comment_status":"open","ping_status":"closed","template":"","meta":{"_acf_changed":false,"site-sidebar-layout":"default","site-content-layout":"default","ast-site-content-layout":"default","site-content-style":"default","site-sidebar-style":"default","ast-global-header-display":"","ast-banner-title-visibility":"","ast-main-header-display":"","ast-hfb-above-header-display":"","ast-hfb-below-header-display":"","ast-hfb-mobile-header-display":"","site-post-title":"","ast-breadcrumbs-content":"","ast-featured-img":"","footer-sml-layout":"","ast-disable-related-posts":"","theme-transparent-header-meta":"default","adv-header-id-meta":"","stick-header-meta":"default","header-above-stick-meta":"","header-main-stick-meta":"","header-below-stick-meta":"","astra-migrate-meta-layouts":"set","ast-page-background-enabled":"default","ast-page-background-meta":{"desktop":{"background-color":"","background-image":"","background-repeat":"repeat","background-position":"center center","background-size":"auto","background-attachment":"scroll","background-type":"","background-media":"","overlay-type":"","overlay-color":"","overlay-opacity":"","overlay-gradient":""},"tablet":{"background-color":"","background-image":"","background-repeat":"repeat","background-position":"center center","background-size":"auto","background-attachment":"scroll","background-type":"","background-media":"","overlay-type":"","overlay-color":"","overlay-opacity":"","overlay-gradient":""},"mobile":{"background-color":"","background-image":"","background-repeat":"repeat","background-position":"center center","background-size":"auto","background-attachment":"scroll","background-type":"","background-media":"","overlay-type":"","overlay-color":"","overlay-opacity":"","overlay-gradient":""}},"ast-content-background-meta":{"desktop":{"background-color":"var(--ast-global-color-5)","background-image":"","background-repeat":"repeat","background-position":"center center","background-size":"auto","background-attachment":"scroll","background-type":"","background-media":"","overlay-type":"","overlay-color":"","overlay-opacity":"","overlay-gradient":""},"tablet":{"background-color":"var(--ast-global-color-5)","background-image":"","background-repeat":"repeat","background-position":"center center","background-size":"auto","background-attachment":"scroll","background-type":"","background-media":"","overlay-type":"","overlay-color":"","overlay-opacity":"","overlay-gradient":""},"mobile":{"background-color":"var(--ast-global-color-5)","background-image":"","background-repeat":"repeat","background-position":"center center","background-size":"auto","background-attachment":"scroll","background-type":"","background-media":"","overlay-type":"","overlay-color":"","overlay-opacity":"","overlay-gradient":""}}},"product_brand":[],"product_cat":[94,263],"product_tag":[],"woo-feed-brand":[],"class_list":{"0":"post-14549","1":"product","2":"type-product","3":"status-publish","4":"has-post-thumbnail","6":"product_cat-dog-collars","7":"product_cat-mlb","8":"product_shipping_class-products","9":"desktop-align-center","10":"tablet-align-center","11":"mobile-align-center","12":"ast-product-gallery-layout-horizontal","13":"ast-product-gallery-with-no-image","14":"ast-product-single-variable","15":"ast-product-tabs-layout-horizontal","16":"ast-qv-on-image","18":"first","19":"instock","20":"shipping-taxable","21":"purchasable","22":"product-type-variable"},"acf":[],"_links":{"self":[{"href":"https:\/\/www.dressupyourpup.com\/fr\/wp-json\/wp\/v2\/product\/14549","targetHints":{"allow":["GET"]}}],"collection":[{"href":"https:\/\/www.dressupyourpup.com\/fr\/wp-json\/wp\/v2\/product"}],"about":[{"href":"https:\/\/www.dressupyourpup.com\/fr\/wp-json\/wp\/v2\/types\/product"}],"replies":[{"embeddable":true,"href":"https:\/\/www.dressupyourpup.com\/fr\/wp-json\/wp\/v2\/comments?post=14549"}],"wp:featuredmedia":[{"embeddable":true,"href":"https:\/\/www.dressupyourpup.com\/fr\/wp-json\/wp\/v2\/media\/14569"}],"wp:attachment":[{"href":"https:\/\/www.dressupyourpup.com\/fr\/wp-json\/wp\/v2\/media?parent=14549"}],"wp:term":[{"taxonomy":"product_brand","embeddable":true,"href":"https:\/\/www.dressupyourpup.com\/fr\/wp-json\/wp\/v2\/product_brand?post=14549"},{"taxonomy":"product_cat","embeddable":true,"href":"https:\/\/www.dressupyourpup.com\/fr\/wp-json\/wp\/v2\/product_cat?post=14549"},{"taxonomy":"product_tag","embeddable":true,"href":"https:\/\/www.dressupyourpup.com\/fr\/wp-json\/wp\/v2\/product_tag?post=14549"},{"taxonomy":"woo-feed-brand","embeddable":true,"href":"https:\/\/www.dressupyourpup.com\/fr\/wp-json\/wp\/v2\/woo-feed-brand?post=14549"}],"curies":[{"name":"wp","href":"https:\/\/api.w.org\/{rel}","templated":true}]}}