{"id":14761,"date":"2024-12-22T02:20:12","date_gmt":"2024-12-22T07:20:12","guid":{"rendered":"https:\/\/matthewm364.sg-host.com\/dressupyourpup.com\/?post_type=product&#038;p=14761"},"modified":"2025-11-25T19:27:06","modified_gmt":"2025-11-26T00:27:06","slug":"denver-broncos-dog-collar","status":"publish","type":"product","link":"https:\/\/www.dressupyourpup.com\/fr\/shop\/dog-collars\/team-spirit\/nfl-team-spirit\/denver-broncos-dog-collar\/","title":{"rendered":"Denver Broncos Dog Collar"},"content":{"rendered":"<p>Take your furry friend\u2019s love for the Denver Broncos to the next level with this stylish Denver Broncos dog collar. Made with heavy-duty polypropylene webbing and adorned with a stylish pattern of orange Broncos cotton fabric, this collar is built to last through playtime and adventure. The 1-inch nickel-plated contoured buckle provides a secure fit, ensuring your pup is always safe and comfortable. Show off your team spirit with this must-have accessory for any Broncos fan and their four-legged companion. After all, you don\u2019t want people thinking your dog is a <a href=\"https:\/\/www.dressupyourpup.com\/fr\/boutique\/colliers-de-chien\/esprit-dequipe\/nfl-team-spirit\/pittsburgh-steelers-dog-collar\/\">Steelers de Pittsburgh<\/a> fan, pensez-vous? Le collier est fabriqu\u00e9 avec une sangle en polypropyl\u00e8ne robuste de 2,5 cm et tout le mat\u00e9riel m\u00e9tallique, y compris :<\/p>\n<ul>\n<li>Boucles nickel\u00e9es de 2,5 cm qui sont profil\u00e9es pour un maximum de confort pour votre chiot.<\/li>\n<li>Anneaux en D soud\u00e9s lourds de 1 pouce pour attacher votre laisse \u00e0<\/li>\n<li>Curseurs tri-glide arrondis \u00e0 ouverture large en m\u00e9tal de 1 pouce pour ajuster facilement la taille du collier<\/li>\n<\/ul>\n<p><b>Avis de non-responsabilit\u00e9\u00a0: nos colliers faits \u00e0 la main ne sont pas des produits sous licence du <a href=\"https:\/\/www.nfl.com\/\" target=\"_blank\" rel=\"noopener\">NFL<\/a>. Nous ne sommes ni affili\u00e9s ni sponsoris\u00e9s par le\u00a0<a href=\"https:\/\/www.nfl.com\/\" target=\"_blank\" rel=\"noopener noreferrer\">NFL<\/a><\/b><\/p>","protected":false},"excerpt":{"rendered":"<p>Take your furry friend\u2019s love for the Denver Broncos to the next level with this stylish Denver Broncos dog collar. Made with heavy-duty polypropylene webbing and adorned with a stylish pattern of orange Broncos cotton fabric, this collar is built to last through playtime and adventure. The 1-inch nickel-plated contoured buckle provides a secure fit, [&hellip;]<\/p>\n","protected":false},"featured_media":14716,"comment_status":"open","ping_status":"closed","template":"","meta":{"_acf_changed":false,"site-sidebar-layout":"default","site-content-layout":"default","ast-site-content-layout":"default","site-content-style":"default","site-sidebar-style":"default","ast-global-header-display":"","ast-banner-title-visibility":"","ast-main-header-display":"","ast-hfb-above-header-display":"","ast-hfb-below-header-display":"","ast-hfb-mobile-header-display":"","site-post-title":"","ast-breadcrumbs-content":"","ast-featured-img":"","footer-sml-layout":"","ast-disable-related-posts":"","theme-transparent-header-meta":"default","adv-header-id-meta":"","stick-header-meta":"default","header-above-stick-meta":"","header-main-stick-meta":"","header-below-stick-meta":"","astra-migrate-meta-layouts":"set","ast-page-background-enabled":"default","ast-page-background-meta":{"desktop":{"background-color":"","background-image":"","background-repeat":"repeat","background-position":"center center","background-size":"auto","background-attachment":"scroll","background-type":"","background-media":"","overlay-type":"","overlay-color":"","overlay-opacity":"","overlay-gradient":""},"tablet":{"background-color":"","background-image":"","background-repeat":"repeat","background-position":"center center","background-size":"auto","background-attachment":"scroll","background-type":"","background-media":"","overlay-type":"","overlay-color":"","overlay-opacity":"","overlay-gradient":""},"mobile":{"background-color":"","background-image":"","background-repeat":"repeat","background-position":"center center","background-size":"auto","background-attachment":"scroll","background-type":"","background-media":"","overlay-type":"","overlay-color":"","overlay-opacity":"","overlay-gradient":""}},"ast-content-background-meta":{"desktop":{"background-color":"var(--ast-global-color-5)","background-image":"","background-repeat":"repeat","background-position":"center center","background-size":"auto","background-attachment":"scroll","background-type":"","background-media":"","overlay-type":"","overlay-color":"","overlay-opacity":"","overlay-gradient":""},"tablet":{"background-color":"var(--ast-global-color-5)","background-image":"","background-repeat":"repeat","background-position":"center center","background-size":"auto","background-attachment":"scroll","background-type":"","background-media":"","overlay-type":"","overlay-color":"","overlay-opacity":"","overlay-gradient":""},"mobile":{"background-color":"var(--ast-global-color-5)","background-image":"","background-repeat":"repeat","background-position":"center center","background-size":"auto","background-attachment":"scroll","background-type":"","background-media":"","overlay-type":"","overlay-color":"","overlay-opacity":"","overlay-gradient":""}}},"product_brand":[],"product_cat":[94,99],"product_tag":[],"woo-feed-brand":[],"class_list":{"0":"post-14761","1":"product","2":"type-product","3":"status-publish","4":"has-post-thumbnail","6":"product_cat-dog-collars","7":"product_cat-nfl-team-spirit","8":"product_shipping_class-products","9":"desktop-align-center","10":"tablet-align-center","11":"mobile-align-center","12":"ast-product-gallery-layout-horizontal","13":"ast-product-gallery-with-no-image","14":"ast-product-single-variable","15":"ast-product-tabs-layout-horizontal","16":"ast-qv-on-image","18":"first","19":"instock","20":"shipping-taxable","21":"purchasable","22":"product-type-variable"},"acf":[],"_links":{"self":[{"href":"https:\/\/www.dressupyourpup.com\/fr\/wp-json\/wp\/v2\/product\/14761","targetHints":{"allow":["GET"]}}],"collection":[{"href":"https:\/\/www.dressupyourpup.com\/fr\/wp-json\/wp\/v2\/product"}],"about":[{"href":"https:\/\/www.dressupyourpup.com\/fr\/wp-json\/wp\/v2\/types\/product"}],"replies":[{"embeddable":true,"href":"https:\/\/www.dressupyourpup.com\/fr\/wp-json\/wp\/v2\/comments?post=14761"}],"wp:featuredmedia":[{"embeddable":true,"href":"https:\/\/www.dressupyourpup.com\/fr\/wp-json\/wp\/v2\/media\/14716"}],"wp:attachment":[{"href":"https:\/\/www.dressupyourpup.com\/fr\/wp-json\/wp\/v2\/media?parent=14761"}],"wp:term":[{"taxonomy":"product_brand","embeddable":true,"href":"https:\/\/www.dressupyourpup.com\/fr\/wp-json\/wp\/v2\/product_brand?post=14761"},{"taxonomy":"product_cat","embeddable":true,"href":"https:\/\/www.dressupyourpup.com\/fr\/wp-json\/wp\/v2\/product_cat?post=14761"},{"taxonomy":"product_tag","embeddable":true,"href":"https:\/\/www.dressupyourpup.com\/fr\/wp-json\/wp\/v2\/product_tag?post=14761"},{"taxonomy":"woo-feed-brand","embeddable":true,"href":"https:\/\/www.dressupyourpup.com\/fr\/wp-json\/wp\/v2\/woo-feed-brand?post=14761"}],"curies":[{"name":"wp","href":"https:\/\/api.w.org\/{rel}","templated":true}]}}