{"id":3167,"date":"2019-10-13T15:24:22","date_gmt":"2019-10-13T15:24:22","guid":{"rendered":"http:\/\/s903023292.onlinehome.us\/dressupyourpup.com\/?post_type=product&#038;p=3167"},"modified":"2025-11-25T18:29:50","modified_gmt":"2025-11-25T23:29:50","slug":"bandana-los-angeles-rams-reversible","status":"publish","type":"product","link":"https:\/\/www.dressupyourpup.com\/fr\/shop\/dog-bandanas\/team-spirit-dog-bandanas\/nfl\/reversible-los-angeles-rams-bandana\/","title":{"rendered":"Bandana pour chien Los Angeles Rams"},"content":{"rendered":"<p>Les mots \u00abFearsome Foursome\u00bb font-ils aboyer votre chiot d&#039;excitation? Les Rams sont de retour \u00e0 LA et vous et votre meilleur ami \u00e0 quatre pattes ne pourriez pas \u00eatre plus excit\u00e9s. Lorsque le bleu et l&#039;or entrent sur le terrain pour une autre bataille le dimanche, vous \u00eates habill\u00e9 de votre \u00e9quipement Rams. Maintenant, vous pouvez habiller votre chiot dans notre bandana r\u00e9versible sur le collier Los Angeles Rams pour chien! Le bandana a un imprim\u00e9 Rams sur un c\u00f4t\u00e9 et un graphisme thermocollant sur le verso, vous en avez donc deux pour le prix d&#039;un. C&#039;est une affaire qui rendrait Rampage jaloux! Apr\u00e8s tout, vous ne voulez pas que les gens pensent que votre chien est un <a href=\"https:\/\/www.dressupyourpup.com\/fr\/produit\/bandana-san-francisco-49ers-reversible\/\">49ers de San Francisco<\/a> fan, vous?<\/p>\n<p>Si vous souhaitez le personnaliser, vous pouvez ajouter le nom de votre chien le long du bord du bandana.<\/p>\n<p><strong>Veuillez noter : si s\u00e9lectionn\u00e9, le nom de votre chien sera sur le c\u00f4t\u00e9 imprim\u00e9 de l&#039;\u00e9quipe, pas sur le c\u00f4t\u00e9 imprim\u00e9 du football g\u00e9n\u00e9rique.<\/strong><\/p>\n<h2 style=\"text-align: center;\">Six raisons d&#039;acheter notre bandana pour chien Los Angeles Rams<\/h2>\n<ul>\n<li>Notre bandana pour chien Los Angeles Rams se glisse facilement sur le collier, ne vous inqui\u00e9tez pas de le nouer trop serr\u00e9 ou trop l\u00e2che autour du cou de votre chien<\/li>\n<li>Nos bandanas Los Angeles Rams sont disponibles dans des tailles allant du tr\u00e8s petit au tr\u00e8s grand. Alors que vous ayez un chihuahua ou un grand danois, nous avons un bandana qui conviendra \u00e0 votre chiot<\/li>\n<li>Le bandana est fait d&#039;interfa\u00e7age pour ne pas se grouper et avoir toujours l&#039;air fabuleux<\/li>\n<li>Notre bandana est fabriqu\u00e9 \u00e0 la main \u00e0 partir de tissu pr\u00e9-r\u00e9tr\u00e9ci et lavable en machine afin que vous puissiez le laver dans votre machine \u00e0 laver puis le mettre dans la s\u00e9cheuse et il est pr\u00eat \u00e0 porter<\/li>\n<li>Notre bandana est vraiment r\u00e9versible avec un imprim\u00e9 sur un c\u00f4t\u00e9 et un graphisme thermocollant au dos, vous obtenez donc deux bandanas pour le prix d&#039;un<\/li>\n<li>Vous pouvez personnaliser votre bandana pour chien Los Angeles Rams avec le nom de votre chiot dessus<\/li>\n<\/ul>\n<p><b>Avis de non-responsabilit\u00e9: Nos bandanas faits \u00e0 la main ne sont pas des produits sous licence de la\u00a0<a href=\"https:\/\/www.nfl.com\/\" target=\"_blank\" rel=\"noopener noreferrer\">Ligue nationale de football<\/a>. Nous ne sommes ni affili\u00e9s ni sponsoris\u00e9s par le\u00a0<a href=\"https:\/\/www.nfl.com\/\" target=\"_blank\" rel=\"noopener noreferrer\">Ligue nationale de football<\/a>.<\/b><\/p>","protected":false},"excerpt":{"rendered":"<p>Do the words &#8220;Fearsome Foursome&#8221; make your pup bark in excitement? The Rams are back in LA and you and your four-legged best friend couldn&#8217;t be more excited. When the blue and gold take the field for another battle on Sundays, you&#8217;re decked out in your Rams gear. Now you can dress your pup in [&hellip;]<\/p>\n","protected":false},"featured_media":11149,"comment_status":"open","ping_status":"closed","template":"","meta":{"_acf_changed":false,"site-sidebar-layout":"default","site-content-layout":"default","ast-site-content-layout":"default","site-content-style":"default","site-sidebar-style":"default","ast-global-header-display":"","ast-banner-title-visibility":"","ast-main-header-display":"","ast-hfb-above-header-display":"","ast-hfb-below-header-display":"","ast-hfb-mobile-header-display":"","site-post-title":"","ast-breadcrumbs-content":"","ast-featured-img":"","footer-sml-layout":"","ast-disable-related-posts":"","theme-transparent-header-meta":"default","adv-header-id-meta":"","stick-header-meta":"default","header-above-stick-meta":"","header-main-stick-meta":"","header-below-stick-meta":"","astra-migrate-meta-layouts":"default","ast-page-background-enabled":"default","ast-page-background-meta":{"desktop":{"background-color":"","background-image":"","background-repeat":"repeat","background-position":"center center","background-size":"auto","background-attachment":"scroll","background-type":"","background-media":"","overlay-type":"","overlay-color":"","overlay-opacity":"","overlay-gradient":""},"tablet":{"background-color":"","background-image":"","background-repeat":"repeat","background-position":"center center","background-size":"auto","background-attachment":"scroll","background-type":"","background-media":"","overlay-type":"","overlay-color":"","overlay-opacity":"","overlay-gradient":""},"mobile":{"background-color":"","background-image":"","background-repeat":"repeat","background-position":"center center","background-size":"auto","background-attachment":"scroll","background-type":"","background-media":"","overlay-type":"","overlay-color":"","overlay-opacity":"","overlay-gradient":""}},"ast-content-background-meta":{"desktop":{"background-color":"var(--ast-global-color-5)","background-image":"","background-repeat":"repeat","background-position":"center center","background-size":"auto","background-attachment":"scroll","background-type":"","background-media":"","overlay-type":"","overlay-color":"","overlay-opacity":"","overlay-gradient":""},"tablet":{"background-color":"var(--ast-global-color-5)","background-image":"","background-repeat":"repeat","background-position":"center center","background-size":"auto","background-attachment":"scroll","background-type":"","background-media":"","overlay-type":"","overlay-color":"","overlay-opacity":"","overlay-gradient":""},"mobile":{"background-color":"var(--ast-global-color-5)","background-image":"","background-repeat":"repeat","background-position":"center center","background-size":"auto","background-attachment":"scroll","background-type":"","background-media":"","overlay-type":"","overlay-color":"","overlay-opacity":"","overlay-gradient":""}}},"product_brand":[],"product_cat":[41,42],"product_tag":[],"woo-feed-brand":[],"class_list":{"0":"post-3167","1":"product","2":"type-product","3":"status-publish","4":"has-post-thumbnail","6":"product_cat-team-spirit-dog-bandanas","7":"product_cat-nfl","8":"product_shipping_class-bandana","9":"desktop-align-center","10":"tablet-align-center","11":"mobile-align-center","12":"ast-product-gallery-layout-horizontal","13":"ast-product-gallery-with-no-image","14":"ast-product-single-variable","15":"ast-product-tabs-layout-horizontal","16":"ast-qv-on-image","18":"first","19":"instock","20":"purchasable","21":"product-type-variable"},"acf":[],"_links":{"self":[{"href":"https:\/\/www.dressupyourpup.com\/fr\/wp-json\/wp\/v2\/product\/3167","targetHints":{"allow":["GET"]}}],"collection":[{"href":"https:\/\/www.dressupyourpup.com\/fr\/wp-json\/wp\/v2\/product"}],"about":[{"href":"https:\/\/www.dressupyourpup.com\/fr\/wp-json\/wp\/v2\/types\/product"}],"replies":[{"embeddable":true,"href":"https:\/\/www.dressupyourpup.com\/fr\/wp-json\/wp\/v2\/comments?post=3167"}],"wp:featuredmedia":[{"embeddable":true,"href":"https:\/\/www.dressupyourpup.com\/fr\/wp-json\/wp\/v2\/media\/11149"}],"wp:attachment":[{"href":"https:\/\/www.dressupyourpup.com\/fr\/wp-json\/wp\/v2\/media?parent=3167"}],"wp:term":[{"taxonomy":"product_brand","embeddable":true,"href":"https:\/\/www.dressupyourpup.com\/fr\/wp-json\/wp\/v2\/product_brand?post=3167"},{"taxonomy":"product_cat","embeddable":true,"href":"https:\/\/www.dressupyourpup.com\/fr\/wp-json\/wp\/v2\/product_cat?post=3167"},{"taxonomy":"product_tag","embeddable":true,"href":"https:\/\/www.dressupyourpup.com\/fr\/wp-json\/wp\/v2\/product_tag?post=3167"},{"taxonomy":"woo-feed-brand","embeddable":true,"href":"https:\/\/www.dressupyourpup.com\/fr\/wp-json\/wp\/v2\/woo-feed-brand?post=3167"}],"curies":[{"name":"wp","href":"https:\/\/api.w.org\/{rel}","templated":true}]}}