{"id":3227,"date":"2019-10-13T15:24:55","date_gmt":"2019-10-13T15:24:55","guid":{"rendered":"http:\/\/s903023292.onlinehome.us\/dressupyourpup.com\/?post_type=product&#038;p=3227"},"modified":"2025-11-25T18:31:46","modified_gmt":"2025-11-25T23:31:46","slug":"bandana-new-orleans-saints-reversible","status":"publish","type":"product","link":"https:\/\/www.dressupyourpup.com\/fr\/shop\/dog-bandanas\/team-spirit-dog-bandanas\/nfl\/reversible-new-orleans-saints-bandana\/","title":{"rendered":"Bandana pour chien Saints de la Nouvelle-Orl\u00e9ans"},"content":{"rendered":"<p>Voici les bandanas pour chiens Drew Brees of New Orleans Saints!<\/p>\n<p>Votre chiot aboie-t-il d&#039;excitation chaque fois que vous faites le Who Dat Chant? R\u00eavent-ils de voir un touch\u00e9 de Drew Brees dans le Superdome? Votre meilleur ami \u00e0 quatre pattes remue-t-il la queue chaque fois que vous parlez du Super Bowl XLIV? Lorsque les saints entrent sur le terrain, vous portez le noir et l&#039;or et votre chien est juste \u00e0 c\u00f4t\u00e9 de vous \u00e0 chaque minute. Maintenant, vous pouvez habiller votre chiot dans notre magnifique bandana r\u00e9versible pour chien New Orleans Saints! Apr\u00e8s tout, vous ne voulez pas que les gens pensent que votre chien est un <a href=\"https:\/\/www.dressupyourpup.com\/fr\/produit\/bandana-carolina-panthers-reversible\/\">Panth\u00e8res de la Caroline<\/a> fan, vous?<\/p>\n<p>Si vous souhaitez le personnaliser, vous pouvez ajouter le nom de votre chien le long du bord du bandana.<\/p>\n<p><strong>Veuillez noter : si s\u00e9lectionn\u00e9, le nom de votre chien sera sur le c\u00f4t\u00e9 imprim\u00e9 de l&#039;\u00e9quipe, pas sur le c\u00f4t\u00e9 imprim\u00e9 du football g\u00e9n\u00e9rique.<\/strong><\/p>\n<h2 style=\"text-align: center;\">Six raisons d&#039;acheter notre bandana pour chien New Orleans Saints<\/h2>\n<ul>\n<li>Notre bandana pour chien New Orleans Saints se glissera facilement sur le collier, ne vous inqui\u00e9tez pas de le nouer trop serr\u00e9 ou trop l\u00e2che autour du cou de votre chien<\/li>\n<li>Nos bandanas New Orleans Saints sont disponibles dans des tailles allant du tr\u00e8s petit au tr\u00e8s grand. Donc, que vous ayez un chihuahua ou un grand danois, nous avons un bandana qui conviendra \u00e0 votre chiot<\/li>\n<li>Le bandana est fait d&#039;interfa\u00e7age pour ne pas se grouper et avoir toujours l&#039;air fabuleux<\/li>\n<li>Notre bandana est fabriqu\u00e9 \u00e0 la main \u00e0 partir de tissu pr\u00e9-r\u00e9tr\u00e9ci et lavable en machine afin que vous puissiez le laver dans votre machine \u00e0 laver puis le mettre dans la s\u00e9cheuse et il est pr\u00eat \u00e0 porter<\/li>\n<li>Notre bandana est vraiment r\u00e9versible avec un imprim\u00e9 sur un c\u00f4t\u00e9 et un graphisme thermocollant au dos, vous obtenez donc deux bandanas pour le prix d&#039;un<\/li>\n<li>Vous pouvez personnaliser votre bandana pour chien New Orleans Saints avec le nom de votre chiot dessus<\/li>\n<\/ul>\n<p><b>Avis de non-responsabilit\u00e9: Nos bandanas faits \u00e0 la main ne sont pas des produits sous licence de la\u00a0<a href=\"https:\/\/www.nfl.com\/\" target=\"_blank\" rel=\"noopener noreferrer\">Ligue nationale de football<\/a>. Nous ne sommes ni affili\u00e9s ni sponsoris\u00e9s par le\u00a0<a href=\"https:\/\/www.nfl.com\/\" target=\"_blank\" rel=\"noopener noreferrer\">Ligue nationale de football<\/a>.<\/b><\/p>","protected":false},"excerpt":{"rendered":"<p>This is the Drew Brees of New Orleans Saints dog bandanas! Does your pup bark with excitement every time you do the Who Dat Chant? Do they dream about seeing a Drew Brees touchdown in the Superdome? Does your four-legged best friend wag his tail every time you talk about Super Bowl XLIV? When the [&hellip;]<\/p>\n","protected":false},"featured_media":11158,"comment_status":"open","ping_status":"closed","template":"","meta":{"_acf_changed":false,"site-sidebar-layout":"default","site-content-layout":"default","ast-site-content-layout":"default","site-content-style":"default","site-sidebar-style":"default","ast-global-header-display":"","ast-banner-title-visibility":"","ast-main-header-display":"","ast-hfb-above-header-display":"","ast-hfb-below-header-display":"","ast-hfb-mobile-header-display":"","site-post-title":"","ast-breadcrumbs-content":"","ast-featured-img":"","footer-sml-layout":"","ast-disable-related-posts":"","theme-transparent-header-meta":"default","adv-header-id-meta":"","stick-header-meta":"default","header-above-stick-meta":"","header-main-stick-meta":"","header-below-stick-meta":"","astra-migrate-meta-layouts":"default","ast-page-background-enabled":"default","ast-page-background-meta":{"desktop":{"background-color":"","background-image":"","background-repeat":"repeat","background-position":"center center","background-size":"auto","background-attachment":"scroll","background-type":"","background-media":"","overlay-type":"","overlay-color":"","overlay-opacity":"","overlay-gradient":""},"tablet":{"background-color":"","background-image":"","background-repeat":"repeat","background-position":"center center","background-size":"auto","background-attachment":"scroll","background-type":"","background-media":"","overlay-type":"","overlay-color":"","overlay-opacity":"","overlay-gradient":""},"mobile":{"background-color":"","background-image":"","background-repeat":"repeat","background-position":"center center","background-size":"auto","background-attachment":"scroll","background-type":"","background-media":"","overlay-type":"","overlay-color":"","overlay-opacity":"","overlay-gradient":""}},"ast-content-background-meta":{"desktop":{"background-color":"var(--ast-global-color-5)","background-image":"","background-repeat":"repeat","background-position":"center center","background-size":"auto","background-attachment":"scroll","background-type":"","background-media":"","overlay-type":"","overlay-color":"","overlay-opacity":"","overlay-gradient":""},"tablet":{"background-color":"var(--ast-global-color-5)","background-image":"","background-repeat":"repeat","background-position":"center center","background-size":"auto","background-attachment":"scroll","background-type":"","background-media":"","overlay-type":"","overlay-color":"","overlay-opacity":"","overlay-gradient":""},"mobile":{"background-color":"var(--ast-global-color-5)","background-image":"","background-repeat":"repeat","background-position":"center center","background-size":"auto","background-attachment":"scroll","background-type":"","background-media":"","overlay-type":"","overlay-color":"","overlay-opacity":"","overlay-gradient":""}}},"product_brand":[],"product_cat":[41,42],"product_tag":[],"woo-feed-brand":[],"class_list":{"0":"post-3227","1":"product","2":"type-product","3":"status-publish","4":"has-post-thumbnail","6":"product_cat-team-spirit-dog-bandanas","7":"product_cat-nfl","8":"product_shipping_class-bandana","9":"desktop-align-center","10":"tablet-align-center","11":"mobile-align-center","12":"ast-product-gallery-layout-horizontal","13":"ast-product-gallery-with-no-image","14":"ast-product-single-variable","15":"ast-product-tabs-layout-horizontal","16":"ast-qv-on-image","18":"first","19":"instock","20":"purchasable","21":"product-type-variable"},"acf":[],"_links":{"self":[{"href":"https:\/\/www.dressupyourpup.com\/fr\/wp-json\/wp\/v2\/product\/3227","targetHints":{"allow":["GET"]}}],"collection":[{"href":"https:\/\/www.dressupyourpup.com\/fr\/wp-json\/wp\/v2\/product"}],"about":[{"href":"https:\/\/www.dressupyourpup.com\/fr\/wp-json\/wp\/v2\/types\/product"}],"replies":[{"embeddable":true,"href":"https:\/\/www.dressupyourpup.com\/fr\/wp-json\/wp\/v2\/comments?post=3227"}],"wp:featuredmedia":[{"embeddable":true,"href":"https:\/\/www.dressupyourpup.com\/fr\/wp-json\/wp\/v2\/media\/11158"}],"wp:attachment":[{"href":"https:\/\/www.dressupyourpup.com\/fr\/wp-json\/wp\/v2\/media?parent=3227"}],"wp:term":[{"taxonomy":"product_brand","embeddable":true,"href":"https:\/\/www.dressupyourpup.com\/fr\/wp-json\/wp\/v2\/product_brand?post=3227"},{"taxonomy":"product_cat","embeddable":true,"href":"https:\/\/www.dressupyourpup.com\/fr\/wp-json\/wp\/v2\/product_cat?post=3227"},{"taxonomy":"product_tag","embeddable":true,"href":"https:\/\/www.dressupyourpup.com\/fr\/wp-json\/wp\/v2\/product_tag?post=3227"},{"taxonomy":"woo-feed-brand","embeddable":true,"href":"https:\/\/www.dressupyourpup.com\/fr\/wp-json\/wp\/v2\/woo-feed-brand?post=3227"}],"curies":[{"name":"wp","href":"https:\/\/api.w.org\/{rel}","templated":true}]}}