{"id":3915,"date":"2019-11-05T02:01:22","date_gmt":"2019-11-05T02:01:22","guid":{"rendered":"http:\/\/s903023292.onlinehome.us\/dressupyourpup.com\/?post_type=product&#038;p=3915"},"modified":"2025-11-25T18:36:45","modified_gmt":"2025-11-25T23:36:45","slug":"comment-le-grinch-a-vole-noel-par-dessus-le-col-bandana","status":"publish","type":"product","link":"https:\/\/www.dressupyourpup.com\/fr\/shop\/dog-bandanas\/holiday-dog-bandanas\/christmas\/how-the-grinch-stole-christmas-over-the-collar-bandana\/","title":{"rendered":"Comment le Grinch a vol\u00e9 No\u00ebl sur le collier Bandana"},"content":{"rendered":"<p>Transformez votre ami \u00e0 fourrure en le petit chiot le plus \u00e9l\u00e9gant de tout Whoville avec un joli bandana pour chien Grinch sans lequel il ne voudra jamais quitter la maison. C&#039;est confortable, douillet et tellement festif que m\u00eame le Grinch verra son c\u0153ur fondre et voudra \u00eatre invit\u00e9 \u00e0 votre f\u00eate. Il ne vous reste plus qu&#039;\u00e0 demander au toutou de veiller la veille de No\u00ebl pour s&#039;assurer que ces cadeaux restent l\u00e0 o\u00f9 vous les voulez !<\/p>\n<h2 style=\"text-align: center;\">Quatre raisons d&#039;acheter le bandana pour chien de No\u00ebl How the Grinch Stole<\/h2>\n<ul>\n<li>Votre nouveau bandana pour chien Grinch est fait \u00e0 la main, jamais en grappes et a toujours l&#039;air fabuleux<\/li>\n<li>Se glisse sur le col de votre ami \u00e0 quatre pattes pour un ajustement parfait, \u00e0 chaque fois.<\/li>\n<li>Livr\u00e9 dans toutes les tailles que vous pourriez souhaiter, du plus petit au plus grand<\/li>\n<li>Fabriqu\u00e9 avec soin \u00e0 partir de tissu lavable en machine qui est pr\u00e9-r\u00e9tr\u00e9ci - une chose de moins \u00e0 craindre\u00a0!<\/li>\n<\/ul>\n<p><strong>N&#039;oubliez pas de personnaliser votre nouveau bandana pour chien Grinch<\/strong><\/p>\n<ul>\n<li>La conception r\u00e9versible vous offre deux cadeaux en un - parfait pour garder cette queue remuant<\/li>\n<li>Personnalisez l&#039;envers avec du tissu vert fonc\u00e9, vert lime ou rouge vif<\/li>\n<li>Terminez-le avec style en choisissant l&#039;un de nos 12 mod\u00e8les de No\u00ebl diff\u00e9rents.<\/li>\n<\/ul>","protected":false},"excerpt":{"rendered":"<p>Turn your furry friend into the most stylish little pup in all of Whoville with a cute Grinch dog bandana they\u2019ll never want to leave home without. It\u2019s comfy, cozy and so festive even the Grinch will see his heart start to melt and want to get invited to your party. All you have to [&hellip;]<\/p>\n","protected":false},"featured_media":11346,"comment_status":"open","ping_status":"closed","template":"","meta":{"_acf_changed":false,"site-sidebar-layout":"default","site-content-layout":"default","ast-site-content-layout":"default","site-content-style":"default","site-sidebar-style":"default","ast-global-header-display":"","ast-banner-title-visibility":"","ast-main-header-display":"","ast-hfb-above-header-display":"","ast-hfb-below-header-display":"","ast-hfb-mobile-header-display":"","site-post-title":"","ast-breadcrumbs-content":"","ast-featured-img":"","footer-sml-layout":"","ast-disable-related-posts":"","theme-transparent-header-meta":"default","adv-header-id-meta":"","stick-header-meta":"default","header-above-stick-meta":"","header-main-stick-meta":"","header-below-stick-meta":"","astra-migrate-meta-layouts":"set","ast-page-background-enabled":"default","ast-page-background-meta":{"desktop":{"background-color":"","background-image":"","background-repeat":"repeat","background-position":"center center","background-size":"auto","background-attachment":"scroll","background-type":"","background-media":"","overlay-type":"","overlay-color":"","overlay-opacity":"","overlay-gradient":""},"tablet":{"background-color":"","background-image":"","background-repeat":"repeat","background-position":"center center","background-size":"auto","background-attachment":"scroll","background-type":"","background-media":"","overlay-type":"","overlay-color":"","overlay-opacity":"","overlay-gradient":""},"mobile":{"background-color":"","background-image":"","background-repeat":"repeat","background-position":"center center","background-size":"auto","background-attachment":"scroll","background-type":"","background-media":"","overlay-type":"","overlay-color":"","overlay-opacity":"","overlay-gradient":""}},"ast-content-background-meta":{"desktop":{"background-color":"var(--ast-global-color-5)","background-image":"","background-repeat":"repeat","background-position":"center center","background-size":"auto","background-attachment":"scroll","background-type":"","background-media":"","overlay-type":"","overlay-color":"","overlay-opacity":"","overlay-gradient":""},"tablet":{"background-color":"var(--ast-global-color-5)","background-image":"","background-repeat":"repeat","background-position":"center center","background-size":"auto","background-attachment":"scroll","background-type":"","background-media":"","overlay-type":"","overlay-color":"","overlay-opacity":"","overlay-gradient":""},"mobile":{"background-color":"var(--ast-global-color-5)","background-image":"","background-repeat":"repeat","background-position":"center center","background-size":"auto","background-attachment":"scroll","background-type":"","background-media":"","overlay-type":"","overlay-color":"","overlay-opacity":"","overlay-gradient":""}}},"product_brand":[],"product_cat":[50,55],"product_tag":[],"woo-feed-brand":[],"class_list":{"0":"post-3915","1":"product","2":"type-product","3":"status-publish","4":"has-post-thumbnail","6":"product_cat-holiday-dog-bandanas","7":"product_cat-christmas","8":"product_shipping_class-bandana","9":"desktop-align-center","10":"tablet-align-center","11":"mobile-align-center","12":"ast-product-gallery-layout-horizontal","13":"ast-product-gallery-with-no-image","14":"ast-product-single-variable","15":"ast-product-tabs-layout-horizontal","16":"ast-qv-on-image","18":"first","19":"outofstock","20":"purchasable","21":"product-type-variable"},"acf":[],"_links":{"self":[{"href":"https:\/\/www.dressupyourpup.com\/fr\/wp-json\/wp\/v2\/product\/3915","targetHints":{"allow":["GET"]}}],"collection":[{"href":"https:\/\/www.dressupyourpup.com\/fr\/wp-json\/wp\/v2\/product"}],"about":[{"href":"https:\/\/www.dressupyourpup.com\/fr\/wp-json\/wp\/v2\/types\/product"}],"replies":[{"embeddable":true,"href":"https:\/\/www.dressupyourpup.com\/fr\/wp-json\/wp\/v2\/comments?post=3915"}],"wp:featuredmedia":[{"embeddable":true,"href":"https:\/\/www.dressupyourpup.com\/fr\/wp-json\/wp\/v2\/media\/11346"}],"wp:attachment":[{"href":"https:\/\/www.dressupyourpup.com\/fr\/wp-json\/wp\/v2\/media?parent=3915"}],"wp:term":[{"taxonomy":"product_brand","embeddable":true,"href":"https:\/\/www.dressupyourpup.com\/fr\/wp-json\/wp\/v2\/product_brand?post=3915"},{"taxonomy":"product_cat","embeddable":true,"href":"https:\/\/www.dressupyourpup.com\/fr\/wp-json\/wp\/v2\/product_cat?post=3915"},{"taxonomy":"product_tag","embeddable":true,"href":"https:\/\/www.dressupyourpup.com\/fr\/wp-json\/wp\/v2\/product_tag?post=3915"},{"taxonomy":"woo-feed-brand","embeddable":true,"href":"https:\/\/www.dressupyourpup.com\/fr\/wp-json\/wp\/v2\/woo-feed-brand?post=3915"}],"curies":[{"name":"wp","href":"https:\/\/api.w.org\/{rel}","templated":true}]}}