{"id":7766,"date":"2020-06-19T16:42:56","date_gmt":"2020-06-19T16:42:56","guid":{"rendered":"http:\/\/s903023292.onlinehome.us\/dressupyourpup.com\/?post_type=product&#038;p=7766"},"modified":"2025-11-25T18:47:40","modified_gmt":"2025-11-25T23:47:40","slug":"bandana-reversible-toronto-blue-jays-chien","status":"publish","type":"product","link":"https:\/\/www.dressupyourpup.com\/fr\/shop\/dog-bandanas\/team-spirit-dog-bandanas\/mlb-dog-bandanas\/reversible-toronto-blue-jays-dog-bandana\/","title":{"rendered":"Bandana pour chien des Blue Jays de Toronto"},"content":{"rendered":"<p>Voici le bandana r\u00e9versible pour chien des Blue Jays de Toronto que votre chiot recherchait!<\/p>\n<p>Les Blue Jays de Toronto se lancent dans une autre s\u00e9rie mondiale! Si vous ne pouvez pas \u00eatre au Centre Rogers, vous pouvez les encourager \u00e0 la maison avec votre meilleur ami \u00e0 quatre pattes. Alors que Vladimir Guerrero Jr. m\u00e8ne les Blue Jays vers les s\u00e9ries \u00e9liminatoires, assurez-vous que votre chiot est habill\u00e9 pour l&#039;occasion avec notre magnifique bandana des Blue Jays de Toronto! Apr\u00e8s tout, vous ne voulez pas que les gens pensent que votre chien est un <a href=\"https:\/\/www.dressupyourpup.com\/fr\/produit\/bandana-reversible-new-york-yankees-chien\/\">Yankees de New York<\/a>\u00a0fan, vous?<\/p>\n<p>Si vous souhaitez le personnaliser, vous pouvez ajouter le nom de votre chien le long du bord du bandana.<\/p>\n<p><strong>Veuillez noter : si s\u00e9lectionn\u00e9, le nom de votre chien sera sur le c\u00f4t\u00e9 imprim\u00e9 de l&#039;\u00e9quipe, pas sur le c\u00f4t\u00e9 imprim\u00e9 des balles de baseball g\u00e9n\u00e9riques.<\/strong><\/p>\n<h2 style=\"text-align: center;\">Six raisons d&#039;acheter notre bandana pour chien des Blue Jays de Toronto<\/h2>\n<ul>\n<li>Notre bandana pour chien des Blue Jays de Toronto se glisse facilement sur le collier, ne vous inqui\u00e9tez pas de le nouer trop serr\u00e9 ou trop l\u00e2che autour du cou de votre chien<\/li>\n<li>Nos bandanas des Blue Jays de Toronto sont disponibles dans des tailles allant du tr\u00e8s petit au tr\u00e8s grand. Alors que vous ayez un chihuahua ou un grand danois, nous avons un bandana qui conviendra \u00e0 votre chiot<\/li>\n<li>Le bandana est fait d&#039;interfa\u00e7age pour ne pas se grouper et avoir toujours l&#039;air fabuleux<\/li>\n<li>Notre bandana est fabriqu\u00e9 \u00e0 la main \u00e0 partir de tissu pr\u00e9-r\u00e9tr\u00e9ci et lavable en machine afin que vous puissiez le laver dans votre machine \u00e0 laver puis le mettre dans la s\u00e9cheuse et il est pr\u00eat \u00e0 porter<\/li>\n<li>Notre bandana est vraiment r\u00e9versible avec une impression d&#039;\u00e9quipe sur un c\u00f4t\u00e9 et une impression g\u00e9n\u00e9rique de baseball sur l&#039;envers afin que vous obteniez deux bandanas pour le prix d&#039;un<\/li>\n<li>Vous pouvez personnaliser votre bandana des Blue Jays de Toronto avec le nom de votre chiot dessus<\/li>\n<\/ul>\n<p><b>Avertissement: Nos bandanas faits \u00e0 la main ne sont pas des produits sous licence de <a href=\"https:\/\/www.mlb.com\/\" target=\"_blank\" rel=\"noopener noreferrer\">Ligue majeure de baseball<\/a>. Nous ne sommes ni affili\u00e9s ni sponsoris\u00e9s par <a href=\"https:\/\/www.mlb.com\/\" target=\"_blank\" rel=\"noopener noreferrer\">Ligue majeure de baseball<\/a>.<\/b><\/p>","protected":false},"excerpt":{"rendered":"<p>This is the reversible Toronto Blue Jays dog bandana that your pup has been looking for! The Toronto Blue Jays are going for another World Series! If you can\u2019t be at the Rogers Centre then you can cheer them on at home with your four-legged best friend. As Vladimir Guerrero Jr. leads the Blue Jays [&hellip;]<\/p>\n","protected":false},"featured_media":15217,"comment_status":"open","ping_status":"closed","template":"","meta":{"_acf_changed":false,"site-sidebar-layout":"default","site-content-layout":"default","ast-site-content-layout":"default","site-content-style":"default","site-sidebar-style":"default","ast-global-header-display":"","ast-banner-title-visibility":"","ast-main-header-display":"","ast-hfb-above-header-display":"","ast-hfb-below-header-display":"","ast-hfb-mobile-header-display":"","site-post-title":"","ast-breadcrumbs-content":"","ast-featured-img":"","footer-sml-layout":"","ast-disable-related-posts":"","theme-transparent-header-meta":"default","adv-header-id-meta":"","stick-header-meta":"default","header-above-stick-meta":"","header-main-stick-meta":"","header-below-stick-meta":"","astra-migrate-meta-layouts":"set","ast-page-background-enabled":"default","ast-page-background-meta":{"desktop":{"background-color":"","background-image":"","background-repeat":"repeat","background-position":"center center","background-size":"auto","background-attachment":"scroll","background-type":"","background-media":"","overlay-type":"","overlay-color":"","overlay-opacity":"","overlay-gradient":""},"tablet":{"background-color":"","background-image":"","background-repeat":"repeat","background-position":"center center","background-size":"auto","background-attachment":"scroll","background-type":"","background-media":"","overlay-type":"","overlay-color":"","overlay-opacity":"","overlay-gradient":""},"mobile":{"background-color":"","background-image":"","background-repeat":"repeat","background-position":"center center","background-size":"auto","background-attachment":"scroll","background-type":"","background-media":"","overlay-type":"","overlay-color":"","overlay-opacity":"","overlay-gradient":""}},"ast-content-background-meta":{"desktop":{"background-color":"var(--ast-global-color-5)","background-image":"","background-repeat":"repeat","background-position":"center center","background-size":"auto","background-attachment":"scroll","background-type":"","background-media":"","overlay-type":"","overlay-color":"","overlay-opacity":"","overlay-gradient":""},"tablet":{"background-color":"var(--ast-global-color-5)","background-image":"","background-repeat":"repeat","background-position":"center center","background-size":"auto","background-attachment":"scroll","background-type":"","background-media":"","overlay-type":"","overlay-color":"","overlay-opacity":"","overlay-gradient":""},"mobile":{"background-color":"var(--ast-global-color-5)","background-image":"","background-repeat":"repeat","background-position":"center center","background-size":"auto","background-attachment":"scroll","background-type":"","background-media":"","overlay-type":"","overlay-color":"","overlay-opacity":"","overlay-gradient":""}}},"product_brand":[],"product_cat":[41,44],"product_tag":[],"woo-feed-brand":[],"class_list":{"0":"post-7766","1":"product","2":"type-product","3":"status-publish","4":"has-post-thumbnail","6":"product_cat-team-spirit-dog-bandanas","7":"product_cat-mlb-dog-bandanas","8":"product_shipping_class-bandana","9":"desktop-align-center","10":"tablet-align-center","11":"mobile-align-center","12":"ast-product-gallery-layout-horizontal","13":"ast-product-gallery-with-no-image","14":"ast-product-single-variable","15":"ast-product-tabs-layout-horizontal","16":"ast-qv-on-image","18":"first","19":"instock","20":"purchasable","21":"product-type-variable"},"acf":[],"_links":{"self":[{"href":"https:\/\/www.dressupyourpup.com\/fr\/wp-json\/wp\/v2\/product\/7766","targetHints":{"allow":["GET"]}}],"collection":[{"href":"https:\/\/www.dressupyourpup.com\/fr\/wp-json\/wp\/v2\/product"}],"about":[{"href":"https:\/\/www.dressupyourpup.com\/fr\/wp-json\/wp\/v2\/types\/product"}],"replies":[{"embeddable":true,"href":"https:\/\/www.dressupyourpup.com\/fr\/wp-json\/wp\/v2\/comments?post=7766"}],"wp:featuredmedia":[{"embeddable":true,"href":"https:\/\/www.dressupyourpup.com\/fr\/wp-json\/wp\/v2\/media\/15217"}],"wp:attachment":[{"href":"https:\/\/www.dressupyourpup.com\/fr\/wp-json\/wp\/v2\/media?parent=7766"}],"wp:term":[{"taxonomy":"product_brand","embeddable":true,"href":"https:\/\/www.dressupyourpup.com\/fr\/wp-json\/wp\/v2\/product_brand?post=7766"},{"taxonomy":"product_cat","embeddable":true,"href":"https:\/\/www.dressupyourpup.com\/fr\/wp-json\/wp\/v2\/product_cat?post=7766"},{"taxonomy":"product_tag","embeddable":true,"href":"https:\/\/www.dressupyourpup.com\/fr\/wp-json\/wp\/v2\/product_tag?post=7766"},{"taxonomy":"woo-feed-brand","embeddable":true,"href":"https:\/\/www.dressupyourpup.com\/fr\/wp-json\/wp\/v2\/woo-feed-brand?post=7766"}],"curies":[{"name":"wp","href":"https:\/\/api.w.org\/{rel}","templated":true}]}}