{"id":9045,"date":"2022-03-12T11:49:33","date_gmt":"2022-03-12T16:49:33","guid":{"rendered":"http:\/\/s903023292.onlinehome.us\/dressupyourpup.com\/?post_type=product&#038;p=9045"},"modified":"2025-11-25T18:59:31","modified_gmt":"2025-11-25T23:59:31","slug":"universite-de-miami-ouragans-chien-bandana","status":"publish","type":"product","link":"https:\/\/www.dressupyourpup.com\/fr\/shop\/dog-bandanas\/team-spirit-dog-bandanas\/ncaa-dog-bandanas\/university-of-miami-hurricanes-dog-bandana\/","title":{"rendered":"Bandana pour chien Hurricanes de l&#039;Universit\u00e9 de Miami"},"content":{"rendered":"<p>C&#039;est le bandana pour chien Hurricanes de l&#039;Universit\u00e9 de Miami que vous attendiez !<\/p>\n<p>Vous saignez orange et vert et si vous ne pouvez pas encourager les Hurricanes au Hard Rock Stadium, au Watsco Center, au Mark Light Field ou au Cobb Stadium, vous pouvez les encourager \u00e0 la maison avec votre chiot \u00e0 vos c\u00f4t\u00e9s. Avec notre magnifique bandana double face Miami Hurricanes, votre meilleur ami \u00e0 quatre pattes encouragera les Hurricanes alors qu&#039;ils partent pour un autre championnat ! D\u00e9sormais, personne ne confondra votre chien avec un fan de l&#039;Universit\u00e9 de Floride dans notre \u00e9l\u00e9gant bandana.<\/p>\n<p>Si vous souhaitez le personnaliser, vous pouvez ajouter le nom de votre chien le long du bord du bandana.<\/p>\n<p><strong>Remarque\u00a0: sauf demande contraire lors de votre paiement, si vous souhaitez que le nom de votre chien figure sur le bandana, il se trouvera du c\u00f4t\u00e9 des carreaux verts et orange, et non du c\u00f4t\u00e9 vert uni.<\/strong><\/p>\n<h2 style=\"text-align: center;\">Cinq raisons d&#039;acheter notre bandana pour chien Hurricanes de l&#039;Universit\u00e9 de Miami<\/h2>\n<ul>\n<li>Notre bandana pour chien Miami Hurricanes se glissera facilement sur le col, sans attacher autour du cou de votre chiot.<\/li>\n<li>Le bandana est fait d&#039;interfa\u00e7age pour ne pas se grouper et avoir toujours l&#039;air fabuleux<\/li>\n<li>Notre bandana est fabriqu\u00e9 \u00e0 la main \u00e0 partir de tissu pr\u00e9-r\u00e9tr\u00e9ci et lavable en machine afin qu&#039;il soit facile \u00e0 laver, s\u00e9cher et porter.<\/li>\n<li>Notre bandana est vraiment r\u00e9versible avec des c\u00f4t\u00e9s contrast\u00e9s, vous obtenez donc deux bandanas pour le prix d&#039;un<\/li>\n<li>Vous pouvez personnaliser votre bandana pour chien Hurricanes de l&#039;Universit\u00e9 de Miami avec le nom de votre chiot dessus.<\/li>\n<\/ul>\n<p><b>Avis de non-responsabilit\u00e9: Nos bandanas faits \u00e0 la main ne sont pas des produits sous licence de la\u00a0<a href=\"https:\/\/www.ncaa.com\/\" target=\"_blank\" rel=\"noopener noreferrer\">NCAA<\/a>. Nous ne sommes ni affili\u00e9s ni sponsoris\u00e9s par le\u00a0<a href=\"https:\/\/www.ncaa.com\/\" target=\"_blank\" rel=\"noopener noreferrer\">NCAA<\/a><\/b><\/p>","protected":false},"excerpt":{"rendered":"<p>This is the University of Miami Hurricanes dog bandana that you&#8217;ve been waiting for! You bleed Orange and Green and if you can&#8217;t be cheering on the Hurricanes at the Hard Rock Stadium, the Watsco Center, Mark Light Field, or at Cobb Stadium then you can cheer them on at home with your pup by [&hellip;]<\/p>\n","protected":false},"featured_media":10923,"comment_status":"open","ping_status":"closed","template":"","meta":{"_acf_changed":false,"site-sidebar-layout":"default","site-content-layout":"default","ast-site-content-layout":"default","site-content-style":"default","site-sidebar-style":"default","ast-global-header-display":"","ast-banner-title-visibility":"","ast-main-header-display":"","ast-hfb-above-header-display":"","ast-hfb-below-header-display":"","ast-hfb-mobile-header-display":"","site-post-title":"","ast-breadcrumbs-content":"","ast-featured-img":"","footer-sml-layout":"","ast-disable-related-posts":"","theme-transparent-header-meta":"default","adv-header-id-meta":"","stick-header-meta":"default","header-above-stick-meta":"","header-main-stick-meta":"","header-below-stick-meta":"","astra-migrate-meta-layouts":"default","ast-page-background-enabled":"default","ast-page-background-meta":{"desktop":{"background-color":"","background-image":"","background-repeat":"repeat","background-position":"center center","background-size":"auto","background-attachment":"scroll","background-type":"","background-media":"","overlay-type":"","overlay-color":"","overlay-opacity":"","overlay-gradient":""},"tablet":{"background-color":"","background-image":"","background-repeat":"repeat","background-position":"center center","background-size":"auto","background-attachment":"scroll","background-type":"","background-media":"","overlay-type":"","overlay-color":"","overlay-opacity":"","overlay-gradient":""},"mobile":{"background-color":"","background-image":"","background-repeat":"repeat","background-position":"center center","background-size":"auto","background-attachment":"scroll","background-type":"","background-media":"","overlay-type":"","overlay-color":"","overlay-opacity":"","overlay-gradient":""}},"ast-content-background-meta":{"desktop":{"background-color":"var(--ast-global-color-5)","background-image":"","background-repeat":"repeat","background-position":"center center","background-size":"auto","background-attachment":"scroll","background-type":"","background-media":"","overlay-type":"","overlay-color":"","overlay-opacity":"","overlay-gradient":""},"tablet":{"background-color":"var(--ast-global-color-5)","background-image":"","background-repeat":"repeat","background-position":"center center","background-size":"auto","background-attachment":"scroll","background-type":"","background-media":"","overlay-type":"","overlay-color":"","overlay-opacity":"","overlay-gradient":""},"mobile":{"background-color":"var(--ast-global-color-5)","background-image":"","background-repeat":"repeat","background-position":"center center","background-size":"auto","background-attachment":"scroll","background-type":"","background-media":"","overlay-type":"","overlay-color":"","overlay-opacity":"","overlay-gradient":""}}},"product_brand":[],"product_cat":[43,41],"product_tag":[],"woo-feed-brand":[],"class_list":{"0":"post-9045","1":"product","2":"type-product","3":"status-publish","4":"has-post-thumbnail","6":"product_cat-ncaa-dog-bandanas","7":"product_cat-team-spirit-dog-bandanas","8":"product_shipping_class-bandana","9":"desktop-align-center","10":"tablet-align-center","11":"mobile-align-center","12":"ast-product-gallery-layout-horizontal","13":"ast-product-gallery-with-no-image","14":"ast-product-single-variable","15":"ast-product-tabs-layout-horizontal","16":"ast-qv-on-image","18":"first","19":"instock","20":"purchasable","21":"product-type-variable"},"acf":[],"_links":{"self":[{"href":"https:\/\/www.dressupyourpup.com\/fr\/wp-json\/wp\/v2\/product\/9045","targetHints":{"allow":["GET"]}}],"collection":[{"href":"https:\/\/www.dressupyourpup.com\/fr\/wp-json\/wp\/v2\/product"}],"about":[{"href":"https:\/\/www.dressupyourpup.com\/fr\/wp-json\/wp\/v2\/types\/product"}],"replies":[{"embeddable":true,"href":"https:\/\/www.dressupyourpup.com\/fr\/wp-json\/wp\/v2\/comments?post=9045"}],"wp:featuredmedia":[{"embeddable":true,"href":"https:\/\/www.dressupyourpup.com\/fr\/wp-json\/wp\/v2\/media\/10923"}],"wp:attachment":[{"href":"https:\/\/www.dressupyourpup.com\/fr\/wp-json\/wp\/v2\/media?parent=9045"}],"wp:term":[{"taxonomy":"product_brand","embeddable":true,"href":"https:\/\/www.dressupyourpup.com\/fr\/wp-json\/wp\/v2\/product_brand?post=9045"},{"taxonomy":"product_cat","embeddable":true,"href":"https:\/\/www.dressupyourpup.com\/fr\/wp-json\/wp\/v2\/product_cat?post=9045"},{"taxonomy":"product_tag","embeddable":true,"href":"https:\/\/www.dressupyourpup.com\/fr\/wp-json\/wp\/v2\/product_tag?post=9045"},{"taxonomy":"woo-feed-brand","embeddable":true,"href":"https:\/\/www.dressupyourpup.com\/fr\/wp-json\/wp\/v2\/woo-feed-brand?post=9045"}],"curies":[{"name":"wp","href":"https:\/\/api.w.org\/{rel}","templated":true}]}}