{"id":9077,"date":"2022-03-19T17:18:58","date_gmt":"2022-03-19T21:18:58","guid":{"rendered":"http:\/\/s903023292.onlinehome.us\/dressupyourpup.com\/?post_type=product&#038;p=9077"},"modified":"2025-11-25T18:59:54","modified_gmt":"2025-11-25T23:59:54","slug":"auburn-university-tigers-chien-bandana","status":"publish","type":"product","link":"https:\/\/www.dressupyourpup.com\/fr\/shop\/dog-bandanas\/team-spirit-dog-bandanas\/ncaa-dog-bandanas\/auburn-university-tigers-dog-bandana\/","title":{"rendered":"Bandana pour chien Tigers de l&#039;universit\u00e9 d&#039;Auburn"},"content":{"rendered":"<p>C&#039;est le bandana pour chien Tigers de l&#039;universit\u00e9 d&#039;Auburn que vous attendiez !<\/p>\n<p>Votre chien aboie-t-il d&#039;excitation chaque fois que vous criez &quot;War Eagle&quot;\u00a0? Vous saignez Burnt Oragena et Navy et si vous ne pouvez pas encourager les Tigers au stade Jordan-Hare, au centre aquatique James E. Martin, \u00e0 la Neville Arena ou au parc Plainsman, vous pouvez les encourager \u00e0 la maison avec votre chiot par votre c\u00f4t\u00e9. Avec notre magnifique bandana Tigers double face, votre meilleur ami \u00e0 quatre pattes encouragera les Tigers alors qu&#039;ils partent pour un autre championnat ! Maintenant, personne ne confondra votre chien avec un <a href=\"https:\/\/www.dressupyourpup.com\/fr\/produit\/universite-de-l-alabama-crimson-tide-chien-bandana\/\">Alabama<\/a>\u00a0ventilateur dans notre \u00e9l\u00e9gant bandana.<\/p>\n<p>Si vous souhaitez le personnaliser, vous pouvez ajouter le nom de votre chien le long du bord du bandana.<\/p>\n<p><strong>Veuillez noter : sauf demande contraire lors de votre commande, si vous voulez que le nom de votre chien soit inscrit sur le bandana, il sera du c\u00f4t\u00e9 orange br\u00fbl\u00e9 et carreaux bleu marine, et non du c\u00f4t\u00e9 uni bleu marine.<\/strong><\/p>\n<h2 style=\"text-align: center;\">Cinq raisons d&#039;acheter notre bandana pour chien Tigres de l&#039;Universit\u00e9 d&#039;Auburn Bandana pour chien<\/h2>\n<ul>\n<li>Notre bandana pour chien Tigers se glissera facilement sur le collier, sans attacher autour du cou de votre chiot.<\/li>\n<li>Le bandana est fait d&#039;interfa\u00e7age pour ne pas se grouper et avoir toujours l&#039;air fabuleux<\/li>\n<li>Notre bandana est fabriqu\u00e9 \u00e0 la main \u00e0 partir de tissu pr\u00e9-r\u00e9tr\u00e9ci et lavable en machine afin qu&#039;il soit facile \u00e0 laver, s\u00e9cher et porter.<\/li>\n<li>Notre bandana est vraiment r\u00e9versible avec des c\u00f4t\u00e9s contrast\u00e9s, vous obtenez donc deux bandanas pour le prix d&#039;un<\/li>\n<li>Vous pouvez personnaliser votre bandana pour chien Auburn University Tigers avec le nom de votre chiot dessus.<\/li>\n<\/ul>\n<p><b>Avis de non-responsabilit\u00e9: Nos bandanas faits \u00e0 la main ne sont pas des produits sous licence de la\u00a0<a href=\"https:\/\/www.ncaa.com\/\" target=\"_blank\" rel=\"noopener noreferrer\">NCAA<\/a>. Nous ne sommes ni affili\u00e9s ni sponsoris\u00e9s par le\u00a0<a href=\"https:\/\/www.ncaa.com\/\" target=\"_blank\" rel=\"noopener noreferrer\">NCAA<\/a><\/b><\/p>","protected":false},"excerpt":{"rendered":"<p>This is the Auburn University Tigers Dog Bandana that you&#8217;ve been waiting for! Does your dog bark in excitement every time you yell &#8220;War Eagle&#8221;? You bleed Burnt Oragena and Navy and if you can&#8217;t be cheering on the Tigers at Jordan-Hare Stadium, James E. Martin Aquatics Center, Neville Arena, or at Plainsman Park then [&hellip;]<\/p>\n","protected":false},"featured_media":10918,"comment_status":"open","ping_status":"closed","template":"","meta":{"_acf_changed":false,"site-sidebar-layout":"default","site-content-layout":"default","ast-site-content-layout":"default","site-content-style":"default","site-sidebar-style":"default","ast-global-header-display":"","ast-banner-title-visibility":"","ast-main-header-display":"","ast-hfb-above-header-display":"","ast-hfb-below-header-display":"","ast-hfb-mobile-header-display":"","site-post-title":"","ast-breadcrumbs-content":"","ast-featured-img":"","footer-sml-layout":"","ast-disable-related-posts":"","theme-transparent-header-meta":"default","adv-header-id-meta":"","stick-header-meta":"default","header-above-stick-meta":"","header-main-stick-meta":"","header-below-stick-meta":"","astra-migrate-meta-layouts":"default","ast-page-background-enabled":"default","ast-page-background-meta":{"desktop":{"background-color":"","background-image":"","background-repeat":"repeat","background-position":"center center","background-size":"auto","background-attachment":"scroll","background-type":"","background-media":"","overlay-type":"","overlay-color":"","overlay-opacity":"","overlay-gradient":""},"tablet":{"background-color":"","background-image":"","background-repeat":"repeat","background-position":"center center","background-size":"auto","background-attachment":"scroll","background-type":"","background-media":"","overlay-type":"","overlay-color":"","overlay-opacity":"","overlay-gradient":""},"mobile":{"background-color":"","background-image":"","background-repeat":"repeat","background-position":"center center","background-size":"auto","background-attachment":"scroll","background-type":"","background-media":"","overlay-type":"","overlay-color":"","overlay-opacity":"","overlay-gradient":""}},"ast-content-background-meta":{"desktop":{"background-color":"var(--ast-global-color-5)","background-image":"","background-repeat":"repeat","background-position":"center center","background-size":"auto","background-attachment":"scroll","background-type":"","background-media":"","overlay-type":"","overlay-color":"","overlay-opacity":"","overlay-gradient":""},"tablet":{"background-color":"var(--ast-global-color-5)","background-image":"","background-repeat":"repeat","background-position":"center center","background-size":"auto","background-attachment":"scroll","background-type":"","background-media":"","overlay-type":"","overlay-color":"","overlay-opacity":"","overlay-gradient":""},"mobile":{"background-color":"var(--ast-global-color-5)","background-image":"","background-repeat":"repeat","background-position":"center center","background-size":"auto","background-attachment":"scroll","background-type":"","background-media":"","overlay-type":"","overlay-color":"","overlay-opacity":"","overlay-gradient":""}}},"product_brand":[],"product_cat":[43,41],"product_tag":[],"woo-feed-brand":[],"class_list":{"0":"post-9077","1":"product","2":"type-product","3":"status-publish","4":"has-post-thumbnail","6":"product_cat-ncaa-dog-bandanas","7":"product_cat-team-spirit-dog-bandanas","8":"product_shipping_class-bandana","9":"desktop-align-center","10":"tablet-align-center","11":"mobile-align-center","12":"ast-product-gallery-layout-horizontal","13":"ast-product-gallery-with-no-image","14":"ast-product-single-variable","15":"ast-product-tabs-layout-horizontal","16":"ast-qv-on-image","18":"first","19":"instock","20":"purchasable","21":"product-type-variable"},"acf":[],"_links":{"self":[{"href":"https:\/\/www.dressupyourpup.com\/fr\/wp-json\/wp\/v2\/product\/9077","targetHints":{"allow":["GET"]}}],"collection":[{"href":"https:\/\/www.dressupyourpup.com\/fr\/wp-json\/wp\/v2\/product"}],"about":[{"href":"https:\/\/www.dressupyourpup.com\/fr\/wp-json\/wp\/v2\/types\/product"}],"replies":[{"embeddable":true,"href":"https:\/\/www.dressupyourpup.com\/fr\/wp-json\/wp\/v2\/comments?post=9077"}],"wp:featuredmedia":[{"embeddable":true,"href":"https:\/\/www.dressupyourpup.com\/fr\/wp-json\/wp\/v2\/media\/10918"}],"wp:attachment":[{"href":"https:\/\/www.dressupyourpup.com\/fr\/wp-json\/wp\/v2\/media?parent=9077"}],"wp:term":[{"taxonomy":"product_brand","embeddable":true,"href":"https:\/\/www.dressupyourpup.com\/fr\/wp-json\/wp\/v2\/product_brand?post=9077"},{"taxonomy":"product_cat","embeddable":true,"href":"https:\/\/www.dressupyourpup.com\/fr\/wp-json\/wp\/v2\/product_cat?post=9077"},{"taxonomy":"product_tag","embeddable":true,"href":"https:\/\/www.dressupyourpup.com\/fr\/wp-json\/wp\/v2\/product_tag?post=9077"},{"taxonomy":"woo-feed-brand","embeddable":true,"href":"https:\/\/www.dressupyourpup.com\/fr\/wp-json\/wp\/v2\/woo-feed-brand?post=9077"}],"curies":[{"name":"wp","href":"https:\/\/api.w.org\/{rel}","templated":true}]}}