{"id":9836,"date":"2022-05-05T14:47:33","date_gmt":"2022-05-05T18:47:33","guid":{"rendered":"http:\/\/s903023292.onlinehome.us\/dressupyourpup.com\/?post_type=product&#038;p=9836"},"modified":"2025-11-25T19:08:18","modified_gmt":"2025-11-26T00:08:18","slug":"pawsome-pawprints-chien-bandana","status":"publish","type":"product","link":"https:\/\/www.dressupyourpup.com\/fr\/shop\/dog-bandanas\/pattern-dog-bandanas\/pawsome-pawprints-dog-bandana\/","title":{"rendered":"Bandana pour chien Pawsome Pawprints"},"content":{"rendered":"<p>Ce bandana pour chien Pawsome Pawprints aurait l&#039;air d&#039;une patte sur votre chien. Le verso peut \u00eatre personnalis\u00e9 avec un tissu uni, couleur de votre choix et un graphique en vinyle thermocollant blanc, de votre choix. Le bandana pour chien peut \u00e9galement \u00eatre personnalis\u00e9 avec le nom de votre chien sur le c\u00f4t\u00e9 empreinte de patte.<\/p>\n<p>Ce bandana pr\u00e9-r\u00e9tr\u00e9ci, fabriqu\u00e9 \u00e0 la main sur le collier pour chien fera l&#039;envie de votre chien du parc \u00e0 chiens !<\/p>\n<h2 style=\"text-align: center;\">Six raisons d&#039;acheter notre bandana pour chien Pawsome Pawprints<\/h2>\n<ul>\n<li>Notre bandana pour chien Pawsome Pawprints se glissera facilement sur le collier. Plus besoin de vous soucier de l&#039;attacher trop serr\u00e9 ou trop l\u00e2che autour du cou de votre chien.<\/li>\n<li>Notre bandana pour chien Pawsome Pawprints est disponible dans des tailles allant du tr\u00e8s petit au tr\u00e8s grand. Donc, que vous ayez un chihuahua ou un dogue allemand, nous avons un bandana qui conviendra \u00e0 votre chiot<\/li>\n<li>Le bandana est fait d&#039;interfa\u00e7age pour ne pas se grouper et avoir toujours l&#039;air fabuleux<\/li>\n<li>Notre bandana est fabriqu\u00e9 \u00e0 la main \u00e0 partir de tissu pr\u00e9-r\u00e9tr\u00e9ci lavable en machine. Vous pouvez le laver dans votre machine \u00e0 laver puis le mettre au s\u00e8che-linge et il est pr\u00eat \u00e0 porter<\/li>\n<li>Notre bandana est vraiment r\u00e9versible avec un imprim\u00e9 sur un c\u00f4t\u00e9 et un graphisme thermocollant au dos, vous obtenez donc deux bandanas pour le prix d&#039;un<\/li>\n<li>Vous pouvez personnaliser votre bandana avec le nom de votre chiot dessus<\/li>\n<\/ul>","protected":false},"excerpt":{"rendered":"<p>This Pawsome Pawprints dog bandana would look paw-some on your dog.\u00a0 The reverse side can be customized with a solid fabric, colour of your choice and a white iron -on vinyl graphic, of your choice.\u00a0 The dog bandana can also be customized with your dog&#8217;s name on the pawprint side. This preshrunk, handcrafted over the [&hellip;]<\/p>\n","protected":false},"featured_media":9825,"comment_status":"open","ping_status":"closed","template":"","meta":{"_acf_changed":false,"site-sidebar-layout":"default","site-content-layout":"default","ast-site-content-layout":"default","site-content-style":"default","site-sidebar-style":"default","ast-global-header-display":"","ast-banner-title-visibility":"","ast-main-header-display":"","ast-hfb-above-header-display":"","ast-hfb-below-header-display":"","ast-hfb-mobile-header-display":"","site-post-title":"","ast-breadcrumbs-content":"","ast-featured-img":"","footer-sml-layout":"","ast-disable-related-posts":"","theme-transparent-header-meta":"default","adv-header-id-meta":"","stick-header-meta":"default","header-above-stick-meta":"","header-main-stick-meta":"","header-below-stick-meta":"","astra-migrate-meta-layouts":"default","ast-page-background-enabled":"default","ast-page-background-meta":{"desktop":{"background-color":"","background-image":"","background-repeat":"repeat","background-position":"center center","background-size":"auto","background-attachment":"scroll","background-type":"","background-media":"","overlay-type":"","overlay-color":"","overlay-opacity":"","overlay-gradient":""},"tablet":{"background-color":"","background-image":"","background-repeat":"repeat","background-position":"center center","background-size":"auto","background-attachment":"scroll","background-type":"","background-media":"","overlay-type":"","overlay-color":"","overlay-opacity":"","overlay-gradient":""},"mobile":{"background-color":"","background-image":"","background-repeat":"repeat","background-position":"center center","background-size":"auto","background-attachment":"scroll","background-type":"","background-media":"","overlay-type":"","overlay-color":"","overlay-opacity":"","overlay-gradient":""}},"ast-content-background-meta":{"desktop":{"background-color":"var(--ast-global-color-5)","background-image":"","background-repeat":"repeat","background-position":"center center","background-size":"auto","background-attachment":"scroll","background-type":"","background-media":"","overlay-type":"","overlay-color":"","overlay-opacity":"","overlay-gradient":""},"tablet":{"background-color":"var(--ast-global-color-5)","background-image":"","background-repeat":"repeat","background-position":"center center","background-size":"auto","background-attachment":"scroll","background-type":"","background-media":"","overlay-type":"","overlay-color":"","overlay-opacity":"","overlay-gradient":""},"mobile":{"background-color":"var(--ast-global-color-5)","background-image":"","background-repeat":"repeat","background-position":"center center","background-size":"auto","background-attachment":"scroll","background-type":"","background-media":"","overlay-type":"","overlay-color":"","overlay-opacity":"","overlay-gradient":""}}},"product_brand":[],"product_cat":[36],"product_tag":[],"woo-feed-brand":[],"class_list":{"0":"post-9836","1":"product","2":"type-product","3":"status-publish","4":"has-post-thumbnail","6":"product_cat-pattern-dog-bandanas","7":"product_shipping_class-bandana","8":"desktop-align-center","9":"tablet-align-center","10":"mobile-align-center","11":"ast-product-gallery-layout-horizontal","12":"ast-product-gallery-with-no-image","13":"ast-product-single-variable","14":"ast-product-tabs-layout-horizontal","15":"ast-qv-on-image","17":"first","18":"instock","19":"shipping-taxable","20":"purchasable","21":"product-type-variable"},"acf":[],"_links":{"self":[{"href":"https:\/\/www.dressupyourpup.com\/fr\/wp-json\/wp\/v2\/product\/9836","targetHints":{"allow":["GET"]}}],"collection":[{"href":"https:\/\/www.dressupyourpup.com\/fr\/wp-json\/wp\/v2\/product"}],"about":[{"href":"https:\/\/www.dressupyourpup.com\/fr\/wp-json\/wp\/v2\/types\/product"}],"replies":[{"embeddable":true,"href":"https:\/\/www.dressupyourpup.com\/fr\/wp-json\/wp\/v2\/comments?post=9836"}],"wp:featuredmedia":[{"embeddable":true,"href":"https:\/\/www.dressupyourpup.com\/fr\/wp-json\/wp\/v2\/media\/9825"}],"wp:attachment":[{"href":"https:\/\/www.dressupyourpup.com\/fr\/wp-json\/wp\/v2\/media?parent=9836"}],"wp:term":[{"taxonomy":"product_brand","embeddable":true,"href":"https:\/\/www.dressupyourpup.com\/fr\/wp-json\/wp\/v2\/product_brand?post=9836"},{"taxonomy":"product_cat","embeddable":true,"href":"https:\/\/www.dressupyourpup.com\/fr\/wp-json\/wp\/v2\/product_cat?post=9836"},{"taxonomy":"product_tag","embeddable":true,"href":"https:\/\/www.dressupyourpup.com\/fr\/wp-json\/wp\/v2\/product_tag?post=9836"},{"taxonomy":"woo-feed-brand","embeddable":true,"href":"https:\/\/www.dressupyourpup.com\/fr\/wp-json\/wp\/v2\/woo-feed-brand?post=9836"}],"curies":[{"name":"wp","href":"https:\/\/api.w.org\/{rel}","templated":true}]}}