{"id":7729,"date":"2020-04-20T16:08:26","date_gmt":"2020-04-20T16:08:26","guid":{"rendered":"http:\/\/s903023292.onlinehome.us\/dressupyourpup.com\/?post_type=product&#038;p=7729"},"modified":"2025-11-25T18:46:57","modified_gmt":"2025-11-25T23:46:57","slug":"nautische-ankers-rode-over-de-halsband-hond-bandana","status":"publish","type":"product","link":"https:\/\/www.dressupyourpup.com\/nl\/shop\/dog-bandanas\/pattern-dog-bandanas\/nautical-anchors-red-over-the-collar-dog-bandana\/","title":{"rendered":"Nautische ankers rood over de halsband hondenbandana"},"content":{"rendered":"<p>Zomer komt eraan! We beginnen aan zomerpret te denken met deze Over the Collar Dog-bandana met nautisch thema.<\/p>\n<p>We hebben twee nautische prints beschikbaar, \u00e9\u00e9n met een rode achtergrond en \u00e9\u00e9n met een blauwe achtergrond. Deze bandana heeft de rode stof met witte ankers.<\/p>\n<p>De bandana over de kraag kan worden aangepast met een effen kleur en afbeelding naar keuze op de achterkant.<\/p>\n<p>Licht het anker!<\/p>\n<h2 style=\"text-align: center;\">Zes redenen om onze Nautical Anchors Red Dog Bandana te kopen<\/h2>\n<ul>\n<li>Onze Nautical Anchors Red hondenbandana glijdt gemakkelijk over de halsband. U hoeft zich geen zorgen meer te maken over het te strak of te los rond de nek van uw hond<\/li>\n<li>Onze Nautical Anchors Red bandana&#039;s zijn verkrijgbaar in maten van extra klein tot extra groot. Dus of u nu een chihuahua of een Duitse Dog heeft, wij hebben een bandana die bij uw pup past<\/li>\n<li>De bandana is gemaakt met interfacing zodat hij niet gaat klitten en er altijd fantastisch uitziet<\/li>\n<li>Onze bandana is handgemaakt van voorgekrompen, machinewasbare stof. Je kunt het in je wasmachine wassen en vervolgens in de droger stoppen en het is klaar om te dragen<\/li>\n<li>Onze bandana is echt omkeerbaar met een print aan de ene kant en een opstrijkbare afbeelding aan de achterkant, dus je krijgt twee bandana&#039;s voor de prijs van \u00e9\u00e9n<\/li>\n<li>Je kunt je bandana personaliseren met de naam van je pup erop<\/li>\n<\/ul>","protected":false},"excerpt":{"rendered":"<p>Summer&#8217;s coming! We&#8217;re starting to think summer fun with this nautical themed Over the Collar Dog Bandana. We have two nautical prints available, one with a red background and one with a blue background.\u00a0 This bandana has the red fabric with white anchors. The over the collar bandana can be customized with a solid colour [&hellip;]<\/p>\n","protected":false},"featured_media":6746,"comment_status":"open","ping_status":"closed","template":"","meta":{"_acf_changed":false,"site-sidebar-layout":"default","site-content-layout":"default","ast-site-content-layout":"default","site-content-style":"default","site-sidebar-style":"default","ast-global-header-display":"","ast-banner-title-visibility":"","ast-main-header-display":"","ast-hfb-above-header-display":"","ast-hfb-below-header-display":"","ast-hfb-mobile-header-display":"","site-post-title":"","ast-breadcrumbs-content":"","ast-featured-img":"","footer-sml-layout":"","ast-disable-related-posts":"","theme-transparent-header-meta":"default","adv-header-id-meta":"","stick-header-meta":"default","header-above-stick-meta":"","header-main-stick-meta":"","header-below-stick-meta":"","astra-migrate-meta-layouts":"default","ast-page-background-enabled":"default","ast-page-background-meta":{"desktop":{"background-color":"","background-image":"","background-repeat":"repeat","background-position":"center center","background-size":"auto","background-attachment":"scroll","background-type":"","background-media":"","overlay-type":"","overlay-color":"","overlay-opacity":"","overlay-gradient":""},"tablet":{"background-color":"","background-image":"","background-repeat":"repeat","background-position":"center center","background-size":"auto","background-attachment":"scroll","background-type":"","background-media":"","overlay-type":"","overlay-color":"","overlay-opacity":"","overlay-gradient":""},"mobile":{"background-color":"","background-image":"","background-repeat":"repeat","background-position":"center center","background-size":"auto","background-attachment":"scroll","background-type":"","background-media":"","overlay-type":"","overlay-color":"","overlay-opacity":"","overlay-gradient":""}},"ast-content-background-meta":{"desktop":{"background-color":"var(--ast-global-color-5)","background-image":"","background-repeat":"repeat","background-position":"center center","background-size":"auto","background-attachment":"scroll","background-type":"","background-media":"","overlay-type":"","overlay-color":"","overlay-opacity":"","overlay-gradient":""},"tablet":{"background-color":"var(--ast-global-color-5)","background-image":"","background-repeat":"repeat","background-position":"center center","background-size":"auto","background-attachment":"scroll","background-type":"","background-media":"","overlay-type":"","overlay-color":"","overlay-opacity":"","overlay-gradient":""},"mobile":{"background-color":"var(--ast-global-color-5)","background-image":"","background-repeat":"repeat","background-position":"center center","background-size":"auto","background-attachment":"scroll","background-type":"","background-media":"","overlay-type":"","overlay-color":"","overlay-opacity":"","overlay-gradient":""}}},"product_brand":[],"product_cat":[36],"product_tag":[],"woo-feed-brand":[],"class_list":{"0":"post-7729","1":"product","2":"type-product","3":"status-publish","4":"has-post-thumbnail","6":"product_cat-pattern-dog-bandanas","7":"product_shipping_class-bandana","8":"desktop-align-center","9":"tablet-align-center","10":"mobile-align-center","11":"ast-product-gallery-layout-horizontal","12":"ast-product-gallery-with-no-image","13":"ast-product-single-variable","14":"ast-product-tabs-layout-horizontal","15":"ast-qv-on-image","17":"first","18":"instock","19":"purchasable","20":"product-type-variable"},"acf":[],"_links":{"self":[{"href":"https:\/\/www.dressupyourpup.com\/nl\/wp-json\/wp\/v2\/product\/7729","targetHints":{"allow":["GET"]}}],"collection":[{"href":"https:\/\/www.dressupyourpup.com\/nl\/wp-json\/wp\/v2\/product"}],"about":[{"href":"https:\/\/www.dressupyourpup.com\/nl\/wp-json\/wp\/v2\/types\/product"}],"replies":[{"embeddable":true,"href":"https:\/\/www.dressupyourpup.com\/nl\/wp-json\/wp\/v2\/comments?post=7729"}],"wp:featuredmedia":[{"embeddable":true,"href":"https:\/\/www.dressupyourpup.com\/nl\/wp-json\/wp\/v2\/media\/6746"}],"wp:attachment":[{"href":"https:\/\/www.dressupyourpup.com\/nl\/wp-json\/wp\/v2\/media?parent=7729"}],"wp:term":[{"taxonomy":"product_brand","embeddable":true,"href":"https:\/\/www.dressupyourpup.com\/nl\/wp-json\/wp\/v2\/product_brand?post=7729"},{"taxonomy":"product_cat","embeddable":true,"href":"https:\/\/www.dressupyourpup.com\/nl\/wp-json\/wp\/v2\/product_cat?post=7729"},{"taxonomy":"product_tag","embeddable":true,"href":"https:\/\/www.dressupyourpup.com\/nl\/wp-json\/wp\/v2\/product_tag?post=7729"},{"taxonomy":"woo-feed-brand","embeddable":true,"href":"https:\/\/www.dressupyourpup.com\/nl\/wp-json\/wp\/v2\/woo-feed-brand?post=7729"}],"curies":[{"name":"wp","href":"https:\/\/api.w.org\/{rel}","templated":true}]}}