{"id":13336,"date":"2024-06-26T16:30:44","date_gmt":"2024-06-26T20:30:44","guid":{"rendered":"https:\/\/matthewm364.sg-host.com\/dressupyourpup.com\/?page_id=13336"},"modified":"2024-09-16T09:38:29","modified_gmt":"2024-09-16T13:38:29","slug":"dimensionamento-37","status":"publish","type":"page","link":"https:\/\/www.dressupyourpup.com\/pt\/havanese\/","title":{"rendered":"Havan\u00eas"},"content":{"rendered":"<div data-elementor-type=\"wp-post\" data-elementor-id=\"13336\" class=\"elementor elementor-13336\" data-elementor-post-type=\"page\">\n\t\t\t\t\t\t<section class=\"elementor-section elementor-top-section elementor-element elementor-element-1fa784b elementor-section-full_width elementor-section-stretched elementor-section-height-default elementor-section-height-default\" data-id=\"1fa784b\" data-element_type=\"section\" data-e-type=\"section\" data-settings=\"{&quot;stretch_section&quot;:&quot;section-stretched&quot;,&quot;background_background&quot;:&quot;classic&quot;}\">\n\t\t\t\t\t\t<div class=\"elementor-container elementor-column-gap-no\">\n\t\t\t\t\t<div class=\"elementor-column elementor-col-100 elementor-top-column elementor-element elementor-element-d4e0cb1\" data-id=\"d4e0cb1\" data-element_type=\"column\" data-e-type=\"column\">\n\t\t\t<div class=\"elementor-widget-wrap elementor-element-populated\">\n\t\t\t\t\t\t<div class=\"elementor-element elementor-element-6e5c631 elementor-widget elementor-widget-heading\" data-id=\"6e5c631\" data-element_type=\"widget\" data-e-type=\"widget\" data-widget_type=\"heading.default\">\n\t\t\t\t<div class=\"elementor-widget-container\">\n\t\t\t\t\t<h2 class=\"elementor-heading-title elementor-size-default\">Havan\u00eas<\/h2>\t\t\t\t<\/div>\n\t\t\t\t<\/div>\n\t\t\t\t<div class=\"elementor-element elementor-element-262e537 elementor-widget elementor-widget-heading\" data-id=\"262e537\" data-element_type=\"widget\" data-e-type=\"widget\" data-widget_type=\"heading.default\">\n\t\t\t\t<div class=\"elementor-widget-container\">\n\t\t\t\t\t<h4 class=\"elementor-heading-title elementor-size-default\">Informa\u00e7\u00f5es sobre a ra\u00e7a<\/h4>\t\t\t\t<\/div>\n\t\t\t\t<\/div>\n\t\t\t\t\t<\/div>\n\t\t<\/div>\n\t\t\t\t\t<\/div>\n\t\t<\/section>\n\t\t\t\t<section class=\"elementor-section elementor-top-section elementor-element elementor-element-249a6e0 elementor-section-boxed elementor-section-height-default elementor-section-height-default\" data-id=\"249a6e0\" data-element_type=\"section\" data-e-type=\"section\">\n\t\t\t\t\t\t<div class=\"elementor-container elementor-column-gap-default\">\n\t\t\t\t\t<div class=\"elementor-column elementor-col-50 elementor-top-column elementor-element elementor-element-6a62394\" data-id=\"6a62394\" data-element_type=\"column\" data-e-type=\"column\">\n\t\t\t<div class=\"elementor-widget-wrap elementor-element-populated\">\n\t\t\t\t\t\t<div class=\"elementor-element elementor-element-b526a57 elementor-widget elementor-widget-text-editor\" data-id=\"b526a57\" data-element_type=\"widget\" data-e-type=\"widget\" data-widget_type=\"text-editor.default\">\n\t\t\t\t<div class=\"elementor-widget-container\">\n\t\t\t\t\t\t\t\t\t<h3>Havanese: C\u00e3es pequenos com grandes cora\u00e7\u00f5es<\/h3><p>Nas casas dos amantes de c\u00e3es de todo o mundo, os c\u00e3es Havanese destacam-se como companheiros encantadores, cheios de charme e afeto. Conhecidos pelo seu comportamento brincalh\u00e3o e pelo seu pelo sedoso, estes pequenos c\u00e3es s\u00e3o muito mais do que animais de estima\u00e7\u00e3o; s\u00e3o membros estimados da fam\u00edlia. As suas personalidades alegres e a sua natureza afectuosa tornam-nos companheiros perfeitos tanto para as brincadeiras animadas como para os abra\u00e7os aconchegantes.<\/p><p>Para aqueles que consideram o compromisso exigido, os Havaneses precisam de cuidados dedicados. O seu pelo comprido e esvoa\u00e7ante exige cuidados regulares para evitar que se emaranhe, e as suas mentes e corpos activos beneficiam de estimula\u00e7\u00e3o f\u00edsica e mental di\u00e1ria. No entanto, as recompensas do seu companheirismo - marcado pela sua lealdade, afeto e esp\u00edrito brincalh\u00e3o - ultrapassam largamente estes esfor\u00e7os.<\/p><p>Os futuros donos devem considerar a ado\u00e7\u00e3o em abrigos ou centros de acolhimento, oferecendo um lar amoroso a um c\u00e3o merecedor. Se comprar de um criador, \u00e9 essencial dar prioridade a pr\u00e1ticas \u00e9ticas e \u00e0 sa\u00fade dos c\u00e3es. Os criadores respons\u00e1veis preocupam-se com o bem-estar dos seus animais, garantindo que leva para casa um Havan\u00eas saud\u00e1vel e feliz.<\/p><h3>Mergulho profundo: O cora\u00e7\u00e3o de um Havan\u00eas<\/h3><p>A reputa\u00e7\u00e3o do Havan\u00eas como um animal de estima\u00e7\u00e3o querido da fam\u00edlia \u00e9 bem merecida. A sua natureza amistosa e extrovertida, combinada com um esp\u00edrito brincalh\u00e3o, torna-o ideal para v\u00e1rias actividades e para momentos relaxantes em fam\u00edlia. Originalmente criados como c\u00e3es de companhia para a aristocracia cubana, s\u00e3o conhecidos pelo seu comportamento animado e social. A sua presen\u00e7a alegre e carinhosa mant\u00e9m-se ao longo da vida, trazendo riso e calor a todos os dias.<\/p><p>Embora o seu tamanho pequeno os torne ideais para viver em apartamentos, os c\u00e3es da ra\u00e7a Havanese prosperam em ambientes onde podem interagir com a fam\u00edlia e manter-se envolvidos. Eles s\u00e3o altamente trein\u00e1veis e respondem bem a orienta\u00e7\u00f5es gentis e consistentes. O seu profundo amor pela fam\u00edlia e a disponibilidade para participar em v\u00e1rias actividades real\u00e7am o seu papel de verdadeiros companheiros. Com a sua mistura de charme, intelig\u00eancia e afeto, os Havanese n\u00e3o s\u00f3 melhoram a vida como tamb\u00e9m enchem as casas de alegria e riso.<\/p>\t\t\t\t\t\t\t\t<\/div>\n\t\t\t\t<\/div>\n\t\t\t\t\t<\/div>\n\t\t<\/div>\n\t\t\t\t<div class=\"elementor-column elementor-col-50 elementor-top-column elementor-element elementor-element-20c1843\" data-id=\"20c1843\" data-element_type=\"column\" data-e-type=\"column\" data-settings=\"{&quot;background_background&quot;:&quot;classic&quot;}\">\n\t\t\t<div class=\"elementor-widget-wrap elementor-element-populated\">\n\t\t\t\t\t\t<div class=\"elementor-element elementor-element-792031a elementor-widget elementor-widget-text-editor\" data-id=\"792031a\" data-element_type=\"widget\" data-e-type=\"widget\" data-widget_type=\"text-editor.default\">\n\t\t\t\t<div class=\"elementor-widget-container\">\n\t\t\t\t\t\t\t\t\t<h3>Num relance: Essenciais do Havan\u00eas<\/h3><p><strong>Origem:<\/strong> Cuba, criados como c\u00e3es de companhia para a nobreza cubana.<br \/><strong>Tamanho:<\/strong> Pequeno, com uma constru\u00e7\u00e3o robusta e compacta.<br \/><strong>Tempo de vida:<\/strong> Uma companhia agrad\u00e1vel de 14 a 16 anos.<br \/><strong>Casaco:<\/strong> Um pelo longo e sedoso, de v\u00e1rias cores, que requer cuidados regulares.<br \/><strong>Personalidade:<\/strong> A encarna\u00e7\u00e3o da alegria, da intelig\u00eancia e da lealdade.<br \/><strong>Exerc\u00edcio:<\/strong> Um Havan\u00eas feliz \u00e9 um Havan\u00eas ativo; os passeios di\u00e1rios e as brincadeiras s\u00e3o essenciais.<br \/><strong>Treinamento:<\/strong> Inteligente e ansioso por agradar; o refor\u00e7o positivo funciona melhor.<br \/><strong>Sa\u00fade:<\/strong> Os controlos veterin\u00e1rios regulares podem prevenir problemas de sa\u00fade comuns da ra\u00e7a, garantindo uma vida longa e saud\u00e1vel.<\/p><h3>Destaques: O charme do Havan\u00eas<\/h3><p><strong>Animado e alegre:<\/strong> Conhecidos pela sua natureza brincalhona e amig\u00e1vel, os Havaneses destacam-se por proporcionar alegria e companheirismo.<br \/><strong>Inteligente e social:<\/strong> Altamente capazes e sociais, prosperam em ambientes que oferecem estimula\u00e7\u00e3o mental e f\u00edsica.<br \/><strong>Casacos de seda:<\/strong> Os seus belos e longos p\u00ealos requerem cuidados regulares, mas s\u00e3o recompensados com uma apar\u00eancia deslumbrante e distinta.<br \/><strong>Companheiros de brincadeira:<\/strong> O seu gosto por brincadeiras e intera\u00e7\u00f5es sociais torna-os companheiros perfeitos tanto para fam\u00edlias como para indiv\u00edduos.<br \/><strong>Lealdade inabal\u00e1vel:<\/strong> Profundamente devotados, formam la\u00e7os fortes e afectuosos com as suas fam\u00edlias, oferecendo uma companhia constante.<br \/><strong>Amigos adapt\u00e1veis:<\/strong> Quer se trate de um apartamento na cidade ou de uma casa de campo, a sua natureza adapt\u00e1vel torna-os adequados a v\u00e1rios ambientes de vida.<br \/><strong>Namorados da Comunidade:<\/strong> Para al\u00e9m da companhia pessoal, os Havaneses participam frequentemente em fun\u00e7\u00f5es terap\u00eauticas e actividades comunit\u00e1rias, demonstrando o seu esp\u00edrito amig\u00e1vel e carinhoso.<\/p>\t\t\t\t\t\t\t\t<\/div>\n\t\t\t\t<\/div>\n\t\t\t\t\t<\/div>\n\t\t<\/div>\n\t\t\t\t\t<\/div>\n\t\t<\/section>\n\t\t\t\t<section class=\"elementor-section elementor-top-section elementor-element elementor-element-17efe67 elementor-section-boxed elementor-section-height-default elementor-section-height-default\" data-id=\"17efe67\" data-element_type=\"section\" data-e-type=\"section\">\n\t\t\t\t\t\t<div class=\"elementor-container elementor-column-gap-default\">\n\t\t\t\t\t<div class=\"elementor-column elementor-col-100 elementor-top-column elementor-element elementor-element-1c64772\" data-id=\"1c64772\" data-element_type=\"column\" data-e-type=\"column\">\n\t\t\t<div class=\"elementor-widget-wrap elementor-element-populated\">\n\t\t\t\t\t\t<div class=\"elementor-element elementor-element-4b37843 elementor-widget elementor-widget-heading\" data-id=\"4b37843\" data-element_type=\"widget\" data-e-type=\"widget\" data-widget_type=\"heading.default\">\n\t\t\t\t<div class=\"elementor-widget-container\">\n\t\t\t\t\t<h2 class=\"elementor-heading-title elementor-size-default\">Ler mais sobre Havaneses<\/h2>\t\t\t\t<\/div>\n\t\t\t\t<\/div>\n\t\t\t\t\t<\/div>\n\t\t<\/div>\n\t\t\t\t\t<\/div>\n\t\t<\/section>\n\t\t\t\t<section class=\"elementor-section elementor-top-section elementor-element elementor-element-2d04ae9 elementor-section-boxed elementor-section-height-default elementor-section-height-default\" data-id=\"2d04ae9\" data-element_type=\"section\" data-e-type=\"section\">\n\t\t\t\t\t\t<div class=\"elementor-container elementor-column-gap-default\">\n\t\t\t\t\t<div class=\"elementor-column elementor-col-100 elementor-top-column elementor-element elementor-element-05dd9d9\" data-id=\"05dd9d9\" data-element_type=\"column\" data-e-type=\"column\">\n\t\t\t<div class=\"elementor-widget-wrap elementor-element-populated\">\n\t\t\t\t\t\t<div class=\"elementor-element elementor-element-11892c7 elementor-grid-3 elementor-grid-tablet-2 elementor-grid-mobile-1 elementor-posts--thumbnail-top elementor-posts--show-avatar elementor-card-shadow-yes elementor-posts__hover-gradient elementor-widget elementor-widget-posts\" data-id=\"11892c7\" data-element_type=\"widget\" data-e-type=\"widget\" data-settings=\"{&quot;cards_columns&quot;:&quot;3&quot;,&quot;cards_columns_tablet&quot;:&quot;2&quot;,&quot;cards_columns_mobile&quot;:&quot;1&quot;,&quot;cards_row_gap&quot;:{&quot;unit&quot;:&quot;px&quot;,&quot;size&quot;:35,&quot;sizes&quot;:[]},&quot;cards_row_gap_tablet&quot;:{&quot;unit&quot;:&quot;px&quot;,&quot;size&quot;:&quot;&quot;,&quot;sizes&quot;:[]},&quot;cards_row_gap_mobile&quot;:{&quot;unit&quot;:&quot;px&quot;,&quot;size&quot;:&quot;&quot;,&quot;sizes&quot;:[]}}\" data-widget_type=\"posts.cards\">\n\t\t\t\t<div class=\"elementor-widget-container\">\n\t\t\t\t\t\t\t<div class=\"elementor-posts-container elementor-posts elementor-posts--skin-cards elementor-grid\" role=\"list\">\n\t\t\t\t<article class=\"elementor-post elementor-grid-item post-12380 post type-post status-publish format-standard has-post-thumbnail hentry category-havanese\" role=\"listitem\">\n\t\t\t<div class=\"elementor-post__card\">\n\t\t\t\t<a class=\"elementor-post__thumbnail__link\" href=\"https:\/\/www.dressupyourpup.com\/pt\/havanese-health-mastering-the-ideal-diet-and-exercise-routine-for-your-furry-friend\/\" tabindex=\"-1\"><div class=\"elementor-post__thumbnail\"><img fetchpriority=\"high\" decoding=\"async\" width=\"300\" height=\"200\" src=\"https:\/\/www.dressupyourpup.com\/wp-content\/uploads\/2023\/07\/cute-havanese-dog-canis-lupus-familiaris-with-a-2023-06-02-23-00-27-utc-300x200.jpg\" class=\"attachment-medium size-medium wp-image-12381\" alt=\"Cachorro havan\u00eas fofo com um la\u00e7o roxo correndo na grama\" srcset=\"https:\/\/www.dressupyourpup.com\/wp-content\/uploads\/2023\/07\/cute-havanese-dog-canis-lupus-familiaris-with-a-2023-06-02-23-00-27-utc-300x200.jpg 300w, https:\/\/www.dressupyourpup.com\/wp-content\/uploads\/2023\/07\/cute-havanese-dog-canis-lupus-familiaris-with-a-2023-06-02-23-00-27-utc-1024x683.jpg 1024w, https:\/\/www.dressupyourpup.com\/wp-content\/uploads\/2023\/07\/cute-havanese-dog-canis-lupus-familiaris-with-a-2023-06-02-23-00-27-utc-768x512.jpg 768w, https:\/\/www.dressupyourpup.com\/wp-content\/uploads\/2023\/07\/cute-havanese-dog-canis-lupus-familiaris-with-a-2023-06-02-23-00-27-utc-1536x1024.jpg 1536w, https:\/\/www.dressupyourpup.com\/wp-content\/uploads\/2023\/07\/cute-havanese-dog-canis-lupus-familiaris-with-a-2023-06-02-23-00-27-utc-2048x1365.jpg 2048w, https:\/\/www.dressupyourpup.com\/wp-content\/uploads\/2023\/07\/cute-havanese-dog-canis-lupus-familiaris-with-a-2023-06-02-23-00-27-utc-18x12.jpg 18w, https:\/\/www.dressupyourpup.com\/wp-content\/uploads\/2023\/07\/cute-havanese-dog-canis-lupus-familiaris-with-a-2023-06-02-23-00-27-utc-600x400.jpg 600w\" sizes=\"(max-width: 300px) 100vw, 300px\" \/><\/div><\/a>\n\t\t\t\t<div class=\"elementor-post__avatar\">\n\t\t\t\t\t<\/div>\n\t\t\t\t<div class=\"elementor-post__text\">\n\t\t\t\t<h3 class=\"elementor-post__title\">\n\t\t\t<a href=\"https:\/\/www.dressupyourpup.com\/pt\/havanese-health-mastering-the-ideal-diet-and-exercise-routine-for-your-furry-friend\/\">\n\t\t\t\tSa\u00fade Havanese: dominando a dieta ideal e a rotina de exerc\u00edcios para seu amigo peludo\t\t\t<\/a>\n\t\t<\/h3>\n\t\t\t\t<div class=\"elementor-post__excerpt\">\n\t\t\t<p>O Havan\u00eas \u00e9 uma ra\u00e7a de brinquedo conhecida pela sua personalidade brincalhona, pelo seu pelo sedoso e pelo seu amor pela companhia. Origin\u00e1rios de Cuba, estes pequenos c\u00e3es conquistaram os cora\u00e7\u00f5es dos donos de animais em todo o mundo, n\u00e3o s\u00f3 pela sua disposi\u00e7\u00e3o amig\u00e1vel, mas tamb\u00e9m pela sua adaptabilidade a v\u00e1rias condi\u00e7\u00f5es de vida. No entanto, como todas as ra\u00e7as,<\/p>\n\t\t<\/div>\n\t\t\n\t\t<a class=\"elementor-post__read-more\" href=\"https:\/\/www.dressupyourpup.com\/pt\/havanese-health-mastering-the-ideal-diet-and-exercise-routine-for-your-furry-friend\/\" aria-label=\"Read more about Havanese Health: Mastering the Ideal Diet and Exercise Routine for Your Furry Friend\" tabindex=\"-1\">\n\t\t\tConsulte Mais informa\u00e7\u00e3o &quot;\t\t<\/a>\n\n\t\t\t\t<\/div>\n\t\t\t\t<div class=\"elementor-post__meta-data\">\n\t\t\t\t\t<span class=\"elementor-post-date\">\n\t\t\t18 de julho de 2023\t\t<\/span>\n\t\t\t\t<span class=\"elementor-post-avatar\">\n\t\t\tSem coment\u00e1rios\t\t<\/span>\n\t\t\t\t<\/div>\n\t\t\t\t\t<\/div>\n\t\t<\/article>\n\t\t\t\t<article class=\"elementor-post elementor-grid-item post-11849 post type-post status-publish format-standard has-post-thumbnail hentry category-tails-from-the-dog-house category-havanese\" role=\"listitem\">\n\t\t\t<div class=\"elementor-post__card\">\n\t\t\t\t<a class=\"elementor-post__thumbnail__link\" href=\"https:\/\/www.dressupyourpup.com\/pt\/comprehensive-guide-to-common-health-issues-in-havanese-dogs-and-how-to-prevent-them\/\" tabindex=\"-1\"><div class=\"elementor-post__thumbnail\"><img decoding=\"async\" width=\"300\" height=\"206\" src=\"https:\/\/www.dressupyourpup.com\/wp-content\/uploads\/2023\/06\/cute-gray-havanese-dog-laying-with-blurred-backgro-2023-01-19-01-57-12-utc-300x206.jpeg\" class=\"attachment-medium size-medium wp-image-11914\" alt=\"C\u00e3o cinzento bonito da ra\u00e7a Havanese deitado com fundo desfocado\" srcset=\"https:\/\/www.dressupyourpup.com\/wp-content\/uploads\/2023\/06\/cute-gray-havanese-dog-laying-with-blurred-backgro-2023-01-19-01-57-12-utc-300x206.jpeg 300w, https:\/\/www.dressupyourpup.com\/wp-content\/uploads\/2023\/06\/cute-gray-havanese-dog-laying-with-blurred-backgro-2023-01-19-01-57-12-utc-1024x704.jpeg 1024w, https:\/\/www.dressupyourpup.com\/wp-content\/uploads\/2023\/06\/cute-gray-havanese-dog-laying-with-blurred-backgro-2023-01-19-01-57-12-utc-768x528.jpeg 768w, https:\/\/www.dressupyourpup.com\/wp-content\/uploads\/2023\/06\/cute-gray-havanese-dog-laying-with-blurred-backgro-2023-01-19-01-57-12-utc-1536x1056.jpeg 1536w, https:\/\/www.dressupyourpup.com\/wp-content\/uploads\/2023\/06\/cute-gray-havanese-dog-laying-with-blurred-backgro-2023-01-19-01-57-12-utc-2048x1408.jpeg 2048w, https:\/\/www.dressupyourpup.com\/wp-content\/uploads\/2023\/06\/cute-gray-havanese-dog-laying-with-blurred-backgro-2023-01-19-01-57-12-utc-18x12.jpeg 18w, https:\/\/www.dressupyourpup.com\/wp-content\/uploads\/2023\/06\/cute-gray-havanese-dog-laying-with-blurred-backgro-2023-01-19-01-57-12-utc-600x412.jpeg 600w\" sizes=\"(max-width: 300px) 100vw, 300px\" \/><\/div><\/a>\n\t\t\t\t<div class=\"elementor-post__avatar\">\n\t\t\t\t\t<\/div>\n\t\t\t\t<div class=\"elementor-post__text\">\n\t\t\t\t<h3 class=\"elementor-post__title\">\n\t\t\t<a href=\"https:\/\/www.dressupyourpup.com\/pt\/comprehensive-guide-to-common-health-issues-in-havanese-dogs-and-how-to-prevent-them\/\">\n\t\t\t\tGuia completo para problemas de sa\u00fade comuns em c\u00e3es Havanese e como preveni-los\t\t\t<\/a>\n\t\t<\/h3>\n\t\t\t\t<div class=\"elementor-post__excerpt\">\n\t\t\t<p>Os c\u00e3es da ra\u00e7a Havanese s\u00e3o conhecidos pelo seu temperamento alegre, intelig\u00eancia e pelagem sedosa. Como propriet\u00e1rio respons\u00e1vel de um animal de estima\u00e7\u00e3o, \u00e9 essencial compreender os potenciais problemas de sa\u00fade que podem afetar os c\u00e3es da ra\u00e7a Havanese. Este guia completo tem como objetivo fornecer informa\u00e7\u00f5es valiosas sobre os problemas de sa\u00fade comuns dos c\u00e3es da ra\u00e7a Havanese, os seus sintomas e as op\u00e7\u00f5es de tratamento,<\/p>\n\t\t<\/div>\n\t\t\n\t\t<a class=\"elementor-post__read-more\" href=\"https:\/\/www.dressupyourpup.com\/pt\/comprehensive-guide-to-common-health-issues-in-havanese-dogs-and-how-to-prevent-them\/\" aria-label=\"Read more about Comprehensive Guide to Common Health Issues in Havanese Dogs and How to Prevent Them\" tabindex=\"-1\">\n\t\t\tConsulte Mais informa\u00e7\u00e3o &quot;\t\t<\/a>\n\n\t\t\t\t<\/div>\n\t\t\t\t<div class=\"elementor-post__meta-data\">\n\t\t\t\t\t<span class=\"elementor-post-date\">\n\t\t\t16 de junho de 2023\t\t<\/span>\n\t\t\t\t<span class=\"elementor-post-avatar\">\n\t\t\tSem coment\u00e1rios\t\t<\/span>\n\t\t\t\t<\/div>\n\t\t\t\t\t<\/div>\n\t\t<\/article>\n\t\t\t\t<\/div>\n\t\t\n\t\t\t\t\t\t<\/div>\n\t\t\t\t<\/div>\n\t\t\t\t\t<\/div>\n\t\t<\/div>\n\t\t\t\t\t<\/div>\n\t\t<\/section>\n\t\t\t\t<\/div>","protected":false},"excerpt":{"rendered":"<p>Havanese Breed Information Havanese: Small Dogs with Big Hearts In the homes of dog lovers worldwide, Havanese dogs stand out as delightful companions full of charm and affection. Known for their playful demeanor and silky coats, these little dogs are much more than pets; they are cherished family members. Their cheerful personalities and affectionate nature [&hellip;]<\/p>\n","protected":false},"author":1,"featured_media":0,"parent":0,"menu_order":0,"comment_status":"closed","ping_status":"closed","template":"","meta":{"_acf_changed":false,"site-sidebar-layout":"default","site-content-layout":"default","ast-site-content-layout":"default","site-content-style":"default","site-sidebar-style":"default","ast-global-header-display":"","ast-banner-title-visibility":"","ast-main-header-display":"","ast-hfb-above-header-display":"","ast-hfb-below-header-display":"","ast-hfb-mobile-header-display":"","site-post-title":"disabled","ast-breadcrumbs-content":"","ast-featured-img":"","footer-sml-layout":"","ast-disable-related-posts":"","theme-transparent-header-meta":"default","adv-header-id-meta":"","stick-header-meta":"default","header-above-stick-meta":"","header-main-stick-meta":"","header-below-stick-meta":"","astra-migrate-meta-layouts":"set","ast-page-background-enabled":"default","ast-page-background-meta":{"desktop":{"background-color":"","background-image":"","background-repeat":"repeat","background-position":"center center","background-size":"auto","background-attachment":"scroll","background-type":"","background-media":"","overlay-type":"","overlay-color":"","overlay-opacity":"","overlay-gradient":""},"tablet":{"background-color":"","background-image":"","background-repeat":"repeat","background-position":"center center","background-size":"auto","background-attachment":"scroll","background-type":"","background-media":"","overlay-type":"","overlay-color":"","overlay-opacity":"","overlay-gradient":""},"mobile":{"background-color":"","background-image":"","background-repeat":"repeat","background-position":"center center","background-size":"auto","background-attachment":"scroll","background-type":"","background-media":"","overlay-type":"","overlay-color":"","overlay-opacity":"","overlay-gradient":""}},"ast-content-background-meta":{"desktop":{"background-color":"var(--ast-global-color-5)","background-image":"","background-repeat":"repeat","background-position":"center center","background-size":"auto","background-attachment":"scroll","background-type":"","background-media":"","overlay-type":"","overlay-color":"","overlay-opacity":"","overlay-gradient":""},"tablet":{"background-color":"var(--ast-global-color-5)","background-image":"","background-repeat":"repeat","background-position":"center center","background-size":"auto","background-attachment":"scroll","background-type":"","background-media":"","overlay-type":"","overlay-color":"","overlay-opacity":"","overlay-gradient":""},"mobile":{"background-color":"var(--ast-global-color-5)","background-image":"","background-repeat":"repeat","background-position":"center center","background-size":"auto","background-attachment":"scroll","background-type":"","background-media":"","overlay-type":"","overlay-color":"","overlay-opacity":"","overlay-gradient":""}},"footnotes":""},"class_list":["post-13336","page","type-page","status-publish","hentry"],"acf":[],"_links":{"self":[{"href":"https:\/\/www.dressupyourpup.com\/pt\/wp-json\/wp\/v2\/pages\/13336","targetHints":{"allow":["GET"]}}],"collection":[{"href":"https:\/\/www.dressupyourpup.com\/pt\/wp-json\/wp\/v2\/pages"}],"about":[{"href":"https:\/\/www.dressupyourpup.com\/pt\/wp-json\/wp\/v2\/types\/page"}],"author":[{"embeddable":true,"href":"https:\/\/www.dressupyourpup.com\/pt\/wp-json\/wp\/v2\/users\/1"}],"replies":[{"embeddable":true,"href":"https:\/\/www.dressupyourpup.com\/pt\/wp-json\/wp\/v2\/comments?post=13336"}],"version-history":[{"count":0,"href":"https:\/\/www.dressupyourpup.com\/pt\/wp-json\/wp\/v2\/pages\/13336\/revisions"}],"wp:attachment":[{"href":"https:\/\/www.dressupyourpup.com\/pt\/wp-json\/wp\/v2\/media?parent=13336"}],"curies":[{"name":"wp","href":"https:\/\/api.w.org\/{rel}","templated":true}]}}