{"id":3,"date":"2019-07-06T19:05:15","date_gmt":"2019-07-06T19:05:15","guid":{"rendered":"http:\/\/s903023292.onlinehome.us\/dressupyourpup.com\/?page_id=3"},"modified":"2022-04-18T09:57:18","modified_gmt":"2022-04-18T13:57:18","slug":"politica-de-privacidade","status":"publish","type":"page","link":"https:\/\/www.dressupyourpup.com\/pt\/privacy-policy\/","title":{"rendered":"Pol\u00edtica de Privacidade"},"content":{"rendered":"<div data-elementor-type=\"wp-post\" data-elementor-id=\"3\" class=\"elementor elementor-3\" data-elementor-post-type=\"page\">\n\t\t\t\t\t\t<section class=\"elementor-section elementor-top-section elementor-element elementor-element-57a40639 elementor-section-boxed elementor-section-height-default elementor-section-height-default\" data-id=\"57a40639\" data-element_type=\"section\" data-e-type=\"section\">\n\t\t\t\t\t\t<div class=\"elementor-container elementor-column-gap-default\">\n\t\t\t\t\t<div class=\"elementor-column elementor-col-100 elementor-top-column elementor-element elementor-element-1e1d83b7\" data-id=\"1e1d83b7\" data-element_type=\"column\" data-e-type=\"column\">\n\t\t\t<div class=\"elementor-widget-wrap elementor-element-populated\">\n\t\t\t\t\t\t<div class=\"elementor-element elementor-element-65cc9168 elementor-widget elementor-widget-text-editor\" data-id=\"65cc9168\" data-element_type=\"widget\" data-e-type=\"widget\" data-widget_type=\"text-editor.default\">\n\t\t\t\t<div class=\"elementor-widget-container\">\n\t\t\t\t\t\t\t\t\t\n<p>Dress Up Your Pup (\u201cn\u00f3s\u201d, \u201cn\u00f3s\u201d ou \u201cnosso\u201d) opera o site http:\/\/s903023292.onlinehome.us\/dressupyourpup.com (o \u201cServi\u00e7o\u201d).<\/p>\n<p><strong>Coleta, Uso, Divulga\u00e7\u00e3o e Consentimento de Informa\u00e7\u00f5es Pessoais<\/strong><\/p>\n<p>As Informa\u00e7\u00f5es Pessoais podem incluir seu nome, endere\u00e7o de e-mail, endere\u00e7o residencial e n\u00famero de telefone.<\/p>\n<p>Estamos empenhados em fornecer aos nossos clientes, clientes, membros (\u201cvoc\u00ea\u201d, \u201cseu\u201d ou \u201celes\u201d) um servi\u00e7o excepcional. A presta\u00e7\u00e3o de servi\u00e7os excepcionais pode envolver a coleta, o uso e, \u00e0s vezes, a divulga\u00e7\u00e3o de suas informa\u00e7\u00f5es pessoais. Proteger suas informa\u00e7\u00f5es pessoais \u00e9 uma de nossas maiores prioridades. Embora sempre tenhamos respeitado sua privacidade e protegido todas as informa\u00e7\u00f5es pessoais, fortalecemos nosso compromisso com essa meta. Isso \u00e9 para continuar a fornecer um servi\u00e7o excepcional a voc\u00ea e cumprir todas as leis relacionadas \u00e0 coleta, uso e divulga\u00e7\u00e3o de informa\u00e7\u00f5es pessoais. Iremos inform\u00e1-lo sobre por que e como coletamos, usamos e divulgamos Informa\u00e7\u00f5es Pessoais; obter o seu consentimento, conforme necess\u00e1rio; e lidar com informa\u00e7\u00f5es pessoais de acordo com a lei aplic\u00e1vel. Nosso compromisso de privacidade inclui garantir a precis\u00e3o, confidencialidade e seguran\u00e7a de suas informa\u00e7\u00f5es pessoais e permitir que voc\u00ea solicite acesso e corre\u00e7\u00e3o de suas informa\u00e7\u00f5es pessoais.<\/p>\n<p>Esta p\u00e1gina informa sobre nossas pol\u00edticas em rela\u00e7\u00e3o \u00e0 coleta, uso e divulga\u00e7\u00e3o de informa\u00e7\u00f5es pessoais quando voc\u00ea usa nosso servi\u00e7o.<\/p>\n<p>N\u00e3o usaremos ou compartilharemos suas informa\u00e7\u00f5es com ningu\u00e9m, exceto conforme descrito nesta Pol\u00edtica de Privacidade.<\/p>\n<p>Apenas coletaremos informa\u00e7\u00f5es pessoais necess\u00e1rias para cumprir os seguintes prop\u00f3sitos:<\/p>\n<ul>\n<li>Para verificar a identidade;<\/li>\n<li>Para identificar suas prefer\u00eancias;<\/li>\n<li>Abrir e gerir uma conta;<\/li>\n<li>Para garantir que voc\u00ea receba um alto padr\u00e3o de servi\u00e7o;<\/li>\n<li>Para atender aos requisitos regulamentares;<\/li>\n<li>Outras raz\u00f5es legais aplic\u00e1veis aos bens e servi\u00e7os solicitados.<\/li>\n<\/ul>\n<p>Obteremos seu consentimento para coletar, usar ou divulgar Informa\u00e7\u00f5es Pessoais. Em alguns casos, podemos faz\u00ea-lo sem o seu consentimento (veja abaixo). Voc\u00ea pode fornecer consentimento verbalmente, por escrito, eletronicamente ou por meio de um representante autorizado.<\/p>\n<p>Voc\u00ea fornece consentimento impl\u00edcito quando nosso objetivo de coletar, usar ou divulgar suas informa\u00e7\u00f5es pessoais for considerado \u00f3bvio ou razo\u00e1vel nas circunst\u00e2ncias. O consentimento tamb\u00e9m pode ser impl\u00edcito quando voc\u00ea tiver um aviso e uma oportunidade razo\u00e1vel de optar por n\u00e3o ter suas informa\u00e7\u00f5es pessoais usadas para envio de correspond\u00eancia, marketing ou arrecada\u00e7\u00e3o de fundos e voc\u00ea n\u00e3o optar por n\u00e3o participar.<\/p>\n<p>Podemos coletar, usar ou divulgar Informa\u00e7\u00f5es Pessoais sem o consentimento:<\/p>\n<ul>\n<li>Quando permitido ou exigido por lei;<\/li>\n<li>Em uma emerg\u00eancia que ameace a vida, a sa\u00fade ou a seguran\u00e7a pessoal de um indiv\u00edduo;<\/li>\n<li>Quando as Informa\u00e7\u00f5es Pessoais estiverem dispon\u00edveis em uma fonte p\u00fablica;<\/li>\n<li>Quando exigimos aconselhamento jur\u00eddico de um advogado;<\/li>\n<li>Para fins de cobran\u00e7a de uma d\u00edvida ou prote\u00e7\u00e3o contra fraude;<\/li>\n<li>Outros motivos legalmente estabelecidos.<\/li>\n<\/ul>\n<p>N\u00e3o venderemos suas informa\u00e7\u00f5es pessoais a terceiros. Retemos suas Informa\u00e7\u00f5es Pessoais pelo tempo necess\u00e1rio para cumprir os prop\u00f3sitos identificados ou um prop\u00f3sito legal ou comercial. Faremos esfor\u00e7os razo\u00e1veis para garantir que suas Informa\u00e7\u00f5es Pessoais sejam precisas e completas. Voc\u00ea pode solicitar a corre\u00e7\u00e3o de suas Informa\u00e7\u00f5es Pessoais para garantir sua precis\u00e3o e integridade. Uma solicita\u00e7\u00e3o deve ser feita por escrito e fornecer detalhes suficientes para identificar suas Informa\u00e7\u00f5es Pessoais e a corre\u00e7\u00e3o que est\u00e1 sendo solicitada.<\/p>\n<p>Estamos comprometidos em garantir a seguran\u00e7a de suas informa\u00e7\u00f5es pessoais e podemos usar senhas, criptografia, firewalls, acesso restrito de funcion\u00e1rios ou outros m\u00e9todos, a nosso crit\u00e9rio. Usaremos medidas de seguran\u00e7a apropriadas ao destruir suas informa\u00e7\u00f5es pessoais, como destrui\u00e7\u00e3o de documentos ou exclus\u00e3o de informa\u00e7\u00f5es armazenadas eletronicamente, a nosso crit\u00e9rio.<\/p>\n<p><strong>Dados de registro<\/strong><\/p>\n<p>Tamb\u00e9m podemos coletar informa\u00e7\u00f5es que seu navegador envia sempre que voc\u00ea visita nosso Servi\u00e7o (\u201cLog Data\u201d). Esses dados de registro podem incluir informa\u00e7\u00f5es como o endere\u00e7o de protocolo de Internet (&quot;IP&quot;) do seu computador, tipo de navegador, vers\u00e3o do navegador, as p\u00e1ginas do nosso servi\u00e7o que voc\u00ea visita, a hora e a data da sua visita, o tempo gasto nessas p\u00e1ginas e outros Estatisticas.<\/p>\n<p>Al\u00e9m disso, podemos usar servi\u00e7os de terceiros, como o Google Analytics, que coletam, monitoram e analisam esse tipo de informa\u00e7\u00e3o para aumentar a funcionalidade do nosso Servi\u00e7o. Esses provedores de servi\u00e7os terceirizados t\u00eam suas pr\u00f3prias pol\u00edticas de privacidade abordando como eles usam essas informa\u00e7\u00f5es.<\/p>\n<p><strong>Biscoitos<\/strong><\/p>\n<p>Cookies s\u00e3o arquivos com pequena quantidade de dados, que podem incluir um identificador \u00fanico an\u00f4nimo. Os cookies s\u00e3o enviados para o seu navegador a partir de um site da Web e armazenados no disco r\u00edgido do seu computador.<\/p>\n<p>Usamos \u201ccookies\u201d para coletar informa\u00e7\u00f5es. Voc\u00ea pode instruir seu navegador a recusar todos os cookies ou indicar quando um cookie est\u00e1 sendo enviado. No entanto, se voc\u00ea n\u00e3o aceitar cookies, talvez n\u00e3o consiga usar algumas partes do nosso Servi\u00e7o. Se voc\u00ea n\u00e3o instruir seu navegador a recusar todos os cookies ou indicar quando um cookie est\u00e1 sendo enviado, seu consentimento para o uso de suas informa\u00e7\u00f5es pessoais pode estar impl\u00edcito.<\/p>\n<p><strong>Provedores de servi\u00e7o<\/strong><\/p>\n<p>Podemos contratar empresas e indiv\u00edduos terceirizados para facilitar nosso Servi\u00e7o, para fornecer o Servi\u00e7o em nosso nome, para executar servi\u00e7os relacionados ao Servi\u00e7o ou para nos ajudar a analisar como nosso Servi\u00e7o \u00e9 usado.<\/p>\n<p>Esses terceiros t\u00eam acesso \u00e0s suas informa\u00e7\u00f5es pessoais apenas para realizar essas tarefas em nosso nome e s\u00e3o obrigados a n\u00e3o divulg\u00e1-las ou us\u00e1-las para qualquer outra finalidade.<\/p>\n<p><strong>Conformidade com as Leis<\/strong><\/p>\n<p>Conforme estabelecido acima, e para maior clareza, divulgaremos suas Informa\u00e7\u00f5es Pessoais quando exigido por lei ou intima\u00e7\u00e3o ou se acreditarmos que tal a\u00e7\u00e3o \u00e9 necess\u00e1ria para cumprir a lei e as solicita\u00e7\u00f5es razo\u00e1veis de aplica\u00e7\u00e3o da lei ou para proteger a seguran\u00e7a ou integridade do nosso Servi\u00e7o.<\/p>\n<p><strong>Transa\u00e7\u00e3o Comercial<\/strong><\/p>\n<p>Se a Dress Up Your Pup estiver envolvida em uma fus\u00e3o, aquisi\u00e7\u00e3o ou venda de ativos, suas informa\u00e7\u00f5es pessoais poder\u00e3o ser transferidas. Faremos esfor\u00e7os razo\u00e1veis para notificar antes que suas Informa\u00e7\u00f5es Pessoais sejam transferidas e fiquem sujeitas a uma Pol\u00edtica de Privacidade diferente.<\/p>\n<p><strong>Seguran\u00e7a<\/strong><\/p>\n<p>A seguran\u00e7a de suas informa\u00e7\u00f5es pessoais \u00e9 importante para n\u00f3s, mas lembre-se de que nenhum m\u00e9todo de transmiss\u00e3o pela Internet ou m\u00e9todo de armazenamento eletr\u00f4nico \u00e9 100% seguro. Embora nos esforcemos para usar meios comercialmente aceit\u00e1veis para proteger suas informa\u00e7\u00f5es pessoais, n\u00e3o podemos garantir sua seguran\u00e7a absoluta.<\/p>\n<p><strong>Transfer\u00eancia internacional<\/strong><\/p>\n<p>Suas informa\u00e7\u00f5es, incluindo informa\u00e7\u00f5es pessoais, podem ser transferidas para \u2014 e mantidas em \u2014 computadores localizados fora de sua prov\u00edncia, pa\u00eds ou outra jurisdi\u00e7\u00e3o governamental onde as leis de prote\u00e7\u00e3o de dados podem diferir daquelas de sua jurisdi\u00e7\u00e3o.<\/p>\n<p>Se voc\u00ea estiver fora do Canad\u00e1 e optar por nos fornecer informa\u00e7\u00f5es, observe que transferimos as informa\u00e7\u00f5es, incluindo informa\u00e7\u00f5es pessoais, para o Canad\u00e1 e as processamos l\u00e1.<\/p>\n<p>Seu consentimento para esta Pol\u00edtica de Privacidade, seguido pelo envio de tais informa\u00e7\u00f5es, representa sua concord\u00e2ncia com essa transfer\u00eancia.<\/p>\n<p><strong>Links para outros sites<\/strong><\/p>\n<p>Nosso Servi\u00e7o pode conter links para outros sites que n\u00e3o s\u00e3o operados por n\u00f3s. Se voc\u00ea clicar em um link de terceiros, ser\u00e1 direcionado para o site desse terceiro. Aconselhamos vivamente que reveja a Pol\u00edtica de Privacidade de cada site que visitar.<\/p>\n<p>N\u00e3o temos controle e n\u00e3o assumimos nenhuma responsabilidade pelo conte\u00fado, pol\u00edticas de privacidade ou pr\u00e1ticas de quaisquer sites ou servi\u00e7os de terceiros.<\/p>\n<p><strong>Privacidade das Crian\u00e7as<\/strong><\/p>\n<p>Nosso Servi\u00e7o n\u00e3o se dirige a menores de 18 anos (\u201cMenor\u201d).<\/p>\n<p>N\u00e3o coletamos intencionalmente informa\u00e7\u00f5es de identifica\u00e7\u00e3o pessoal de Menores. Se voc\u00ea \u00e9 pai ou respons\u00e1vel e est\u00e1 ciente de que seu Menor nos forneceu Informa\u00e7\u00f5es Pessoais, entre em contato conosco. Se tomarmos conhecimento de que coletamos informa\u00e7\u00f5es pessoais de menores sem verifica\u00e7\u00e3o do consentimento dos pais, tomaremos medidas para remover essas informa\u00e7\u00f5es de nossos servidores.<\/p>\n<p><strong>Altera\u00e7\u00f5es a esta pol\u00edtica de privacidade<\/strong><\/p>\n<p>Podemos atualizar nossa Pol\u00edtica de Privacidade de tempos em tempos. Iremos notific\u00e1-lo sobre quaisquer altera\u00e7\u00f5es publicando a nova Pol\u00edtica de Privacidade nesta p\u00e1gina.<\/p>\n<p>Voc\u00ea \u00e9 aconselhado a revisar esta Pol\u00edtica de Privacidade periodicamente para quaisquer altera\u00e7\u00f5es. As altera\u00e7\u00f5es a esta Pol\u00edtica de Privacidade entram em vigor quando s\u00e3o publicadas nesta p\u00e1gina.<\/p>\n<p>Se fizermos qualquer altera\u00e7\u00e3o material a esta Pol\u00edtica de Privacidade, iremos notific\u00e1-lo atrav\u00e9s do endere\u00e7o de e-mail que voc\u00ea nos forneceu ou colocando um aviso proeminente em nosso site.<\/p>\n<p><strong>Contate-nos<\/strong><\/p>\n<p>Se voc\u00ea tiver alguma d\u00favida sobre esta Pol\u00edtica de Privacidade, entre em contato conosco.<\/p>\n<p>\u00a0<\/p>\n\t\t\t\t\t\t\t\t<\/div>\n\t\t\t\t<\/div>\n\t\t\t\t\t<\/div>\n\t\t<\/div>\n\t\t\t\t\t<\/div>\n\t\t<\/section>\n\t\t\t\t<\/div>","protected":false},"excerpt":{"rendered":"<p>Dress Up Your Pup (&#8220;us&#8221;, &#8220;we&#8221;, or &#8220;our&#8221;) operates the http:\/\/s903023292.onlinehome.us\/dressupyourpup.com website (the &#8220;Service&#8221;). Personal Information Collect, Use, Disclosure and Consent Personal Information may include your name, email address, home address and phone number. We are committed to providing our clients, customers, members (&#8220;you&#8221;, &#8220;your&#8221; or &#8220;them&#8221;) with exceptional service. Providing exceptional service may involve [&hellip;]<\/p>\n","protected":false},"author":1,"featured_media":0,"parent":0,"menu_order":0,"comment_status":"closed","ping_status":"open","template":"","meta":{"_acf_changed":false,"site-sidebar-layout":"default","site-content-layout":"default","ast-site-content-layout":"default","site-content-style":"default","site-sidebar-style":"default","ast-global-header-display":"","ast-banner-title-visibility":"","ast-main-header-display":"","ast-hfb-above-header-display":"","ast-hfb-below-header-display":"","ast-hfb-mobile-header-display":"","site-post-title":"","ast-breadcrumbs-content":"","ast-featured-img":"","footer-sml-layout":"","ast-disable-related-posts":"","theme-transparent-header-meta":"default","adv-header-id-meta":"","stick-header-meta":"default","header-above-stick-meta":"","header-main-stick-meta":"","header-below-stick-meta":"","astra-migrate-meta-layouts":"default","ast-page-background-enabled":"default","ast-page-background-meta":{"desktop":{"background-color":"","background-image":"","background-repeat":"repeat","background-position":"center center","background-size":"auto","background-attachment":"scroll","background-type":"","background-media":"","overlay-type":"","overlay-color":"","overlay-opacity":"","overlay-gradient":""},"tablet":{"background-color":"","background-image":"","background-repeat":"repeat","background-position":"center center","background-size":"auto","background-attachment":"scroll","background-type":"","background-media":"","overlay-type":"","overlay-color":"","overlay-opacity":"","overlay-gradient":""},"mobile":{"background-color":"","background-image":"","background-repeat":"repeat","background-position":"center center","background-size":"auto","background-attachment":"scroll","background-type":"","background-media":"","overlay-type":"","overlay-color":"","overlay-opacity":"","overlay-gradient":""}},"ast-content-background-meta":{"desktop":{"background-color":"var(--ast-global-color-5)","background-image":"","background-repeat":"repeat","background-position":"center center","background-size":"auto","background-attachment":"scroll","background-type":"","background-media":"","overlay-type":"","overlay-color":"","overlay-opacity":"","overlay-gradient":""},"tablet":{"background-color":"var(--ast-global-color-5)","background-image":"","background-repeat":"repeat","background-position":"center center","background-size":"auto","background-attachment":"scroll","background-type":"","background-media":"","overlay-type":"","overlay-color":"","overlay-opacity":"","overlay-gradient":""},"mobile":{"background-color":"var(--ast-global-color-5)","background-image":"","background-repeat":"repeat","background-position":"center center","background-size":"auto","background-attachment":"scroll","background-type":"","background-media":"","overlay-type":"","overlay-color":"","overlay-opacity":"","overlay-gradient":""}},"footnotes":""},"class_list":["post-3","page","type-page","status-publish","hentry"],"acf":[],"_links":{"self":[{"href":"https:\/\/www.dressupyourpup.com\/pt\/wp-json\/wp\/v2\/pages\/3","targetHints":{"allow":["GET"]}}],"collection":[{"href":"https:\/\/www.dressupyourpup.com\/pt\/wp-json\/wp\/v2\/pages"}],"about":[{"href":"https:\/\/www.dressupyourpup.com\/pt\/wp-json\/wp\/v2\/types\/page"}],"author":[{"embeddable":true,"href":"https:\/\/www.dressupyourpup.com\/pt\/wp-json\/wp\/v2\/users\/1"}],"replies":[{"embeddable":true,"href":"https:\/\/www.dressupyourpup.com\/pt\/wp-json\/wp\/v2\/comments?post=3"}],"version-history":[{"count":0,"href":"https:\/\/www.dressupyourpup.com\/pt\/wp-json\/wp\/v2\/pages\/3\/revisions"}],"wp:attachment":[{"href":"https:\/\/www.dressupyourpup.com\/pt\/wp-json\/wp\/v2\/media?parent=3"}],"curies":[{"name":"wp","href":"https:\/\/api.w.org\/{rel}","templated":true}]}}