{"id":11497,"date":"2023-03-09T12:52:04","date_gmt":"2023-03-09T17:52:04","guid":{"rendered":"https:\/\/matthewm364.sg-host.com\/dressupyourpup.com\/?post_type=product&#038;p=11497"},"modified":"2025-11-25T19:14:56","modified_gmt":"2025-11-26T00:14:56","slug":"ottawa-senadores-coleira-de-cachorro","status":"publish","type":"product","link":"https:\/\/www.dressupyourpup.com\/pt\/shop\/dog-collars\/team-spirit\/nhl\/ottawa-senators-dog-collar\/","title":{"rendered":"Coleira de cachorro de senadores de Ottawa"},"content":{"rendered":"<p>Voc\u00ea quer que seu filhote tenha a melhor apar\u00eancia nesta temporada de h\u00f3quei? N\u00e3o procure mais do que nossa elegante coleira de cachorro Ottawa Senators! Esta linda coleira far\u00e1 do seu filhote o sucesso do rinque do bairro. Afinal, voc\u00ea n\u00e3o quer que as pessoas pensem que seu cachorro \u00e9 um <a href=\"https:\/\/www.dressupyourpup.com\/pt\/produtos\/winnipeg-jets-dog-coleira\/\">Jatos de Winnipeg<\/a> f\u00e3, e voc\u00ea? N\u00e3o usamos nada al\u00e9m do melhor e mais forte material para o seu c\u00e3o. A coleira para c\u00e3es Ottawa Senators \u00e9 feita com cinta de polipropileno resistente de 1 polegada e todas as ferragens de metal, incluindo:<\/p>\n<ul>\n<li>Fivelas folheadas a n\u00edquel de 1 polegada que s\u00e3o contornadas para o m\u00e1ximo conforto para o seu cachorro<\/li>\n<li>An\u00e9is d pesados soldados de 1 polegada para prender sua coleira<\/li>\n<li>Sliders triglide arredondados de boca larga de metal de 1 polegada para ajustar facilmente o tamanho do colar<\/li>\n<\/ul>\n<p><b>Isen\u00e7\u00e3o de responsabilidade: nossas coleiras feitas \u00e0 m\u00e3o n\u00e3o s\u00e3o produtos licenciados da <a href=\"https:\/\/www.nhl.com\/\" target=\"_blank\" rel=\"noopener\">NHL<\/a>. N\u00e3o somos afiliados ou patrocinados pelo\u00a0<a href=\"https:\/\/www.nhl.com\/\" target=\"_blank\" rel=\"noopener noreferrer\">NHL<\/a><\/b><\/p>","protected":false},"excerpt":{"rendered":"<p>Do you want to have your pup looking its best this hockey season? Look no further than our stylish Ottawa Senators dog collar! This beautiful collar will make your pup the hit of the neighbourhood rink. After all, you don\u2019t want people thinking your dog is a Winnipeg Jets fan, do you? We use nothing [&hellip;]<\/p>\n","protected":false},"featured_media":11416,"comment_status":"open","ping_status":"closed","template":"","meta":{"_acf_changed":false,"site-sidebar-layout":"default","site-content-layout":"default","ast-site-content-layout":"default","site-content-style":"default","site-sidebar-style":"default","ast-global-header-display":"","ast-banner-title-visibility":"","ast-main-header-display":"","ast-hfb-above-header-display":"","ast-hfb-below-header-display":"","ast-hfb-mobile-header-display":"","site-post-title":"","ast-breadcrumbs-content":"","ast-featured-img":"","footer-sml-layout":"","ast-disable-related-posts":"","theme-transparent-header-meta":"default","adv-header-id-meta":"","stick-header-meta":"default","header-above-stick-meta":"","header-main-stick-meta":"","header-below-stick-meta":"","astra-migrate-meta-layouts":"set","ast-page-background-enabled":"default","ast-page-background-meta":{"desktop":{"background-color":"","background-image":"","background-repeat":"repeat","background-position":"center center","background-size":"auto","background-attachment":"scroll","background-type":"","background-media":"","overlay-type":"","overlay-color":"","overlay-opacity":"","overlay-gradient":""},"tablet":{"background-color":"","background-image":"","background-repeat":"repeat","background-position":"center center","background-size":"auto","background-attachment":"scroll","background-type":"","background-media":"","overlay-type":"","overlay-color":"","overlay-opacity":"","overlay-gradient":""},"mobile":{"background-color":"","background-image":"","background-repeat":"repeat","background-position":"center center","background-size":"auto","background-attachment":"scroll","background-type":"","background-media":"","overlay-type":"","overlay-color":"","overlay-opacity":"","overlay-gradient":""}},"ast-content-background-meta":{"desktop":{"background-color":"var(--ast-global-color-5)","background-image":"","background-repeat":"repeat","background-position":"center center","background-size":"auto","background-attachment":"scroll","background-type":"","background-media":"","overlay-type":"","overlay-color":"","overlay-opacity":"","overlay-gradient":""},"tablet":{"background-color":"var(--ast-global-color-5)","background-image":"","background-repeat":"repeat","background-position":"center center","background-size":"auto","background-attachment":"scroll","background-type":"","background-media":"","overlay-type":"","overlay-color":"","overlay-opacity":"","overlay-gradient":""},"mobile":{"background-color":"var(--ast-global-color-5)","background-image":"","background-repeat":"repeat","background-position":"center center","background-size":"auto","background-attachment":"scroll","background-type":"","background-media":"","overlay-type":"","overlay-color":"","overlay-opacity":"","overlay-gradient":""}}},"product_brand":[],"product_cat":[94,98],"product_tag":[],"woo-feed-brand":[],"class_list":{"0":"post-11497","1":"product","2":"type-product","3":"status-publish","4":"has-post-thumbnail","6":"product_cat-dog-collars","7":"product_cat-nhl","8":"product_shipping_class-products","9":"desktop-align-center","10":"tablet-align-center","11":"mobile-align-center","12":"ast-product-gallery-layout-horizontal","13":"ast-product-gallery-with-no-image","14":"ast-product-single-variable","15":"ast-product-tabs-layout-horizontal","16":"ast-qv-on-image","18":"first","19":"outofstock","20":"shipping-taxable","21":"purchasable","22":"product-type-variable"},"acf":[],"_links":{"self":[{"href":"https:\/\/www.dressupyourpup.com\/pt\/wp-json\/wp\/v2\/product\/11497","targetHints":{"allow":["GET"]}}],"collection":[{"href":"https:\/\/www.dressupyourpup.com\/pt\/wp-json\/wp\/v2\/product"}],"about":[{"href":"https:\/\/www.dressupyourpup.com\/pt\/wp-json\/wp\/v2\/types\/product"}],"replies":[{"embeddable":true,"href":"https:\/\/www.dressupyourpup.com\/pt\/wp-json\/wp\/v2\/comments?post=11497"}],"wp:featuredmedia":[{"embeddable":true,"href":"https:\/\/www.dressupyourpup.com\/pt\/wp-json\/wp\/v2\/media\/11416"}],"wp:attachment":[{"href":"https:\/\/www.dressupyourpup.com\/pt\/wp-json\/wp\/v2\/media?parent=11497"}],"wp:term":[{"taxonomy":"product_brand","embeddable":true,"href":"https:\/\/www.dressupyourpup.com\/pt\/wp-json\/wp\/v2\/product_brand?post=11497"},{"taxonomy":"product_cat","embeddable":true,"href":"https:\/\/www.dressupyourpup.com\/pt\/wp-json\/wp\/v2\/product_cat?post=11497"},{"taxonomy":"product_tag","embeddable":true,"href":"https:\/\/www.dressupyourpup.com\/pt\/wp-json\/wp\/v2\/product_tag?post=11497"},{"taxonomy":"woo-feed-brand","embeddable":true,"href":"https:\/\/www.dressupyourpup.com\/pt\/wp-json\/wp\/v2\/woo-feed-brand?post=11497"}],"curies":[{"name":"wp","href":"https:\/\/api.w.org\/{rel}","templated":true}]}}