{"id":12075,"date":"2023-06-22T16:15:17","date_gmt":"2023-06-22T20:15:17","guid":{"rendered":"https:\/\/matthewm364.sg-host.com\/dressupyourpup.com\/?post_type=product&#038;p=12075"},"modified":"2025-11-25T19:16:15","modified_gmt":"2025-11-26T00:16:15","slug":"golden-state-warriors-dog-bandana-7","status":"publish","type":"product","link":"https:\/\/www.dressupyourpup.com\/pt\/shop\/dog-bandanas\/team-spirit-dog-bandanas\/nba-dog-bandanas\/portland-trail-blazers-dog-bandana\/","title":{"rendered":"Bandana para cachorro Portland Trail Blazers"},"content":{"rendered":"<p>This is the Portland Trail Blazers dog bandana you&#8217;ve been waiting for!<\/p>\n<p>The Portland Trail Blazers are going for another NBA Championship! If you can\u2019t be at the Moda Center then you can cheer them on at home with your four-legged best friend. As Damian Lillard<span style=\"font-size: 16px;\"> leads the Trail Blazers towards the playoffs make sure your pup is dressed for the occasion with our beautiful over-the-collar Portland Trail Blazers dog bandana! After all, you don\u2019t want people thinking your dog is a <\/span><a href=\"https:\/\/www.dressupyourpup.com\/pt\/loja\/bandanas-de-cachorro\/bandanas-cachorro-espirito-de-equipe\/golden-state-warriors-dog-bandana-11\/\">Miami Heat<\/a><span style=\"font-size: 16px;\"> f\u00e3, e voc\u00ea?<\/span><\/p>\n<p>Se voc\u00ea quiser personaliz\u00e1-lo, pode adicionar o nome do seu cachorro ao longo da borda da bandana.<\/p>\n<p><strong>Observa\u00e7\u00e3o: se selecionado, o nome do seu cachorro estar\u00e1 no lado impresso do time, n\u00e3o no lado impresso do basquete.<\/strong><\/p>\n<h2 style=\"text-align: center;\">Six Reasons to Buy Our Portland Trail Blazers Dog Bandana<\/h2>\n<ul>\n<li>Our Portland Trail Blazers dog bandana will easily slip over the collar, no worrying about tying it too tight or too loose around your dog&#8217;s neck<\/li>\n<li>Our Portland Trail Blazers bandanas come in sizes from extra-small to extra-large. So whether you have a chihuahua or a Great Dane, we have a bandana that will fit your pup<\/li>\n<li>A bandana \u00e9 feita com entretela para que n\u00e3o enrole e fique sempre fabulosa<\/li>\n<li>Nossa bandana \u00e9 feita \u00e0 m\u00e3o de tecido pr\u00e9-encolhido e lav\u00e1vel \u00e0 m\u00e1quina. Voc\u00ea pode lav\u00e1-lo em sua m\u00e1quina de lavar, em seguida, coloc\u00e1-lo na secadora e est\u00e1 pronto para usar<\/li>\n<li>Nossa bandana \u00e9 verdadeiramente revers\u00edvel com uma impress\u00e3o de equipe de um lado e uma impress\u00e3o de basquete no verso, ent\u00e3o voc\u00ea est\u00e1 recebendo duas bandanas pelo pre\u00e7o de uma.<\/li>\n<li>You can customize your Portland Trail Blazers bandana with your pup&#8217;s name on it<\/li>\n<\/ul>\n<p><b>Isen\u00e7\u00e3o de responsabilidade: nossas bandanas feitas \u00e0 m\u00e3o n\u00e3o s\u00e3o produtos licenciados da <a href=\"https:\/\/www.nba.com\/\" target=\"_blank\" rel=\"noopener noreferrer\">Associa\u00e7\u00e3o Nacional de Basquetebol<\/a>. N\u00e3o somos afiliados ou patrocinados pelo <a href=\"https:\/\/www.nba.com\/\" target=\"_blank\" rel=\"noopener noreferrer\">Associa\u00e7\u00e3o Nacional de Basquetebol<\/a>.<\/b><\/p>","protected":false},"excerpt":{"rendered":"<p>This is the Portland Trail Blazers dog bandana you&#8217;ve been waiting for! The Portland Trail Blazers are going for another NBA Championship! If you can\u2019t be at the Moda Center then you can cheer them on at home with your four-legged best friend. As Damian Lillard leads the Trail Blazers towards the playoffs make sure [&hellip;]<\/p>\n","protected":false},"featured_media":12068,"comment_status":"open","ping_status":"closed","template":"","meta":{"_acf_changed":false,"site-sidebar-layout":"default","site-content-layout":"default","ast-site-content-layout":"default","site-content-style":"default","site-sidebar-style":"default","ast-global-header-display":"","ast-banner-title-visibility":"","ast-main-header-display":"","ast-hfb-above-header-display":"","ast-hfb-below-header-display":"","ast-hfb-mobile-header-display":"","site-post-title":"","ast-breadcrumbs-content":"","ast-featured-img":"","footer-sml-layout":"","ast-disable-related-posts":"","theme-transparent-header-meta":"default","adv-header-id-meta":"","stick-header-meta":"default","header-above-stick-meta":"","header-main-stick-meta":"","header-below-stick-meta":"","astra-migrate-meta-layouts":"default","ast-page-background-enabled":"default","ast-page-background-meta":{"desktop":{"background-color":"","background-image":"","background-repeat":"repeat","background-position":"center center","background-size":"auto","background-attachment":"scroll","background-type":"","background-media":"","overlay-type":"","overlay-color":"","overlay-opacity":"","overlay-gradient":""},"tablet":{"background-color":"","background-image":"","background-repeat":"repeat","background-position":"center center","background-size":"auto","background-attachment":"scroll","background-type":"","background-media":"","overlay-type":"","overlay-color":"","overlay-opacity":"","overlay-gradient":""},"mobile":{"background-color":"","background-image":"","background-repeat":"repeat","background-position":"center center","background-size":"auto","background-attachment":"scroll","background-type":"","background-media":"","overlay-type":"","overlay-color":"","overlay-opacity":"","overlay-gradient":""}},"ast-content-background-meta":{"desktop":{"background-color":"var(--ast-global-color-5)","background-image":"","background-repeat":"repeat","background-position":"center center","background-size":"auto","background-attachment":"scroll","background-type":"","background-media":"","overlay-type":"","overlay-color":"","overlay-opacity":"","overlay-gradient":""},"tablet":{"background-color":"var(--ast-global-color-5)","background-image":"","background-repeat":"repeat","background-position":"center center","background-size":"auto","background-attachment":"scroll","background-type":"","background-media":"","overlay-type":"","overlay-color":"","overlay-opacity":"","overlay-gradient":""},"mobile":{"background-color":"var(--ast-global-color-5)","background-image":"","background-repeat":"repeat","background-position":"center center","background-size":"auto","background-attachment":"scroll","background-type":"","background-media":"","overlay-type":"","overlay-color":"","overlay-opacity":"","overlay-gradient":""}}},"product_brand":[],"product_cat":[41,62],"product_tag":[],"woo-feed-brand":[],"class_list":{"0":"post-12075","1":"product","2":"type-product","3":"status-publish","4":"has-post-thumbnail","6":"product_cat-team-spirit-dog-bandanas","7":"product_cat-nba-dog-bandanas","8":"product_shipping_class-bandana","9":"desktop-align-center","10":"tablet-align-center","11":"mobile-align-center","12":"ast-product-gallery-layout-horizontal","13":"ast-product-gallery-with-no-image","14":"ast-product-single-variable","15":"ast-product-tabs-layout-horizontal","16":"ast-qv-on-image","18":"first","19":"instock","20":"purchasable","21":"product-type-variable"},"acf":[],"_links":{"self":[{"href":"https:\/\/www.dressupyourpup.com\/pt\/wp-json\/wp\/v2\/product\/12075","targetHints":{"allow":["GET"]}}],"collection":[{"href":"https:\/\/www.dressupyourpup.com\/pt\/wp-json\/wp\/v2\/product"}],"about":[{"href":"https:\/\/www.dressupyourpup.com\/pt\/wp-json\/wp\/v2\/types\/product"}],"replies":[{"embeddable":true,"href":"https:\/\/www.dressupyourpup.com\/pt\/wp-json\/wp\/v2\/comments?post=12075"}],"wp:featuredmedia":[{"embeddable":true,"href":"https:\/\/www.dressupyourpup.com\/pt\/wp-json\/wp\/v2\/media\/12068"}],"wp:attachment":[{"href":"https:\/\/www.dressupyourpup.com\/pt\/wp-json\/wp\/v2\/media?parent=12075"}],"wp:term":[{"taxonomy":"product_brand","embeddable":true,"href":"https:\/\/www.dressupyourpup.com\/pt\/wp-json\/wp\/v2\/product_brand?post=12075"},{"taxonomy":"product_cat","embeddable":true,"href":"https:\/\/www.dressupyourpup.com\/pt\/wp-json\/wp\/v2\/product_cat?post=12075"},{"taxonomy":"product_tag","embeddable":true,"href":"https:\/\/www.dressupyourpup.com\/pt\/wp-json\/wp\/v2\/product_tag?post=12075"},{"taxonomy":"woo-feed-brand","embeddable":true,"href":"https:\/\/www.dressupyourpup.com\/pt\/wp-json\/wp\/v2\/woo-feed-brand?post=12075"}],"curies":[{"name":"wp","href":"https:\/\/api.w.org\/{rel}","templated":true}]}}