{"id":12136,"date":"2023-06-22T21:26:26","date_gmt":"2023-06-23T01:26:26","guid":{"rendered":"https:\/\/matthewm364.sg-host.com\/dressupyourpup.com\/?post_type=product&#038;p=12136"},"modified":"2025-11-25T19:17:38","modified_gmt":"2025-11-26T00:17:38","slug":"rosa-paisley-dog-bandana-2","status":"publish","type":"product","link":"https:\/\/www.dressupyourpup.com\/pt\/shop\/dog-bandanas\/pop-culture-dog-bandanas\/super-hero\/caps-shield-dog-bandana\/","title":{"rendered":"Cap&#039;s Shield Dog Bandana"},"content":{"rendered":"<p>Suit up your superhero sidekick with our Cap&#8217;s Shield Over-the-Collar Dog Bandana! This isn&#8217;t just a bandana, it&#8217;s a badge of honor that transforms your four-legged friend into the most patriotic pup on the block.<\/p>\n<p>The front side of this stellar bandana boasts a print featuring the iconic Captain America shield. This design, brimming with star-spangled style, is the perfect accessory for any dog who&#8217;s ready to champion the cause of fun and fashion!<\/p>\n<p>Turn the bandana over and there&#8217;s a solid, noble blue ready to be personalized with one of our premade graphics. Whether your dog is more &#8216;playful prankster&#8217; or &#8216;dignified do-gooder&#8217;, you can choose a design that perfectly captures their unique personality.<\/p>\n<p>Our Cap&#8217;s Shield bandana is designed to slide smoothly over your dog&#8217;s collar for a secure and comfortable fit. It&#8217;s made from durable, high-quality materials that are ready to stand up to whatever heroic deeds your furry friend might face, from saving the day at the dog park to defending the backyard from squirrels.<\/p>\n<p>Unleash your dog&#8217;s inner superhero with the Cap&#8217;s Shield Over-the-Collar Dog Bandana! Order now and let your furry friend embark on their style super mission.<\/p>\n<p><strong>Please note:<\/strong> While our bandana might give your pup the appearance of the First Avenger, it doesn&#8217;t actually bestow any superpowers or the ability to wield a vibranium shield.<\/p>\n<p>The dog bandana can also be customized with your dog&#8217;s name on the shield print side.<\/p>\n<p>Esta bandana pr\u00e9-encolhida e feita \u00e0 m\u00e3o sobre a coleira para c\u00e3es deixar\u00e1 seu c\u00e3o com inveja do parque para c\u00e3es!<\/p>\n<h2 style=\"text-align: center;\">Six Reasons to Buy Our Cap&#8217;s Shield Dog Bandana<\/h2>\n<ul>\n<li>Our Cap&#8217;s Shield dog bandana will easily slip over the collar. No more worrying about tying it too tight or too loose around your dog\u2019s neck<\/li>\n<li>Our Cap&#8217;s Shield dog bandana comes in sizes from extra-small to extra-large. So whether you have a chihuahua or a great dane, we have a bandana that will fit your pup<\/li>\n<li>A bandana \u00e9 feita com entretela para que n\u00e3o enrole e fique sempre fabulosa<\/li>\n<li>Nossa bandana \u00e9 feita \u00e0 m\u00e3o de tecido pr\u00e9-encolhido e lav\u00e1vel na m\u00e1quina. Voc\u00ea pode lav\u00e1-lo em sua m\u00e1quina de lavar, colocar na secadora e est\u00e1 pronto para usar<\/li>\n<li>Nossa bandana \u00e9 verdadeiramente revers\u00edvel com uma impress\u00e3o de um lado e um gr\u00e1fico de ferro no verso, ent\u00e3o voc\u00ea est\u00e1 recebendo duas bandanas pelo pre\u00e7o de uma<\/li>\n<li>Voc\u00ea pode personalizar sua bandana com o nome do seu filhote<\/li>\n<\/ul>","protected":false},"excerpt":{"rendered":"<p>Suit up your superhero sidekick with our Cap&#8217;s Shield Over-the-Collar Dog Bandana! This isn&#8217;t just a bandana, it&#8217;s a badge of honor that transforms your four-legged friend into the most patriotic pup on the block. The front side of this stellar bandana boasts a print featuring the iconic Captain America shield. This design, brimming with [&hellip;]<\/p>\n","protected":false},"featured_media":12020,"comment_status":"open","ping_status":"closed","template":"","meta":{"_acf_changed":false,"site-sidebar-layout":"default","site-content-layout":"default","ast-site-content-layout":"default","site-content-style":"default","site-sidebar-style":"default","ast-global-header-display":"","ast-banner-title-visibility":"","ast-main-header-display":"","ast-hfb-above-header-display":"","ast-hfb-below-header-display":"","ast-hfb-mobile-header-display":"","site-post-title":"","ast-breadcrumbs-content":"","ast-featured-img":"","footer-sml-layout":"","ast-disable-related-posts":"","theme-transparent-header-meta":"default","adv-header-id-meta":"","stick-header-meta":"default","header-above-stick-meta":"","header-main-stick-meta":"","header-below-stick-meta":"","astra-migrate-meta-layouts":"default","ast-page-background-enabled":"default","ast-page-background-meta":{"desktop":{"background-color":"","background-image":"","background-repeat":"repeat","background-position":"center center","background-size":"auto","background-attachment":"scroll","background-type":"","background-media":"","overlay-type":"","overlay-color":"","overlay-opacity":"","overlay-gradient":""},"tablet":{"background-color":"","background-image":"","background-repeat":"repeat","background-position":"center center","background-size":"auto","background-attachment":"scroll","background-type":"","background-media":"","overlay-type":"","overlay-color":"","overlay-opacity":"","overlay-gradient":""},"mobile":{"background-color":"","background-image":"","background-repeat":"repeat","background-position":"center center","background-size":"auto","background-attachment":"scroll","background-type":"","background-media":"","overlay-type":"","overlay-color":"","overlay-opacity":"","overlay-gradient":""}},"ast-content-background-meta":{"desktop":{"background-color":"var(--ast-global-color-5)","background-image":"","background-repeat":"repeat","background-position":"center center","background-size":"auto","background-attachment":"scroll","background-type":"","background-media":"","overlay-type":"","overlay-color":"","overlay-opacity":"","overlay-gradient":""},"tablet":{"background-color":"var(--ast-global-color-5)","background-image":"","background-repeat":"repeat","background-position":"center center","background-size":"auto","background-attachment":"scroll","background-type":"","background-media":"","overlay-type":"","overlay-color":"","overlay-opacity":"","overlay-gradient":""},"mobile":{"background-color":"var(--ast-global-color-5)","background-image":"","background-repeat":"repeat","background-position":"center center","background-size":"auto","background-attachment":"scroll","background-type":"","background-media":"","overlay-type":"","overlay-color":"","overlay-opacity":"","overlay-gradient":""}}},"product_brand":[],"product_cat":[20,79,66],"product_tag":[],"woo-feed-brand":[],"class_list":{"0":"post-12136","1":"product","2":"type-product","3":"status-publish","4":"has-post-thumbnail","6":"product_cat-pop-culture-dog-bandanas","7":"product_cat-dog-bandanas","8":"product_cat-super-hero","9":"product_shipping_class-bandana","10":"desktop-align-center","11":"tablet-align-center","12":"mobile-align-center","13":"ast-product-gallery-layout-horizontal","14":"ast-product-gallery-with-no-image","15":"ast-product-single-variable","16":"ast-product-tabs-layout-horizontal","17":"ast-qv-on-image","19":"first","20":"instock","21":"shipping-taxable","22":"purchasable","23":"product-type-variable"},"acf":[],"_links":{"self":[{"href":"https:\/\/www.dressupyourpup.com\/pt\/wp-json\/wp\/v2\/product\/12136","targetHints":{"allow":["GET"]}}],"collection":[{"href":"https:\/\/www.dressupyourpup.com\/pt\/wp-json\/wp\/v2\/product"}],"about":[{"href":"https:\/\/www.dressupyourpup.com\/pt\/wp-json\/wp\/v2\/types\/product"}],"replies":[{"embeddable":true,"href":"https:\/\/www.dressupyourpup.com\/pt\/wp-json\/wp\/v2\/comments?post=12136"}],"wp:featuredmedia":[{"embeddable":true,"href":"https:\/\/www.dressupyourpup.com\/pt\/wp-json\/wp\/v2\/media\/12020"}],"wp:attachment":[{"href":"https:\/\/www.dressupyourpup.com\/pt\/wp-json\/wp\/v2\/media?parent=12136"}],"wp:term":[{"taxonomy":"product_brand","embeddable":true,"href":"https:\/\/www.dressupyourpup.com\/pt\/wp-json\/wp\/v2\/product_brand?post=12136"},{"taxonomy":"product_cat","embeddable":true,"href":"https:\/\/www.dressupyourpup.com\/pt\/wp-json\/wp\/v2\/product_cat?post=12136"},{"taxonomy":"product_tag","embeddable":true,"href":"https:\/\/www.dressupyourpup.com\/pt\/wp-json\/wp\/v2\/product_tag?post=12136"},{"taxonomy":"woo-feed-brand","embeddable":true,"href":"https:\/\/www.dressupyourpup.com\/pt\/wp-json\/wp\/v2\/woo-feed-brand?post=12136"}],"curies":[{"name":"wp","href":"https:\/\/api.w.org\/{rel}","templated":true}]}}