{"id":15516,"date":"2025-09-08T15:18:13","date_gmt":"2025-09-08T19:18:13","guid":{"rendered":"https:\/\/www.dressupyourpup.com\/?post_type=product&#038;p=15516"},"modified":"2025-11-25T19:31:28","modified_gmt":"2025-11-26T00:31:28","slug":"ottawa-redblacks-dog-bandana","status":"publish","type":"product","link":"https:\/\/www.dressupyourpup.com\/pt\/shop\/dog-bandanas\/team-spirit-dog-bandanas\/cfl\/ottawa-redblacks-dog-bandana\/","title":{"rendered":"Ottawa Redblacks Dog Bandana"},"content":{"rendered":"<p data-start=\"117\" data-end=\"194\"><strong>The Brad Sinopoli of Dog Bandanas \u2014 Fierce, Loyal &amp; Always R-Nation Proud!<\/strong><\/p>\n<p data-start=\"196\" data-end=\"538\">Does your pup\u2019s tail wag like a chainsaw roar every time the Redblacks score? Do they sit by your side at TD Place or the living room couch, rocking red, black, and white through every heart-pounding drive? Then it\u2019s time for your furry fan to join <strong data-start=\"445\" data-end=\"457\">R-Nation<\/strong> in style with our <strong data-start=\"476\" data-end=\"536\">reversible over-the-collar Ottawa Redblacks dog bandana!<\/strong><\/p>\n<p data-start=\"540\" data-end=\"775\">From Grey Cup runs to Rivalry Week showdowns, this bandana makes sure your dog is dressed just as bold as the Redblacks spirit. Because let\u2019s be real \u2014 the last thing you want is someone mistaking your pup for a <a href=\"https:\/\/www.dressupyourpup.com\/pt\/loja\/bandanas-de-cachorro\/bandanas-cachorro-espirito-de-equipe\/montreal-alouettes-dog-bandana\/\">Montreal Alouettes<\/a> supporter!<\/p>\n<p data-start=\"874\" data-end=\"950\">And for an extra special touch? You can personalize it with your pup\u2019s name!<\/p>\n<p><strong>Observa\u00e7\u00e3o: se selecionado, o nome do seu cachorro estar\u00e1 no lado impresso do time, n\u00e3o no lado gen\u00e9rico de futebol.<\/strong><\/p>\n<h2 style=\"text-align: center;\">Six Reasons to Buy Our Ottawa Redblacks Dog Bandana<\/h2>\n<ul>\n<li>Our Ottawa Redblacks dog bandana will easily slip over the collar, no worrying about tying it too tight or too loose around your dog&#8217;s neck<\/li>\n<li>Our Ottawa Redblacks bandanas come in sizes from extra-small to extra-large. So whether you have a chihuahua or a great dane, we have a bandana that will fit your pup<\/li>\n<li>A bandana \u00e9 feita com entretela para que n\u00e3o enrole e fique sempre fabulosa<\/li>\n<li>Nossa bandana \u00e9 feita \u00e0 m\u00e3o a partir de tecido pr\u00e9-encolhido e lav\u00e1vel na m\u00e1quina para que voc\u00ea possa lav\u00e1-la na m\u00e1quina de lavar, colocar na secadora e est\u00e1 pronta para usar.<\/li>\n<li>Nossa bandana \u00e9 verdadeiramente revers\u00edvel com uma estampa de um lado e uma estampa de futebol no verso, ent\u00e3o voc\u00ea ganha duas bandanas pelo pre\u00e7o de uma<\/li>\n<li>You can customize your Ottawa Redblacks dog bandana with your pup&#8217;s name on it<\/li>\n<\/ul>\n<p><b>Isen\u00e7\u00e3o de responsabilidade: nossas bandanas feitas \u00e0 m\u00e3o n\u00e3o s\u00e3o produtos licenciados da\u00a0<a href=\"https:\/\/www.cfl.ca\/\" target=\"_blank\" rel=\"noopener\">Canadian Football League<\/a>. N\u00e3o somos afiliados ou patrocinados pelo\u00a0<a href=\"https:\/\/www.cfl.ca\/\" target=\"_blank\" rel=\"noopener\">Canadian Football League<\/a>.<\/b><\/p>","protected":false},"excerpt":{"rendered":"<p>The Brad Sinopoli of Dog Bandanas \u2014 Fierce, Loyal &amp; Always R-Nation Proud! Does your pup\u2019s tail wag like a chainsaw roar every time the Redblacks score? Do they sit by your side at TD Place or the living room couch, rocking red, black, and white through every heart-pounding drive? Then it\u2019s time for your [&hellip;]<\/p>\n","protected":false},"featured_media":15464,"comment_status":"open","ping_status":"closed","template":"","meta":{"_acf_changed":false,"site-sidebar-layout":"default","site-content-layout":"default","ast-site-content-layout":"default","site-content-style":"default","site-sidebar-style":"default","ast-global-header-display":"","ast-banner-title-visibility":"","ast-main-header-display":"","ast-hfb-above-header-display":"","ast-hfb-below-header-display":"","ast-hfb-mobile-header-display":"","site-post-title":"","ast-breadcrumbs-content":"","ast-featured-img":"","footer-sml-layout":"","ast-disable-related-posts":"","theme-transparent-header-meta":"default","adv-header-id-meta":"","stick-header-meta":"default","header-above-stick-meta":"","header-main-stick-meta":"","header-below-stick-meta":"","astra-migrate-meta-layouts":"set","ast-page-background-enabled":"default","ast-page-background-meta":{"desktop":{"background-color":"","background-image":"","background-repeat":"repeat","background-position":"center center","background-size":"auto","background-attachment":"scroll","background-type":"","background-media":"","overlay-type":"","overlay-color":"","overlay-opacity":"","overlay-gradient":""},"tablet":{"background-color":"","background-image":"","background-repeat":"repeat","background-position":"center center","background-size":"auto","background-attachment":"scroll","background-type":"","background-media":"","overlay-type":"","overlay-color":"","overlay-opacity":"","overlay-gradient":""},"mobile":{"background-color":"","background-image":"","background-repeat":"repeat","background-position":"center center","background-size":"auto","background-attachment":"scroll","background-type":"","background-media":"","overlay-type":"","overlay-color":"","overlay-opacity":"","overlay-gradient":""}},"ast-content-background-meta":{"desktop":{"background-color":"var(--ast-global-color-5)","background-image":"","background-repeat":"repeat","background-position":"center center","background-size":"auto","background-attachment":"scroll","background-type":"","background-media":"","overlay-type":"","overlay-color":"","overlay-opacity":"","overlay-gradient":""},"tablet":{"background-color":"var(--ast-global-color-5)","background-image":"","background-repeat":"repeat","background-position":"center center","background-size":"auto","background-attachment":"scroll","background-type":"","background-media":"","overlay-type":"","overlay-color":"","overlay-opacity":"","overlay-gradient":""},"mobile":{"background-color":"var(--ast-global-color-5)","background-image":"","background-repeat":"repeat","background-position":"center center","background-size":"auto","background-attachment":"scroll","background-type":"","background-media":"","overlay-type":"","overlay-color":"","overlay-opacity":"","overlay-gradient":""}}},"product_brand":[],"product_cat":[41,396],"product_tag":[],"woo-feed-brand":[],"class_list":{"0":"post-15516","1":"product","2":"type-product","3":"status-publish","4":"has-post-thumbnail","6":"product_cat-team-spirit-dog-bandanas","7":"product_cat-cfl","8":"product_shipping_class-bandana","9":"desktop-align-center","10":"tablet-align-center","11":"mobile-align-center","12":"ast-product-gallery-layout-horizontal","13":"ast-product-gallery-with-no-image","14":"ast-product-single-variable","15":"ast-product-tabs-layout-horizontal","16":"ast-qv-on-image","18":"first","19":"instock","20":"purchasable","21":"product-type-variable"},"acf":[],"_links":{"self":[{"href":"https:\/\/www.dressupyourpup.com\/pt\/wp-json\/wp\/v2\/product\/15516","targetHints":{"allow":["GET"]}}],"collection":[{"href":"https:\/\/www.dressupyourpup.com\/pt\/wp-json\/wp\/v2\/product"}],"about":[{"href":"https:\/\/www.dressupyourpup.com\/pt\/wp-json\/wp\/v2\/types\/product"}],"replies":[{"embeddable":true,"href":"https:\/\/www.dressupyourpup.com\/pt\/wp-json\/wp\/v2\/comments?post=15516"}],"wp:featuredmedia":[{"embeddable":true,"href":"https:\/\/www.dressupyourpup.com\/pt\/wp-json\/wp\/v2\/media\/15464"}],"wp:attachment":[{"href":"https:\/\/www.dressupyourpup.com\/pt\/wp-json\/wp\/v2\/media?parent=15516"}],"wp:term":[{"taxonomy":"product_brand","embeddable":true,"href":"https:\/\/www.dressupyourpup.com\/pt\/wp-json\/wp\/v2\/product_brand?post=15516"},{"taxonomy":"product_cat","embeddable":true,"href":"https:\/\/www.dressupyourpup.com\/pt\/wp-json\/wp\/v2\/product_cat?post=15516"},{"taxonomy":"product_tag","embeddable":true,"href":"https:\/\/www.dressupyourpup.com\/pt\/wp-json\/wp\/v2\/product_tag?post=15516"},{"taxonomy":"woo-feed-brand","embeddable":true,"href":"https:\/\/www.dressupyourpup.com\/pt\/wp-json\/wp\/v2\/woo-feed-brand?post=15516"}],"curies":[{"name":"wp","href":"https:\/\/api.w.org\/{rel}","templated":true}]}}