{"id":1553,"date":"2019-08-19T01:34:25","date_gmt":"2019-08-19T01:34:25","guid":{"rendered":"http:\/\/s903023292.onlinehome.us\/dressupyourpup.com\/?post_type=product&#038;p=1553"},"modified":"2025-11-25T18:23:09","modified_gmt":"2025-11-25T23:23:09","slug":"reversivel-michigan-state-spartans-bandana","status":"publish","type":"product","link":"https:\/\/www.dressupyourpup.com\/pt\/shop\/dog-bandanas\/team-spirit-dog-bandanas\/ncaa-dog-bandanas\/reversible-michigan-state-spartans-bandana\/","title":{"rendered":"Bandana Spartans Dog da Universidade Estadual de Michigan"},"content":{"rendered":"<p>Esteja voc\u00ea assistindo os Spartans correrem para os playoffs de futebol ou uma chance na Final Four, seu filhote estar\u00e1 ao seu lado. Agora seu melhor amigo pode se juntar \u00e0 divers\u00e3o com nossa bandana de cachorro revers\u00edvel Michigan State University Spartans feita \u00e0 m\u00e3o. Agora ningu\u00e9m vai pensar que seu cachorro \u00e9 um <a href=\"https:\/\/www.dressupyourpup.com\/pt\/produtos\/reversivel-michigan-wolverines-bandana\/\">Wolverines da Universidade de Michigan<\/a> f\u00e3!<\/p>\n<p>Se voc\u00ea quiser personaliz\u00e1-lo, pode adicionar o nome do seu cachorro ao longo da borda da bandana.<\/p>\n<p><strong>Observa\u00e7\u00e3o: a menos que solicitado de outra forma ao finalizar a compra, se voc\u00ea quiser o nome do seu cachorro na bandana, ele estar\u00e1 no lado verde, n\u00e3o no lado branco.<\/strong><\/p>\n<h2 style=\"text-align: center;\">Cinco raz\u00f5es para comprar nossa bandana Spartans Dog da Michigan State University<\/h2>\n<ul>\n<li>Nossa bandana Michigan State Spartans deslizar\u00e1 facilmente sobre a gola, sem amarrar no pesco\u00e7o do seu filhote<\/li>\n<li>A bandana \u00e9 feita com entretela para que n\u00e3o enrole e fique sempre fabulosa<\/li>\n<li>Nossa bandana \u00e9 feita \u00e0 m\u00e3o a partir de tecido pr\u00e9-encolhido e lav\u00e1vel na m\u00e1quina para que sejam f\u00e1ceis de lavar, secar e usar<\/li>\n<li>Nossa bandana \u00e9 verdadeiramente revers\u00edvel com lados contrastantes, ent\u00e3o voc\u00ea est\u00e1 recebendo duas bandanas pelo pre\u00e7o de uma.<\/li>\n<li>Voc\u00ea pode personalizar sua bandana do Michigan State Spartans com o nome do seu filhote<\/li>\n<\/ul>\n<p><b>Isen\u00e7\u00e3o de responsabilidade: nossas bandanas feitas \u00e0 m\u00e3o n\u00e3o s\u00e3o produtos licenciados da\u00a0<a href=\"https:\/\/www.ncaa.com\/\" target=\"_blank\" rel=\"noopener noreferrer\">NCAA<\/a>. N\u00e3o somos afiliados ou patrocinados pelo\u00a0<a href=\"https:\/\/www.ncaa.com\/\" target=\"_blank\" rel=\"noopener noreferrer\">NCAA<\/a><\/b><\/p>","protected":false},"excerpt":{"rendered":"<p>Whether you&#8217;re watching the Spartans make a run for the football playoffs or a shot at the Final Four, your pup will be by your side. Now your best friend can join in the fun with our hand crafted reversible Michigan State University Spartans dog bandana. Now no one will think your dog is a [&hellip;]<\/p>\n","protected":false},"featured_media":10986,"comment_status":"open","ping_status":"closed","template":"","meta":{"_acf_changed":false,"site-sidebar-layout":"default","site-content-layout":"default","ast-site-content-layout":"default","site-content-style":"default","site-sidebar-style":"default","ast-global-header-display":"","ast-banner-title-visibility":"","ast-main-header-display":"","ast-hfb-above-header-display":"","ast-hfb-below-header-display":"","ast-hfb-mobile-header-display":"","site-post-title":"","ast-breadcrumbs-content":"","ast-featured-img":"","footer-sml-layout":"","ast-disable-related-posts":"","theme-transparent-header-meta":"default","adv-header-id-meta":"","stick-header-meta":"default","header-above-stick-meta":"","header-main-stick-meta":"","header-below-stick-meta":"","astra-migrate-meta-layouts":"default","ast-page-background-enabled":"default","ast-page-background-meta":{"desktop":{"background-color":"","background-image":"","background-repeat":"repeat","background-position":"center center","background-size":"auto","background-attachment":"scroll","background-type":"","background-media":"","overlay-type":"","overlay-color":"","overlay-opacity":"","overlay-gradient":""},"tablet":{"background-color":"","background-image":"","background-repeat":"repeat","background-position":"center center","background-size":"auto","background-attachment":"scroll","background-type":"","background-media":"","overlay-type":"","overlay-color":"","overlay-opacity":"","overlay-gradient":""},"mobile":{"background-color":"","background-image":"","background-repeat":"repeat","background-position":"center center","background-size":"auto","background-attachment":"scroll","background-type":"","background-media":"","overlay-type":"","overlay-color":"","overlay-opacity":"","overlay-gradient":""}},"ast-content-background-meta":{"desktop":{"background-color":"var(--ast-global-color-5)","background-image":"","background-repeat":"repeat","background-position":"center center","background-size":"auto","background-attachment":"scroll","background-type":"","background-media":"","overlay-type":"","overlay-color":"","overlay-opacity":"","overlay-gradient":""},"tablet":{"background-color":"var(--ast-global-color-5)","background-image":"","background-repeat":"repeat","background-position":"center center","background-size":"auto","background-attachment":"scroll","background-type":"","background-media":"","overlay-type":"","overlay-color":"","overlay-opacity":"","overlay-gradient":""},"mobile":{"background-color":"var(--ast-global-color-5)","background-image":"","background-repeat":"repeat","background-position":"center center","background-size":"auto","background-attachment":"scroll","background-type":"","background-media":"","overlay-type":"","overlay-color":"","overlay-opacity":"","overlay-gradient":""}}},"product_brand":[],"product_cat":[43,41],"product_tag":[],"woo-feed-brand":[],"class_list":{"0":"post-1553","1":"product","2":"type-product","3":"status-publish","4":"has-post-thumbnail","6":"product_cat-ncaa-dog-bandanas","7":"product_cat-team-spirit-dog-bandanas","8":"product_shipping_class-bandana","9":"desktop-align-center","10":"tablet-align-center","11":"mobile-align-center","12":"ast-product-gallery-layout-horizontal","13":"ast-product-gallery-with-no-image","14":"ast-product-single-variable","15":"ast-product-tabs-layout-horizontal","16":"ast-qv-on-image","18":"first","19":"instock","20":"purchasable","21":"product-type-variable"},"acf":[],"_links":{"self":[{"href":"https:\/\/www.dressupyourpup.com\/pt\/wp-json\/wp\/v2\/product\/1553","targetHints":{"allow":["GET"]}}],"collection":[{"href":"https:\/\/www.dressupyourpup.com\/pt\/wp-json\/wp\/v2\/product"}],"about":[{"href":"https:\/\/www.dressupyourpup.com\/pt\/wp-json\/wp\/v2\/types\/product"}],"replies":[{"embeddable":true,"href":"https:\/\/www.dressupyourpup.com\/pt\/wp-json\/wp\/v2\/comments?post=1553"}],"wp:featuredmedia":[{"embeddable":true,"href":"https:\/\/www.dressupyourpup.com\/pt\/wp-json\/wp\/v2\/media\/10986"}],"wp:attachment":[{"href":"https:\/\/www.dressupyourpup.com\/pt\/wp-json\/wp\/v2\/media?parent=1553"}],"wp:term":[{"taxonomy":"product_brand","embeddable":true,"href":"https:\/\/www.dressupyourpup.com\/pt\/wp-json\/wp\/v2\/product_brand?post=1553"},{"taxonomy":"product_cat","embeddable":true,"href":"https:\/\/www.dressupyourpup.com\/pt\/wp-json\/wp\/v2\/product_cat?post=1553"},{"taxonomy":"product_tag","embeddable":true,"href":"https:\/\/www.dressupyourpup.com\/pt\/wp-json\/wp\/v2\/product_tag?post=1553"},{"taxonomy":"woo-feed-brand","embeddable":true,"href":"https:\/\/www.dressupyourpup.com\/pt\/wp-json\/wp\/v2\/woo-feed-brand?post=1553"}],"curies":[{"name":"wp","href":"https:\/\/api.w.org\/{rel}","templated":true}]}}