{"id":3161,"date":"2019-10-13T15:24:18","date_gmt":"2019-10-13T15:24:18","guid":{"rendered":"http:\/\/s903023292.onlinehome.us\/dressupyourpup.com\/?post_type=product&#038;p=3161"},"modified":"2025-11-25T18:29:27","modified_gmt":"2025-11-25T23:29:27","slug":"reversivel-philadelphia-eagles-bandana","status":"publish","type":"product","link":"https:\/\/www.dressupyourpup.com\/pt\/shop\/dog-bandanas\/team-spirit-dog-bandanas\/nfl\/reversible-philadelphia-eagles-bandana\/","title":{"rendered":"Bandana para cachorro do Philadelphia Eagles"},"content":{"rendered":"<p>Ouvir \u201cFly, Eagles Fly\u201d faz seu cachorro latir de emo\u00e7\u00e3o? Seu melhor amigo de quatro patas assiste a replays do Super Bowl LII? Quando voc\u00ea usa seu verde e prata para assistir a batalha dos Eagles aos domingos, seu filhote pode estar usando nossos lindos Philadelphia Eagles revers\u00edveis sobre a bandana de colarinho para c\u00e3es. Tem uma impress\u00e3o Eagles de um lado e um gr\u00e1fico de ferro no verso. \u00c9 t\u00e3o afiado que Swoop vai ficar com ci\u00fames!<\/p>\n<p>Afinal, voc\u00ea n\u00e3o quer que as pessoas pensem que seu cachorro \u00e9 um <a href=\"https:\/\/www.dressupyourpup.com\/pt\/produtos\/reversivel-dallas-cowboys-bandana\/\">Dallas Cowboys<\/a> f\u00e3, e voc\u00ea?<\/p>\n<p>Se voc\u00ea quiser personaliz\u00e1-lo, pode adicionar o nome do seu cachorro ao longo da borda da bandana.<\/p>\n<p><strong>Observa\u00e7\u00e3o: se selecionado, o nome do seu cachorro estar\u00e1 no lado impresso do time, n\u00e3o no lado gen\u00e9rico de futebol.<\/strong><\/p>\n<h2 style=\"text-align: center;\">Seis raz\u00f5es para comprar nossa bandana para c\u00e3es Philadelphia Eagles<\/h2>\n<ul>\n<li>Nossa bandana para c\u00e3es Philadelphia Eagles deslizar\u00e1 facilmente sobre a coleira, sem se preocupar em amarr\u00e1-la muito apertada ou muito solta no pesco\u00e7o do seu c\u00e3o<\/li>\n<li>Nossas bandanas Philadelphia Eagles v\u00eam em tamanhos de extrapequeno a extragrande. Ent\u00e3o, se voc\u00ea tem um chihuahua ou um dogue alem\u00e3o, temos uma bandana que caber\u00e1 no seu filhote<\/li>\n<li>A bandana \u00e9 feita com entretela para que n\u00e3o enrole e fique sempre fabulosa<\/li>\n<li>Nossa bandana \u00e9 feita \u00e0 m\u00e3o a partir de tecido pr\u00e9-encolhido e lav\u00e1vel na m\u00e1quina para que voc\u00ea possa lav\u00e1-la na m\u00e1quina de lavar, colocar na secadora e est\u00e1 pronta para usar.<\/li>\n<li>Nossa bandana \u00e9 verdadeiramente revers\u00edvel com uma impress\u00e3o de um lado e um gr\u00e1fico de ferro no verso, ent\u00e3o voc\u00ea est\u00e1 recebendo duas bandanas pelo pre\u00e7o de uma<\/li>\n<li>Voc\u00ea pode personalizar sua bandana de cachorro do Philadelphia Eagles com o nome do seu filhote<\/li>\n<\/ul>\n<p><b>Isen\u00e7\u00e3o de responsabilidade: nossas bandanas feitas \u00e0 m\u00e3o n\u00e3o s\u00e3o produtos licenciados da\u00a0<a href=\"https:\/\/www.nfl.com\/\" target=\"_blank\" rel=\"noopener noreferrer\">Liga Nacional de Futebol<\/a>. N\u00e3o somos afiliados ou patrocinados pelo\u00a0<a href=\"https:\/\/www.nfl.com\/\" target=\"_blank\" rel=\"noopener noreferrer\">Liga Nacional de Futebol<\/a>.<\/b><\/p>","protected":false},"excerpt":{"rendered":"<p>Does hearing &#8220;Fly, Eagles Fly&#8221; make your dog bark in excitement? Does your four-legged best friend watch replays of Super Bowl LII? When you wear your Green and Silver to watch the Eagles do battle on Sundays, your pup can be wearing our beautiful Philadelphia Eagles reversible over the collar dog bandana. It has an [&hellip;]<\/p>\n","protected":false},"featured_media":11166,"comment_status":"open","ping_status":"closed","template":"","meta":{"_acf_changed":false,"site-sidebar-layout":"default","site-content-layout":"default","ast-site-content-layout":"default","site-content-style":"default","site-sidebar-style":"default","ast-global-header-display":"","ast-banner-title-visibility":"","ast-main-header-display":"","ast-hfb-above-header-display":"","ast-hfb-below-header-display":"","ast-hfb-mobile-header-display":"","site-post-title":"","ast-breadcrumbs-content":"","ast-featured-img":"","footer-sml-layout":"","ast-disable-related-posts":"","theme-transparent-header-meta":"default","adv-header-id-meta":"","stick-header-meta":"default","header-above-stick-meta":"","header-main-stick-meta":"","header-below-stick-meta":"","astra-migrate-meta-layouts":"default","ast-page-background-enabled":"default","ast-page-background-meta":{"desktop":{"background-color":"","background-image":"","background-repeat":"repeat","background-position":"center center","background-size":"auto","background-attachment":"scroll","background-type":"","background-media":"","overlay-type":"","overlay-color":"","overlay-opacity":"","overlay-gradient":""},"tablet":{"background-color":"","background-image":"","background-repeat":"repeat","background-position":"center center","background-size":"auto","background-attachment":"scroll","background-type":"","background-media":"","overlay-type":"","overlay-color":"","overlay-opacity":"","overlay-gradient":""},"mobile":{"background-color":"","background-image":"","background-repeat":"repeat","background-position":"center center","background-size":"auto","background-attachment":"scroll","background-type":"","background-media":"","overlay-type":"","overlay-color":"","overlay-opacity":"","overlay-gradient":""}},"ast-content-background-meta":{"desktop":{"background-color":"var(--ast-global-color-5)","background-image":"","background-repeat":"repeat","background-position":"center center","background-size":"auto","background-attachment":"scroll","background-type":"","background-media":"","overlay-type":"","overlay-color":"","overlay-opacity":"","overlay-gradient":""},"tablet":{"background-color":"var(--ast-global-color-5)","background-image":"","background-repeat":"repeat","background-position":"center center","background-size":"auto","background-attachment":"scroll","background-type":"","background-media":"","overlay-type":"","overlay-color":"","overlay-opacity":"","overlay-gradient":""},"mobile":{"background-color":"var(--ast-global-color-5)","background-image":"","background-repeat":"repeat","background-position":"center center","background-size":"auto","background-attachment":"scroll","background-type":"","background-media":"","overlay-type":"","overlay-color":"","overlay-opacity":"","overlay-gradient":""}}},"product_brand":[],"product_cat":[41,42],"product_tag":[],"woo-feed-brand":[],"class_list":{"0":"post-3161","1":"product","2":"type-product","3":"status-publish","4":"has-post-thumbnail","6":"product_cat-team-spirit-dog-bandanas","7":"product_cat-nfl","8":"product_shipping_class-bandana","9":"desktop-align-center","10":"tablet-align-center","11":"mobile-align-center","12":"ast-product-gallery-layout-horizontal","13":"ast-product-gallery-with-no-image","14":"ast-product-single-variable","15":"ast-product-tabs-layout-horizontal","16":"ast-qv-on-image","18":"first","19":"instock","20":"purchasable","21":"product-type-variable"},"acf":[],"_links":{"self":[{"href":"https:\/\/www.dressupyourpup.com\/pt\/wp-json\/wp\/v2\/product\/3161","targetHints":{"allow":["GET"]}}],"collection":[{"href":"https:\/\/www.dressupyourpup.com\/pt\/wp-json\/wp\/v2\/product"}],"about":[{"href":"https:\/\/www.dressupyourpup.com\/pt\/wp-json\/wp\/v2\/types\/product"}],"replies":[{"embeddable":true,"href":"https:\/\/www.dressupyourpup.com\/pt\/wp-json\/wp\/v2\/comments?post=3161"}],"wp:featuredmedia":[{"embeddable":true,"href":"https:\/\/www.dressupyourpup.com\/pt\/wp-json\/wp\/v2\/media\/11166"}],"wp:attachment":[{"href":"https:\/\/www.dressupyourpup.com\/pt\/wp-json\/wp\/v2\/media?parent=3161"}],"wp:term":[{"taxonomy":"product_brand","embeddable":true,"href":"https:\/\/www.dressupyourpup.com\/pt\/wp-json\/wp\/v2\/product_brand?post=3161"},{"taxonomy":"product_cat","embeddable":true,"href":"https:\/\/www.dressupyourpup.com\/pt\/wp-json\/wp\/v2\/product_cat?post=3161"},{"taxonomy":"product_tag","embeddable":true,"href":"https:\/\/www.dressupyourpup.com\/pt\/wp-json\/wp\/v2\/product_tag?post=3161"},{"taxonomy":"woo-feed-brand","embeddable":true,"href":"https:\/\/www.dressupyourpup.com\/pt\/wp-json\/wp\/v2\/woo-feed-brand?post=3161"}],"curies":[{"name":"wp","href":"https:\/\/api.w.org\/{rel}","templated":true}]}}