{"id":3915,"date":"2019-11-05T02:01:22","date_gmt":"2019-11-05T02:01:22","guid":{"rendered":"http:\/\/s903023292.onlinehome.us\/dressupyourpup.com\/?post_type=product&#038;p=3915"},"modified":"2025-11-25T18:36:45","modified_gmt":"2025-11-25T23:36:45","slug":"como-o-grinch-roubou-o-natal-sobre-a-coleira-bandana","status":"publish","type":"product","link":"https:\/\/www.dressupyourpup.com\/pt\/shop\/dog-bandanas\/holiday-dog-bandanas\/christmas\/how-the-grinch-stole-christmas-over-the-collar-bandana\/","title":{"rendered":"Como o Grinch roubou o Natal por cima do colarinho Bandana"},"content":{"rendered":"<p>Transforme seu amigo peludo no cachorrinho mais estiloso de Whoville com uma linda bandana de cachorro Grinch que eles nunca mais v\u00e3o querer sair de casa sem. \u00c9 confort\u00e1vel, aconchegante e t\u00e3o festivo que at\u00e9 o Grinch vai ver seu cora\u00e7\u00e3o come\u00e7ar a derreter e querer ser convidado para a sua festa. Tudo o que voc\u00ea precisa fazer agora \u00e9 pedir ao c\u00e3ozinho para vigiar na v\u00e9spera de Natal para garantir que os presentes fiquem exatamente onde voc\u00ea os quer!<\/p>\n<h2 style=\"text-align: center;\">Quatro raz\u00f5es para comprar Como o Grinch roubou a bandana de cachorro de Natal<\/h2>\n<ul>\n<li>Sua nova bandana de cachorro Grinch \u00e9 feita \u00e0 m\u00e3o, nunca se enrola e sempre parece fabulosa<\/li>\n<li>Desliza sobre a gola do seu amigo de quatro patas para o ajuste perfeito, sempre<\/li>\n<li>Vem em todos os tamanhos que voc\u00ea poderia desejar, desde extra pequeno at\u00e9 extra grande<\/li>\n<li>Feito com cuidado a partir de tecido lav\u00e1vel na m\u00e1quina que \u00e9 pr\u00e9-encolhido - uma coisa a menos para se preocupar!<\/li>\n<\/ul>\n<p><strong>N\u00e3o se esque\u00e7a de personalizar sua nova bandana de cachorro Grinch<\/strong><\/p>\n<ul>\n<li>O design revers\u00edvel oferece dois presentes em um - perfeito para manter o rabo abanando<\/li>\n<li>Personalize o verso com tecido verde escuro, verde lim\u00e3o ou vermelho brilhante<\/li>\n<li>Termine com estilo escolhendo um dos nossos 12 designs de Natal diferentes<\/li>\n<\/ul>","protected":false},"excerpt":{"rendered":"<p>Turn your furry friend into the most stylish little pup in all of Whoville with a cute Grinch dog bandana they\u2019ll never want to leave home without. It\u2019s comfy, cozy and so festive even the Grinch will see his heart start to melt and want to get invited to your party. All you have to [&hellip;]<\/p>\n","protected":false},"featured_media":11346,"comment_status":"open","ping_status":"closed","template":"","meta":{"_acf_changed":false,"site-sidebar-layout":"default","site-content-layout":"default","ast-site-content-layout":"default","site-content-style":"default","site-sidebar-style":"default","ast-global-header-display":"","ast-banner-title-visibility":"","ast-main-header-display":"","ast-hfb-above-header-display":"","ast-hfb-below-header-display":"","ast-hfb-mobile-header-display":"","site-post-title":"","ast-breadcrumbs-content":"","ast-featured-img":"","footer-sml-layout":"","ast-disable-related-posts":"","theme-transparent-header-meta":"default","adv-header-id-meta":"","stick-header-meta":"default","header-above-stick-meta":"","header-main-stick-meta":"","header-below-stick-meta":"","astra-migrate-meta-layouts":"set","ast-page-background-enabled":"default","ast-page-background-meta":{"desktop":{"background-color":"","background-image":"","background-repeat":"repeat","background-position":"center center","background-size":"auto","background-attachment":"scroll","background-type":"","background-media":"","overlay-type":"","overlay-color":"","overlay-opacity":"","overlay-gradient":""},"tablet":{"background-color":"","background-image":"","background-repeat":"repeat","background-position":"center center","background-size":"auto","background-attachment":"scroll","background-type":"","background-media":"","overlay-type":"","overlay-color":"","overlay-opacity":"","overlay-gradient":""},"mobile":{"background-color":"","background-image":"","background-repeat":"repeat","background-position":"center center","background-size":"auto","background-attachment":"scroll","background-type":"","background-media":"","overlay-type":"","overlay-color":"","overlay-opacity":"","overlay-gradient":""}},"ast-content-background-meta":{"desktop":{"background-color":"var(--ast-global-color-5)","background-image":"","background-repeat":"repeat","background-position":"center center","background-size":"auto","background-attachment":"scroll","background-type":"","background-media":"","overlay-type":"","overlay-color":"","overlay-opacity":"","overlay-gradient":""},"tablet":{"background-color":"var(--ast-global-color-5)","background-image":"","background-repeat":"repeat","background-position":"center center","background-size":"auto","background-attachment":"scroll","background-type":"","background-media":"","overlay-type":"","overlay-color":"","overlay-opacity":"","overlay-gradient":""},"mobile":{"background-color":"var(--ast-global-color-5)","background-image":"","background-repeat":"repeat","background-position":"center center","background-size":"auto","background-attachment":"scroll","background-type":"","background-media":"","overlay-type":"","overlay-color":"","overlay-opacity":"","overlay-gradient":""}}},"product_brand":[],"product_cat":[50,55],"product_tag":[],"woo-feed-brand":[],"class_list":{"0":"post-3915","1":"product","2":"type-product","3":"status-publish","4":"has-post-thumbnail","6":"product_cat-holiday-dog-bandanas","7":"product_cat-christmas","8":"product_shipping_class-bandana","9":"desktop-align-center","10":"tablet-align-center","11":"mobile-align-center","12":"ast-product-gallery-layout-horizontal","13":"ast-product-gallery-with-no-image","14":"ast-product-single-variable","15":"ast-product-tabs-layout-horizontal","16":"ast-qv-on-image","18":"first","19":"outofstock","20":"purchasable","21":"product-type-variable"},"acf":[],"_links":{"self":[{"href":"https:\/\/www.dressupyourpup.com\/pt\/wp-json\/wp\/v2\/product\/3915","targetHints":{"allow":["GET"]}}],"collection":[{"href":"https:\/\/www.dressupyourpup.com\/pt\/wp-json\/wp\/v2\/product"}],"about":[{"href":"https:\/\/www.dressupyourpup.com\/pt\/wp-json\/wp\/v2\/types\/product"}],"replies":[{"embeddable":true,"href":"https:\/\/www.dressupyourpup.com\/pt\/wp-json\/wp\/v2\/comments?post=3915"}],"wp:featuredmedia":[{"embeddable":true,"href":"https:\/\/www.dressupyourpup.com\/pt\/wp-json\/wp\/v2\/media\/11346"}],"wp:attachment":[{"href":"https:\/\/www.dressupyourpup.com\/pt\/wp-json\/wp\/v2\/media?parent=3915"}],"wp:term":[{"taxonomy":"product_brand","embeddable":true,"href":"https:\/\/www.dressupyourpup.com\/pt\/wp-json\/wp\/v2\/product_brand?post=3915"},{"taxonomy":"product_cat","embeddable":true,"href":"https:\/\/www.dressupyourpup.com\/pt\/wp-json\/wp\/v2\/product_cat?post=3915"},{"taxonomy":"product_tag","embeddable":true,"href":"https:\/\/www.dressupyourpup.com\/pt\/wp-json\/wp\/v2\/product_tag?post=3915"},{"taxonomy":"woo-feed-brand","embeddable":true,"href":"https:\/\/www.dressupyourpup.com\/pt\/wp-json\/wp\/v2\/woo-feed-brand?post=3915"}],"curies":[{"name":"wp","href":"https:\/\/api.w.org\/{rel}","templated":true}]}}