{"id":5783,"date":"2019-12-10T21:18:16","date_gmt":"2019-12-10T21:18:16","guid":{"rendered":"http:\/\/s903023292.onlinehome.us\/dressupyourpup.com\/?post_type=product&#038;p=5783"},"modified":"2025-11-25T18:42:50","modified_gmt":"2025-11-25T23:42:50","slug":"reversivel-houston-astros-dog-bandana","status":"publish","type":"product","link":"https:\/\/www.dressupyourpup.com\/pt\/shop\/dog-bandanas\/team-spirit-dog-bandanas\/mlb-dog-bandanas\/reversible-houston-astros-dog-bandana\/","title":{"rendered":"Bandana de cachorro Houston Astros"},"content":{"rendered":"<p>Esta \u00e9 a bandana revers\u00edvel para c\u00e3es Houston Astros que seu filhote est\u00e1 procurando!<\/p>\n<p>O Houston Astros est\u00e1 indo para outra World Series! Se voc\u00ea n\u00e3o pode estar no Minute Maid Park, pode torcer por eles em casa com seu melhor amigo de quatro patas. Enquanto Justin Verlander lidera os Astros em dire\u00e7\u00e3o aos playoffs, certifique-se de que seu filhote esteja vestido para a ocasi\u00e3o com nossa linda bandana Houston Astros sobre a gola! Afinal, voc\u00ea n\u00e3o quer que as pessoas pensem que seu cachorro \u00e9 um <a href=\"https:\/\/www.dressupyourpup.com\/pt\/produtos\/reversivel-washington-nationals-dog-bandana\/\">Nacional de Washington<\/a> f\u00e3, e voc\u00ea?<\/p>\n<p>Se voc\u00ea quiser personaliz\u00e1-lo, pode adicionar o nome do seu cachorro ao longo da borda da bandana.<\/p>\n<p><strong>Observa\u00e7\u00e3o: se selecionado, o nome do seu c\u00e3o estar\u00e1 no lado impresso do time, n\u00e3o no lado gen\u00e9rico das bolas de beisebol.<\/strong><\/p>\n<h2 style=\"text-align: center;\">Seis raz\u00f5es para comprar nossa bandana para c\u00e3es Houston Astros<\/h2>\n<ul>\n<li>Nossa bandana para c\u00e3es Houston Astros deslizar\u00e1 facilmente sobre a coleira, sem se preocupar em amarr\u00e1-la muito apertada ou muito solta no pesco\u00e7o do seu c\u00e3o<\/li>\n<li>Nossas bandanas Houston Astros v\u00eam em tamanhos de extrapequeno a extragrande. Ent\u00e3o, se voc\u00ea tem um chihuahua ou um dogue alem\u00e3o, temos uma bandana que caber\u00e1 no seu filhote<\/li>\n<li>A bandana \u00e9 feita com entretela para que n\u00e3o enrole e fique sempre fabulosa<\/li>\n<li>Nossa bandana \u00e9 feita \u00e0 m\u00e3o a partir de tecido pr\u00e9-encolhido e lav\u00e1vel na m\u00e1quina para que voc\u00ea possa lav\u00e1-la na m\u00e1quina de lavar, colocar na secadora e est\u00e1 pronta para usar.<\/li>\n<li>Nossa bandana \u00e9 verdadeiramente revers\u00edvel com uma impress\u00e3o de equipe de um lado e uma impress\u00e3o gen\u00e9rica de beisebol no verso, ent\u00e3o voc\u00ea est\u00e1 recebendo duas bandanas pelo pre\u00e7o de uma.<\/li>\n<li>Voc\u00ea pode personalizar sua bandana de cachorro Houston Astros com o nome do seu cachorro<\/li>\n<\/ul>\n<p><b>Isen\u00e7\u00e3o de responsabilidade: nossas bandanas feitas \u00e0 m\u00e3o n\u00e3o s\u00e3o produtos licenciados da <a href=\"https:\/\/www.mlb.com\/\" target=\"_blank\" rel=\"noopener noreferrer\">Liga Principal de Beisebol<\/a>. N\u00e3o somos afiliados ou patrocinados por <a href=\"https:\/\/www.mlb.com\/\" target=\"_blank\" rel=\"noopener noreferrer\">Liga Principal de Beisebol<\/a>.<\/b><\/p>","protected":false},"excerpt":{"rendered":"<p>This is the reversible Houston Astros dog bandana that your pup has been looking for! The Houston Astros are going for another World Series! If you can\u2019t be at Minute Maid Park then you can cheer them on at home with your four-legged best friend. As Justin Verlander leads the Astros towards the playoffs make [&hellip;]<\/p>\n","protected":false},"featured_media":15220,"comment_status":"open","ping_status":"closed","template":"","meta":{"_acf_changed":false,"site-sidebar-layout":"default","site-content-layout":"default","ast-site-content-layout":"default","site-content-style":"default","site-sidebar-style":"default","ast-global-header-display":"","ast-banner-title-visibility":"","ast-main-header-display":"","ast-hfb-above-header-display":"","ast-hfb-below-header-display":"","ast-hfb-mobile-header-display":"","site-post-title":"","ast-breadcrumbs-content":"","ast-featured-img":"","footer-sml-layout":"","ast-disable-related-posts":"","theme-transparent-header-meta":"default","adv-header-id-meta":"","stick-header-meta":"default","header-above-stick-meta":"","header-main-stick-meta":"","header-below-stick-meta":"","astra-migrate-meta-layouts":"set","ast-page-background-enabled":"default","ast-page-background-meta":{"desktop":{"background-color":"","background-image":"","background-repeat":"repeat","background-position":"center center","background-size":"auto","background-attachment":"scroll","background-type":"","background-media":"","overlay-type":"","overlay-color":"","overlay-opacity":"","overlay-gradient":""},"tablet":{"background-color":"","background-image":"","background-repeat":"repeat","background-position":"center center","background-size":"auto","background-attachment":"scroll","background-type":"","background-media":"","overlay-type":"","overlay-color":"","overlay-opacity":"","overlay-gradient":""},"mobile":{"background-color":"","background-image":"","background-repeat":"repeat","background-position":"center center","background-size":"auto","background-attachment":"scroll","background-type":"","background-media":"","overlay-type":"","overlay-color":"","overlay-opacity":"","overlay-gradient":""}},"ast-content-background-meta":{"desktop":{"background-color":"var(--ast-global-color-5)","background-image":"","background-repeat":"repeat","background-position":"center center","background-size":"auto","background-attachment":"scroll","background-type":"","background-media":"","overlay-type":"","overlay-color":"","overlay-opacity":"","overlay-gradient":""},"tablet":{"background-color":"var(--ast-global-color-5)","background-image":"","background-repeat":"repeat","background-position":"center center","background-size":"auto","background-attachment":"scroll","background-type":"","background-media":"","overlay-type":"","overlay-color":"","overlay-opacity":"","overlay-gradient":""},"mobile":{"background-color":"var(--ast-global-color-5)","background-image":"","background-repeat":"repeat","background-position":"center center","background-size":"auto","background-attachment":"scroll","background-type":"","background-media":"","overlay-type":"","overlay-color":"","overlay-opacity":"","overlay-gradient":""}}},"product_brand":[],"product_cat":[41,44],"product_tag":[],"woo-feed-brand":[],"class_list":{"0":"post-5783","1":"product","2":"type-product","3":"status-publish","4":"has-post-thumbnail","6":"product_cat-team-spirit-dog-bandanas","7":"product_cat-mlb-dog-bandanas","8":"product_shipping_class-bandana","9":"desktop-align-center","10":"tablet-align-center","11":"mobile-align-center","12":"ast-product-gallery-layout-horizontal","13":"ast-product-gallery-with-no-image","14":"ast-product-single-variable","15":"ast-product-tabs-layout-horizontal","16":"ast-qv-on-image","18":"first","19":"instock","20":"purchasable","21":"product-type-variable"},"acf":[],"_links":{"self":[{"href":"https:\/\/www.dressupyourpup.com\/pt\/wp-json\/wp\/v2\/product\/5783","targetHints":{"allow":["GET"]}}],"collection":[{"href":"https:\/\/www.dressupyourpup.com\/pt\/wp-json\/wp\/v2\/product"}],"about":[{"href":"https:\/\/www.dressupyourpup.com\/pt\/wp-json\/wp\/v2\/types\/product"}],"replies":[{"embeddable":true,"href":"https:\/\/www.dressupyourpup.com\/pt\/wp-json\/wp\/v2\/comments?post=5783"}],"wp:featuredmedia":[{"embeddable":true,"href":"https:\/\/www.dressupyourpup.com\/pt\/wp-json\/wp\/v2\/media\/15220"}],"wp:attachment":[{"href":"https:\/\/www.dressupyourpup.com\/pt\/wp-json\/wp\/v2\/media?parent=5783"}],"wp:term":[{"taxonomy":"product_brand","embeddable":true,"href":"https:\/\/www.dressupyourpup.com\/pt\/wp-json\/wp\/v2\/product_brand?post=5783"},{"taxonomy":"product_cat","embeddable":true,"href":"https:\/\/www.dressupyourpup.com\/pt\/wp-json\/wp\/v2\/product_cat?post=5783"},{"taxonomy":"product_tag","embeddable":true,"href":"https:\/\/www.dressupyourpup.com\/pt\/wp-json\/wp\/v2\/product_tag?post=5783"},{"taxonomy":"woo-feed-brand","embeddable":true,"href":"https:\/\/www.dressupyourpup.com\/pt\/wp-json\/wp\/v2\/woo-feed-brand?post=5783"}],"curies":[{"name":"wp","href":"https:\/\/api.w.org\/{rel}","templated":true}]}}