{"id":8181,"date":"2020-12-02T21:51:28","date_gmt":"2020-12-03T02:51:28","guid":{"rendered":"http:\/\/s903023292.onlinehome.us\/dressupyourpup.com\/?post_type=product&#038;p=8181"},"modified":"2025-11-25T18:50:10","modified_gmt":"2025-11-25T23:50:10","slug":"bandana-de-natal-listrada-multicolorida","status":"publish","type":"product","link":"https:\/\/www.dressupyourpup.com\/pt\/shop\/dog-bandanas\/holiday-dog-bandanas\/christmas\/multicoloured-christmas-striped-dog-bandana\/","title":{"rendered":"Bandana listrada multicolorida para c\u00e3es de Natal"},"content":{"rendered":"<p>Seu cachorro ama o Natal? Ent\u00e3o nossa bandana listrada de Natal multicolorida ser\u00e1 um presente perfeito! Seu filhote ficar\u00e1 \u00f3timo usando esta bandana listrada de Natal multicolorida quando voc\u00ea tirar sua foto de f\u00e9rias. Seu filhote ser\u00e1 a inveja de todos os seus seguidores do Instagram quando eles virem como est\u00e3o lindos. O lado vermelho s\u00f3lido reverso pode ser personalizado com um gr\u00e1fico de Natal pr\u00e9-projetado de sua escolha.<\/p>\n<p>Ajude seu filhote a celebrar esta temporada de Natal com esta bandana festiva!<\/p>\n<h2 style=\"text-align: center;\">Seis raz\u00f5es para comprar nossa bandana listrada de Natal multicolorida<\/h2>\n<ul>\n<li>Nossa bandana deslizar\u00e1 facilmente sobre a gola. N\u00e3o se preocupe mais em amarr\u00e1-lo muito apertado ou muito solto no pesco\u00e7o do seu c\u00e3o<\/li>\n<li>Nossas bandanas listradas de Natal multicoloridas v\u00eam em tamanhos de extrapequenas a extragrandes. Ent\u00e3o, se voc\u00ea tem um chihuahua ou um dogue alem\u00e3o, temos uma bandana que caber\u00e1 no seu filhote<\/li>\n<li>A bandana \u00e9 feita com entretela para que n\u00e3o enrole e fique sempre fabulosa<\/li>\n<li>Nossa bandana \u00e9 feita \u00e0 m\u00e3o de tecido pr\u00e9-encolhido e lav\u00e1vel na m\u00e1quina. Voc\u00ea pode lav\u00e1-lo em sua m\u00e1quina de lavar, colocar na secadora e est\u00e1 pronto para usar<\/li>\n<li>Nossa bandana \u00e9 verdadeiramente revers\u00edvel com uma impress\u00e3o de um lado e um gr\u00e1fico de ferro no verso, ent\u00e3o voc\u00ea est\u00e1 recebendo duas bandanas pelo pre\u00e7o de uma<\/li>\n<li>Voc\u00ea pode personalizar sua bandana com o nome do seu filhote<\/li>\n<\/ul>","protected":false},"excerpt":{"rendered":"<p>Does your dog love Christmas? Then our Multicoloured Christmas Striped dog bandana will make a perfect gift! Your pup will look great wearing this Multicoloured Christmas Striped Dog Bandana when you&#8217;re having your holiday photo taken. Your pup will be the envy of all your Instagram followers when they see how great they look.\u00a0 The [&hellip;]<\/p>\n","protected":false},"featured_media":8169,"comment_status":"open","ping_status":"closed","template":"","meta":{"_acf_changed":false,"site-sidebar-layout":"default","site-content-layout":"default","ast-site-content-layout":"default","site-content-style":"default","site-sidebar-style":"default","ast-global-header-display":"","ast-banner-title-visibility":"","ast-main-header-display":"","ast-hfb-above-header-display":"","ast-hfb-below-header-display":"","ast-hfb-mobile-header-display":"","site-post-title":"","ast-breadcrumbs-content":"","ast-featured-img":"","footer-sml-layout":"","ast-disable-related-posts":"","theme-transparent-header-meta":"default","adv-header-id-meta":"","stick-header-meta":"default","header-above-stick-meta":"","header-main-stick-meta":"","header-below-stick-meta":"","astra-migrate-meta-layouts":"set","ast-page-background-enabled":"default","ast-page-background-meta":{"desktop":{"background-color":"","background-image":"","background-repeat":"repeat","background-position":"center center","background-size":"auto","background-attachment":"scroll","background-type":"","background-media":"","overlay-type":"","overlay-color":"","overlay-opacity":"","overlay-gradient":""},"tablet":{"background-color":"","background-image":"","background-repeat":"repeat","background-position":"center center","background-size":"auto","background-attachment":"scroll","background-type":"","background-media":"","overlay-type":"","overlay-color":"","overlay-opacity":"","overlay-gradient":""},"mobile":{"background-color":"","background-image":"","background-repeat":"repeat","background-position":"center center","background-size":"auto","background-attachment":"scroll","background-type":"","background-media":"","overlay-type":"","overlay-color":"","overlay-opacity":"","overlay-gradient":""}},"ast-content-background-meta":{"desktop":{"background-color":"var(--ast-global-color-5)","background-image":"","background-repeat":"repeat","background-position":"center center","background-size":"auto","background-attachment":"scroll","background-type":"","background-media":"","overlay-type":"","overlay-color":"","overlay-opacity":"","overlay-gradient":""},"tablet":{"background-color":"var(--ast-global-color-5)","background-image":"","background-repeat":"repeat","background-position":"center center","background-size":"auto","background-attachment":"scroll","background-type":"","background-media":"","overlay-type":"","overlay-color":"","overlay-opacity":"","overlay-gradient":""},"mobile":{"background-color":"var(--ast-global-color-5)","background-image":"","background-repeat":"repeat","background-position":"center center","background-size":"auto","background-attachment":"scroll","background-type":"","background-media":"","overlay-type":"","overlay-color":"","overlay-opacity":"","overlay-gradient":""}}},"product_brand":[],"product_cat":[50,55],"product_tag":[],"woo-feed-brand":[],"class_list":{"0":"post-8181","1":"product","2":"type-product","3":"status-publish","4":"has-post-thumbnail","6":"product_cat-holiday-dog-bandanas","7":"product_cat-christmas","8":"product_shipping_class-bandana","9":"desktop-align-center","10":"tablet-align-center","11":"mobile-align-center","12":"ast-product-gallery-layout-horizontal","13":"ast-product-gallery-with-no-image","14":"ast-product-single-variable","15":"ast-product-tabs-layout-horizontal","16":"ast-qv-on-image","18":"first","19":"outofstock","20":"purchasable","21":"product-type-variable"},"acf":[],"_links":{"self":[{"href":"https:\/\/www.dressupyourpup.com\/pt\/wp-json\/wp\/v2\/product\/8181","targetHints":{"allow":["GET"]}}],"collection":[{"href":"https:\/\/www.dressupyourpup.com\/pt\/wp-json\/wp\/v2\/product"}],"about":[{"href":"https:\/\/www.dressupyourpup.com\/pt\/wp-json\/wp\/v2\/types\/product"}],"replies":[{"embeddable":true,"href":"https:\/\/www.dressupyourpup.com\/pt\/wp-json\/wp\/v2\/comments?post=8181"}],"wp:featuredmedia":[{"embeddable":true,"href":"https:\/\/www.dressupyourpup.com\/pt\/wp-json\/wp\/v2\/media\/8169"}],"wp:attachment":[{"href":"https:\/\/www.dressupyourpup.com\/pt\/wp-json\/wp\/v2\/media?parent=8181"}],"wp:term":[{"taxonomy":"product_brand","embeddable":true,"href":"https:\/\/www.dressupyourpup.com\/pt\/wp-json\/wp\/v2\/product_brand?post=8181"},{"taxonomy":"product_cat","embeddable":true,"href":"https:\/\/www.dressupyourpup.com\/pt\/wp-json\/wp\/v2\/product_cat?post=8181"},{"taxonomy":"product_tag","embeddable":true,"href":"https:\/\/www.dressupyourpup.com\/pt\/wp-json\/wp\/v2\/product_tag?post=8181"},{"taxonomy":"woo-feed-brand","embeddable":true,"href":"https:\/\/www.dressupyourpup.com\/pt\/wp-json\/wp\/v2\/woo-feed-brand?post=8181"}],"curies":[{"name":"wp","href":"https:\/\/api.w.org\/{rel}","templated":true}]}}