{"id":8529,"date":"2021-03-06T13:14:06","date_gmt":"2021-03-06T18:14:06","guid":{"rendered":"http:\/\/s903023292.onlinehome.us\/dressupyourpup.com\/?post_type=product&#038;p=8529"},"modified":"2025-11-25T18:54:34","modified_gmt":"2025-11-25T23:54:34","slug":"bandana-reversivel-de-osso-branco-e-trevo-de-sao-patricio","status":"publish","type":"product","link":"https:\/\/www.dressupyourpup.com\/pt\/shop\/dog-bandanas\/holiday-dog-bandanas\/st-patricks-day-dog-bandanas\/white-bone-and-shamrock-st-patricks-day-reversible-bandana\/","title":{"rendered":"Bandana revers\u00edvel White Bone e Shamrock St. Patrick&#039;s Day"},"content":{"rendered":"<p>Todo mundo \u00e9 um pouco irland\u00eas no Dia de S\u00e3o Patr\u00edcio, ent\u00e3o mesmo que seu filhote n\u00e3o seja um setter irland\u00eas, agora eles podem comemorar vestindo algo verde.<\/p>\n<p>Um lado apresenta uma impress\u00e3o de osso branco e trevo e o verso \u00e9 verde e voc\u00ea pode adicionar um dos 28 gr\u00e1ficos pr\u00e9-desenhados dispon\u00edveis. Podemos at\u00e9 personalizar a bandana com o nome do seu filhote! O nome seria adicionado ao lado da impress\u00e3o White Bone e Shamrock.<\/p>\n<h2 style=\"text-align: center;\">Seis raz\u00f5es para comprar nossa bandana para c\u00e3es White Bone e Shamrock St. Patrick&#039;s Day<\/h2>\n<ul>\n<li>Nossa bandana de cachorro White Bone e Shamrock St. Patrick&#039;s Day deslizar\u00e1 facilmente sobre a coleira. N\u00e3o se preocupe mais em amarr\u00e1-lo muito apertado ou muito solto no pesco\u00e7o do seu c\u00e3o<\/li>\n<li>Nossas bandanas White Bone e Shamrock St. Patrick&#039;s Day v\u00eam em tamanhos de extra pequeno a extra grande. Ent\u00e3o, se voc\u00ea tem um chihuahua ou um dogue alem\u00e3o, temos uma bandana que caber\u00e1 no seu filhote<\/li>\n<li>A bandana \u00e9 feita com entretela para que n\u00e3o enrole e fique sempre fabulosa<\/li>\n<li>Nossa bandana \u00e9 feita \u00e0 m\u00e3o de tecido pr\u00e9-encolhido e lav\u00e1vel na m\u00e1quina. Voc\u00ea pode lav\u00e1-lo em sua m\u00e1quina de lavar, colocar na secadora e est\u00e1 pronto para usar<\/li>\n<li>Nossa bandana \u00e9 verdadeiramente revers\u00edvel com uma impress\u00e3o de um lado e um gr\u00e1fico de ferro no verso, ent\u00e3o voc\u00ea est\u00e1 recebendo duas bandanas pelo pre\u00e7o de uma<\/li>\n<li>Voc\u00ea pode personalizar sua bandana com o nome do seu filhote<\/li>\n<\/ul>\n<p>&nbsp;<\/p>","protected":false},"excerpt":{"rendered":"<p>Everyone is a wee bit Irish on St. Patrick&#8217;s Day so even if your pup isn&#8217;t an Irish setter, now they can celebrate by wearing something green. One side features a white bone and shamrock print and the reverse side is green and you can add one of the 28 pre-designed graphics available.\u00a0 We can [&hellip;]<\/p>\n","protected":false},"featured_media":8543,"comment_status":"open","ping_status":"closed","template":"","meta":{"_acf_changed":false,"site-sidebar-layout":"default","site-content-layout":"default","ast-site-content-layout":"default","site-content-style":"default","site-sidebar-style":"default","ast-global-header-display":"","ast-banner-title-visibility":"","ast-main-header-display":"","ast-hfb-above-header-display":"","ast-hfb-below-header-display":"","ast-hfb-mobile-header-display":"","site-post-title":"","ast-breadcrumbs-content":"","ast-featured-img":"","footer-sml-layout":"","ast-disable-related-posts":"","theme-transparent-header-meta":"default","adv-header-id-meta":"","stick-header-meta":"default","header-above-stick-meta":"","header-main-stick-meta":"","header-below-stick-meta":"","astra-migrate-meta-layouts":"default","ast-page-background-enabled":"default","ast-page-background-meta":{"desktop":{"background-color":"","background-image":"","background-repeat":"repeat","background-position":"center center","background-size":"auto","background-attachment":"scroll","background-type":"","background-media":"","overlay-type":"","overlay-color":"","overlay-opacity":"","overlay-gradient":""},"tablet":{"background-color":"","background-image":"","background-repeat":"repeat","background-position":"center center","background-size":"auto","background-attachment":"scroll","background-type":"","background-media":"","overlay-type":"","overlay-color":"","overlay-opacity":"","overlay-gradient":""},"mobile":{"background-color":"","background-image":"","background-repeat":"repeat","background-position":"center center","background-size":"auto","background-attachment":"scroll","background-type":"","background-media":"","overlay-type":"","overlay-color":"","overlay-opacity":"","overlay-gradient":""}},"ast-content-background-meta":{"desktop":{"background-color":"var(--ast-global-color-5)","background-image":"","background-repeat":"repeat","background-position":"center center","background-size":"auto","background-attachment":"scroll","background-type":"","background-media":"","overlay-type":"","overlay-color":"","overlay-opacity":"","overlay-gradient":""},"tablet":{"background-color":"var(--ast-global-color-5)","background-image":"","background-repeat":"repeat","background-position":"center center","background-size":"auto","background-attachment":"scroll","background-type":"","background-media":"","overlay-type":"","overlay-color":"","overlay-opacity":"","overlay-gradient":""},"mobile":{"background-color":"var(--ast-global-color-5)","background-image":"","background-repeat":"repeat","background-position":"center center","background-size":"auto","background-attachment":"scroll","background-type":"","background-media":"","overlay-type":"","overlay-color":"","overlay-opacity":"","overlay-gradient":""}}},"product_brand":[],"product_cat":[59,50],"product_tag":[],"woo-feed-brand":[],"class_list":{"0":"post-8529","1":"product","2":"type-product","3":"status-publish","4":"has-post-thumbnail","6":"product_cat-st-patricks-day-dog-bandanas","7":"product_cat-holiday-dog-bandanas","8":"product_shipping_class-bandana","9":"desktop-align-center","10":"tablet-align-center","11":"mobile-align-center","12":"ast-product-gallery-layout-horizontal","13":"ast-product-gallery-with-no-image","14":"ast-product-single-variable","15":"ast-product-tabs-layout-horizontal","16":"ast-qv-on-image","18":"first","19":"instock","20":"purchasable","21":"product-type-variable"},"acf":[],"_links":{"self":[{"href":"https:\/\/www.dressupyourpup.com\/pt\/wp-json\/wp\/v2\/product\/8529","targetHints":{"allow":["GET"]}}],"collection":[{"href":"https:\/\/www.dressupyourpup.com\/pt\/wp-json\/wp\/v2\/product"}],"about":[{"href":"https:\/\/www.dressupyourpup.com\/pt\/wp-json\/wp\/v2\/types\/product"}],"replies":[{"embeddable":true,"href":"https:\/\/www.dressupyourpup.com\/pt\/wp-json\/wp\/v2\/comments?post=8529"}],"wp:featuredmedia":[{"embeddable":true,"href":"https:\/\/www.dressupyourpup.com\/pt\/wp-json\/wp\/v2\/media\/8543"}],"wp:attachment":[{"href":"https:\/\/www.dressupyourpup.com\/pt\/wp-json\/wp\/v2\/media?parent=8529"}],"wp:term":[{"taxonomy":"product_brand","embeddable":true,"href":"https:\/\/www.dressupyourpup.com\/pt\/wp-json\/wp\/v2\/product_brand?post=8529"},{"taxonomy":"product_cat","embeddable":true,"href":"https:\/\/www.dressupyourpup.com\/pt\/wp-json\/wp\/v2\/product_cat?post=8529"},{"taxonomy":"product_tag","embeddable":true,"href":"https:\/\/www.dressupyourpup.com\/pt\/wp-json\/wp\/v2\/product_tag?post=8529"},{"taxonomy":"woo-feed-brand","embeddable":true,"href":"https:\/\/www.dressupyourpup.com\/pt\/wp-json\/wp\/v2\/woo-feed-brand?post=8529"}],"curies":[{"name":"wp","href":"https:\/\/api.w.org\/{rel}","templated":true}]}}