{"id":9083,"date":"2022-03-19T17:37:30","date_gmt":"2022-03-19T21:37:30","guid":{"rendered":"http:\/\/s903023292.onlinehome.us\/dressupyourpup.com\/?post_type=product&#038;p=9083"},"modified":"2025-11-25T18:59:54","modified_gmt":"2025-11-25T23:59:54","slug":"universidade-da-florida-gators-dog-bandana","status":"publish","type":"product","link":"https:\/\/www.dressupyourpup.com\/pt\/shop\/dog-bandanas\/team-spirit-dog-bandanas\/ncaa-dog-bandanas\/university-of-florida-gators-dog-bandana\/","title":{"rendered":"Bandana para c\u00e3es Gators da Universidade da Fl\u00f3rida"},"content":{"rendered":"<p>This is the University of Florida Gators Dog Bandana that you\u2019ve been waiting for!<\/p>\n<p>You bleed Orange and Blue and if you can\u2019t be cheering on the Tide at the Ben Hill Griffin Stadium, or at Exactech Arena then you can cheer them on at home with your pup by your side. With our beautiful double-sided Gators bandana, your four-legged best friend will cheer on the Gators as they go for another championship! Now no one will mistake your dog for a <a href=\"https:\/\/www.dressupyourpup.com\/pt\/produtos\/universidade-de-miami-furacoes-dog-bandana\/\">University of Miami<\/a>\u00a0f\u00e3 em nossa elegante bandana.<\/p>\n<p>Se voc\u00ea quiser personaliz\u00e1-lo, pode adicionar o nome do seu cachorro ao longo da borda da bandana.<\/p>\n<p><strong>Please note: unless otherwise requested when you checkout, if you want your dog\u2019s name on the bandana, it will be on the orange and blue check side, not the solid blue side.<\/strong><\/p>\n<h2 style=\"text-align: center;\">Five Reasons to Buy Our University of Florida Gators Dog Bandana<\/h2>\n<ul>\n<li>Our Gators Dog Bandana will easily slip over the collar, no tying around your pup\u2019s neck<\/li>\n<li>A bandana \u00e9 feita com entretela para que n\u00e3o enrole e fique sempre fabulosa<\/li>\n<li>Nossa bandana \u00e9 feita \u00e0 m\u00e3o de tecido pr\u00e9-encolhido e lav\u00e1vel na m\u00e1quina, para que sejam f\u00e1ceis de lavar, secar e usar<\/li>\n<li>Nossa bandana \u00e9 verdadeiramente revers\u00edvel com lados contrastantes, ent\u00e3o voc\u00ea est\u00e1 recebendo duas bandanas pelo pre\u00e7o de uma.<\/li>\n<li>You can customize your University of Florida Gators Dog Bandana with your pup\u2019s name on it<\/li>\n<\/ul>\n<p><b>Isen\u00e7\u00e3o de responsabilidade: nossas bandanas feitas \u00e0 m\u00e3o n\u00e3o s\u00e3o produtos licenciados da\u00a0<a href=\"https:\/\/www.ncaa.com\/\" target=\"_blank\" rel=\"noopener noreferrer\">NCAA<\/a>. N\u00e3o somos afiliados ou patrocinados pelo\u00a0<a href=\"https:\/\/www.ncaa.com\/\" target=\"_blank\" rel=\"noopener noreferrer\">NCAA<\/a><\/b><\/p>","protected":false},"excerpt":{"rendered":"<p>This is the University of Florida Gators Dog Bandana that you&#8217;ve been waiting for! You bleed Orange and Blue and if you can&#8217;t be cheering on the Tide at the Ben Hill Griffin Stadium, or at Exactech Arena then you can cheer them on at home with your pup by your side. With our beautiful [&hellip;]<\/p>\n","protected":false},"featured_media":10941,"comment_status":"open","ping_status":"closed","template":"","meta":{"_acf_changed":false,"site-sidebar-layout":"default","site-content-layout":"default","ast-site-content-layout":"default","site-content-style":"default","site-sidebar-style":"default","ast-global-header-display":"","ast-banner-title-visibility":"","ast-main-header-display":"","ast-hfb-above-header-display":"","ast-hfb-below-header-display":"","ast-hfb-mobile-header-display":"","site-post-title":"","ast-breadcrumbs-content":"","ast-featured-img":"","footer-sml-layout":"","ast-disable-related-posts":"","theme-transparent-header-meta":"default","adv-header-id-meta":"","stick-header-meta":"default","header-above-stick-meta":"","header-main-stick-meta":"","header-below-stick-meta":"","astra-migrate-meta-layouts":"default","ast-page-background-enabled":"default","ast-page-background-meta":{"desktop":{"background-color":"","background-image":"","background-repeat":"repeat","background-position":"center center","background-size":"auto","background-attachment":"scroll","background-type":"","background-media":"","overlay-type":"","overlay-color":"","overlay-opacity":"","overlay-gradient":""},"tablet":{"background-color":"","background-image":"","background-repeat":"repeat","background-position":"center center","background-size":"auto","background-attachment":"scroll","background-type":"","background-media":"","overlay-type":"","overlay-color":"","overlay-opacity":"","overlay-gradient":""},"mobile":{"background-color":"","background-image":"","background-repeat":"repeat","background-position":"center center","background-size":"auto","background-attachment":"scroll","background-type":"","background-media":"","overlay-type":"","overlay-color":"","overlay-opacity":"","overlay-gradient":""}},"ast-content-background-meta":{"desktop":{"background-color":"var(--ast-global-color-5)","background-image":"","background-repeat":"repeat","background-position":"center center","background-size":"auto","background-attachment":"scroll","background-type":"","background-media":"","overlay-type":"","overlay-color":"","overlay-opacity":"","overlay-gradient":""},"tablet":{"background-color":"var(--ast-global-color-5)","background-image":"","background-repeat":"repeat","background-position":"center center","background-size":"auto","background-attachment":"scroll","background-type":"","background-media":"","overlay-type":"","overlay-color":"","overlay-opacity":"","overlay-gradient":""},"mobile":{"background-color":"var(--ast-global-color-5)","background-image":"","background-repeat":"repeat","background-position":"center center","background-size":"auto","background-attachment":"scroll","background-type":"","background-media":"","overlay-type":"","overlay-color":"","overlay-opacity":"","overlay-gradient":""}}},"product_brand":[],"product_cat":[43,41],"product_tag":[],"woo-feed-brand":[],"class_list":{"0":"post-9083","1":"product","2":"type-product","3":"status-publish","4":"has-post-thumbnail","6":"product_cat-ncaa-dog-bandanas","7":"product_cat-team-spirit-dog-bandanas","8":"product_shipping_class-bandana","9":"desktop-align-center","10":"tablet-align-center","11":"mobile-align-center","12":"ast-product-gallery-layout-horizontal","13":"ast-product-gallery-with-no-image","14":"ast-product-single-variable","15":"ast-product-tabs-layout-horizontal","16":"ast-qv-on-image","18":"first","19":"instock","20":"purchasable","21":"product-type-variable"},"acf":[],"_links":{"self":[{"href":"https:\/\/www.dressupyourpup.com\/pt\/wp-json\/wp\/v2\/product\/9083","targetHints":{"allow":["GET"]}}],"collection":[{"href":"https:\/\/www.dressupyourpup.com\/pt\/wp-json\/wp\/v2\/product"}],"about":[{"href":"https:\/\/www.dressupyourpup.com\/pt\/wp-json\/wp\/v2\/types\/product"}],"replies":[{"embeddable":true,"href":"https:\/\/www.dressupyourpup.com\/pt\/wp-json\/wp\/v2\/comments?post=9083"}],"wp:featuredmedia":[{"embeddable":true,"href":"https:\/\/www.dressupyourpup.com\/pt\/wp-json\/wp\/v2\/media\/10941"}],"wp:attachment":[{"href":"https:\/\/www.dressupyourpup.com\/pt\/wp-json\/wp\/v2\/media?parent=9083"}],"wp:term":[{"taxonomy":"product_brand","embeddable":true,"href":"https:\/\/www.dressupyourpup.com\/pt\/wp-json\/wp\/v2\/product_brand?post=9083"},{"taxonomy":"product_cat","embeddable":true,"href":"https:\/\/www.dressupyourpup.com\/pt\/wp-json\/wp\/v2\/product_cat?post=9083"},{"taxonomy":"product_tag","embeddable":true,"href":"https:\/\/www.dressupyourpup.com\/pt\/wp-json\/wp\/v2\/product_tag?post=9083"},{"taxonomy":"woo-feed-brand","embeddable":true,"href":"https:\/\/www.dressupyourpup.com\/pt\/wp-json\/wp\/v2\/woo-feed-brand?post=9083"}],"curies":[{"name":"wp","href":"https:\/\/api.w.org\/{rel}","templated":true}]}}